{"id":392163,"date":"2022-12-12T10:35:25","date_gmt":"2023-01-04T11:47:50","guid":{"rendered":"https:\/\/positiveprints.com\/?post_type=product&#038;p=392163"},"modified":"2026-04-12T22:46:38","modified_gmt":"2026-04-12T21:46:38","slug":"lart-donde-sonore-de-notre-chanson-damour","status":"publish","type":"product","link":"https:\/\/positiveprints.com\/fr\/produit\/lart-donde-sonore-de-notre-chanson-damour\/","title":{"rendered":"Affiche d&#8217;Onde Sonore de Notre Chanson d&#8217;Amour"},"content":{"rendered":"<p style=\"margin-top: 1rem\">Transformer votre chanson d&#8217;amour en une \u0153uvre d&#8217;art est une merveilleuse fa\u00e7on d&#8217;exprimer votre amour et d&#8217;orner vos murs. Que vous aimiez depuis longtemps ou que vous veniez de commencer \u00e0 appr\u00e9cier une personne sp\u00e9ciale, la mise en valeur de l&#8217;amour par des visuels musicaux constitue un d\u00e9cor unique qui a une valeur sentimentale et une \u00e9nergie vivifiante. Tout le monde m\u00e9rite de c\u00e9l\u00e9brer l&#8217;amour avec beaut\u00e9, \u00e0 l&#8217;int\u00e9rieur comme \u00e0 l&#8217;ext\u00e9rieur de sa maison. Laissez votre chanson d&#8217;amour vous apporter de la joie en l&#8217;accrochant au mur !<\/p>\r\n\r\n<h2 class=\"grenB f24 cblue\" style=\"margin-top: 3rem\">La Musique Peut Exprimer des \u00c9motions et des Sentiments<\/h2>\r\n\r\n<p style=\"margin-top: 1rem\">Les chansons d&#8217;amour sont notre plus grande source de r\u00e9confort musical. Nous aimons exprimer nos \u00e9motions les plus profondes \u00e0 travers les chansons d&#8217;amour, car l&#8217;amour est un langage universel auquel tout le monde peut s&#8217;identifier. <\/p>\r\n\r\n<p style=\"margin-top: 1rem\">Nos chansons d&#8217;amour nous viennent de plusieurs endroits ; parfois, nous les inventons nous-m\u00eames et elles refl\u00e8tent de v\u00e9ritables histoires d&#8217;amour, tandis que d&#8217;autres fois, nous entendons des chansons d&#8217;amour pour la premi\u00e8re fois sur des stations de radio ou par les chanteurs eux-m\u00eames qui les d\u00e9dient \u00e0 ceux qu&#8217;ils aiment. Quelle que soit l&#8217;origine des chansons d&#8217;amour, nous trouvons tant de r\u00e9confort dans leurs paroles sinc\u00e8res et leurs belles m\u00e9lodies qui nous offrent un sentiment d&#8217;espoir et d&#8217;amour dans un monde autrement morne.<\/p>\r\n\r\n<h2 class=\"grenB f24 cblue\" style=\"margin-top: 3rem\">Personnalisez l&#8217;Art d&#8217;Onde Sonore de Notre Chanson d&#8217;Amour<\/h2>\r\n\r\n<p style=\"margin-top: 1rem\">Cherchez-vous le moyen id\u00e9al de montrer votre amour ? Une impression d&#8217;art d&#8217;onde sonore personnalis\u00e9e repr\u00e9sentant votre chanson d&#8217;amour vous garantira un sourire ou m\u00eame des larmes de joie ! Avec ce cadeau sp\u00e9cial, vous pouvez t\u00e9l\u00e9charger votre propre fichier audio, ou un lien depuis Spotify, et personnaliser le design, la couleur et le texte qui appara\u00eet sur l&#8217;impression. Vous avez le choix entre plusieurs options : commander une affiche imprim\u00e9e, une pi\u00e8ce encadr\u00e9e ou une toile, ou t\u00e9l\u00e9charger instantan\u00e9ment un fichier num\u00e9rique. Quelque chose de vraiment unique et significatif qui c\u00e9l\u00e8bre l&#8217;amour que vous partagez avec votre personne sp\u00e9ciale !<\/p>\r\n\r\n<p style=\"margin-top: 1rem\">Qu&#8217;y a-t-il de plus sp\u00e9cial que d&#8217;offrir \u00e0 l&#8217;\u00eatre aim\u00e9 sa propre chanson ? Cr\u00e9ez une impression d&#8217;art d&#8217;onde sonore personnalis\u00e9e \u00e0 partir de votre chanson d&#8217;amour. Un cadeau parfait pour la Saint-Valentin ou un anniversaire.<\/p>","protected":false},"excerpt":{"rendered":"<ul class=\"check-list\">\n<li>Transformez votre voix ou n&#8217;importe quel son en une superbe \u0153uvre d&#8217;art personnalis\u00e9e<\/li>\n<li>Il suffit de t\u00e9l\u00e9charger un fichier audio<\/li>\n<li>Ajoutez un code QR et scannez-le pour lire votre chanson pr\u00e9f\u00e9r\u00e9e<\/li>\n<li>Personnalisez votre design en 3 \u00e9tapes simples<\/li>\n<li>Choisissez un mod\u00e8le ou faites preuve de cr\u00e9ativit\u00e9<\/li>\n<\/ul>\n","protected":false},"featured_media":1394566,"template":"","meta":[],"product_brand":[],"product_cat":[11175,11176,11177,5328,7478,104],"product_tag":[8371,14849,9430],"class_list":{"0":"post-392163","1":"product","2":"type-product","3":"status-publish","4":"has-post-thumbnail","6":"product_cat-cadeaux-danniversaire-pour-femme","7":"product_cat-cadeaux-danniversaire-pour-homme","8":"product_cat-cadeaux-danniversaire-pour-couples","9":"product_cat-cadeaux-de-commemorations","10":"product_cat-soundwave-fr","11":"product_cat-tous-les-produits","12":"product_tag-anniversaire","13":"product_tag-anniversary-fr","14":"product_tag-chanson-damour","16":"first","17":"instock","18":"sale","19":"taxable","20":"shipping-taxable","21":"purchasable","22":"product-type-variable"},"yoast_head":"<!-- This site is optimized with the Yoast SEO Premium plugin v27.2 (Yoast SEO v27.2) - https:\/\/yoast.com\/product\/yoast-seo-premium-wordpress\/ -->\n<title>Affiche d&#039;Onde Sonore de Notre Chanson d&#039;Amour - Positive Prints<\/title>\n<meta name=\"description\" content=\"Immortalisez les vibrations de votre chanson sp\u00e9ciale dans cette \u0153uvre d&#039;art visuelle de 40x30 cm, un cadeau romantique et original qui transforme votre m\u00e9lodie d&#039;amour en un souvenir tangible \u00e0 contempler chaque jour.\" \/>\n<meta name=\"robots\" content=\"index, follow, max-snippet:-1, max-image-preview:large, max-video-preview:-1\" \/>\n<link rel=\"canonical\" href=\"https:\/\/positiveprints.com\/fr\/produit\/lart-donde-sonore-de-notre-chanson-damour\/\" \/>\n<meta property=\"og:locale\" content=\"fr_FR\" \/>\n<meta property=\"og:type\" content=\"article\" \/>\n<meta property=\"og:title\" content=\"Affiche d&#039;Onde Sonore de Notre Chanson d&#039;Amour\" \/>\n<meta property=\"og:description\" content=\"Transformez votre voix ou n&#039;importe quel son en une superbe \u0153uvre d&#039;art personnalis\u00e9e Il suffit de t\u00e9l\u00e9charger un fichier audio Ajoutez un code QR et scannez-le pour lire votre chanson pr\u00e9f\u00e9r\u00e9e Personnalisez votre design en 3 \u00e9tapes simples Choisissez un mod\u00e8le ou faites preuve de cr\u00e9ativit\u00e9\" \/>\n<meta property=\"og:url\" content=\"https:\/\/positiveprints.com\/fr\/produit\/lart-donde-sonore-de-notre-chanson-damour\/\" \/>\n<meta property=\"og:site_name\" content=\"Positive Prints\" \/>\n<meta property=\"article:publisher\" content=\"https:\/\/www.facebook.com\/positiveprintscom\" \/>\n<meta property=\"article:modified_time\" content=\"2026-04-12T21:46:38+00:00\" \/>\n<meta property=\"og:image\" content=\"https:\/\/positiveprints.com\/wp-content\/uploads\/2025\/04\/LArt-dOnde-Sonore-de-Notre-Chanson-dAmour-1.webp\" \/>\n\t<meta property=\"og:image:width\" content=\"1450\" \/>\n\t<meta property=\"og:image:height\" content=\"1450\" \/>\n\t<meta property=\"og:image:type\" content=\"image\/webp\" \/>\n<meta name=\"twitter:card\" content=\"summary_large_image\" \/>\n<meta name=\"twitter:label1\" content=\"Dur\u00e9e de lecture estim\u00e9e\" \/>\n\t<meta name=\"twitter:data1\" content=\"2 minutes\" \/>\n<!-- \/ Yoast SEO Premium plugin. -->","yoast_head_json":{"title":"Affiche d'Onde Sonore de Notre Chanson d'Amour - Positive Prints","description":"Immortalisez les vibrations de votre chanson sp\u00e9ciale dans cette \u0153uvre d'art visuelle de 40x30 cm, un cadeau romantique et original qui transforme votre m\u00e9lodie d'amour en un souvenir tangible \u00e0 contempler chaque jour.","robots":{"index":"index","follow":"follow","max-snippet":"max-snippet:-1","max-image-preview":"max-image-preview:large","max-video-preview":"max-video-preview:-1"},"canonical":"https:\/\/positiveprints.com\/fr\/produit\/lart-donde-sonore-de-notre-chanson-damour\/","og_locale":"fr_FR","og_type":"article","og_title":"Affiche d'Onde Sonore de Notre Chanson d'Amour","og_description":"Transformez votre voix ou n'importe quel son en une superbe \u0153uvre d'art personnalis\u00e9e Il suffit de t\u00e9l\u00e9charger un fichier audio Ajoutez un code QR et scannez-le pour lire votre chanson pr\u00e9f\u00e9r\u00e9e Personnalisez votre design en 3 \u00e9tapes simples Choisissez un mod\u00e8le ou faites preuve de cr\u00e9ativit\u00e9","og_url":"https:\/\/positiveprints.com\/fr\/produit\/lart-donde-sonore-de-notre-chanson-damour\/","og_site_name":"Positive Prints","article_publisher":"https:\/\/www.facebook.com\/positiveprintscom","article_modified_time":"2026-04-12T21:46:38+00:00","og_image":[{"width":1450,"height":1450,"url":"https:\/\/positiveprints.com\/wp-content\/uploads\/2025\/04\/LArt-dOnde-Sonore-de-Notre-Chanson-dAmour-1.webp","type":"image\/webp"}],"twitter_card":"summary_large_image","twitter_misc":{"Dur\u00e9e de lecture estim\u00e9e":"2 minutes"},"schema":{"@context":"https:\/\/schema.org","@graph":[{"@type":["WebPage","ItemPage"],"@id":"https:\/\/positiveprints.com\/fr\/produit\/lart-donde-sonore-de-notre-chanson-damour\/","url":"https:\/\/positiveprints.com\/fr\/produit\/lart-donde-sonore-de-notre-chanson-damour\/","name":"Affiche d'Onde Sonore de Notre Chanson d'Amour - Positive Prints","isPartOf":{"@id":"https:\/\/positiveprints.com\/fr\/#website"},"primaryImageOfPage":{"@id":"https:\/\/positiveprints.com\/fr\/produit\/lart-donde-sonore-de-notre-chanson-damour\/#primaryimage"},"image":{"@id":"https:\/\/positiveprints.com\/fr\/produit\/lart-donde-sonore-de-notre-chanson-damour\/#primaryimage"},"thumbnailUrl":"https:\/\/positiveprints.com\/wp-content\/uploads\/2025\/04\/LArt-dOnde-Sonore-de-Notre-Chanson-dAmour-1.webp","datePublished":"2023-01-04T11:47:50+00:00","dateModified":"2026-04-12T21:46:38+00:00","description":"Immortalisez les vibrations de votre chanson sp\u00e9ciale dans cette \u0153uvre d'art visuelle de 40x30 cm, un cadeau romantique et original qui transforme votre m\u00e9lodie d'amour en un souvenir tangible \u00e0 contempler chaque jour.","breadcrumb":{"@id":"https:\/\/positiveprints.com\/fr\/produit\/lart-donde-sonore-de-notre-chanson-damour\/#breadcrumb"},"inLanguage":"fr-FR","potentialAction":[{"@type":"ReadAction","target":["https:\/\/positiveprints.com\/fr\/produit\/lart-donde-sonore-de-notre-chanson-damour\/"]}]},{"@type":"ImageObject","inLanguage":"fr-FR","@id":"https:\/\/positiveprints.com\/fr\/produit\/lart-donde-sonore-de-notre-chanson-damour\/#primaryimage","url":"https:\/\/positiveprints.com\/wp-content\/uploads\/2025\/04\/LArt-dOnde-Sonore-de-Notre-Chanson-dAmour-1.webp","contentUrl":"https:\/\/positiveprints.com\/wp-content\/uploads\/2025\/04\/LArt-dOnde-Sonore-de-Notre-Chanson-dAmour-1.webp","width":1450,"height":1450},{"@type":"BreadcrumbList","@id":"https:\/\/positiveprints.com\/fr\/produit\/lart-donde-sonore-de-notre-chanson-damour\/#breadcrumb","itemListElement":[{"@type":"ListItem","position":1,"name":"Home","item":"https:\/\/positiveprints.com\/fr\/"},{"@type":"ListItem","position":2,"name":"Produits","item":"https:\/\/positiveprints.com\/fr\/shop\/"},{"@type":"ListItem","position":3,"name":"Affiche d&#8217;Onde Sonore de Notre Chanson d&#8217;Amour"}]},{"@type":"WebSite","@id":"https:\/\/positiveprints.com\/fr\/#website","url":"https:\/\/positiveprints.com\/fr\/","name":"Positive Prints","description":"Amazing Custom Personalized Gifts","publisher":{"@id":"https:\/\/positiveprints.com\/fr\/#organization"},"potentialAction":[{"@type":"SearchAction","target":{"@type":"EntryPoint","urlTemplate":"https:\/\/positiveprints.com\/fr\/?s={search_term_string}"},"query-input":{"@type":"PropertyValueSpecification","valueRequired":true,"valueName":"search_term_string"}}],"inLanguage":"fr-FR"},{"@type":"Organization","@id":"https:\/\/positiveprints.com\/fr\/#organization","name":"Positive Prints","alternateName":"Positive Prints","url":"https:\/\/positiveprints.com\/fr\/","logo":{"@type":"ImageObject","inLanguage":"fr-FR","@id":"https:\/\/positiveprints.com\/fr\/#\/schema\/logo\/image\/","url":"https:\/\/positiveprints.com\/wp-content\/uploads\/2026\/03\/245815646_1337939713319158_5671353136411139666_n.png","contentUrl":"https:\/\/positiveprints.com\/wp-content\/uploads\/2026\/03\/245815646_1337939713319158_5671353136411139666_n.png","width":800,"height":800,"caption":"Positive Prints"},"image":{"@id":"https:\/\/positiveprints.com\/fr\/#\/schema\/logo\/image\/"},"sameAs":["https:\/\/www.facebook.com\/positiveprintscom","https:\/\/www.instagram.com\/positiveprintscom\/","https:\/\/www.tiktok.com\/@positiveprintscom","https:\/\/www.pinterest.com\/positiveprintscom\/"]}]}},"jetpack_sharing_enabled":true,"_links":{"self":[{"href":"https:\/\/positiveprints.com\/fr\/wp-json\/wp\/v2\/product\/392163","targetHints":{"allow":["GET"]}}],"collection":[{"href":"https:\/\/positiveprints.com\/fr\/wp-json\/wp\/v2\/product"}],"about":[{"href":"https:\/\/positiveprints.com\/fr\/wp-json\/wp\/v2\/types\/product"}],"wp:featuredmedia":[{"embeddable":true,"href":"https:\/\/positiveprints.com\/fr\/wp-json\/wp\/v2\/media\/1394566"}],"wp:attachment":[{"href":"https:\/\/positiveprints.com\/fr\/wp-json\/wp\/v2\/media?parent=392163"}],"wp:term":[{"taxonomy":"product_brand","embeddable":true,"href":"https:\/\/positiveprints.com\/fr\/wp-json\/wp\/v2\/product_brand?post=392163"},{"taxonomy":"product_cat","embeddable":true,"href":"https:\/\/positiveprints.com\/fr\/wp-json\/wp\/v2\/product_cat?post=392163"},{"taxonomy":"product_tag","embeddable":true,"href":"https:\/\/positiveprints.com\/fr\/wp-json\/wp\/v2\/product_tag?post=392163"}],"curies":[{"name":"wp","href":"https:\/\/api.w.org\/{rel}","templated":true}]}}