{"id":390387,"date":"2022-12-23T16:31:41","date_gmt":"2022-12-23T15:31:41","guid":{"rendered":"https:\/\/positiveprints.com\/?post_type=product&#038;p=390387"},"modified":"2026-04-12T22:45:15","modified_gmt":"2026-04-12T21:45:15","slug":"lart-des-battements-de-coeur-de-bebe","status":"publish","type":"product","link":"https:\/\/positiveprints.com\/fr\/produit\/lart-des-battements-de-coeur-de-bebe\/","title":{"rendered":"L&#8217;Art des battements de coeur de b\u00e9b\u00e9"},"content":{"rendered":"<p>Le battement de c\u0153ur de votre b\u00e9b\u00e9 est l&#8217;un des sons les plus pr\u00e9cieux. Transformez-le en un souvenir instantan\u00e9 qui restera \u00e0 jamais grav\u00e9 dans votre m\u00e9moire gr\u00e2ce \u00e0 l&#8217;art personnalis\u00e9 des battements de c\u0153ur de b\u00e9b\u00e9. <\/p>\n\n\n\n<h2 class=\"grenB f24 cblue\" style=\"margin-top: 3rem\">Qu&#8217;est-ce que le Baby Heartbeat Art ?<\/h2>\n\n\n\n<p style=\"margin-top: 1rem\">Vous vous rappelez la premi\u00e8re fois que vous avez entendu ce magnifique petit battement de c\u0153ur et que vous avez su qu&#8217;une nouvelle vie se profilait \u00e0 l&#8217;horizon ? C&#8217;est une exp\u00e9rience magique, presque surr\u00e9aliste ! C&#8217;est un son qui est de la musique aux oreilles de nombreux parents, un son que vous aimeriez pouvoir capturer pour toujours. Avec notre art des battements de c\u0153ur de b\u00e9b\u00e9, vous pouvez savourer ce moment sp\u00e9cial de la vie de votre b\u00e9b\u00e9 pour toujours. <\/p>\n\n\n\n<p style=\"margin-top: 1rem\">L&#8217;art des battements de c\u0153ur de b\u00e9b\u00e9 transforme un clip sonore en une image visuelle. Au lieu d&#8217;entendre le son du c\u0153ur de votre pr\u00e9cieux petit \u00eatre, tout le monde peut le voir. C&#8217;est un magnifique hommage \u00e0 la premi\u00e8re fois que vous avez entendu la vie que vous avez cr\u00e9\u00e9e et qui montre l&#8217;impact qu&#8217;elle a commenc\u00e9 \u00e0 avoir sur le monde avant sa naissance. <\/p>\n\n\n\n<h2 class=\"grenB f24 cblue\" style=\"margin-top: 3rem\">Pourquoi transformer les battements de c\u0153ur d&#8217;un b\u00e9b\u00e9 en Soundwave Art ?<\/h2>\n\n\n\n<p style=\"margin-top: 1rem\">De nombreux parents et leurs amis ou membres de la famille choisissent l&#8217;art soundwave comme cadeau de baby shower parce qu&#8217;il est tellement unique ! Chaque \u0153uvre d&#8217;art est personnalis\u00e9e, ce qui signifie qu&#8217;il n&#8217;y a pas deux impressions qui se ressemblent. Elle utilise le fichier audio des battements de c\u0153ur de votre b\u00e9b\u00e9 ainsi que les couleurs et le texte de votre choix. Le r\u00e9sultat final est un souvenir sp\u00e9cial que votre b\u00e9b\u00e9 appr\u00e9ciera quand il sera plus grand, et que vous garderez pr\u00e9cieusement pour toujours.<\/p>\n\n\n\n<h2 class=\"grenB f24 cblue\" style=\"margin-top: 3rem\">Comment personnaliser un battement de c\u0153ur de b\u00e9b\u00e9 sur toile<\/h2>\n\n\n\n<p style=\"margin-top: 1rem\">Positive Prints a red\u00e9fini le concept d&#8217;\u0153uvre d&#8217;art personnalis\u00e9e, et nous sommes fiers de proposer les battements de c\u0153ur de b\u00e9b\u00e9 sur toile dans notre collection. Comme pour tous nos produits d&#8217;art personnalis\u00e9s, il est facile de personnaliser votre impression unique. Voici comment proc\u00e9der :<\/p>\n\n\n\n<p style=\"margin-top: 1rem\"><strong>Premi\u00e8re \u00e9tape : t\u00e9l\u00e9chargez votre fichier audio.<\/strong> Nous acceptons les fichiers .mp3 et .wav et nous convertirons le son en une onde sonore visuelle.<\/p>\n\n\n\n<p style=\"margin-top: 1rem\"><strong>Deuxi\u00e8me \u00e9tape : Ajoutez vos d\u00e9tails personnels les plus importants.<\/strong> La personnalisation de l&#8217;art des battements de c\u0153ur de votre b\u00e9b\u00e9 fait partie du plaisir ! Choisissez parmi l&#8217;un de nos sch\u00e9mas de couleurs pr\u00e9con\u00e7us ou cr\u00e9ez le v\u00f4tre. Ajoutez une citation sp\u00e9ciale, des paroles de chanson ou tout autre texte pour qu&#8217;il soit vraiment \u00e0 vous. <\/p>\n\n\n\n<p style=\"margin-top: 1rem\"><strong>Troisi\u00e8me \u00e9tape : Choisissez votre format et votre mode de livraison.<\/strong> Nous imprimons sur affiche et sur toile et offrons une livraison mondiale pour chaque commande. Vous pouvez \u00e9galement s\u00e9lectionner un fichier num\u00e9rique \u00e0 t\u00e9l\u00e9charger pour faire imprimer votre \u0153uvre localement et l&#8217;offrir plus rapidement.  <\/p>\n\n\n\n<h2 class=\"grenB f24 cblue\" style=\"margin-top: 3rem\">Offrez le cadeau d&#8217;une \u0153uvre d&#8217;art Soundwave personnalis\u00e9e !<\/h2>\n\n\n\n<p style=\"margin-top: 1rem\">Que vous cr\u00e9iez un cadeau pour la baby shower d&#8217;un \u00eatre cher ou que vous souhaitiez d\u00e9corer la chambre de votre propre petit, l&#8217;art personnalis\u00e9 des battements de c\u0153ur de b\u00e9b\u00e9 deviendra une \u0153uvre d&#8217;art favorite dans votre maison. Transformez l&#8217;un des sons les plus doux en un souvenir qui ne vieillira jamais. Commencez ici. <\/p>","protected":false},"excerpt":{"rendered":"<ul class=\"check-list\">\n<li>Capturez le son incroyable du rythme cardiaque de votre b\u00e9b\u00e9 et transformez-le en une \u0153uvre d&#8217;art unique<\/li>\n<li>Il suffit de t\u00e9l\u00e9charger un fichier audio<\/li>\n<li>Ajoutez un code QR et scannez-le pour lire votre chanson pr\u00e9f\u00e9r\u00e9e<\/li>\n<li>Personnalisez en 3 \u00e9tapes simples<\/li>\n<li>Choisissez un mod\u00e8le ou faites preuve de cr\u00e9ativit\u00e9<\/li>\n<\/ul>\n","protected":false},"featured_media":983299,"template":"","meta":[],"product_brand":[],"product_cat":[5249,7956,7813,7478],"product_tag":[8447],"class_list":{"0":"post-390387","1":"product","2":"type-product","3":"status-publish","4":"has-post-thumbnail","6":"product_cat-cadeaux-de-naissance-bebe","7":"product_cat-cadeaux-de-baby-shower","8":"product_cat-cadeaux-pour-nouveaux-parents","9":"product_cat-soundwave-fr","10":"product_tag-new-parents-fr","12":"first","13":"instock","14":"sale","15":"taxable","16":"shipping-taxable","17":"purchasable","18":"product-type-variable"},"yoast_head":"<!-- This site is optimized with the Yoast SEO Premium plugin v27.2 (Yoast SEO v27.2) - https:\/\/yoast.com\/product\/yoast-seo-premium-wordpress\/ -->\n<title>L\u2019Art des battements de coeur de b\u00e9b\u00e9 - Positive Prints<\/title>\n<meta name=\"description\" content=\"Le battement de c\u0153ur de votre b\u00e9b\u00e9 est l&#039;un des sons les plus pr\u00e9cieux. Transformez-le en un souvenir instantan\u00e9 qui restera \u00e0 jamais grav\u00e9 dans votre m\u00e9moire gr\u00e2ce \u00e0 l&#039;art personnalis\u00e9 des battements de c\u0153ur de b\u00e9b\u00e9.\" \/>\n<meta name=\"robots\" content=\"index, follow, max-snippet:-1, max-image-preview:large, max-video-preview:-1\" \/>\n<link rel=\"canonical\" href=\"https:\/\/positiveprints.com\/fr\/produit\/lart-des-battements-de-coeur-de-bebe\/\" \/>\n<meta property=\"og:locale\" content=\"fr_FR\" \/>\n<meta property=\"og:type\" content=\"article\" \/>\n<meta property=\"og:title\" content=\"L&#039;Art des battements de coeur de b\u00e9b\u00e9\" \/>\n<meta property=\"og:description\" content=\"Capturez le son incroyable du rythme cardiaque de votre b\u00e9b\u00e9 et transformez-le en une \u0153uvre d&#039;art unique Il suffit de t\u00e9l\u00e9charger un fichier audio Ajoutez un code QR et scannez-le pour lire votre chanson pr\u00e9f\u00e9r\u00e9e Personnalisez en 3 \u00e9tapes simples Choisissez un mod\u00e8le ou faites preuve de cr\u00e9ativit\u00e9\" \/>\n<meta property=\"og:url\" content=\"https:\/\/positiveprints.com\/fr\/produit\/lart-des-battements-de-coeur-de-bebe\/\" \/>\n<meta property=\"og:site_name\" content=\"Positive Prints\" \/>\n<meta property=\"article:publisher\" content=\"https:\/\/www.facebook.com\/positiveprintscom\" \/>\n<meta property=\"article:modified_time\" content=\"2026-04-12T21:45:15+00:00\" \/>\n<meta property=\"og:image\" content=\"https:\/\/positiveprints.com\/wp-content\/uploads\/2023\/10\/LArt-des-battements-de-coeur-de-bebe.jpg\" \/>\n\t<meta property=\"og:image:width\" content=\"1080\" \/>\n\t<meta property=\"og:image:height\" content=\"1080\" \/>\n\t<meta property=\"og:image:type\" content=\"image\/jpeg\" \/>\n<meta name=\"twitter:card\" content=\"summary_large_image\" \/>\n<meta name=\"twitter:label1\" content=\"Dur\u00e9e de lecture estim\u00e9e\" \/>\n\t<meta name=\"twitter:data1\" content=\"3 minutes\" \/>\n<!-- \/ Yoast SEO Premium plugin. -->","yoast_head_json":{"title":"L\u2019Art des battements de coeur de b\u00e9b\u00e9 - Positive Prints","description":"Le battement de c\u0153ur de votre b\u00e9b\u00e9 est l'un des sons les plus pr\u00e9cieux. Transformez-le en un souvenir instantan\u00e9 qui restera \u00e0 jamais grav\u00e9 dans votre m\u00e9moire gr\u00e2ce \u00e0 l'art personnalis\u00e9 des battements de c\u0153ur de b\u00e9b\u00e9.","robots":{"index":"index","follow":"follow","max-snippet":"max-snippet:-1","max-image-preview":"max-image-preview:large","max-video-preview":"max-video-preview:-1"},"canonical":"https:\/\/positiveprints.com\/fr\/produit\/lart-des-battements-de-coeur-de-bebe\/","og_locale":"fr_FR","og_type":"article","og_title":"L'Art des battements de coeur de b\u00e9b\u00e9","og_description":"Capturez le son incroyable du rythme cardiaque de votre b\u00e9b\u00e9 et transformez-le en une \u0153uvre d'art unique Il suffit de t\u00e9l\u00e9charger un fichier audio Ajoutez un code QR et scannez-le pour lire votre chanson pr\u00e9f\u00e9r\u00e9e Personnalisez en 3 \u00e9tapes simples Choisissez un mod\u00e8le ou faites preuve de cr\u00e9ativit\u00e9","og_url":"https:\/\/positiveprints.com\/fr\/produit\/lart-des-battements-de-coeur-de-bebe\/","og_site_name":"Positive Prints","article_publisher":"https:\/\/www.facebook.com\/positiveprintscom","article_modified_time":"2026-04-12T21:45:15+00:00","og_image":[{"width":1080,"height":1080,"url":"https:\/\/positiveprints.com\/wp-content\/uploads\/2023\/10\/LArt-des-battements-de-coeur-de-bebe.jpg","type":"image\/jpeg"}],"twitter_card":"summary_large_image","twitter_misc":{"Dur\u00e9e de lecture estim\u00e9e":"3 minutes"},"schema":{"@context":"https:\/\/schema.org","@graph":[{"@type":["WebPage","ItemPage"],"@id":"https:\/\/positiveprints.com\/fr\/produit\/lart-des-battements-de-coeur-de-bebe\/","url":"https:\/\/positiveprints.com\/fr\/produit\/lart-des-battements-de-coeur-de-bebe\/","name":"L\u2019Art des battements de coeur de b\u00e9b\u00e9 - Positive Prints","isPartOf":{"@id":"https:\/\/positiveprints.com\/fr\/#website"},"primaryImageOfPage":{"@id":"https:\/\/positiveprints.com\/fr\/produit\/lart-des-battements-de-coeur-de-bebe\/#primaryimage"},"image":{"@id":"https:\/\/positiveprints.com\/fr\/produit\/lart-des-battements-de-coeur-de-bebe\/#primaryimage"},"thumbnailUrl":"https:\/\/positiveprints.com\/wp-content\/uploads\/2023\/10\/LArt-des-battements-de-coeur-de-bebe.jpg","datePublished":"2022-12-23T15:31:41+00:00","dateModified":"2026-04-12T21:45:15+00:00","description":"Le battement de c\u0153ur de votre b\u00e9b\u00e9 est l'un des sons les plus pr\u00e9cieux. Transformez-le en un souvenir instantan\u00e9 qui restera \u00e0 jamais grav\u00e9 dans votre m\u00e9moire gr\u00e2ce \u00e0 l'art personnalis\u00e9 des battements de c\u0153ur de b\u00e9b\u00e9.","breadcrumb":{"@id":"https:\/\/positiveprints.com\/fr\/produit\/lart-des-battements-de-coeur-de-bebe\/#breadcrumb"},"inLanguage":"fr-FR","potentialAction":[{"@type":"ReadAction","target":["https:\/\/positiveprints.com\/fr\/produit\/lart-des-battements-de-coeur-de-bebe\/"]}]},{"@type":"ImageObject","inLanguage":"fr-FR","@id":"https:\/\/positiveprints.com\/fr\/produit\/lart-des-battements-de-coeur-de-bebe\/#primaryimage","url":"https:\/\/positiveprints.com\/wp-content\/uploads\/2023\/10\/LArt-des-battements-de-coeur-de-bebe.jpg","contentUrl":"https:\/\/positiveprints.com\/wp-content\/uploads\/2023\/10\/LArt-des-battements-de-coeur-de-bebe.jpg","width":1080,"height":1080,"caption":"L\u2019Art des battements de coeur de b\u00e9b\u00e9"},{"@type":"BreadcrumbList","@id":"https:\/\/positiveprints.com\/fr\/produit\/lart-des-battements-de-coeur-de-bebe\/#breadcrumb","itemListElement":[{"@type":"ListItem","position":1,"name":"Home","item":"https:\/\/positiveprints.com\/fr\/"},{"@type":"ListItem","position":2,"name":"Produits","item":"https:\/\/positiveprints.com\/fr\/shop\/"},{"@type":"ListItem","position":3,"name":"L\u2019Art des battements de coeur de b\u00e9b\u00e9"}]},{"@type":"WebSite","@id":"https:\/\/positiveprints.com\/fr\/#website","url":"https:\/\/positiveprints.com\/fr\/","name":"Positive Prints","description":"Amazing Custom Personalized Gifts","publisher":{"@id":"https:\/\/positiveprints.com\/fr\/#organization"},"potentialAction":[{"@type":"SearchAction","target":{"@type":"EntryPoint","urlTemplate":"https:\/\/positiveprints.com\/fr\/?s={search_term_string}"},"query-input":{"@type":"PropertyValueSpecification","valueRequired":true,"valueName":"search_term_string"}}],"inLanguage":"fr-FR"},{"@type":"Organization","@id":"https:\/\/positiveprints.com\/fr\/#organization","name":"Positive Prints","alternateName":"Positive Prints","url":"https:\/\/positiveprints.com\/fr\/","logo":{"@type":"ImageObject","inLanguage":"fr-FR","@id":"https:\/\/positiveprints.com\/fr\/#\/schema\/logo\/image\/","url":"https:\/\/positiveprints.com\/wp-content\/uploads\/2026\/03\/245815646_1337939713319158_5671353136411139666_n.png","contentUrl":"https:\/\/positiveprints.com\/wp-content\/uploads\/2026\/03\/245815646_1337939713319158_5671353136411139666_n.png","width":800,"height":800,"caption":"Positive Prints"},"image":{"@id":"https:\/\/positiveprints.com\/fr\/#\/schema\/logo\/image\/"},"sameAs":["https:\/\/www.facebook.com\/positiveprintscom","https:\/\/www.instagram.com\/positiveprintscom\/","https:\/\/www.tiktok.com\/@positiveprintscom","https:\/\/www.pinterest.com\/positiveprintscom\/"]}]}},"jetpack_sharing_enabled":true,"_links":{"self":[{"href":"https:\/\/positiveprints.com\/fr\/wp-json\/wp\/v2\/product\/390387","targetHints":{"allow":["GET"]}}],"collection":[{"href":"https:\/\/positiveprints.com\/fr\/wp-json\/wp\/v2\/product"}],"about":[{"href":"https:\/\/positiveprints.com\/fr\/wp-json\/wp\/v2\/types\/product"}],"wp:featuredmedia":[{"embeddable":true,"href":"https:\/\/positiveprints.com\/fr\/wp-json\/wp\/v2\/media\/983299"}],"wp:attachment":[{"href":"https:\/\/positiveprints.com\/fr\/wp-json\/wp\/v2\/media?parent=390387"}],"wp:term":[{"taxonomy":"product_brand","embeddable":true,"href":"https:\/\/positiveprints.com\/fr\/wp-json\/wp\/v2\/product_brand?post=390387"},{"taxonomy":"product_cat","embeddable":true,"href":"https:\/\/positiveprints.com\/fr\/wp-json\/wp\/v2\/product_cat?post=390387"},{"taxonomy":"product_tag","embeddable":true,"href":"https:\/\/positiveprints.com\/fr\/wp-json\/wp\/v2\/product_tag?post=390387"}],"curies":[{"name":"wp","href":"https:\/\/api.w.org\/{rel}","templated":true}]}}