{"id":388723,"date":"2022-10-10T20:00:35","date_gmt":"2022-10-10T19:00:35","guid":{"rendered":"https:\/\/positiveprints.com\/?post_type=product&#038;p=388723"},"modified":"2026-04-28T14:30:04","modified_gmt":"2026-04-28T13:30:04","slug":"art-donde-sonore-hymne-dequipe-sportive","status":"publish","type":"product","link":"https:\/\/positiveprints.com\/fr\/produit\/art-donde-sonore-hymne-dequipe-sportive\/","title":{"rendered":"Art d&#8217;Onde Sonore Hymne d&#8217;\u00c9quipe Sportive"},"content":{"rendered":"","protected":false},"excerpt":{"rendered":"<ul class=\"check-list\">\n<li>Montrez votre esprit d&#8217;\u00e9quipe d&#8217;une nouvelle mani\u00e8re : transformez le chant embl\u00e9matique de votre \u00e9quipe en art mural et laissez votre passion briller haut et fort<\/li>\n<li>Il suffit de t\u00e9l\u00e9charger un fichier audio<\/li>\n<li>Ajoutez un code QR et scannez-le pour lire votre chanson pr\u00e9f\u00e9r\u00e9e<\/li>\n<li>Personnalisez en 3 \u00e9tapes simples<\/li>\n<li>Choisissez un mod\u00e8le ou faites preuve de cr\u00e9ativit\u00e9<\/li>\n<\/ul>\n","protected":false},"featured_media":954963,"template":"","meta":[],"product_brand":[],"product_cat":[7877,7478],"product_tag":[8566],"class_list":{"0":"post-388723","1":"product","2":"type-product","3":"status-publish","4":"has-post-thumbnail","6":"product_cat-cadeaux-pour-fan-de-sport","7":"product_cat-soundwave-fr","8":"product_tag-sport-fr","10":"first","11":"instock","12":"sale","13":"taxable","14":"shipping-taxable","15":"purchasable","16":"product-type-variable"},"yoast_head":"<!-- This site is optimized with the Yoast SEO Premium plugin v27.2 (Yoast SEO v27.2) - https:\/\/yoast.com\/product\/yoast-seo-premium-wordpress\/ -->\n<title>Art d&#039;Onde Sonore Hymne d&#039;\u00c9quipe Sportive - Positive Prints<\/title>\n<meta name=\"description\" content=\"En quelques clics, vous pouvez cr\u00e9er une belle \u0153uvre d&#039;art qui capte le son de l&#039;hymne d&#039;\u00e9quipe. Alors, pourquoi attendre ? Commencez d\u00e8s aujourd&#039;hui !\" \/>\n<meta name=\"robots\" content=\"index, follow, max-snippet:-1, max-image-preview:large, max-video-preview:-1\" \/>\n<link rel=\"canonical\" href=\"https:\/\/positiveprints.com\/fr\/produit\/art-donde-sonore-hymne-dequipe-sportive\/\" \/>\n<meta property=\"og:locale\" content=\"fr_FR\" \/>\n<meta property=\"og:type\" content=\"article\" \/>\n<meta property=\"og:title\" content=\"Art d&#039;Onde Sonore Hymne d&#039;\u00c9quipe Sportive\" \/>\n<meta property=\"og:description\" content=\"Montrez votre esprit d&#039;\u00e9quipe d&#039;une nouvelle mani\u00e8re : transformez le chant embl\u00e9matique de votre \u00e9quipe en art mural et laissez votre passion briller haut et fort Il suffit de t\u00e9l\u00e9charger un fichier audio Ajoutez un code QR et scannez-le pour lire votre chanson pr\u00e9f\u00e9r\u00e9e Personnalisez en 3 \u00e9tapes simples Choisissez un mod\u00e8le ou faites preuve de cr\u00e9ativit\u00e9\" \/>\n<meta property=\"og:url\" content=\"https:\/\/positiveprints.com\/fr\/produit\/art-donde-sonore-hymne-dequipe-sportive\/\" \/>\n<meta property=\"og:site_name\" content=\"Positive Prints\" \/>\n<meta property=\"article:publisher\" content=\"https:\/\/www.facebook.com\/positiveprintscom\" \/>\n<meta property=\"article:modified_time\" content=\"2026-04-28T13:30:04+00:00\" \/>\n<meta property=\"og:image\" content=\"https:\/\/positiveprints.com\/wp-content\/uploads\/2023\/09\/Art-dOnde-Sonore-Hymne-dEquipe-Sportive.jpg\" \/>\n\t<meta property=\"og:image:width\" content=\"1080\" \/>\n\t<meta property=\"og:image:height\" content=\"1080\" \/>\n\t<meta property=\"og:image:type\" content=\"image\/jpeg\" \/>\n<meta name=\"twitter:card\" content=\"summary_large_image\" \/>\n<!-- \/ Yoast SEO Premium plugin. -->","yoast_head_json":{"title":"Art d'Onde Sonore Hymne d'\u00c9quipe Sportive - Positive Prints","description":"En quelques clics, vous pouvez cr\u00e9er une belle \u0153uvre d'art qui capte le son de l'hymne d'\u00e9quipe. Alors, pourquoi attendre ? Commencez d\u00e8s aujourd'hui !","robots":{"index":"index","follow":"follow","max-snippet":"max-snippet:-1","max-image-preview":"max-image-preview:large","max-video-preview":"max-video-preview:-1"},"canonical":"https:\/\/positiveprints.com\/fr\/produit\/art-donde-sonore-hymne-dequipe-sportive\/","og_locale":"fr_FR","og_type":"article","og_title":"Art d'Onde Sonore Hymne d'\u00c9quipe Sportive","og_description":"Montrez votre esprit d'\u00e9quipe d'une nouvelle mani\u00e8re : transformez le chant embl\u00e9matique de votre \u00e9quipe en art mural et laissez votre passion briller haut et fort Il suffit de t\u00e9l\u00e9charger un fichier audio Ajoutez un code QR et scannez-le pour lire votre chanson pr\u00e9f\u00e9r\u00e9e Personnalisez en 3 \u00e9tapes simples Choisissez un mod\u00e8le ou faites preuve de cr\u00e9ativit\u00e9","og_url":"https:\/\/positiveprints.com\/fr\/produit\/art-donde-sonore-hymne-dequipe-sportive\/","og_site_name":"Positive Prints","article_publisher":"https:\/\/www.facebook.com\/positiveprintscom","article_modified_time":"2026-04-28T13:30:04+00:00","og_image":[{"width":1080,"height":1080,"url":"https:\/\/positiveprints.com\/wp-content\/uploads\/2023\/09\/Art-dOnde-Sonore-Hymne-dEquipe-Sportive.jpg","type":"image\/jpeg"}],"twitter_card":"summary_large_image","schema":{"@context":"https:\/\/schema.org","@graph":[{"@type":["WebPage","ItemPage"],"@id":"https:\/\/positiveprints.com\/fr\/produit\/art-donde-sonore-hymne-dequipe-sportive\/","url":"https:\/\/positiveprints.com\/fr\/produit\/art-donde-sonore-hymne-dequipe-sportive\/","name":"Art d'Onde Sonore Hymne d'\u00c9quipe Sportive - Positive Prints","isPartOf":{"@id":"https:\/\/positiveprints.com\/fr\/#website"},"primaryImageOfPage":{"@id":"https:\/\/positiveprints.com\/fr\/produit\/art-donde-sonore-hymne-dequipe-sportive\/#primaryimage"},"image":{"@id":"https:\/\/positiveprints.com\/fr\/produit\/art-donde-sonore-hymne-dequipe-sportive\/#primaryimage"},"thumbnailUrl":"https:\/\/positiveprints.com\/wp-content\/uploads\/2023\/09\/Art-dOnde-Sonore-Hymne-dEquipe-Sportive.jpg","datePublished":"2022-10-10T19:00:35+00:00","dateModified":"2026-04-28T13:30:04+00:00","description":"En quelques clics, vous pouvez cr\u00e9er une belle \u0153uvre d'art qui capte le son de l'hymne d'\u00e9quipe. Alors, pourquoi attendre ? Commencez d\u00e8s aujourd'hui !","breadcrumb":{"@id":"https:\/\/positiveprints.com\/fr\/produit\/art-donde-sonore-hymne-dequipe-sportive\/#breadcrumb"},"inLanguage":"fr-FR","potentialAction":[{"@type":"ReadAction","target":["https:\/\/positiveprints.com\/fr\/produit\/art-donde-sonore-hymne-dequipe-sportive\/"]}]},{"@type":"ImageObject","inLanguage":"fr-FR","@id":"https:\/\/positiveprints.com\/fr\/produit\/art-donde-sonore-hymne-dequipe-sportive\/#primaryimage","url":"https:\/\/positiveprints.com\/wp-content\/uploads\/2023\/09\/Art-dOnde-Sonore-Hymne-dEquipe-Sportive.jpg","contentUrl":"https:\/\/positiveprints.com\/wp-content\/uploads\/2023\/09\/Art-dOnde-Sonore-Hymne-dEquipe-Sportive.jpg","width":1080,"height":1080,"caption":"Art d'Onde Sonore Hymne d'\u00c9quipe Sportive"},{"@type":"BreadcrumbList","@id":"https:\/\/positiveprints.com\/fr\/produit\/art-donde-sonore-hymne-dequipe-sportive\/#breadcrumb","itemListElement":[{"@type":"ListItem","position":1,"name":"Home","item":"https:\/\/positiveprints.com\/fr\/"},{"@type":"ListItem","position":2,"name":"Produits","item":"https:\/\/positiveprints.com\/fr\/shop\/"},{"@type":"ListItem","position":3,"name":"Art d&#8217;Onde Sonore Hymne d&#8217;\u00c9quipe Sportive"}]},{"@type":"WebSite","@id":"https:\/\/positiveprints.com\/fr\/#website","url":"https:\/\/positiveprints.com\/fr\/","name":"Positive Prints","description":"Amazing Custom Personalized Gifts","publisher":{"@id":"https:\/\/positiveprints.com\/fr\/#organization"},"potentialAction":[{"@type":"SearchAction","target":{"@type":"EntryPoint","urlTemplate":"https:\/\/positiveprints.com\/fr\/?s={search_term_string}"},"query-input":{"@type":"PropertyValueSpecification","valueRequired":true,"valueName":"search_term_string"}}],"inLanguage":"fr-FR"},{"@type":"Organization","@id":"https:\/\/positiveprints.com\/fr\/#organization","name":"Positive Prints","alternateName":"Positive Prints","url":"https:\/\/positiveprints.com\/fr\/","logo":{"@type":"ImageObject","inLanguage":"fr-FR","@id":"https:\/\/positiveprints.com\/fr\/#\/schema\/logo\/image\/","url":"https:\/\/positiveprints.com\/wp-content\/uploads\/2026\/03\/245815646_1337939713319158_5671353136411139666_n.png","contentUrl":"https:\/\/positiveprints.com\/wp-content\/uploads\/2026\/03\/245815646_1337939713319158_5671353136411139666_n.png","width":800,"height":800,"caption":"Positive Prints"},"image":{"@id":"https:\/\/positiveprints.com\/fr\/#\/schema\/logo\/image\/"},"sameAs":["https:\/\/www.facebook.com\/positiveprintscom","https:\/\/www.instagram.com\/positiveprintscom\/","https:\/\/www.tiktok.com\/@positiveprintscom","https:\/\/www.pinterest.com\/positiveprintscom\/"]}]}},"jetpack_sharing_enabled":true,"_links":{"self":[{"href":"https:\/\/positiveprints.com\/fr\/wp-json\/wp\/v2\/product\/388723","targetHints":{"allow":["GET"]}}],"collection":[{"href":"https:\/\/positiveprints.com\/fr\/wp-json\/wp\/v2\/product"}],"about":[{"href":"https:\/\/positiveprints.com\/fr\/wp-json\/wp\/v2\/types\/product"}],"wp:featuredmedia":[{"embeddable":true,"href":"https:\/\/positiveprints.com\/fr\/wp-json\/wp\/v2\/media\/954963"}],"wp:attachment":[{"href":"https:\/\/positiveprints.com\/fr\/wp-json\/wp\/v2\/media?parent=388723"}],"wp:term":[{"taxonomy":"product_brand","embeddable":true,"href":"https:\/\/positiveprints.com\/fr\/wp-json\/wp\/v2\/product_brand?post=388723"},{"taxonomy":"product_cat","embeddable":true,"href":"https:\/\/positiveprints.com\/fr\/wp-json\/wp\/v2\/product_cat?post=388723"},{"taxonomy":"product_tag","embeddable":true,"href":"https:\/\/positiveprints.com\/fr\/wp-json\/wp\/v2\/product_tag?post=388723"}],"curies":[{"name":"wp","href":"https:\/\/api.w.org\/{rel}","templated":true}]}}