{"id":381703,"date":"2022-10-07T09:00:40","date_gmt":"2022-10-07T08:00:40","guid":{"rendered":"https:\/\/positiveprints.com\/?post_type=product&#038;p=381703"},"modified":"2026-04-12T22:54:52","modified_gmt":"2026-04-12T21:54:52","slug":"une-maison-est-devenue-un-foyer","status":"publish","type":"product","link":"https:\/\/positiveprints.com\/fr\/produit\/une-maison-est-devenue-un-foyer\/","title":{"rendered":"Cette Maison est Devenue Notre Foyer"},"content":{"rendered":"","protected":false},"excerpt":{"rendered":"<ul class=\"check-list\">\n<li>Rendez votre maison sp\u00e9ciale avec une superbe carte des \u00e9toiles qui raconte l&#8217;histoire de votre maison et les souvenirs cr\u00e9\u00e9s dans ses murs<\/li>\n<li>Ajoutez des plan\u00e8tes, des constellations et la Voie lact\u00e9e <\/li>\n<li>Personnalisez en 3 \u00e9tapes simples<\/li>\n<li>Incluez un texte personnalis\u00e9 significatif<\/li>\n<li>Vois le r\u00e9sultat imm\u00e9diatement \u2013 l\u2019aper\u00e7u interactif te permet de peaufiner chaque d\u00e9tail<\/li>\n<\/ul>\n","protected":false},"featured_media":1338360,"template":"","meta":[],"product_brand":[],"product_cat":[5290,8006,7685,7845,2878],"product_tag":[14860],"class_list":{"0":"post-381703","1":"product","2":"type-product","3":"status-publish","4":"has-post-thumbnail","6":"product_cat-cadeaux-de-pendaison-de-cremaillere","7":"product_cat-cadeaux-pour-hommes","8":"product_cat-cadeaux-pour-femmes","9":"product_cat-cadeaux-pour-la-famille","10":"product_cat-star-fr-2","11":"product_tag-housewarming-fr-2","13":"first","14":"instock","15":"sale","16":"taxable","17":"shipping-taxable","18":"purchasable","19":"product-type-variable"},"yoast_head":"<!-- This site is optimized with the Yoast SEO Premium plugin v27.2 (Yoast SEO v27.2) - https:\/\/yoast.com\/product\/yoast-seo-premium-wordpress\/ -->\n<title>Cette Maison est Devenue Notre Foyer - Positive Prints<\/title>\n<meta name=\"description\" content=\"Cr\u00e9er une carte des \u00e9toiles Une Maison Est devenue un Foyer. C&#039;est une belle fa\u00e7on et personnelle de se souvenir du jour o\u00f9 votre maison est devenue un foyer.\" \/>\n<meta name=\"robots\" content=\"index, follow, max-snippet:-1, max-image-preview:large, max-video-preview:-1\" \/>\n<link rel=\"canonical\" href=\"https:\/\/positiveprints.com\/fr\/produit\/une-maison-est-devenue-un-foyer\/\" \/>\n<meta property=\"og:locale\" content=\"fr_FR\" \/>\n<meta property=\"og:type\" content=\"article\" \/>\n<meta property=\"og:title\" content=\"Cette Maison est Devenue Notre Foyer\" \/>\n<meta property=\"og:description\" content=\"Rendez votre maison sp\u00e9ciale avec une superbe carte des \u00e9toiles qui raconte l&#039;histoire de votre maison et les souvenirs cr\u00e9\u00e9s dans ses murs Ajoutez des plan\u00e8tes, des constellations et la Voie lact\u00e9e  Personnalisez en 3 \u00e9tapes simples Incluez un texte personnalis\u00e9 significatif Vois le r\u00e9sultat imm\u00e9diatement \u2013 l\u2019aper\u00e7u interactif te permet de peaufiner chaque d\u00e9tail\" \/>\n<meta property=\"og:url\" content=\"https:\/\/positiveprints.com\/fr\/produit\/une-maison-est-devenue-un-foyer\/\" \/>\n<meta property=\"og:site_name\" content=\"Positive Prints\" \/>\n<meta property=\"article:publisher\" content=\"https:\/\/www.facebook.com\/positiveprintscom\" \/>\n<meta property=\"article:modified_time\" content=\"2026-04-12T21:54:52+00:00\" \/>\n<meta property=\"og:image\" content=\"https:\/\/positiveprints.com\/wp-content\/uploads\/2025\/01\/Cette-Maison-est-Devenue-Notre-Foyer-1.webp\" \/>\n\t<meta property=\"og:image:width\" content=\"1450\" \/>\n\t<meta property=\"og:image:height\" content=\"1450\" \/>\n\t<meta property=\"og:image:type\" content=\"image\/webp\" \/>\n<meta name=\"twitter:card\" content=\"summary_large_image\" \/>\n<!-- \/ Yoast SEO Premium plugin. -->","yoast_head_json":{"title":"Cette Maison est Devenue Notre Foyer - Positive Prints","description":"Cr\u00e9er une carte des \u00e9toiles Une Maison Est devenue un Foyer. C'est une belle fa\u00e7on et personnelle de se souvenir du jour o\u00f9 votre maison est devenue un foyer.","robots":{"index":"index","follow":"follow","max-snippet":"max-snippet:-1","max-image-preview":"max-image-preview:large","max-video-preview":"max-video-preview:-1"},"canonical":"https:\/\/positiveprints.com\/fr\/produit\/une-maison-est-devenue-un-foyer\/","og_locale":"fr_FR","og_type":"article","og_title":"Cette Maison est Devenue Notre Foyer","og_description":"Rendez votre maison sp\u00e9ciale avec une superbe carte des \u00e9toiles qui raconte l'histoire de votre maison et les souvenirs cr\u00e9\u00e9s dans ses murs Ajoutez des plan\u00e8tes, des constellations et la Voie lact\u00e9e  Personnalisez en 3 \u00e9tapes simples Incluez un texte personnalis\u00e9 significatif Vois le r\u00e9sultat imm\u00e9diatement \u2013 l\u2019aper\u00e7u interactif te permet de peaufiner chaque d\u00e9tail","og_url":"https:\/\/positiveprints.com\/fr\/produit\/une-maison-est-devenue-un-foyer\/","og_site_name":"Positive Prints","article_publisher":"https:\/\/www.facebook.com\/positiveprintscom","article_modified_time":"2026-04-12T21:54:52+00:00","og_image":[{"width":1450,"height":1450,"url":"https:\/\/positiveprints.com\/wp-content\/uploads\/2025\/01\/Cette-Maison-est-Devenue-Notre-Foyer-1.webp","type":"image\/webp"}],"twitter_card":"summary_large_image","schema":{"@context":"https:\/\/schema.org","@graph":[{"@type":["WebPage","ItemPage"],"@id":"https:\/\/positiveprints.com\/fr\/produit\/une-maison-est-devenue-un-foyer\/","url":"https:\/\/positiveprints.com\/fr\/produit\/une-maison-est-devenue-un-foyer\/","name":"Cette Maison est Devenue Notre Foyer - Positive Prints","isPartOf":{"@id":"https:\/\/positiveprints.com\/fr\/#website"},"primaryImageOfPage":{"@id":"https:\/\/positiveprints.com\/fr\/produit\/une-maison-est-devenue-un-foyer\/#primaryimage"},"image":{"@id":"https:\/\/positiveprints.com\/fr\/produit\/une-maison-est-devenue-un-foyer\/#primaryimage"},"thumbnailUrl":"https:\/\/positiveprints.com\/wp-content\/uploads\/2025\/01\/Cette-Maison-est-Devenue-Notre-Foyer-1.webp","datePublished":"2022-10-07T08:00:40+00:00","dateModified":"2026-04-12T21:54:52+00:00","description":"Cr\u00e9er une carte des \u00e9toiles Une Maison Est devenue un Foyer. C'est une belle fa\u00e7on et personnelle de se souvenir du jour o\u00f9 votre maison est devenue un foyer.","breadcrumb":{"@id":"https:\/\/positiveprints.com\/fr\/produit\/une-maison-est-devenue-un-foyer\/#breadcrumb"},"inLanguage":"fr-FR","potentialAction":[{"@type":"ReadAction","target":["https:\/\/positiveprints.com\/fr\/produit\/une-maison-est-devenue-un-foyer\/"]}]},{"@type":"ImageObject","inLanguage":"fr-FR","@id":"https:\/\/positiveprints.com\/fr\/produit\/une-maison-est-devenue-un-foyer\/#primaryimage","url":"https:\/\/positiveprints.com\/wp-content\/uploads\/2025\/01\/Cette-Maison-est-Devenue-Notre-Foyer-1.webp","contentUrl":"https:\/\/positiveprints.com\/wp-content\/uploads\/2025\/01\/Cette-Maison-est-Devenue-Notre-Foyer-1.webp","width":1450,"height":1450},{"@type":"BreadcrumbList","@id":"https:\/\/positiveprints.com\/fr\/produit\/une-maison-est-devenue-un-foyer\/#breadcrumb","itemListElement":[{"@type":"ListItem","position":1,"name":"Home","item":"https:\/\/positiveprints.com\/fr\/"},{"@type":"ListItem","position":2,"name":"Produits","item":"https:\/\/positiveprints.com\/fr\/shop\/"},{"@type":"ListItem","position":3,"name":"Cette Maison est Devenue Notre Foyer"}]},{"@type":"WebSite","@id":"https:\/\/positiveprints.com\/fr\/#website","url":"https:\/\/positiveprints.com\/fr\/","name":"Positive Prints","description":"Amazing Custom Personalized Gifts","publisher":{"@id":"https:\/\/positiveprints.com\/fr\/#organization"},"potentialAction":[{"@type":"SearchAction","target":{"@type":"EntryPoint","urlTemplate":"https:\/\/positiveprints.com\/fr\/?s={search_term_string}"},"query-input":{"@type":"PropertyValueSpecification","valueRequired":true,"valueName":"search_term_string"}}],"inLanguage":"fr-FR"},{"@type":"Organization","@id":"https:\/\/positiveprints.com\/fr\/#organization","name":"Positive Prints","alternateName":"Positive Prints","url":"https:\/\/positiveprints.com\/fr\/","logo":{"@type":"ImageObject","inLanguage":"fr-FR","@id":"https:\/\/positiveprints.com\/fr\/#\/schema\/logo\/image\/","url":"https:\/\/positiveprints.com\/wp-content\/uploads\/2026\/03\/245815646_1337939713319158_5671353136411139666_n.png","contentUrl":"https:\/\/positiveprints.com\/wp-content\/uploads\/2026\/03\/245815646_1337939713319158_5671353136411139666_n.png","width":800,"height":800,"caption":"Positive Prints"},"image":{"@id":"https:\/\/positiveprints.com\/fr\/#\/schema\/logo\/image\/"},"sameAs":["https:\/\/www.facebook.com\/positiveprintscom","https:\/\/www.instagram.com\/positiveprintscom\/","https:\/\/www.tiktok.com\/@positiveprintscom","https:\/\/www.pinterest.com\/positiveprintscom\/"]}]}},"jetpack_sharing_enabled":true,"_links":{"self":[{"href":"https:\/\/positiveprints.com\/fr\/wp-json\/wp\/v2\/product\/381703","targetHints":{"allow":["GET"]}}],"collection":[{"href":"https:\/\/positiveprints.com\/fr\/wp-json\/wp\/v2\/product"}],"about":[{"href":"https:\/\/positiveprints.com\/fr\/wp-json\/wp\/v2\/types\/product"}],"wp:featuredmedia":[{"embeddable":true,"href":"https:\/\/positiveprints.com\/fr\/wp-json\/wp\/v2\/media\/1338360"}],"wp:attachment":[{"href":"https:\/\/positiveprints.com\/fr\/wp-json\/wp\/v2\/media?parent=381703"}],"wp:term":[{"taxonomy":"product_brand","embeddable":true,"href":"https:\/\/positiveprints.com\/fr\/wp-json\/wp\/v2\/product_brand?post=381703"},{"taxonomy":"product_cat","embeddable":true,"href":"https:\/\/positiveprints.com\/fr\/wp-json\/wp\/v2\/product_cat?post=381703"},{"taxonomy":"product_tag","embeddable":true,"href":"https:\/\/positiveprints.com\/fr\/wp-json\/wp\/v2\/product_tag?post=381703"}],"curies":[{"name":"wp","href":"https:\/\/api.w.org\/{rel}","templated":true}]}}