{"id":381625,"date":"2022-10-11T07:51:05","date_gmt":"2022-10-11T06:51:05","guid":{"rendered":"https:\/\/positiveprints.com\/?post_type=product&#038;p=381625"},"modified":"2026-04-18T06:28:09","modified_gmt":"2026-04-18T05:28:09","slug":"art-donde-sonore-enregistrement-vocal","status":"publish","type":"product","link":"https:\/\/positiveprints.com\/fr\/produit\/art-donde-sonore-enregistrement-vocal\/","title":{"rendered":"Art d&#8217;Onde Sonore Enregistrement Vocal"},"content":{"rendered":"<p>Un cadeau d&#8217;enregistreur vocal est une fa\u00e7on unique et sp\u00e9ciale de montrer \u00e0 vos proches \u00e0 quel point vous tenez \u00e0 eux. Vous pouvez enregistrer un message d&#8217;amour, d&#8217;appr\u00e9ciation ou de f\u00e9licitations, personnalis\u00e9 pour le destinataire. Cr\u00e9er un Art d&#8217;Onde Sonore Enregistrement Vocal est facile et amusant, et les r\u00e9sultats sont vraiment \u00e9poustouflants.<\/p> \n\n\n\n<h2 class=\"grenB f24 cblue\" style=\"margin-top: 3rem\">Cadeaux d&#8217;enregistrement vocal<\/h2>\n\n\n\n<p style=\"margin-top: 1rem\">Les cadeaux d&#8217;enregistreur vocal sont une fa\u00e7on cr\u00e9ative d&#8217;offrir un message vocal. Il peut \u00eatre utilis\u00e9 comme cadeau d&#8217;anniversaire ou de remise des dipl\u00f4mes. Vous pouvez \u00e9galement l&#8217;utiliser pour les premiers mots de votre enfant. C&#8217;est un moyen simple et facile de montrer son amour et sa reconnaissance \u00e0 quelqu&#8217;un de sp\u00e9cial.<\/p>\n\n\n\n<h2 class=\"grenB f24 cblue\" style=\"margin-top: 3rem\">Art d&#8217;Onde Sonore Enregistrement Vocal est un cadeau parfait pour toutes les occasions<\/h2>\n\n\n\n\n\n<p style=\"margin-top: 1rem\">Voici l&#8217;impression Art d&#8217;Onde Sonore Enregistrement Vocal avec QR code &#8211; un cadeau d&#8217;enregistrement vocal personnalis\u00e9 qui ne manquera pas d&#8217;impressionner ! Ce cadeau innovant et unique vous permet d&#8217;enregistrer votre propre message et de le faire \u00e9couter lorsque le QR code est scann\u00e9. Le destinataire peut alors \u00e9couter votre message sp\u00e9cial en boucle.<\/p>\n\n\n\n<p style=\"margin-top: 1rem\">Art d&#8217;Onde Sonore est un moyen unique et innovant de transformer vos sons pr\u00e9f\u00e9r\u00e9s en art personnalis\u00e9. Il vous suffit de t\u00e9l\u00e9charger votre fichier audio ou de trouver votre chanson pr\u00e9f\u00e9r\u00e9e sur Spotify, et notre \u00e9diteur de son ajoutera une dimension visuelle au son pour en faire une \u0153uvre d&#8217;art. Vous pouvez ensuite choisir votre design et nous nous occupons du reste !<\/p>\n\n\n\n<p style=\"margin-top: 1rem\">L&#8217;impression Art d&#8217;Onde Sonore Enregistrement Vocal avec QR code est le cadeau id\u00e9al pour toutes les occasions. Que vous souhaitiez comm\u00e9morer un \u00e9v\u00e9nement sp\u00e9cial, enregistrer vos v\u0153ux de mariage ou simplement montrer \u00e0 vos proches \u00e0 quel point vous vous souciez de vous, ce cadeau unique et attentionn\u00e9 ne manquera pas d&#8217;impressionner. Commandez le v\u00f4tre d\u00e8s aujourd&#8217;hui !<\/p>","protected":false},"excerpt":{"rendered":"<ul class=\"check-list\">\n<li>Transformez votre voix ou celle de vos proches en une belle \u0153uvre d&#8217;art<\/li>\n<li>Il suffit de t\u00e9l\u00e9charger un fichier audio<\/li>\n<li>Ajoutez un code QR et scannez-le pour lire votre chanson pr\u00e9f\u00e9r\u00e9e<\/li>\n<li>Personnalisez en 3 \u00e9tapes simples<\/li>\n<li>Choisissez un mod\u00e8le ou faites preuve de cr\u00e9ativit\u00e9<\/li>\n<\/ul>\n","protected":false},"featured_media":1394872,"template":"","meta":[],"product_brand":[],"product_cat":[8998,5264,11401,11389,11390,11398,7670,7845,7478],"product_tag":[14849,15404,13426,13228,13455,15430],"class_list":{"0":"post-381625","1":"product","2":"type-product","3":"status-publish","4":"has-post-thumbnail","6":"product_cat-fete-des-grands-parents","7":"product_cat-cadeaux-de-noel","8":"product_cat-cadeaux-de-noel-pour-la-soeur","9":"product_cat-cadeaux-de-noel-pour-le-frere","10":"product_cat-cadeaux-de-noel-pour-les-collegues","11":"product_cat-cadeaux-de-noel-pour-les-enfants","12":"product_cat-cadeaux-pour-petit-ami","13":"product_cat-cadeaux-pour-la-famille","14":"product_cat-soundwave-fr","15":"product_tag-anniversary-fr","16":"product_tag-audio-fr","17":"product_tag-cadeau-de-noel-pour-soeur","18":"product_tag-cadeau-de-noel-pour-un-collegue","19":"product_tag-cadeaux-de-noel-pour-frere","20":"product_tag-cadre-avec-qr-code-vocal","22":"first","23":"instock","24":"sale","25":"taxable","26":"shipping-taxable","27":"purchasable","28":"product-type-variable"},"yoast_head":"<!-- This site is optimized with the Yoast SEO Premium plugin v27.2 (Yoast SEO v27.2) - https:\/\/yoast.com\/product\/yoast-seo-premium-wordpress\/ -->\n<title>Art d&#039;Onde Sonore Enregistrement Vocal - Positive Prints<\/title>\n<meta name=\"description\" content=\"L&#039;Art d&#039;Onde Sonore Enregistrement Vocal est le cadeau id\u00e9al pour toutes les occasions. C&#039;est une fa\u00e7on sp\u00e9ciale de montrer \u00e0 vos proches \u00e0 quel point vous tenez \u00e0 eux.\" \/>\n<meta name=\"robots\" content=\"index, follow, max-snippet:-1, max-image-preview:large, max-video-preview:-1\" \/>\n<link rel=\"canonical\" href=\"https:\/\/positiveprints.com\/fr\/produit\/art-donde-sonore-enregistrement-vocal\/\" \/>\n<meta property=\"og:locale\" content=\"fr_FR\" \/>\n<meta property=\"og:type\" content=\"article\" \/>\n<meta property=\"og:title\" content=\"Art d&#039;Onde Sonore Enregistrement Vocal\" \/>\n<meta property=\"og:description\" content=\"Transformez votre voix ou celle de vos proches en une belle \u0153uvre d&#039;art Il suffit de t\u00e9l\u00e9charger un fichier audio Ajoutez un code QR et scannez-le pour lire votre chanson pr\u00e9f\u00e9r\u00e9e Personnalisez en 3 \u00e9tapes simples Choisissez un mod\u00e8le ou faites preuve de cr\u00e9ativit\u00e9\" \/>\n<meta property=\"og:url\" content=\"https:\/\/positiveprints.com\/fr\/produit\/art-donde-sonore-enregistrement-vocal\/\" \/>\n<meta property=\"og:site_name\" content=\"Positive Prints\" \/>\n<meta property=\"article:publisher\" content=\"https:\/\/www.facebook.com\/positiveprintscom\" \/>\n<meta property=\"article:modified_time\" content=\"2026-04-18T05:28:09+00:00\" \/>\n<meta property=\"og:image\" content=\"https:\/\/positiveprints.com\/wp-content\/uploads\/2023\/07\/Art-dOnde-Sonore-Enregistrement-Vocal.jpg\" \/>\n\t<meta property=\"og:image:width\" content=\"1080\" \/>\n\t<meta property=\"og:image:height\" content=\"1080\" \/>\n\t<meta property=\"og:image:type\" content=\"image\/jpeg\" \/>\n<meta name=\"twitter:card\" content=\"summary_large_image\" \/>\n<meta name=\"twitter:label1\" content=\"Dur\u00e9e de lecture estim\u00e9e\" \/>\n\t<meta name=\"twitter:data1\" content=\"2 minutes\" \/>\n<!-- \/ Yoast SEO Premium plugin. -->","yoast_head_json":{"title":"Art d'Onde Sonore Enregistrement Vocal - Positive Prints","description":"L'Art d'Onde Sonore Enregistrement Vocal est le cadeau id\u00e9al pour toutes les occasions. C'est une fa\u00e7on sp\u00e9ciale de montrer \u00e0 vos proches \u00e0 quel point vous tenez \u00e0 eux.","robots":{"index":"index","follow":"follow","max-snippet":"max-snippet:-1","max-image-preview":"max-image-preview:large","max-video-preview":"max-video-preview:-1"},"canonical":"https:\/\/positiveprints.com\/fr\/produit\/art-donde-sonore-enregistrement-vocal\/","og_locale":"fr_FR","og_type":"article","og_title":"Art d'Onde Sonore Enregistrement Vocal","og_description":"Transformez votre voix ou celle de vos proches en une belle \u0153uvre d'art Il suffit de t\u00e9l\u00e9charger un fichier audio Ajoutez un code QR et scannez-le pour lire votre chanson pr\u00e9f\u00e9r\u00e9e Personnalisez en 3 \u00e9tapes simples Choisissez un mod\u00e8le ou faites preuve de cr\u00e9ativit\u00e9","og_url":"https:\/\/positiveprints.com\/fr\/produit\/art-donde-sonore-enregistrement-vocal\/","og_site_name":"Positive Prints","article_publisher":"https:\/\/www.facebook.com\/positiveprintscom","article_modified_time":"2026-04-18T05:28:09+00:00","og_image":[{"width":1080,"height":1080,"url":"https:\/\/positiveprints.com\/wp-content\/uploads\/2023\/07\/Art-dOnde-Sonore-Enregistrement-Vocal.jpg","type":"image\/jpeg"}],"twitter_card":"summary_large_image","twitter_misc":{"Dur\u00e9e de lecture estim\u00e9e":"2 minutes"},"schema":{"@context":"https:\/\/schema.org","@graph":[{"@type":["WebPage","ItemPage"],"@id":"https:\/\/positiveprints.com\/fr\/produit\/art-donde-sonore-enregistrement-vocal\/","url":"https:\/\/positiveprints.com\/fr\/produit\/art-donde-sonore-enregistrement-vocal\/","name":"Art d'Onde Sonore Enregistrement Vocal - Positive Prints","isPartOf":{"@id":"https:\/\/positiveprints.com\/fr\/#website"},"primaryImageOfPage":{"@id":"https:\/\/positiveprints.com\/fr\/produit\/art-donde-sonore-enregistrement-vocal\/#primaryimage"},"image":{"@id":"https:\/\/positiveprints.com\/fr\/produit\/art-donde-sonore-enregistrement-vocal\/#primaryimage"},"thumbnailUrl":"https:\/\/positiveprints.com\/wp-content\/uploads\/2025\/04\/Art-dOnde-Sonore-Enregistrement-Vocal-1.webp","datePublished":"2022-10-11T06:51:05+00:00","dateModified":"2026-04-18T05:28:09+00:00","description":"L'Art d'Onde Sonore Enregistrement Vocal est le cadeau id\u00e9al pour toutes les occasions. C'est une fa\u00e7on sp\u00e9ciale de montrer \u00e0 vos proches \u00e0 quel point vous tenez \u00e0 eux.","breadcrumb":{"@id":"https:\/\/positiveprints.com\/fr\/produit\/art-donde-sonore-enregistrement-vocal\/#breadcrumb"},"inLanguage":"fr-FR","potentialAction":[{"@type":"ReadAction","target":["https:\/\/positiveprints.com\/fr\/produit\/art-donde-sonore-enregistrement-vocal\/"]}]},{"@type":"ImageObject","inLanguage":"fr-FR","@id":"https:\/\/positiveprints.com\/fr\/produit\/art-donde-sonore-enregistrement-vocal\/#primaryimage","url":"https:\/\/positiveprints.com\/wp-content\/uploads\/2025\/04\/Art-dOnde-Sonore-Enregistrement-Vocal-1.webp","contentUrl":"https:\/\/positiveprints.com\/wp-content\/uploads\/2025\/04\/Art-dOnde-Sonore-Enregistrement-Vocal-1.webp","width":1450,"height":1450},{"@type":"BreadcrumbList","@id":"https:\/\/positiveprints.com\/fr\/produit\/art-donde-sonore-enregistrement-vocal\/#breadcrumb","itemListElement":[{"@type":"ListItem","position":1,"name":"Home","item":"https:\/\/positiveprints.com\/fr\/"},{"@type":"ListItem","position":2,"name":"Produits","item":"https:\/\/positiveprints.com\/fr\/shop\/"},{"@type":"ListItem","position":3,"name":"Art d&#8217;Onde Sonore Enregistrement Vocal"}]},{"@type":"WebSite","@id":"https:\/\/positiveprints.com\/fr\/#website","url":"https:\/\/positiveprints.com\/fr\/","name":"Positive Prints","description":"Amazing Custom Personalized Gifts","publisher":{"@id":"https:\/\/positiveprints.com\/fr\/#organization"},"potentialAction":[{"@type":"SearchAction","target":{"@type":"EntryPoint","urlTemplate":"https:\/\/positiveprints.com\/fr\/?s={search_term_string}"},"query-input":{"@type":"PropertyValueSpecification","valueRequired":true,"valueName":"search_term_string"}}],"inLanguage":"fr-FR"},{"@type":"Organization","@id":"https:\/\/positiveprints.com\/fr\/#organization","name":"Positive Prints","alternateName":"Positive Prints","url":"https:\/\/positiveprints.com\/fr\/","logo":{"@type":"ImageObject","inLanguage":"fr-FR","@id":"https:\/\/positiveprints.com\/fr\/#\/schema\/logo\/image\/","url":"https:\/\/positiveprints.com\/wp-content\/uploads\/2026\/03\/245815646_1337939713319158_5671353136411139666_n.png","contentUrl":"https:\/\/positiveprints.com\/wp-content\/uploads\/2026\/03\/245815646_1337939713319158_5671353136411139666_n.png","width":800,"height":800,"caption":"Positive Prints"},"image":{"@id":"https:\/\/positiveprints.com\/fr\/#\/schema\/logo\/image\/"},"sameAs":["https:\/\/www.facebook.com\/positiveprintscom","https:\/\/www.instagram.com\/positiveprintscom\/","https:\/\/www.tiktok.com\/@positiveprintscom","https:\/\/www.pinterest.com\/positiveprintscom\/"]}]}},"jetpack_sharing_enabled":true,"_links":{"self":[{"href":"https:\/\/positiveprints.com\/fr\/wp-json\/wp\/v2\/product\/381625","targetHints":{"allow":["GET"]}}],"collection":[{"href":"https:\/\/positiveprints.com\/fr\/wp-json\/wp\/v2\/product"}],"about":[{"href":"https:\/\/positiveprints.com\/fr\/wp-json\/wp\/v2\/types\/product"}],"wp:featuredmedia":[{"embeddable":true,"href":"https:\/\/positiveprints.com\/fr\/wp-json\/wp\/v2\/media\/1394872"}],"wp:attachment":[{"href":"https:\/\/positiveprints.com\/fr\/wp-json\/wp\/v2\/media?parent=381625"}],"wp:term":[{"taxonomy":"product_brand","embeddable":true,"href":"https:\/\/positiveprints.com\/fr\/wp-json\/wp\/v2\/product_brand?post=381625"},{"taxonomy":"product_cat","embeddable":true,"href":"https:\/\/positiveprints.com\/fr\/wp-json\/wp\/v2\/product_cat?post=381625"},{"taxonomy":"product_tag","embeddable":true,"href":"https:\/\/positiveprints.com\/fr\/wp-json\/wp\/v2\/product_tag?post=381625"}],"curies":[{"name":"wp","href":"https:\/\/api.w.org\/{rel}","templated":true}]}}