{"id":381077,"date":"2022-12-08T16:51:36","date_gmt":"2022-12-08T15:51:36","guid":{"rendered":"https:\/\/positiveprints.com\/?post_type=product&#038;p=381077"},"modified":"2026-04-12T22:46:42","modified_gmt":"2026-04-12T21:46:42","slug":"art-mural-photo-cest-un-garcon","status":"publish","type":"product","link":"https:\/\/positiveprints.com\/fr\/produit\/art-mural-photo-cest-un-garcon\/","title":{"rendered":"Art Mural Photo \u00ab C&#8217;est un Gar\u00e7on \u00bb"},"content":{"rendered":"","protected":false},"excerpt":{"rendered":"<ul class=\"check-list\">\n<li>Surprenez les futurs parents avec un cadeau m\u00e9morable et unique et rendez la f\u00eate de r\u00e9v\u00e9lation de genre inoubliable<\/li>\n<li>Ajouter des superpositions de texte pour rendre chaque cadeau sp\u00e9cial et pr\u00e9cieux<\/li>\n<li>Personnalisez en 3 \u00e9tapes simples<\/li>\n<li>Vois le r\u00e9sultat imm\u00e9diatement \u2013 l\u2019aper\u00e7u interactif te permet de peaufiner chaque d\u00e9tail<\/li>\n<\/ul>\n","protected":false},"featured_media":356096,"template":"","meta":[],"product_brand":[],"product_cat":[7495,5249,7956,7813],"product_tag":[8447],"class_list":{"0":"post-381077","1":"product","2":"type-product","3":"status-publish","4":"has-post-thumbnail","6":"product_cat-photo-fr","7":"product_cat-cadeaux-de-naissance-bebe","8":"product_cat-cadeaux-de-baby-shower","9":"product_cat-cadeaux-pour-nouveaux-parents","10":"product_tag-new-parents-fr","12":"first","13":"instock","14":"sale","15":"taxable","16":"shipping-taxable","17":"purchasable","18":"product-type-variable"},"yoast_head":"<!-- This site is optimized with the Yoast SEO Premium plugin v27.2 (Yoast SEO v27.2) - https:\/\/yoast.com\/product\/yoast-seo-premium-wordpress\/ -->\n<title>Art Mural Photo \u00ab C&#039;est un Gar\u00e7on \u00bb - Positive Prints<\/title>\n<meta name=\"description\" content=\"Voici l&#039;art mural Photo \u00ab C&#039;est un Gar\u00e7on \u00bb. C&#039;est une belle fa\u00e7on de comm\u00e9morer la venue en ce monde de leur gar\u00e7on.\" \/>\n<meta name=\"robots\" content=\"index, follow, max-snippet:-1, max-image-preview:large, max-video-preview:-1\" \/>\n<link rel=\"canonical\" href=\"https:\/\/positiveprints.com\/fr\/produit\/art-mural-photo-cest-un-garcon\/\" \/>\n<meta property=\"og:locale\" content=\"fr_FR\" \/>\n<meta property=\"og:type\" content=\"article\" \/>\n<meta property=\"og:title\" content=\"Art Mural Photo \u00ab C&#039;est un Gar\u00e7on \u00bb\" \/>\n<meta property=\"og:description\" content=\"Surprenez les futurs parents avec un cadeau m\u00e9morable et unique et rendez la f\u00eate de r\u00e9v\u00e9lation de genre inoubliable Ajouter des superpositions de texte pour rendre chaque cadeau sp\u00e9cial et pr\u00e9cieux Personnalisez en 3 \u00e9tapes simples Vois le r\u00e9sultat imm\u00e9diatement \u2013 l\u2019aper\u00e7u interactif te permet de peaufiner chaque d\u00e9tail\" \/>\n<meta property=\"og:url\" content=\"https:\/\/positiveprints.com\/fr\/produit\/art-mural-photo-cest-un-garcon\/\" \/>\n<meta property=\"og:site_name\" content=\"Positive Prints\" \/>\n<meta property=\"article:publisher\" content=\"https:\/\/www.facebook.com\/positiveprintscom\" \/>\n<meta property=\"article:modified_time\" content=\"2026-04-12T21:46:42+00:00\" \/>\n<meta property=\"og:image\" content=\"https:\/\/positiveprints.com\/wp-content\/uploads\/2022\/10\/its-a-boy-photo-wall-art.jpg\" \/>\n\t<meta property=\"og:image:width\" content=\"1080\" \/>\n\t<meta property=\"og:image:height\" content=\"1080\" \/>\n\t<meta property=\"og:image:type\" content=\"image\/jpeg\" \/>\n<meta name=\"twitter:card\" content=\"summary_large_image\" \/>\n<!-- \/ Yoast SEO Premium plugin. -->","yoast_head_json":{"title":"Art Mural Photo \u00ab C'est un Gar\u00e7on \u00bb - Positive Prints","description":"Voici l'art mural Photo \u00ab C'est un Gar\u00e7on \u00bb. C'est une belle fa\u00e7on de comm\u00e9morer la venue en ce monde de leur gar\u00e7on.","robots":{"index":"index","follow":"follow","max-snippet":"max-snippet:-1","max-image-preview":"max-image-preview:large","max-video-preview":"max-video-preview:-1"},"canonical":"https:\/\/positiveprints.com\/fr\/produit\/art-mural-photo-cest-un-garcon\/","og_locale":"fr_FR","og_type":"article","og_title":"Art Mural Photo \u00ab C'est un Gar\u00e7on \u00bb","og_description":"Surprenez les futurs parents avec un cadeau m\u00e9morable et unique et rendez la f\u00eate de r\u00e9v\u00e9lation de genre inoubliable Ajouter des superpositions de texte pour rendre chaque cadeau sp\u00e9cial et pr\u00e9cieux Personnalisez en 3 \u00e9tapes simples Vois le r\u00e9sultat imm\u00e9diatement \u2013 l\u2019aper\u00e7u interactif te permet de peaufiner chaque d\u00e9tail","og_url":"https:\/\/positiveprints.com\/fr\/produit\/art-mural-photo-cest-un-garcon\/","og_site_name":"Positive Prints","article_publisher":"https:\/\/www.facebook.com\/positiveprintscom","article_modified_time":"2026-04-12T21:46:42+00:00","og_image":[{"width":1080,"height":1080,"url":"https:\/\/positiveprints.com\/wp-content\/uploads\/2022\/10\/its-a-boy-photo-wall-art.jpg","type":"image\/jpeg"}],"twitter_card":"summary_large_image","schema":{"@context":"https:\/\/schema.org","@graph":[{"@type":["WebPage","ItemPage"],"@id":"https:\/\/positiveprints.com\/fr\/produit\/art-mural-photo-cest-un-garcon\/","url":"https:\/\/positiveprints.com\/fr\/produit\/art-mural-photo-cest-un-garcon\/","name":"Art Mural Photo \u00ab C'est un Gar\u00e7on \u00bb - Positive Prints","isPartOf":{"@id":"https:\/\/positiveprints.com\/fr\/#website"},"primaryImageOfPage":{"@id":"https:\/\/positiveprints.com\/fr\/produit\/art-mural-photo-cest-un-garcon\/#primaryimage"},"image":{"@id":"https:\/\/positiveprints.com\/fr\/produit\/art-mural-photo-cest-un-garcon\/#primaryimage"},"thumbnailUrl":"https:\/\/positiveprints.com\/wp-content\/uploads\/2022\/10\/its-a-boy-photo-wall-art.jpg","datePublished":"2022-12-08T15:51:36+00:00","dateModified":"2026-04-12T21:46:42+00:00","description":"Voici l'art mural Photo \u00ab C'est un Gar\u00e7on \u00bb. C'est une belle fa\u00e7on de comm\u00e9morer la venue en ce monde de leur gar\u00e7on.","breadcrumb":{"@id":"https:\/\/positiveprints.com\/fr\/produit\/art-mural-photo-cest-un-garcon\/#breadcrumb"},"inLanguage":"fr-FR","potentialAction":[{"@type":"ReadAction","target":["https:\/\/positiveprints.com\/fr\/produit\/art-mural-photo-cest-un-garcon\/"]}]},{"@type":"ImageObject","inLanguage":"fr-FR","@id":"https:\/\/positiveprints.com\/fr\/produit\/art-mural-photo-cest-un-garcon\/#primaryimage","url":"https:\/\/positiveprints.com\/wp-content\/uploads\/2022\/10\/its-a-boy-photo-wall-art.jpg","contentUrl":"https:\/\/positiveprints.com\/wp-content\/uploads\/2022\/10\/its-a-boy-photo-wall-art.jpg","width":1080,"height":1080,"caption":"The purpose of the baby shower is to help the expectant parents prepare for the arrival of their new baby, and to give them a chance to bonding with their new child."},{"@type":"BreadcrumbList","@id":"https:\/\/positiveprints.com\/fr\/produit\/art-mural-photo-cest-un-garcon\/#breadcrumb","itemListElement":[{"@type":"ListItem","position":1,"name":"Home","item":"https:\/\/positiveprints.com\/fr\/"},{"@type":"ListItem","position":2,"name":"Produits","item":"https:\/\/positiveprints.com\/fr\/shop\/"},{"@type":"ListItem","position":3,"name":"Art Mural Photo \u00ab C&#8217;est un Gar\u00e7on \u00bb"}]},{"@type":"WebSite","@id":"https:\/\/positiveprints.com\/fr\/#website","url":"https:\/\/positiveprints.com\/fr\/","name":"Positive Prints","description":"Amazing Custom Personalized Gifts","publisher":{"@id":"https:\/\/positiveprints.com\/fr\/#organization"},"potentialAction":[{"@type":"SearchAction","target":{"@type":"EntryPoint","urlTemplate":"https:\/\/positiveprints.com\/fr\/?s={search_term_string}"},"query-input":{"@type":"PropertyValueSpecification","valueRequired":true,"valueName":"search_term_string"}}],"inLanguage":"fr-FR"},{"@type":"Organization","@id":"https:\/\/positiveprints.com\/fr\/#organization","name":"Positive Prints","alternateName":"Positive Prints","url":"https:\/\/positiveprints.com\/fr\/","logo":{"@type":"ImageObject","inLanguage":"fr-FR","@id":"https:\/\/positiveprints.com\/fr\/#\/schema\/logo\/image\/","url":"https:\/\/positiveprints.com\/wp-content\/uploads\/2026\/03\/245815646_1337939713319158_5671353136411139666_n.png","contentUrl":"https:\/\/positiveprints.com\/wp-content\/uploads\/2026\/03\/245815646_1337939713319158_5671353136411139666_n.png","width":800,"height":800,"caption":"Positive Prints"},"image":{"@id":"https:\/\/positiveprints.com\/fr\/#\/schema\/logo\/image\/"},"sameAs":["https:\/\/www.facebook.com\/positiveprintscom","https:\/\/www.instagram.com\/positiveprintscom\/","https:\/\/www.tiktok.com\/@positiveprintscom","https:\/\/www.pinterest.com\/positiveprintscom\/"]}]}},"jetpack_sharing_enabled":true,"_links":{"self":[{"href":"https:\/\/positiveprints.com\/fr\/wp-json\/wp\/v2\/product\/381077","targetHints":{"allow":["GET"]}}],"collection":[{"href":"https:\/\/positiveprints.com\/fr\/wp-json\/wp\/v2\/product"}],"about":[{"href":"https:\/\/positiveprints.com\/fr\/wp-json\/wp\/v2\/types\/product"}],"wp:featuredmedia":[{"embeddable":true,"href":"https:\/\/positiveprints.com\/fr\/wp-json\/wp\/v2\/media\/356096"}],"wp:attachment":[{"href":"https:\/\/positiveprints.com\/fr\/wp-json\/wp\/v2\/media?parent=381077"}],"wp:term":[{"taxonomy":"product_brand","embeddable":true,"href":"https:\/\/positiveprints.com\/fr\/wp-json\/wp\/v2\/product_brand?post=381077"},{"taxonomy":"product_cat","embeddable":true,"href":"https:\/\/positiveprints.com\/fr\/wp-json\/wp\/v2\/product_cat?post=381077"},{"taxonomy":"product_tag","embeddable":true,"href":"https:\/\/positiveprints.com\/fr\/wp-json\/wp\/v2\/product_tag?post=381077"}],"curies":[{"name":"wp","href":"https:\/\/api.w.org\/{rel}","templated":true}]}}