{"id":380944,"date":"2022-10-11T20:45:36","date_gmt":"2022-10-11T19:45:36","guid":{"rendered":"https:\/\/positiveprints.com\/?post_type=product&#038;p=380944"},"modified":"2026-04-18T06:26:37","modified_gmt":"2026-04-18T05:26:37","slug":"art-mural-photo-de-fratrie","status":"publish","type":"product","link":"https:\/\/positiveprints.com\/fr\/produit\/art-mural-photo-de-fratrie\/","title":{"rendered":"Art Mural Photo de Fratrie"},"content":{"rendered":"","protected":false},"excerpt":{"rendered":"<ul class=\"check-list\">\n<li>Ch\u00e9rissez les souvenirs de votre enfance et montrez le lien sp\u00e9cial entre vos fr\u00e8res et s\u0153urs avec une \u0153uvre d&#8217;art intemporelle<\/li>\n<li>Ajouter des superpositions de texte pour rendre chaque cadeau sp\u00e9cial et pr\u00e9cieux<\/li>\n<li>Personnalisez en 3 \u00e9tapes simples<\/li>\n<li>Vois le r\u00e9sultat imm\u00e9diatement \u2013 l\u2019aper\u00e7u interactif te permet de peaufiner chaque d\u00e9tail<\/li>\n<\/ul>\n","protected":false},"featured_media":355972,"template":"","meta":[],"product_brand":[],"product_cat":[5264,7495,7621,11401,11389,7734],"product_tag":[13426,12578,17183,17273,12593,13455,8533,12577,12592],"class_list":{"0":"post-380944","1":"product","2":"type-product","3":"status-publish","4":"has-post-thumbnail","6":"product_cat-cadeaux-de-noel","7":"product_cat-photo-fr","8":"product_cat-cadeaux-pour-frere","9":"product_cat-cadeaux-de-noel-pour-la-soeur","10":"product_cat-cadeaux-de-noel-pour-le-frere","11":"product_cat-cadeaux-pour-soeur","12":"product_tag-cadeau-de-noel-pour-soeur","13":"product_tag-cadeau-pour-frere","14":"product_tag-cadeau-pour-frere-fr","15":"product_tag-cadeau-pour-soeur","16":"product_tag-cadeau-soeur","17":"product_tag-cadeaux-de-noel-pour-frere","18":"product_tag-family-fr","19":"product_tag-frere","20":"product_tag-soeur","22":"first","23":"instock","24":"sale","25":"taxable","26":"shipping-taxable","27":"purchasable","28":"product-type-variable"},"yoast_head":"<!-- This site is optimized with the Yoast SEO Premium plugin v27.2 (Yoast SEO v27.2) - https:\/\/yoast.com\/product\/yoast-seo-premium-wordpress\/ -->\n<title>Art Mural Photo de Fratrie - Positive Prints<\/title>\n<meta name=\"description\" content=\"C\u00e9l\u00e9brez le lien sp\u00e9cial entre fr\u00e8res et s\u0153urs avec l&#039;art mural photo. Offrez des souvenirs en cette p\u00e9riode de f\u00eates !\" \/>\n<meta name=\"robots\" content=\"index, follow, max-snippet:-1, max-image-preview:large, max-video-preview:-1\" \/>\n<link rel=\"canonical\" href=\"https:\/\/positiveprints.com\/fr\/produit\/art-mural-photo-de-fratrie\/\" \/>\n<meta property=\"og:locale\" content=\"fr_FR\" \/>\n<meta property=\"og:type\" content=\"article\" \/>\n<meta property=\"og:title\" content=\"Art Mural Photo de Fratrie\" \/>\n<meta property=\"og:description\" content=\"Ch\u00e9rissez les souvenirs de votre enfance et montrez le lien sp\u00e9cial entre vos fr\u00e8res et s\u0153urs avec une \u0153uvre d&#039;art intemporelle Ajouter des superpositions de texte pour rendre chaque cadeau sp\u00e9cial et pr\u00e9cieux Personnalisez en 3 \u00e9tapes simples Vois le r\u00e9sultat imm\u00e9diatement \u2013 l\u2019aper\u00e7u interactif te permet de peaufiner chaque d\u00e9tail\" \/>\n<meta property=\"og:url\" content=\"https:\/\/positiveprints.com\/fr\/produit\/art-mural-photo-de-fratrie\/\" \/>\n<meta property=\"og:site_name\" content=\"Positive Prints\" \/>\n<meta property=\"article:publisher\" content=\"https:\/\/www.facebook.com\/positiveprintscom\" \/>\n<meta property=\"article:modified_time\" content=\"2026-04-18T05:26:37+00:00\" \/>\n<meta property=\"og:image\" content=\"https:\/\/positiveprints.com\/wp-content\/uploads\/2022\/10\/siblings-photo-wall-art.jpg\" \/>\n\t<meta property=\"og:image:width\" content=\"1080\" \/>\n\t<meta property=\"og:image:height\" content=\"1080\" \/>\n\t<meta property=\"og:image:type\" content=\"image\/jpeg\" \/>\n<meta name=\"twitter:card\" content=\"summary_large_image\" \/>\n<!-- \/ Yoast SEO Premium plugin. -->","yoast_head_json":{"title":"Art Mural Photo de Fratrie - Positive Prints","description":"C\u00e9l\u00e9brez le lien sp\u00e9cial entre fr\u00e8res et s\u0153urs avec l'art mural photo. Offrez des souvenirs en cette p\u00e9riode de f\u00eates !","robots":{"index":"index","follow":"follow","max-snippet":"max-snippet:-1","max-image-preview":"max-image-preview:large","max-video-preview":"max-video-preview:-1"},"canonical":"https:\/\/positiveprints.com\/fr\/produit\/art-mural-photo-de-fratrie\/","og_locale":"fr_FR","og_type":"article","og_title":"Art Mural Photo de Fratrie","og_description":"Ch\u00e9rissez les souvenirs de votre enfance et montrez le lien sp\u00e9cial entre vos fr\u00e8res et s\u0153urs avec une \u0153uvre d'art intemporelle Ajouter des superpositions de texte pour rendre chaque cadeau sp\u00e9cial et pr\u00e9cieux Personnalisez en 3 \u00e9tapes simples Vois le r\u00e9sultat imm\u00e9diatement \u2013 l\u2019aper\u00e7u interactif te permet de peaufiner chaque d\u00e9tail","og_url":"https:\/\/positiveprints.com\/fr\/produit\/art-mural-photo-de-fratrie\/","og_site_name":"Positive Prints","article_publisher":"https:\/\/www.facebook.com\/positiveprintscom","article_modified_time":"2026-04-18T05:26:37+00:00","og_image":[{"width":1080,"height":1080,"url":"https:\/\/positiveprints.com\/wp-content\/uploads\/2022\/10\/siblings-photo-wall-art.jpg","type":"image\/jpeg"}],"twitter_card":"summary_large_image","schema":{"@context":"https:\/\/schema.org","@graph":[{"@type":["WebPage","ItemPage"],"@id":"https:\/\/positiveprints.com\/fr\/produit\/art-mural-photo-de-fratrie\/","url":"https:\/\/positiveprints.com\/fr\/produit\/art-mural-photo-de-fratrie\/","name":"Art Mural Photo de Fratrie - Positive Prints","isPartOf":{"@id":"https:\/\/positiveprints.com\/fr\/#website"},"primaryImageOfPage":{"@id":"https:\/\/positiveprints.com\/fr\/produit\/art-mural-photo-de-fratrie\/#primaryimage"},"image":{"@id":"https:\/\/positiveprints.com\/fr\/produit\/art-mural-photo-de-fratrie\/#primaryimage"},"thumbnailUrl":"https:\/\/positiveprints.com\/wp-content\/uploads\/2022\/10\/siblings-photo-wall-art.jpg","datePublished":"2022-10-11T19:45:36+00:00","dateModified":"2026-04-18T05:26:37+00:00","description":"C\u00e9l\u00e9brez le lien sp\u00e9cial entre fr\u00e8res et s\u0153urs avec l'art mural photo. Offrez des souvenirs en cette p\u00e9riode de f\u00eates !","breadcrumb":{"@id":"https:\/\/positiveprints.com\/fr\/produit\/art-mural-photo-de-fratrie\/#breadcrumb"},"inLanguage":"fr-FR","potentialAction":[{"@type":"ReadAction","target":["https:\/\/positiveprints.com\/fr\/produit\/art-mural-photo-de-fratrie\/"]}]},{"@type":"ImageObject","inLanguage":"fr-FR","@id":"https:\/\/positiveprints.com\/fr\/produit\/art-mural-photo-de-fratrie\/#primaryimage","url":"https:\/\/positiveprints.com\/wp-content\/uploads\/2022\/10\/siblings-photo-wall-art.jpg","contentUrl":"https:\/\/positiveprints.com\/wp-content\/uploads\/2022\/10\/siblings-photo-wall-art.jpg","width":1080,"height":1080,"caption":"No matter what your relationship with your siblings is like, chances are there\u2019s a lot of love there."},{"@type":"BreadcrumbList","@id":"https:\/\/positiveprints.com\/fr\/produit\/art-mural-photo-de-fratrie\/#breadcrumb","itemListElement":[{"@type":"ListItem","position":1,"name":"Home","item":"https:\/\/positiveprints.com\/fr\/"},{"@type":"ListItem","position":2,"name":"Produits","item":"https:\/\/positiveprints.com\/fr\/shop\/"},{"@type":"ListItem","position":3,"name":"Art Mural Photo de Fratrie"}]},{"@type":"WebSite","@id":"https:\/\/positiveprints.com\/fr\/#website","url":"https:\/\/positiveprints.com\/fr\/","name":"Positive Prints","description":"Amazing Custom Personalized Gifts","publisher":{"@id":"https:\/\/positiveprints.com\/fr\/#organization"},"potentialAction":[{"@type":"SearchAction","target":{"@type":"EntryPoint","urlTemplate":"https:\/\/positiveprints.com\/fr\/?s={search_term_string}"},"query-input":{"@type":"PropertyValueSpecification","valueRequired":true,"valueName":"search_term_string"}}],"inLanguage":"fr-FR"},{"@type":"Organization","@id":"https:\/\/positiveprints.com\/fr\/#organization","name":"Positive Prints","alternateName":"Positive Prints","url":"https:\/\/positiveprints.com\/fr\/","logo":{"@type":"ImageObject","inLanguage":"fr-FR","@id":"https:\/\/positiveprints.com\/fr\/#\/schema\/logo\/image\/","url":"https:\/\/positiveprints.com\/wp-content\/uploads\/2026\/03\/245815646_1337939713319158_5671353136411139666_n.png","contentUrl":"https:\/\/positiveprints.com\/wp-content\/uploads\/2026\/03\/245815646_1337939713319158_5671353136411139666_n.png","width":800,"height":800,"caption":"Positive Prints"},"image":{"@id":"https:\/\/positiveprints.com\/fr\/#\/schema\/logo\/image\/"},"sameAs":["https:\/\/www.facebook.com\/positiveprintscom","https:\/\/www.instagram.com\/positiveprintscom\/","https:\/\/www.tiktok.com\/@positiveprintscom","https:\/\/www.pinterest.com\/positiveprintscom\/"]}]}},"jetpack_sharing_enabled":true,"_links":{"self":[{"href":"https:\/\/positiveprints.com\/fr\/wp-json\/wp\/v2\/product\/380944","targetHints":{"allow":["GET"]}}],"collection":[{"href":"https:\/\/positiveprints.com\/fr\/wp-json\/wp\/v2\/product"}],"about":[{"href":"https:\/\/positiveprints.com\/fr\/wp-json\/wp\/v2\/types\/product"}],"wp:featuredmedia":[{"embeddable":true,"href":"https:\/\/positiveprints.com\/fr\/wp-json\/wp\/v2\/media\/355972"}],"wp:attachment":[{"href":"https:\/\/positiveprints.com\/fr\/wp-json\/wp\/v2\/media?parent=380944"}],"wp:term":[{"taxonomy":"product_brand","embeddable":true,"href":"https:\/\/positiveprints.com\/fr\/wp-json\/wp\/v2\/product_brand?post=380944"},{"taxonomy":"product_cat","embeddable":true,"href":"https:\/\/positiveprints.com\/fr\/wp-json\/wp\/v2\/product_cat?post=380944"},{"taxonomy":"product_tag","embeddable":true,"href":"https:\/\/positiveprints.com\/fr\/wp-json\/wp\/v2\/product_tag?post=380944"}],"curies":[{"name":"wp","href":"https:\/\/api.w.org\/{rel}","templated":true}]}}