{"id":380901,"date":"2022-09-28T13:04:40","date_gmt":"2022-09-28T12:04:40","guid":{"rendered":"https:\/\/positiveprints.com\/?post_type=product&#038;p=380901"},"modified":"2026-04-23T11:43:01","modified_gmt":"2026-04-23T10:43:01","slug":"carte-personnalisee-de-localisation-dentreprise","status":"publish","type":"product","link":"https:\/\/positiveprints.com\/fr\/produit\/carte-personnalisee-de-localisation-dentreprise\/","title":{"rendered":"Carte Personnalis\u00e9e de Localisation d&#8217;Entreprise"},"content":{"rendered":"","protected":false},"excerpt":{"rendered":"<ul class=\"check-list\">\n<li>Marquer un endroit sp\u00e9cial avec un symbole choisi<\/li>\n<li>Personnalisez votre design en 3 \u00e9tapes simples<\/li>\n<li>Incluez un texte personnalis\u00e9 significatif<\/li>\n<li>Visualisez le r\u00e9sultat imm\u00e9diatement \u2013 l\u2019aper\u00e7u interactif vous permet de peaufiner chaque d\u00e9tail<\/li>\n<\/ul>\n","protected":false},"featured_media":1404242,"template":"","meta":[],"product_brand":[],"product_cat":[17710,9274,7187,5264,11390],"product_tag":[8734,13228,13229,13234,13232,13233,13230],"class_list":{"0":"post-380901","1":"product","2":"type-product","3":"status-publish","4":"has-post-thumbnail","6":"product_cat-cadeau-entreprise","7":"product_cat-bestsellers-label-fr","8":"product_cat-map-fr","9":"product_cat-cadeaux-de-noel","10":"product_cat-cadeaux-de-noel-pour-les-collegues","11":"product_tag-business-fr","12":"product_tag-cadeau-de-noel-pour-un-collegue","13":"product_tag-cadeau-de-reconnaissance-pour-un-collegue","14":"product_tag-cadeau-de-remerciement-pour-un-collegue","15":"product_tag-cadeau-pour-un-collegue","16":"product_tag-cadeaux-pour-un-collegue","17":"product_tag-collegue","19":"first","20":"instock","21":"sale","22":"taxable","23":"shipping-taxable","24":"purchasable","25":"product-type-variable"},"yoast_head":"<!-- This site is optimized with the Yoast SEO Premium plugin v27.2 (Yoast SEO v27.2) - https:\/\/yoast.com\/product\/yoast-seo-premium-wordpress\/ -->\n<title>Carte de Localisation d&#039;Entreprise - Positive Prints<\/title>\n<meta name=\"description\" content=\"C\u00e9l\u00e9brez votre succ\u00e8s entrepreneurial avec cette carte personnalis\u00e9e \u00e9l\u00e9gante qui met en valeur l&#039;emplacement de votre entreprise, un cadeau distinctif pour les propri\u00e9taires qui souhaitent afficher fi\u00e8rement leur pr\u00e9sence locale.\" \/>\n<meta name=\"robots\" content=\"index, follow, max-snippet:-1, max-image-preview:large, max-video-preview:-1\" \/>\n<link rel=\"canonical\" href=\"https:\/\/positiveprints.com\/fr\/produit\/carte-personnalisee-de-localisation-dentreprise\/\" \/>\n<meta property=\"og:locale\" content=\"fr_FR\" \/>\n<meta property=\"og:type\" content=\"article\" \/>\n<meta property=\"og:title\" content=\"Carte Personnalis\u00e9e de Localisation d&#039;Entreprise\" \/>\n<meta property=\"og:description\" content=\"Marquer un endroit sp\u00e9cial avec un symbole choisi Personnalisez votre design en 3 \u00e9tapes simples Incluez un texte personnalis\u00e9 significatif Visualisez le r\u00e9sultat imm\u00e9diatement \u2013 l\u2019aper\u00e7u interactif vous permet de peaufiner chaque d\u00e9tail\" \/>\n<meta property=\"og:url\" content=\"https:\/\/positiveprints.com\/fr\/produit\/carte-personnalisee-de-localisation-dentreprise\/\" \/>\n<meta property=\"og:site_name\" content=\"Positive Prints\" \/>\n<meta property=\"article:publisher\" content=\"https:\/\/www.facebook.com\/positiveprintscom\" \/>\n<meta property=\"article:modified_time\" content=\"2026-04-23T10:43:01+00:00\" \/>\n<meta property=\"og:image\" content=\"https:\/\/positiveprints.com\/wp-content\/uploads\/2024\/10\/Packshot_FR_business-location-map-product-image.webp\" \/>\n\t<meta property=\"og:image:width\" content=\"1450\" \/>\n\t<meta property=\"og:image:height\" content=\"1450\" \/>\n\t<meta property=\"og:image:type\" content=\"image\/webp\" \/>\n<meta name=\"twitter:card\" content=\"summary_large_image\" \/>\n<!-- \/ Yoast SEO Premium plugin. -->","yoast_head_json":{"title":"Carte de Localisation d'Entreprise - Positive Prints","description":"C\u00e9l\u00e9brez votre succ\u00e8s entrepreneurial avec cette carte personnalis\u00e9e \u00e9l\u00e9gante qui met en valeur l'emplacement de votre entreprise, un cadeau distinctif pour les propri\u00e9taires qui souhaitent afficher fi\u00e8rement leur pr\u00e9sence locale.","robots":{"index":"index","follow":"follow","max-snippet":"max-snippet:-1","max-image-preview":"max-image-preview:large","max-video-preview":"max-video-preview:-1"},"canonical":"https:\/\/positiveprints.com\/fr\/produit\/carte-personnalisee-de-localisation-dentreprise\/","og_locale":"fr_FR","og_type":"article","og_title":"Carte Personnalis\u00e9e de Localisation d'Entreprise","og_description":"Marquer un endroit sp\u00e9cial avec un symbole choisi Personnalisez votre design en 3 \u00e9tapes simples Incluez un texte personnalis\u00e9 significatif Visualisez le r\u00e9sultat imm\u00e9diatement \u2013 l\u2019aper\u00e7u interactif vous permet de peaufiner chaque d\u00e9tail","og_url":"https:\/\/positiveprints.com\/fr\/produit\/carte-personnalisee-de-localisation-dentreprise\/","og_site_name":"Positive Prints","article_publisher":"https:\/\/www.facebook.com\/positiveprintscom","article_modified_time":"2026-04-23T10:43:01+00:00","og_image":[{"width":1450,"height":1450,"url":"https:\/\/positiveprints.com\/wp-content\/uploads\/2024\/10\/Packshot_FR_business-location-map-product-image.webp","type":"image\/webp"}],"twitter_card":"summary_large_image","schema":{"@context":"https:\/\/schema.org","@graph":[{"@type":["WebPage","ItemPage"],"@id":"https:\/\/positiveprints.com\/fr\/produit\/carte-personnalisee-de-localisation-dentreprise\/","url":"https:\/\/positiveprints.com\/fr\/produit\/carte-personnalisee-de-localisation-dentreprise\/","name":"Carte de Localisation d'Entreprise - Positive Prints","isPartOf":{"@id":"https:\/\/positiveprints.com\/fr\/#website"},"primaryImageOfPage":{"@id":"https:\/\/positiveprints.com\/fr\/produit\/carte-personnalisee-de-localisation-dentreprise\/#primaryimage"},"image":{"@id":"https:\/\/positiveprints.com\/fr\/produit\/carte-personnalisee-de-localisation-dentreprise\/#primaryimage"},"thumbnailUrl":"https:\/\/positiveprints.com\/wp-content\/uploads\/2025\/04\/Carte-Personnalise\u0301e-de-Localisation-dEntreprise-1.webp","datePublished":"2022-09-28T12:04:40+00:00","dateModified":"2026-04-23T10:43:01+00:00","description":"C\u00e9l\u00e9brez votre succ\u00e8s entrepreneurial avec cette carte personnalis\u00e9e \u00e9l\u00e9gante qui met en valeur l'emplacement de votre entreprise, un cadeau distinctif pour les propri\u00e9taires qui souhaitent afficher fi\u00e8rement leur pr\u00e9sence locale.","breadcrumb":{"@id":"https:\/\/positiveprints.com\/fr\/produit\/carte-personnalisee-de-localisation-dentreprise\/#breadcrumb"},"inLanguage":"fr-FR","potentialAction":[{"@type":"ReadAction","target":["https:\/\/positiveprints.com\/fr\/produit\/carte-personnalisee-de-localisation-dentreprise\/"]}]},{"@type":"ImageObject","inLanguage":"fr-FR","@id":"https:\/\/positiveprints.com\/fr\/produit\/carte-personnalisee-de-localisation-dentreprise\/#primaryimage","url":"https:\/\/positiveprints.com\/wp-content\/uploads\/2025\/04\/Carte-Personnalise\u0301e-de-Localisation-dEntreprise-1.webp","contentUrl":"https:\/\/positiveprints.com\/wp-content\/uploads\/2025\/04\/Carte-Personnalise\u0301e-de-Localisation-dEntreprise-1.webp","width":1450,"height":1450},{"@type":"BreadcrumbList","@id":"https:\/\/positiveprints.com\/fr\/produit\/carte-personnalisee-de-localisation-dentreprise\/#breadcrumb","itemListElement":[{"@type":"ListItem","position":1,"name":"Home","item":"https:\/\/positiveprints.com\/fr\/"},{"@type":"ListItem","position":2,"name":"Produits","item":"https:\/\/positiveprints.com\/fr\/shop\/"},{"@type":"ListItem","position":3,"name":"Carte Personnalis\u00e9e de Localisation d&#8217;Entreprise"}]},{"@type":"WebSite","@id":"https:\/\/positiveprints.com\/fr\/#website","url":"https:\/\/positiveprints.com\/fr\/","name":"Positive Prints","description":"Amazing Custom Personalized Gifts","publisher":{"@id":"https:\/\/positiveprints.com\/fr\/#organization"},"potentialAction":[{"@type":"SearchAction","target":{"@type":"EntryPoint","urlTemplate":"https:\/\/positiveprints.com\/fr\/?s={search_term_string}"},"query-input":{"@type":"PropertyValueSpecification","valueRequired":true,"valueName":"search_term_string"}}],"inLanguage":"fr-FR"},{"@type":"Organization","@id":"https:\/\/positiveprints.com\/fr\/#organization","name":"Positive Prints","alternateName":"Positive Prints","url":"https:\/\/positiveprints.com\/fr\/","logo":{"@type":"ImageObject","inLanguage":"fr-FR","@id":"https:\/\/positiveprints.com\/fr\/#\/schema\/logo\/image\/","url":"https:\/\/positiveprints.com\/wp-content\/uploads\/2026\/03\/245815646_1337939713319158_5671353136411139666_n.png","contentUrl":"https:\/\/positiveprints.com\/wp-content\/uploads\/2026\/03\/245815646_1337939713319158_5671353136411139666_n.png","width":800,"height":800,"caption":"Positive Prints"},"image":{"@id":"https:\/\/positiveprints.com\/fr\/#\/schema\/logo\/image\/"},"sameAs":["https:\/\/www.facebook.com\/positiveprintscom","https:\/\/www.instagram.com\/positiveprintscom\/","https:\/\/www.tiktok.com\/@positiveprintscom","https:\/\/www.pinterest.com\/positiveprintscom\/"]}]}},"jetpack_sharing_enabled":true,"_links":{"self":[{"href":"https:\/\/positiveprints.com\/fr\/wp-json\/wp\/v2\/product\/380901","targetHints":{"allow":["GET"]}}],"collection":[{"href":"https:\/\/positiveprints.com\/fr\/wp-json\/wp\/v2\/product"}],"about":[{"href":"https:\/\/positiveprints.com\/fr\/wp-json\/wp\/v2\/types\/product"}],"wp:featuredmedia":[{"embeddable":true,"href":"https:\/\/positiveprints.com\/fr\/wp-json\/wp\/v2\/media\/1404242"}],"wp:attachment":[{"href":"https:\/\/positiveprints.com\/fr\/wp-json\/wp\/v2\/media?parent=380901"}],"wp:term":[{"taxonomy":"product_brand","embeddable":true,"href":"https:\/\/positiveprints.com\/fr\/wp-json\/wp\/v2\/product_brand?post=380901"},{"taxonomy":"product_cat","embeddable":true,"href":"https:\/\/positiveprints.com\/fr\/wp-json\/wp\/v2\/product_cat?post=380901"},{"taxonomy":"product_tag","embeddable":true,"href":"https:\/\/positiveprints.com\/fr\/wp-json\/wp\/v2\/product_tag?post=380901"}],"curies":[{"name":"wp","href":"https:\/\/api.w.org\/{rel}","templated":true}]}}