{"id":376728,"date":"2022-10-07T20:04:56","date_gmt":"2022-10-07T19:04:56","guid":{"rendered":"https:\/\/positiveprints.com\/product\/papa-je-taime-plus-que-tout-au-monde\/"},"modified":"2026-04-23T11:42:01","modified_gmt":"2026-04-23T10:42:01","slug":"papa-je-taime-plus-que-tout-au-monde","status":"publish","type":"product","link":"https:\/\/positiveprints.com\/fr\/produit\/papa-je-taime-plus-que-tout-au-monde\/","title":{"rendered":"Papa, Je T&#8217;Aime Plus Que Tout au Monde"},"content":{"rendered":"<p>Papa, Je T&#8217;Aime Plus Que Tout au Monde est une impression lunaire personnalis\u00e9e de la date et de l&#8217;heure de votre choix. Meilleur cadeau pour papa<\/p>","protected":false},"excerpt":{"rendered":"<ul class=\"check-list\">\n<li>Ajoutez l&#8217;ombre unique de la lune<\/li>\n<li>Personnalisez en 3 \u00e9tapes simples<\/li>\n<li>Choisis parmi une vari\u00e9t\u00e9 de designs \u00e9poustouflants<\/li>\n<li>Vois le r\u00e9sultat imm\u00e9diatement \u2013 l\u2019aper\u00e7u interactif te permet de peaufiner chaque d\u00e9tail<\/li>\n<\/ul>\n","protected":false},"featured_media":1460685,"template":"","meta":[],"product_brand":[],"product_cat":[7337,7210,5264,11391,7973],"product_tag":[11760,11107],"class_list":{"0":"post-376728","1":"product","2":"type-product","3":"status-publish","4":"has-post-thumbnail","6":"product_cat-cadeaux-de-fete-des-peres","7":"product_cat-moon-fr","8":"product_cat-cadeaux-de-noel","9":"product_cat-cadeaux-de-noel-pour-papa","10":"product_cat-cadeaux-pour-papa","11":"product_tag-cadeaux-de-noel-pour-papa","12":"product_tag-father-it-fr","14":"first","15":"instock","16":"sale","17":"taxable","18":"shipping-taxable","19":"purchasable","20":"product-type-variable"},"yoast_head":"<!-- This site is optimized with the Yoast SEO Premium plugin v27.2 (Yoast SEO v27.2) - https:\/\/yoast.com\/product\/yoast-seo-premium-wordpress\/ -->\n<title>Papa, Je T&#039;Aime Plus Que Tout au Monde - Positive Prints<\/title>\n<meta name=\"description\" content=\"Papa, Je T&#039;Aime Plus Que Tout au Monde est une impression lunaire personnalis\u00e9e de la date et de l&#039;heure de votre choix. Meilleur cadeau pour papa.\" \/>\n<meta name=\"robots\" content=\"index, follow, max-snippet:-1, max-image-preview:large, max-video-preview:-1\" \/>\n<link rel=\"canonical\" href=\"https:\/\/positiveprints.com\/fr\/produit\/papa-je-taime-plus-que-tout-au-monde\/\" \/>\n<meta property=\"og:locale\" content=\"fr_FR\" \/>\n<meta property=\"og:type\" content=\"article\" \/>\n<meta property=\"og:title\" content=\"Papa, Je T&#039;Aime Plus Que Tout au Monde\" \/>\n<meta property=\"og:description\" content=\"Ajoutez l&#039;ombre unique de la lune  Personnalisez en 3 \u00e9tapes simples  Choisis parmi une vari\u00e9t\u00e9 de designs \u00e9poustouflants  Vois le r\u00e9sultat imm\u00e9diatement \u2013 l\u2019aper\u00e7u interactif te permet de peaufiner chaque d\u00e9tail\" \/>\n<meta property=\"og:url\" content=\"https:\/\/positiveprints.com\/fr\/produit\/papa-je-taime-plus-que-tout-au-monde\/\" \/>\n<meta property=\"og:site_name\" content=\"Positive Prints\" \/>\n<meta property=\"article:publisher\" content=\"https:\/\/www.facebook.com\/positiveprintscom\" \/>\n<meta property=\"article:modified_time\" content=\"2026-04-23T10:42:01+00:00\" \/>\n<meta property=\"og:image\" content=\"https:\/\/positiveprints.com\/wp-content\/uploads\/2022\/10\/Packshot_FR_Papa-Je-TAime-Plus-Que-Tout-au-Monde.webp\" \/>\n\t<meta property=\"og:image:width\" content=\"1450\" \/>\n\t<meta property=\"og:image:height\" content=\"1450\" \/>\n\t<meta property=\"og:image:type\" content=\"image\/webp\" \/>\n<meta name=\"twitter:card\" content=\"summary_large_image\" \/>\n<!-- \/ Yoast SEO Premium plugin. -->","yoast_head_json":{"title":"Papa, Je T'Aime Plus Que Tout au Monde - Positive Prints","description":"Papa, Je T'Aime Plus Que Tout au Monde est une impression lunaire personnalis\u00e9e de la date et de l'heure de votre choix. Meilleur cadeau pour papa.","robots":{"index":"index","follow":"follow","max-snippet":"max-snippet:-1","max-image-preview":"max-image-preview:large","max-video-preview":"max-video-preview:-1"},"canonical":"https:\/\/positiveprints.com\/fr\/produit\/papa-je-taime-plus-que-tout-au-monde\/","og_locale":"fr_FR","og_type":"article","og_title":"Papa, Je T'Aime Plus Que Tout au Monde","og_description":"Ajoutez l'ombre unique de la lune  Personnalisez en 3 \u00e9tapes simples  Choisis parmi une vari\u00e9t\u00e9 de designs \u00e9poustouflants  Vois le r\u00e9sultat imm\u00e9diatement \u2013 l\u2019aper\u00e7u interactif te permet de peaufiner chaque d\u00e9tail","og_url":"https:\/\/positiveprints.com\/fr\/produit\/papa-je-taime-plus-que-tout-au-monde\/","og_site_name":"Positive Prints","article_publisher":"https:\/\/www.facebook.com\/positiveprintscom","article_modified_time":"2026-04-23T10:42:01+00:00","og_image":[{"width":1450,"height":1450,"url":"https:\/\/positiveprints.com\/wp-content\/uploads\/2022\/10\/Packshot_FR_Papa-Je-TAime-Plus-Que-Tout-au-Monde.webp","type":"image\/webp"}],"twitter_card":"summary_large_image","schema":{"@context":"https:\/\/schema.org","@graph":[{"@type":["WebPage","ItemPage"],"@id":"https:\/\/positiveprints.com\/fr\/produit\/papa-je-taime-plus-que-tout-au-monde\/","url":"https:\/\/positiveprints.com\/fr\/produit\/papa-je-taime-plus-que-tout-au-monde\/","name":"Papa, Je T'Aime Plus Que Tout au Monde - Positive Prints","isPartOf":{"@id":"https:\/\/positiveprints.com\/fr\/#website"},"primaryImageOfPage":{"@id":"https:\/\/positiveprints.com\/fr\/produit\/papa-je-taime-plus-que-tout-au-monde\/#primaryimage"},"image":{"@id":"https:\/\/positiveprints.com\/fr\/produit\/papa-je-taime-plus-que-tout-au-monde\/#primaryimage"},"thumbnailUrl":"https:\/\/positiveprints.com\/wp-content\/uploads\/2022\/10\/Packshot_FR_Papa-Je-TAime-Plus-Que-Tout-au-Monde.webp","datePublished":"2022-10-07T19:04:56+00:00","dateModified":"2026-04-23T10:42:01+00:00","description":"Papa, Je T'Aime Plus Que Tout au Monde est une impression lunaire personnalis\u00e9e de la date et de l'heure de votre choix. Meilleur cadeau pour papa.","breadcrumb":{"@id":"https:\/\/positiveprints.com\/fr\/produit\/papa-je-taime-plus-que-tout-au-monde\/#breadcrumb"},"inLanguage":"fr-FR","potentialAction":[{"@type":"ReadAction","target":["https:\/\/positiveprints.com\/fr\/produit\/papa-je-taime-plus-que-tout-au-monde\/"]}]},{"@type":"ImageObject","inLanguage":"fr-FR","@id":"https:\/\/positiveprints.com\/fr\/produit\/papa-je-taime-plus-que-tout-au-monde\/#primaryimage","url":"https:\/\/positiveprints.com\/wp-content\/uploads\/2022\/10\/Packshot_FR_Papa-Je-TAime-Plus-Que-Tout-au-Monde.webp","contentUrl":"https:\/\/positiveprints.com\/wp-content\/uploads\/2022\/10\/Packshot_FR_Papa-Je-TAime-Plus-Que-Tout-au-Monde.webp","width":1450,"height":1450,"caption":"Packshot_FR_Papa, Je T'Aime Plus Que Tout au Monde"},{"@type":"BreadcrumbList","@id":"https:\/\/positiveprints.com\/fr\/produit\/papa-je-taime-plus-que-tout-au-monde\/#breadcrumb","itemListElement":[{"@type":"ListItem","position":1,"name":"Home","item":"https:\/\/positiveprints.com\/fr\/"},{"@type":"ListItem","position":2,"name":"Produits","item":"https:\/\/positiveprints.com\/fr\/shop\/"},{"@type":"ListItem","position":3,"name":"Papa, Je T&#8217;Aime Plus Que Tout au Monde"}]},{"@type":"WebSite","@id":"https:\/\/positiveprints.com\/fr\/#website","url":"https:\/\/positiveprints.com\/fr\/","name":"Positive Prints","description":"Amazing Custom Personalized Gifts","publisher":{"@id":"https:\/\/positiveprints.com\/fr\/#organization"},"potentialAction":[{"@type":"SearchAction","target":{"@type":"EntryPoint","urlTemplate":"https:\/\/positiveprints.com\/fr\/?s={search_term_string}"},"query-input":{"@type":"PropertyValueSpecification","valueRequired":true,"valueName":"search_term_string"}}],"inLanguage":"fr-FR"},{"@type":"Organization","@id":"https:\/\/positiveprints.com\/fr\/#organization","name":"Positive Prints","alternateName":"Positive Prints","url":"https:\/\/positiveprints.com\/fr\/","logo":{"@type":"ImageObject","inLanguage":"fr-FR","@id":"https:\/\/positiveprints.com\/fr\/#\/schema\/logo\/image\/","url":"https:\/\/positiveprints.com\/wp-content\/uploads\/2026\/03\/245815646_1337939713319158_5671353136411139666_n.png","contentUrl":"https:\/\/positiveprints.com\/wp-content\/uploads\/2026\/03\/245815646_1337939713319158_5671353136411139666_n.png","width":800,"height":800,"caption":"Positive Prints"},"image":{"@id":"https:\/\/positiveprints.com\/fr\/#\/schema\/logo\/image\/"},"sameAs":["https:\/\/www.facebook.com\/positiveprintscom","https:\/\/www.instagram.com\/positiveprintscom\/","https:\/\/www.tiktok.com\/@positiveprintscom","https:\/\/www.pinterest.com\/positiveprintscom\/"]}]}},"jetpack_sharing_enabled":true,"_links":{"self":[{"href":"https:\/\/positiveprints.com\/fr\/wp-json\/wp\/v2\/product\/376728","targetHints":{"allow":["GET"]}}],"collection":[{"href":"https:\/\/positiveprints.com\/fr\/wp-json\/wp\/v2\/product"}],"about":[{"href":"https:\/\/positiveprints.com\/fr\/wp-json\/wp\/v2\/types\/product"}],"wp:featuredmedia":[{"embeddable":true,"href":"https:\/\/positiveprints.com\/fr\/wp-json\/wp\/v2\/media\/1460685"}],"wp:attachment":[{"href":"https:\/\/positiveprints.com\/fr\/wp-json\/wp\/v2\/media?parent=376728"}],"wp:term":[{"taxonomy":"product_brand","embeddable":true,"href":"https:\/\/positiveprints.com\/fr\/wp-json\/wp\/v2\/product_brand?post=376728"},{"taxonomy":"product_cat","embeddable":true,"href":"https:\/\/positiveprints.com\/fr\/wp-json\/wp\/v2\/product_cat?post=376728"},{"taxonomy":"product_tag","embeddable":true,"href":"https:\/\/positiveprints.com\/fr\/wp-json\/wp\/v2\/product_tag?post=376728"}],"curies":[{"name":"wp","href":"https:\/\/api.w.org\/{rel}","templated":true}]}}