{"id":376532,"date":"2022-10-06T21:17:27","date_gmt":"2022-10-06T20:17:27","guid":{"rendered":"https:\/\/positiveprints.com\/product\/rencontre-mariage-vie\/"},"modified":"2026-04-18T06:31:16","modified_gmt":"2026-04-18T05:31:16","slug":"rencontre-mariage-vie","status":"publish","type":"product","link":"https:\/\/positiveprints.com\/fr\/produit\/rencontre-mariage-vie\/","title":{"rendered":"Rencontre Mariage Domicile"},"content":{"rendered":"<p>Trois endroits importants dans le monde ? L&#8217;endroit o\u00f9 vous vous \u00eates rencontr\u00e9s, o\u00f9 vous vous \u00eates mari\u00e9s et o\u00f9 vous vivez. Chacun de ces endroits vous rappelle de merveilleux souvenirs. Vous avez beaucoup de chance de vous \u00eatre trouv\u00e9s et de pouvoir partager vos vies ensemble. Jetons un coup d&#8217;\u0153il \u00e0 chacun de ces endroits sp\u00e9ciaux.<\/p>\r\n\r\n\r\n\r\n<h2 class=\"grenB f24 cblue\" style=\"margin-top: 3rem\">Trois endroits importants dans le monde : O\u00f9 nous nous sommes rencontr\u00e9s, O\u00f9 nous nous sommes mari\u00e9s et O\u00f9 nous vivons<\/h2>\r\n\r\n\r\n\r\n\r\n\r\n<p style=\"margin-top: 1rem\">Le premier endroit est celui o\u00f9 vous vous \u00eates rencontr\u00e9s. Il s&#8217;agissait probablement d&#8217;un endroit sp\u00e9cial pour vous deux, avant m\u00eame que vous ne vous connaissiez. Il peut s&#8217;agir d&#8217;un lieu que vous avez toujours aim\u00e9 ou d&#8217;un endroit qui a une signification personnelle pour vous deux. Comment vous \u00eates vous rencontr\u00e9 ? \u00c9tait-ce un coup de foudre ?<\/p>\r\n\r\n\r\n\r\n\r\n\r\n\r\n\r\n<p style=\"margin-top: 1rem\">Le deuxi\u00e8me endroit est celui o\u00f9 vous vous \u00eates mari\u00e9s. C&#8217;est un jour dont vous vous souviendrez tous les deux pour toujours. C&#8217;est le jour o\u00f9 vous vous \u00eates engag\u00e9s l&#8217;un envers l&#8217;autre, devant tous vos amis et votre famille. Qu&#8217;est-ce qui a rendu cette journ\u00e9e si sp\u00e9ciale ? \u00c9tait-ce le temps parfait, le lieu magnifique ou le fait que tout se soit d\u00e9roul\u00e9 comme pr\u00e9vu ?<\/p>\r\n\r\n\r\n\r\n\r\n\r\n\r\n\r\n<p style=\"margin-top: 1rem\">Le troisi\u00e8me et dernier endroit est l&#8217;endroit o\u00f9 vous vivez. C&#8217;est l&#8217;endroit que vous appelez votre chez-vous, et il est rempli de toutes vos choses pr\u00e9f\u00e9r\u00e9es. C&#8217;est l&#8217;endroit o\u00f9 vous vous d\u00e9tendez apr\u00e8s une longue journ\u00e9e et o\u00f9 vous passez du temps avec les personnes que vous aimez. Avez-vous r\u00e9cemment emm\u00e9nag\u00e9 ici ? La Carte de Rencontre Mariage Vie Commune sera un cadeau de pendaison de cr\u00e9maill\u00e8re unique.<\/p>\r\n\r\n\r\n\r\n\r\n\r\n\r\n\r\n<h2 class=\"grenB f24 cblue\" style=\"margin-top: 3rem\">Comm\u00e9morez votre histoire d&#8217;amour sp\u00e9ciale<\/h2>\r\n\r\n\r\n\r\n<p style=\"margin-top: 1rem\">L&#8217;impression de la Carte de Rencontre Mariage Vie Commune est le moyen parfait de comm\u00e9morer votre histoire d&#8217;amour particuli\u00e8re. Cette impression de carte unique et personnalis\u00e9e constitue un merveilleux cadeau de pendaison de cr\u00e9maill\u00e8re pour les couples ou simplement un bel ajout \u00e0 votre d\u00e9coration int\u00e9rieure.<\/p>\r\n\r\n\r\n\r\n\r\n\r\n\r\n\r\n<p style=\"margin-top: 1rem\">L&#8217;impression de la Carte de Rencontre Mariage Vie Commune vous permet d&#8217;ajouter trois endroits \u2013 celui o\u00f9 vous vous \u00eates rencontr\u00e9s, mari\u00e9s et o\u00f9 vous vivez \u2013 et de personnaliser avec vos propres couleurs et message. Vous pouvez commander sous forme d&#8217;affiche imprim\u00e9e ou encadr\u00e9e, de toile ou en tant que fichier num\u00e9rique t\u00e9l\u00e9chargeable instantan\u00e9ment. La livraison rend ce cadeau encore plus sp\u00e9cial.<\/p>\r\n\r\n\r\n\r\n\r\n\r\n\r\n\r\n<p style=\"margin-top: 1rem\">Ce sera une belle et unique fa\u00e7on de se souvenir de ces moments sp\u00e9ciaux de votre vie, pour toujours. N&#8217;attendez pas &#8211; procurez-vous d\u00e8s aujourd&#8217;hui votre impression Rencontre Mariage Vie Commune !<\/p>","protected":false},"excerpt":{"rendered":"<ul class=\"check-list\">\n<li>Marquer les adresses exactes avec un symbole choisi<\/li>\n<li>Personnalisez en 3 \u00e9tapes simples<\/li>\n<li>Incluez un texte personnalis\u00e9 significatif<\/li>\n<li>Vois le r\u00e9sultat imm\u00e9diatement \u2013 l\u2019aper\u00e7u interactif te permet de peaufiner chaque d\u00e9tail<\/li>\n<\/ul>\n","protected":false},"featured_media":1321104,"template":"","meta":[],"product_brand":[],"product_cat":[5290,7685,8006,7228],"product_tag":[8371,14849],"class_list":{"0":"post-376532","1":"product","2":"type-product","3":"status-publish","4":"has-post-thumbnail","6":"product_cat-cadeaux-de-pendaison-de-cremaillere","7":"product_cat-cadeaux-pour-femmes","8":"product_cat-cadeaux-pour-hommes","9":"product_cat-triple-maps-fr","10":"product_tag-anniversaire","11":"product_tag-anniversary-fr","13":"first","14":"instock","15":"sale","16":"taxable","17":"shipping-taxable","18":"purchasable","19":"product-type-variable"},"yoast_head":"<!-- This site is optimized with the Yoast SEO Premium plugin v27.2 (Yoast SEO v27.2) - https:\/\/yoast.com\/product\/yoast-seo-premium-wordpress\/ -->\n<title>Rencontre Mariage Domicile - Positive Prints<\/title>\n<meta name=\"description\" content=\"L&#039;impression de la Carte Rencontre Mariage Domicile est le moyen id\u00e9al pour comm\u00e9morer votre histoire d&#039;amour sp\u00e9ciale. Commandez d\u00e8s aujourd&#039;hui !\" \/>\n<meta name=\"robots\" content=\"index, follow, max-snippet:-1, max-image-preview:large, max-video-preview:-1\" \/>\n<link rel=\"canonical\" href=\"https:\/\/positiveprints.com\/fr\/produit\/rencontre-mariage-vie\/\" \/>\n<meta property=\"og:locale\" content=\"fr_FR\" \/>\n<meta property=\"og:type\" content=\"article\" \/>\n<meta property=\"og:title\" content=\"Rencontre Mariage Domicile\" \/>\n<meta property=\"og:description\" content=\"Marquer les adresses exactes avec un symbole choisi  Personnalisez en 3 \u00e9tapes simples  Incluez un texte personnalis\u00e9 significatif  Vois le r\u00e9sultat imm\u00e9diatement \u2013 l\u2019aper\u00e7u interactif te permet de peaufiner chaque d\u00e9tail\" \/>\n<meta property=\"og:url\" content=\"https:\/\/positiveprints.com\/fr\/produit\/rencontre-mariage-vie\/\" \/>\n<meta property=\"og:site_name\" content=\"Positive Prints\" \/>\n<meta property=\"article:publisher\" content=\"https:\/\/www.facebook.com\/positiveprintscom\" \/>\n<meta property=\"article:modified_time\" content=\"2026-04-18T05:31:16+00:00\" \/>\n<meta property=\"og:image\" content=\"https:\/\/positiveprints.com\/wp-content\/uploads\/2022\/10\/Rencontre-Mariage-Domicile.webp\" \/>\n\t<meta property=\"og:image:width\" content=\"1450\" \/>\n\t<meta property=\"og:image:height\" content=\"1450\" \/>\n\t<meta property=\"og:image:type\" content=\"image\/webp\" \/>\n<meta name=\"twitter:card\" content=\"summary_large_image\" \/>\n<meta name=\"twitter:label1\" content=\"Dur\u00e9e de lecture estim\u00e9e\" \/>\n\t<meta name=\"twitter:data1\" content=\"2 minutes\" \/>\n<!-- \/ Yoast SEO Premium plugin. -->","yoast_head_json":{"title":"Rencontre Mariage Domicile - Positive Prints","description":"L'impression de la Carte Rencontre Mariage Domicile est le moyen id\u00e9al pour comm\u00e9morer votre histoire d'amour sp\u00e9ciale. Commandez d\u00e8s aujourd'hui !","robots":{"index":"index","follow":"follow","max-snippet":"max-snippet:-1","max-image-preview":"max-image-preview:large","max-video-preview":"max-video-preview:-1"},"canonical":"https:\/\/positiveprints.com\/fr\/produit\/rencontre-mariage-vie\/","og_locale":"fr_FR","og_type":"article","og_title":"Rencontre Mariage Domicile","og_description":"Marquer les adresses exactes avec un symbole choisi  Personnalisez en 3 \u00e9tapes simples  Incluez un texte personnalis\u00e9 significatif  Vois le r\u00e9sultat imm\u00e9diatement \u2013 l\u2019aper\u00e7u interactif te permet de peaufiner chaque d\u00e9tail","og_url":"https:\/\/positiveprints.com\/fr\/produit\/rencontre-mariage-vie\/","og_site_name":"Positive Prints","article_publisher":"https:\/\/www.facebook.com\/positiveprintscom","article_modified_time":"2026-04-18T05:31:16+00:00","og_image":[{"width":1450,"height":1450,"url":"https:\/\/positiveprints.com\/wp-content\/uploads\/2022\/10\/Rencontre-Mariage-Domicile.webp","type":"image\/webp"}],"twitter_card":"summary_large_image","twitter_misc":{"Dur\u00e9e de lecture estim\u00e9e":"2 minutes"},"schema":{"@context":"https:\/\/schema.org","@graph":[{"@type":["WebPage","ItemPage"],"@id":"https:\/\/positiveprints.com\/fr\/produit\/rencontre-mariage-vie\/","url":"https:\/\/positiveprints.com\/fr\/produit\/rencontre-mariage-vie\/","name":"Rencontre Mariage Domicile - Positive Prints","isPartOf":{"@id":"https:\/\/positiveprints.com\/fr\/#website"},"primaryImageOfPage":{"@id":"https:\/\/positiveprints.com\/fr\/produit\/rencontre-mariage-vie\/#primaryimage"},"image":{"@id":"https:\/\/positiveprints.com\/fr\/produit\/rencontre-mariage-vie\/#primaryimage"},"thumbnailUrl":"https:\/\/positiveprints.com\/wp-content\/uploads\/2022\/10\/Rencontre-Mariage-Domicile.webp","datePublished":"2022-10-06T20:17:27+00:00","dateModified":"2026-04-18T05:31:16+00:00","description":"L'impression de la Carte Rencontre Mariage Domicile est le moyen id\u00e9al pour comm\u00e9morer votre histoire d'amour sp\u00e9ciale. Commandez d\u00e8s aujourd'hui !","breadcrumb":{"@id":"https:\/\/positiveprints.com\/fr\/produit\/rencontre-mariage-vie\/#breadcrumb"},"inLanguage":"fr-FR","potentialAction":[{"@type":"ReadAction","target":["https:\/\/positiveprints.com\/fr\/produit\/rencontre-mariage-vie\/"]}]},{"@type":"ImageObject","inLanguage":"fr-FR","@id":"https:\/\/positiveprints.com\/fr\/produit\/rencontre-mariage-vie\/#primaryimage","url":"https:\/\/positiveprints.com\/wp-content\/uploads\/2022\/10\/Rencontre-Mariage-Domicile.webp","contentUrl":"https:\/\/positiveprints.com\/wp-content\/uploads\/2022\/10\/Rencontre-Mariage-Domicile.webp","width":1450,"height":1450,"caption":"Rencontre Mariage Domicile"},{"@type":"BreadcrumbList","@id":"https:\/\/positiveprints.com\/fr\/produit\/rencontre-mariage-vie\/#breadcrumb","itemListElement":[{"@type":"ListItem","position":1,"name":"Home","item":"https:\/\/positiveprints.com\/fr\/"},{"@type":"ListItem","position":2,"name":"Produits","item":"https:\/\/positiveprints.com\/fr\/shop\/"},{"@type":"ListItem","position":3,"name":"Rencontre Mariage Domicile"}]},{"@type":"WebSite","@id":"https:\/\/positiveprints.com\/fr\/#website","url":"https:\/\/positiveprints.com\/fr\/","name":"Positive Prints","description":"Amazing Custom Personalized Gifts","publisher":{"@id":"https:\/\/positiveprints.com\/fr\/#organization"},"potentialAction":[{"@type":"SearchAction","target":{"@type":"EntryPoint","urlTemplate":"https:\/\/positiveprints.com\/fr\/?s={search_term_string}"},"query-input":{"@type":"PropertyValueSpecification","valueRequired":true,"valueName":"search_term_string"}}],"inLanguage":"fr-FR"},{"@type":"Organization","@id":"https:\/\/positiveprints.com\/fr\/#organization","name":"Positive Prints","alternateName":"Positive Prints","url":"https:\/\/positiveprints.com\/fr\/","logo":{"@type":"ImageObject","inLanguage":"fr-FR","@id":"https:\/\/positiveprints.com\/fr\/#\/schema\/logo\/image\/","url":"https:\/\/positiveprints.com\/wp-content\/uploads\/2026\/03\/245815646_1337939713319158_5671353136411139666_n.png","contentUrl":"https:\/\/positiveprints.com\/wp-content\/uploads\/2026\/03\/245815646_1337939713319158_5671353136411139666_n.png","width":800,"height":800,"caption":"Positive Prints"},"image":{"@id":"https:\/\/positiveprints.com\/fr\/#\/schema\/logo\/image\/"},"sameAs":["https:\/\/www.facebook.com\/positiveprintscom","https:\/\/www.instagram.com\/positiveprintscom\/","https:\/\/www.tiktok.com\/@positiveprintscom","https:\/\/www.pinterest.com\/positiveprintscom\/"]}]}},"jetpack_sharing_enabled":true,"_links":{"self":[{"href":"https:\/\/positiveprints.com\/fr\/wp-json\/wp\/v2\/product\/376532","targetHints":{"allow":["GET"]}}],"collection":[{"href":"https:\/\/positiveprints.com\/fr\/wp-json\/wp\/v2\/product"}],"about":[{"href":"https:\/\/positiveprints.com\/fr\/wp-json\/wp\/v2\/types\/product"}],"wp:featuredmedia":[{"embeddable":true,"href":"https:\/\/positiveprints.com\/fr\/wp-json\/wp\/v2\/media\/1321104"}],"wp:attachment":[{"href":"https:\/\/positiveprints.com\/fr\/wp-json\/wp\/v2\/media?parent=376532"}],"wp:term":[{"taxonomy":"product_brand","embeddable":true,"href":"https:\/\/positiveprints.com\/fr\/wp-json\/wp\/v2\/product_brand?post=376532"},{"taxonomy":"product_cat","embeddable":true,"href":"https:\/\/positiveprints.com\/fr\/wp-json\/wp\/v2\/product_cat?post=376532"},{"taxonomy":"product_tag","embeddable":true,"href":"https:\/\/positiveprints.com\/fr\/wp-json\/wp\/v2\/product_tag?post=376532"}],"curies":[{"name":"wp","href":"https:\/\/api.w.org\/{rel}","templated":true}]}}