{"id":375888,"date":"2022-10-11T14:02:07","date_gmt":"2022-10-11T12:02:07","guid":{"rendered":"https:\/\/positiveprints.com\/product\/le-foyer-est-la-ou-se-trouve-le-coeur\/"},"modified":"2026-04-28T14:32:36","modified_gmt":"2026-04-28T13:32:36","slug":"la-maison-est-la-ou-se-trouve-le-coeur","status":"publish","type":"product","link":"https:\/\/positiveprints.com\/fr\/produit\/la-maison-est-la-ou-se-trouve-le-coeur\/","title":{"rendered":"La maison est l\u00e0 o\u00f9 se trouve le c\u0153ur"},"content":{"rendered":"<p>Le foyer est un endroit o\u00f9 l&#8217;on se sent \u00e0 l&#8217;aise et en s\u00e9curit\u00e9. C&#8217;est un endroit o\u00f9 l&#8217;on peut \u00eatre soi-m\u00eame et se d\u00e9tendre. Pour beaucoup de gens, le foyer est aussi l\u00e0 o\u00f9 se trouve leur c\u0153ur. Nos c\u0153urs sont pleins d&#8217;amour pour nos familles et nos amis, et nos foyers sont g\u00e9n\u00e9ralement remplies de souvenirs de moments heureux pass\u00e9s avec eux. Le foyer est r\u00e9ellement l\u00e0 o\u00f9 se trouve le c\u0153ur.<\/p>\r\n\r\n\r\n\r\n<h2 class=\"grenB f24 cblue\" style=\"margin-top: 3rem\">C&#8217;est Un Endroit O\u00f9 l&#8217;On Peut \u00catre Soi-m\u00eame et Se D\u00e9tendre<\/h2>\r\n\r\n<p style=\"margin-top: 1rem\">Pour nous, le foyer est l&#8217;endroit o\u00f9 nous nous sentons le plus \u00e0 l&#8217;aise et en s\u00e9curit\u00e9. C&#8217;est un endroit o\u00f9 l&#8217;on peut \u00eatre soi-m\u00eame et se d\u00e9tendre. Nous avons beaucoup de bons souvenirs des moments pass\u00e9s avec la famille et les amis. Nos c\u0153urs sont remplis d&#8217;amour pour eux, et nos foyers sont \u00e9galement remplies de leur amour.<\/p>\r\n\r\n<p style=\"margin-top: 1rem\">Peu importe o\u00f9 nous sommes dans le monde, nos c\u0153urs seront toujours avec nos foyers et les personnes que nous aimons.<\/p>\r\n\r\n\r\n<h2 class=\"grenB f24 cblue\" style=\"margin-top: 3rem\">Impression personnalis\u00e9e Le foyer est l\u00e0 o\u00f9 se trouve le c\u0153ur<\/h2>\r\n\r\n<p style=\"margin-top: 1rem\">\u00ab Le foyer est l\u00e0 o\u00f9 se trouve le c\u0153ur \u00bb est une expression populaire qui signifie que nos foyers sont l&#8217;endroit o\u00f9 nous nous sentons le plus \u00e0 l&#8217;aise et en s\u00e9curit\u00e9. Pour beaucoup de gens, le foyer est aussi l\u00e0 o\u00f9 se trouve leur c\u0153ur. Cette expression est souvent utilis\u00e9e pour d\u00e9crire \u00e0 quel point quelqu&#8217;un aime son foyer ou \u00e0 quel point sa connexion \u00e9motionnelle avec son foyer est forte.<\/p>\r\n\r\n<p style=\"margin-top: 1rem\">Cette expression peut \u00e9galement \u00eatre utilis\u00e9e pour d\u00e9crire nos sentiments envers les personnes de notre vie. Tout comme nos foyers, les personnes que nous aimons sont l&#8217;endroit o\u00f9 nous nous sentons le plus \u00e0 l&#8217;aise et en s\u00e9curit\u00e9. Nous avons des liens \u00e9motionnels forts avec les personnes de notre vie, et nos c\u0153urs sont remplis d&#8217;amour pour elles. Le foyer est r\u00e9ellement l\u00e0 o\u00f9 se trouve le c\u0153ur.<\/p>\r\n\r\n<p style=\"margin-top: 1rem\">\u00c0 la recherche d&#8217;un cadeau unique et personnel ? Ne cherchez pas plus loin, voici notre impression de carte personnalis\u00e9e Le foyer est l\u00e0 o\u00f9 se trouve le c\u0153ur ! Cette impression de carte personnalis\u00e9e comporte un c\u0153ur \u00e0 l&#8217;endroit de votre choix, avec votre texte personnel ajout\u00e9 en dessous. Vous pouvez \u00e9galement choisir la couleur de la carte pour la rendre vraiment unique. Cela fait un cadeau parfait pour la famille et les amis, surtout pendant les f\u00eates de No\u00ebl ou comme cadeau de pendaison de cr\u00e9maill\u00e8re.<\/p>","protected":false},"excerpt":{"rendered":"<ul class=\"check-list\">\n<li>Montrez votre amour pour votre ville natale, votre destination de voyage pr\u00e9f\u00e9r\u00e9e ou tout autre endroit qui vous est cher<\/li>\n<li>Marquer un endroit sp\u00e9cial avec un symbole choisi<\/li>\n<li>Personnalisez votre design en 3 \u00e9tapes simples<\/li>\n<li>Incluez un texte personnalis\u00e9 significatif<\/li>\n<li>Visualisez le r\u00e9sultat imm\u00e9diatement \u2013 l\u2019aper\u00e7u interactif vous permet de peaufiner chaque d\u00e9tail<\/li>\n<\/ul>\n","protected":false},"featured_media":1470433,"template":"","meta":[],"product_brand":[],"product_cat":[7187],"product_tag":[],"class_list":{"0":"post-375888","1":"product","2":"type-product","3":"status-publish","4":"has-post-thumbnail","6":"product_cat-map-fr","8":"first","9":"instock","10":"sale","11":"taxable","12":"shipping-taxable","13":"purchasable","14":"product-type-variable"},"yoast_head":"<!-- This site is optimized with the Yoast SEO Premium plugin v27.2 (Yoast SEO v27.2) - https:\/\/yoast.com\/product\/yoast-seo-premium-wordpress\/ -->\n<title>Le Foyer Est L\u00e0 o\u00f9 Se Trouve le C\u0153ur - Positive Prints<\/title>\n<meta name=\"description\" content=\"Transformez une nouvelle maison en un foyer chaleureux gr\u00e2ce \u00e0 ce poster \u00e9l\u00e9gant de 30x40 cm, un cadeau de pendaison de cr\u00e9maill\u00e8re m\u00e9morable qui rappelle que le v\u00e9ritable sentiment d&#039;\u00eatre chez soi r\u00e9side dans l&#039;amour qui habite l&#039;espace.\" \/>\n<meta name=\"robots\" content=\"index, follow, max-snippet:-1, max-image-preview:large, max-video-preview:-1\" \/>\n<link rel=\"canonical\" href=\"https:\/\/positiveprints.com\/fr\/produit\/la-maison-est-la-ou-se-trouve-le-coeur\/\" \/>\n<meta property=\"og:locale\" content=\"fr_FR\" \/>\n<meta property=\"og:type\" content=\"article\" \/>\n<meta property=\"og:title\" content=\"La maison est l\u00e0 o\u00f9 se trouve le c\u0153ur\" \/>\n<meta property=\"og:description\" content=\"Montrez votre amour pour votre ville natale, votre destination de voyage pr\u00e9f\u00e9r\u00e9e ou tout autre endroit qui vous est cher Marquer un endroit sp\u00e9cial avec un symbole choisi Personnalisez votre design en 3 \u00e9tapes simples Incluez un texte personnalis\u00e9 significatif Visualisez le r\u00e9sultat imm\u00e9diatement \u2013 l\u2019aper\u00e7u interactif vous permet de peaufiner chaque d\u00e9tail\" \/>\n<meta property=\"og:url\" content=\"https:\/\/positiveprints.com\/fr\/produit\/la-maison-est-la-ou-se-trouve-le-coeur\/\" \/>\n<meta property=\"og:site_name\" content=\"Positive Prints\" \/>\n<meta property=\"article:publisher\" content=\"https:\/\/www.facebook.com\/positiveprintscom\" \/>\n<meta property=\"article:modified_time\" content=\"2026-04-28T13:32:36+00:00\" \/>\n<meta property=\"og:image\" content=\"https:\/\/positiveprints.com\/wp-content\/uploads\/2023\/05\/La-maison-est-la-ou-se-trouve-le-coeur.jpg\" \/>\n\t<meta property=\"og:image:width\" content=\"1080\" \/>\n\t<meta property=\"og:image:height\" content=\"1080\" \/>\n\t<meta property=\"og:image:type\" content=\"image\/jpeg\" \/>\n<meta name=\"twitter:card\" content=\"summary_large_image\" \/>\n<!-- \/ Yoast SEO Premium plugin. -->","yoast_head_json":{"title":"Le Foyer Est L\u00e0 o\u00f9 Se Trouve le C\u0153ur - Positive Prints","description":"Transformez une nouvelle maison en un foyer chaleureux gr\u00e2ce \u00e0 ce poster \u00e9l\u00e9gant de 30x40 cm, un cadeau de pendaison de cr\u00e9maill\u00e8re m\u00e9morable qui rappelle que le v\u00e9ritable sentiment d'\u00eatre chez soi r\u00e9side dans l'amour qui habite l'espace.","robots":{"index":"index","follow":"follow","max-snippet":"max-snippet:-1","max-image-preview":"max-image-preview:large","max-video-preview":"max-video-preview:-1"},"canonical":"https:\/\/positiveprints.com\/fr\/produit\/la-maison-est-la-ou-se-trouve-le-coeur\/","og_locale":"fr_FR","og_type":"article","og_title":"La maison est l\u00e0 o\u00f9 se trouve le c\u0153ur","og_description":"Montrez votre amour pour votre ville natale, votre destination de voyage pr\u00e9f\u00e9r\u00e9e ou tout autre endroit qui vous est cher Marquer un endroit sp\u00e9cial avec un symbole choisi Personnalisez votre design en 3 \u00e9tapes simples Incluez un texte personnalis\u00e9 significatif Visualisez le r\u00e9sultat imm\u00e9diatement \u2013 l\u2019aper\u00e7u interactif vous permet de peaufiner chaque d\u00e9tail","og_url":"https:\/\/positiveprints.com\/fr\/produit\/la-maison-est-la-ou-se-trouve-le-coeur\/","og_site_name":"Positive Prints","article_publisher":"https:\/\/www.facebook.com\/positiveprintscom","article_modified_time":"2026-04-28T13:32:36+00:00","og_image":[{"width":1080,"height":1080,"url":"https:\/\/positiveprints.com\/wp-content\/uploads\/2023\/05\/La-maison-est-la-ou-se-trouve-le-coeur.jpg","type":"image\/jpeg"}],"twitter_card":"summary_large_image","schema":{"@context":"https:\/\/schema.org","@graph":[{"@type":["WebPage","ItemPage"],"@id":"https:\/\/positiveprints.com\/fr\/produit\/la-maison-est-la-ou-se-trouve-le-coeur\/","url":"https:\/\/positiveprints.com\/fr\/produit\/la-maison-est-la-ou-se-trouve-le-coeur\/","name":"Le Foyer Est L\u00e0 o\u00f9 Se Trouve le C\u0153ur - Positive Prints","isPartOf":{"@id":"https:\/\/positiveprints.com\/fr\/#website"},"primaryImageOfPage":{"@id":"https:\/\/positiveprints.com\/fr\/produit\/la-maison-est-la-ou-se-trouve-le-coeur\/#primaryimage"},"image":{"@id":"https:\/\/positiveprints.com\/fr\/produit\/la-maison-est-la-ou-se-trouve-le-coeur\/#primaryimage"},"thumbnailUrl":"https:\/\/positiveprints.com\/wp-content\/uploads\/2025\/07\/Packshot_FR_La-maison-est-la\u0300-ou\u0300-se-trouve-le-coeur.webp","datePublished":"2022-10-11T12:02:07+00:00","dateModified":"2026-04-28T13:32:36+00:00","description":"Transformez une nouvelle maison en un foyer chaleureux gr\u00e2ce \u00e0 ce poster \u00e9l\u00e9gant de 30x40 cm, un cadeau de pendaison de cr\u00e9maill\u00e8re m\u00e9morable qui rappelle que le v\u00e9ritable sentiment d'\u00eatre chez soi r\u00e9side dans l'amour qui habite l'espace.","breadcrumb":{"@id":"https:\/\/positiveprints.com\/fr\/produit\/la-maison-est-la-ou-se-trouve-le-coeur\/#breadcrumb"},"inLanguage":"fr-FR","potentialAction":[{"@type":"ReadAction","target":["https:\/\/positiveprints.com\/fr\/produit\/la-maison-est-la-ou-se-trouve-le-coeur\/"]}]},{"@type":"ImageObject","inLanguage":"fr-FR","@id":"https:\/\/positiveprints.com\/fr\/produit\/la-maison-est-la-ou-se-trouve-le-coeur\/#primaryimage","url":"https:\/\/positiveprints.com\/wp-content\/uploads\/2025\/07\/Packshot_FR_La-maison-est-la\u0300-ou\u0300-se-trouve-le-coeur.webp","contentUrl":"https:\/\/positiveprints.com\/wp-content\/uploads\/2025\/07\/Packshot_FR_La-maison-est-la\u0300-ou\u0300-se-trouve-le-coeur.webp","width":1450,"height":1450},{"@type":"BreadcrumbList","@id":"https:\/\/positiveprints.com\/fr\/produit\/la-maison-est-la-ou-se-trouve-le-coeur\/#breadcrumb","itemListElement":[{"@type":"ListItem","position":1,"name":"Home","item":"https:\/\/positiveprints.com\/fr\/"},{"@type":"ListItem","position":2,"name":"Produits","item":"https:\/\/positiveprints.com\/fr\/shop\/"},{"@type":"ListItem","position":3,"name":"La maison est l\u00e0 o\u00f9 se trouve le c\u0153ur"}]},{"@type":"WebSite","@id":"https:\/\/positiveprints.com\/fr\/#website","url":"https:\/\/positiveprints.com\/fr\/","name":"Positive Prints","description":"Amazing Custom Personalized Gifts","publisher":{"@id":"https:\/\/positiveprints.com\/fr\/#organization"},"potentialAction":[{"@type":"SearchAction","target":{"@type":"EntryPoint","urlTemplate":"https:\/\/positiveprints.com\/fr\/?s={search_term_string}"},"query-input":{"@type":"PropertyValueSpecification","valueRequired":true,"valueName":"search_term_string"}}],"inLanguage":"fr-FR"},{"@type":"Organization","@id":"https:\/\/positiveprints.com\/fr\/#organization","name":"Positive Prints","alternateName":"Positive Prints","url":"https:\/\/positiveprints.com\/fr\/","logo":{"@type":"ImageObject","inLanguage":"fr-FR","@id":"https:\/\/positiveprints.com\/fr\/#\/schema\/logo\/image\/","url":"https:\/\/positiveprints.com\/wp-content\/uploads\/2026\/03\/245815646_1337939713319158_5671353136411139666_n.png","contentUrl":"https:\/\/positiveprints.com\/wp-content\/uploads\/2026\/03\/245815646_1337939713319158_5671353136411139666_n.png","width":800,"height":800,"caption":"Positive Prints"},"image":{"@id":"https:\/\/positiveprints.com\/fr\/#\/schema\/logo\/image\/"},"sameAs":["https:\/\/www.facebook.com\/positiveprintscom","https:\/\/www.instagram.com\/positiveprintscom\/","https:\/\/www.tiktok.com\/@positiveprintscom","https:\/\/www.pinterest.com\/positiveprintscom\/"]}]}},"jetpack_sharing_enabled":true,"_links":{"self":[{"href":"https:\/\/positiveprints.com\/fr\/wp-json\/wp\/v2\/product\/375888","targetHints":{"allow":["GET"]}}],"collection":[{"href":"https:\/\/positiveprints.com\/fr\/wp-json\/wp\/v2\/product"}],"about":[{"href":"https:\/\/positiveprints.com\/fr\/wp-json\/wp\/v2\/types\/product"}],"wp:featuredmedia":[{"embeddable":true,"href":"https:\/\/positiveprints.com\/fr\/wp-json\/wp\/v2\/media\/1470433"}],"wp:attachment":[{"href":"https:\/\/positiveprints.com\/fr\/wp-json\/wp\/v2\/media?parent=375888"}],"wp:term":[{"taxonomy":"product_brand","embeddable":true,"href":"https:\/\/positiveprints.com\/fr\/wp-json\/wp\/v2\/product_brand?post=375888"},{"taxonomy":"product_cat","embeddable":true,"href":"https:\/\/positiveprints.com\/fr\/wp-json\/wp\/v2\/product_cat?post=375888"},{"taxonomy":"product_tag","embeddable":true,"href":"https:\/\/positiveprints.com\/fr\/wp-json\/wp\/v2\/product_tag?post=375888"}],"curies":[{"name":"wp","href":"https:\/\/api.w.org\/{rel}","templated":true}]}}