{"id":375832,"date":"2022-10-11T14:55:34","date_gmt":"2022-10-11T13:55:34","guid":{"rendered":"https:\/\/positiveprints.com\/product\/cadeau-photo-damour\/"},"modified":"2026-04-18T06:26:42","modified_gmt":"2026-04-18T05:26:42","slug":"cadeau-photo-damour","status":"publish","type":"product","link":"https:\/\/positiveprints.com\/fr\/produit\/cadeau-photo-damour\/","title":{"rendered":"Cadeau Photo d&#8217;Amour"},"content":{"rendered":"<p>L&#8217;amour est un sentiment d&#8217;attachement fort, d&#8217;admiration et de bienveillance envers quelqu&#8217;un ou quelque chose. Lorsque vous aimez quelqu&#8217;un, vous ressentez des \u00e9motions positives \u00e0 son \u00e9gard. Vous vous pr\u00e9occupez \u00e9galement de leur bien-\u00eatre et placez souvent leurs besoins avant les v\u00f4tres. L&#8217;amour est souvent d\u00e9crit comme un nom, mais il peut aussi \u00eatre vu comme un verbe \u2013 une action qui n\u00e9cessite des efforts et du temps.<\/p>\r\n\r\n<h2 class=\"grenB f24 cblue\" style=\"margin-top: 3rem\">Comment puis-je montrer mon amour ?<\/h2>\r\n\r\n<p style=\"margin-top: 1rem\">Il existe de nombreuses fa\u00e7ons de montrer votre amour envers quelqu&#8217;un. Vous pouvez l&#8217;exprimer verbalement en lui disant ce que vous ressentez, ou par vos actions en faisant quelque chose de sp\u00e9cial pour cette personne. Parfois, les gestes les plus simples peuvent signifier le plus, comme cuisiner leur repas pr\u00e9f\u00e9r\u00e9 ou leur donner un c\u00e2lin quand ils en ont besoin. Peu importe comment vous choisissez de montrer votre amour, l&#8217;important est que cela vienne du c\u0153ur.<\/p>\r\n\r\n<h2 class=\"grenB f24 cblue\" style=\"margin-top: 3rem\">Pourquoi un cadeau personnalis\u00e9 est-il le moyen parfait de montrer mon amour ?<\/h2>\r\n\r\n<p style=\"margin-top: 1rem\">Un cadeau photo personnalis\u00e9 est un excellent moyen de montrer \u00e0 vos proches combien vous vous souciez d&#8217;eux. Cela montre que vous avez pris le temps de penser \u00e0 eux et de trouver un cadeau qui leur est unique. C&#8217;est un geste attentionn\u00e9 qui ne manquera pas d&#8217;\u00eatre appr\u00e9ci\u00e9. Le Cadeau Personnalis\u00e9 Photo d&#8217;Amour est \u00e9galement une excellente fa\u00e7on de c\u00e9l\u00e9brer des occasions sp\u00e9ciales comme les anniversaires de mariage, les anniversaires ou la Saint-Valentin.<\/p>\r\n\r\n<h2 class=\"grenB f24 cblue\" style=\"margin-top: 3rem\">Le Meilleur Cadeau Photo d&#8217;Amour<\/h2>\r\n\r\n<p style=\"margin-top: 1rem\">\u00c0 la recherche d&#8217;un cadeau unique en son genre et personnalis\u00e9 ? Ne cherchez pas plus loin, voici le Cadeau Photo d&#8217;Amour de [nom de l&#8217;entreprise] ! Ce cadeau unique vous permet de t\u00e9l\u00e9charger votre propre photo et d&#8217;ajouter du texte pour un cadeau vraiment personnalis\u00e9. Parfait pour la Saint-Valentin, les anniversaires ou toute occasion sp\u00e9ciale, le Cadeau Photo d&#8217;Amour est disponible sous forme d&#8217;affiche imprim\u00e9e, encadr\u00e9e ou en toile. Avec autant d&#8217;options \u00e0 choisir, vous \u00eates s\u00fbr(e) de trouver le moyen parfait de dire \u00ab Je t&#8217;aime \u00bb avec ce cadeau unique et attentionn\u00e9 !<\/p>","protected":false},"excerpt":{"rendered":"<ul class=\"check-list\">\n<li>Ajoutez une touche d&#8217;amour \u00e0 votre foyer : exposez vos souvenirs pr\u00e9f\u00e9r\u00e9s avec votre bien-aim\u00e9(e) et faites en sorte que chaque jour soit sp\u00e9cial<\/li>\n<li>Ajouter des superpositions de texte pour rendre chaque cadeau sp\u00e9cial et pr\u00e9cieux<\/li>\n<li>Personnalisez en 3 \u00e9tapes simples<\/li>\n<li>Vois le r\u00e9sultat imm\u00e9diatement \u2013 l\u2019aper\u00e7u interactif te permet de peaufiner chaque d\u00e9tail<\/li>\n<\/ul>\n","protected":false},"featured_media":355661,"template":"","meta":[],"product_brand":[],"product_cat":[7925,5264,7495,7797,8194,7749,11395,7685,11396,8006,11397,8217,7638,7670,7781,11392,11402,11388],"product_tag":[11790,11793,11792,11767,11795,11753,8518,17443,17442,17441,17440],"class_list":{"0":"post-375832","1":"product","2":"type-product","3":"status-publish","4":"has-post-thumbnail","6":"product_cat-cadeaux-denterrement-de-vie-de-jeune-fille","7":"product_cat-cadeaux-de-noel","8":"product_cat-photo-fr","9":"product_cat-cadeaux-pour-couple","10":"product_cat-pour-elle","11":"product_cat-cadeaux-pour-epouse","12":"product_cat-cadeaux-de-noel-pour-femme","13":"product_cat-cadeaux-pour-femmes","14":"product_cat-cadeaux-de-noel-pour-homme","15":"product_cat-cadeaux-pour-hommes","16":"product_cat-cadeaux-de-noel-pour-le-mari","17":"product_cat-pour-lui","18":"product_cat-cadeaux-pour-mari","19":"product_cat-cadeaux-pour-petit-ami","20":"product_cat-cadeaux-pour-petite-amie","21":"product_cat-cadeaux-de-noel-pour-sa-copine","22":"product_cat-cadeaux-de-noel-pour-sa-femme","23":"product_cat-cadeaux-de-noel-pour-son-petit-copain","24":"product_tag-cadeaux-de-noel-pour-elle","25":"product_tag-cadeaux-de-noel-pour-le-mari","26":"product_tag-cadeaux-de-noel-pour-lui","27":"product_tag-cadeaux-de-noel-pour-sa-copine","28":"product_tag-cadeaux-de-noel-pour-sa-femme","29":"product_tag-cadeaux-de-noel-pour-son-petit-copain","30":"product_tag-couples-fr","31":"product_tag-prezenty-pod-choinke-dla-chlopaka-fr","32":"product_tag-prezenty-pod-choinke-dla-dziewczyny-fr","33":"product_tag-prezenty-pod-choinke-dla-niego-fr","34":"product_tag-prezenty-pod-choinke-dla-niej-fr","36":"first","37":"instock","38":"sale","39":"taxable","40":"shipping-taxable","41":"purchasable","42":"product-type-variable"},"yoast_head":"<!-- This site is optimized with the Yoast SEO Premium plugin v27.2 (Yoast SEO v27.2) - https:\/\/yoast.com\/product\/yoast-seo-premium-wordpress\/ -->\n<title>Cadeau Photo d&#039;Amour - Positive Prints<\/title>\n<meta name=\"description\" content=\"Le Cadeau Personnalis\u00e9 Photo d&#039;Amour est un excellent moyen de c\u00e9l\u00e9brer des occasions sp\u00e9ciales comme des anniversaires de mariage, des anniversaires ou la Saint-Valentin\" \/>\n<meta name=\"robots\" content=\"index, follow, max-snippet:-1, max-image-preview:large, max-video-preview:-1\" \/>\n<link rel=\"canonical\" href=\"https:\/\/positiveprints.com\/fr\/produit\/cadeau-photo-damour\/\" \/>\n<meta property=\"og:locale\" content=\"fr_FR\" \/>\n<meta property=\"og:type\" content=\"article\" \/>\n<meta property=\"og:title\" content=\"Cadeau Photo d&#039;Amour\" \/>\n<meta property=\"og:description\" content=\"Ajoutez une touche d&#039;amour \u00e0 votre foyer : exposez vos souvenirs pr\u00e9f\u00e9r\u00e9s avec votre bien-aim\u00e9(e) et faites en sorte que chaque jour soit sp\u00e9cial Ajouter des superpositions de texte pour rendre chaque cadeau sp\u00e9cial et pr\u00e9cieux Personnalisez en 3 \u00e9tapes simples Vois le r\u00e9sultat imm\u00e9diatement \u2013 l\u2019aper\u00e7u interactif te permet de peaufiner chaque d\u00e9tail\" \/>\n<meta property=\"og:url\" content=\"https:\/\/positiveprints.com\/fr\/produit\/cadeau-photo-damour\/\" \/>\n<meta property=\"og:site_name\" content=\"Positive Prints\" \/>\n<meta property=\"article:publisher\" content=\"https:\/\/www.facebook.com\/positiveprintscom\" \/>\n<meta property=\"article:modified_time\" content=\"2026-04-18T05:26:42+00:00\" \/>\n<meta property=\"og:image\" content=\"https:\/\/positiveprints.com\/wp-content\/uploads\/2022\/10\/love-photo-art.jpg\" \/>\n\t<meta property=\"og:image:width\" content=\"1080\" \/>\n\t<meta property=\"og:image:height\" content=\"1080\" \/>\n\t<meta property=\"og:image:type\" content=\"image\/jpeg\" \/>\n<meta name=\"twitter:card\" content=\"summary_large_image\" \/>\n<meta name=\"twitter:label1\" content=\"Dur\u00e9e de lecture estim\u00e9e\" \/>\n\t<meta name=\"twitter:data1\" content=\"1 minute\" \/>\n<!-- \/ Yoast SEO Premium plugin. -->","yoast_head_json":{"title":"Cadeau Photo d'Amour - Positive Prints","description":"Le Cadeau Personnalis\u00e9 Photo d'Amour est un excellent moyen de c\u00e9l\u00e9brer des occasions sp\u00e9ciales comme des anniversaires de mariage, des anniversaires ou la Saint-Valentin","robots":{"index":"index","follow":"follow","max-snippet":"max-snippet:-1","max-image-preview":"max-image-preview:large","max-video-preview":"max-video-preview:-1"},"canonical":"https:\/\/positiveprints.com\/fr\/produit\/cadeau-photo-damour\/","og_locale":"fr_FR","og_type":"article","og_title":"Cadeau Photo d'Amour","og_description":"Ajoutez une touche d'amour \u00e0 votre foyer : exposez vos souvenirs pr\u00e9f\u00e9r\u00e9s avec votre bien-aim\u00e9(e) et faites en sorte que chaque jour soit sp\u00e9cial Ajouter des superpositions de texte pour rendre chaque cadeau sp\u00e9cial et pr\u00e9cieux Personnalisez en 3 \u00e9tapes simples Vois le r\u00e9sultat imm\u00e9diatement \u2013 l\u2019aper\u00e7u interactif te permet de peaufiner chaque d\u00e9tail","og_url":"https:\/\/positiveprints.com\/fr\/produit\/cadeau-photo-damour\/","og_site_name":"Positive Prints","article_publisher":"https:\/\/www.facebook.com\/positiveprintscom","article_modified_time":"2026-04-18T05:26:42+00:00","og_image":[{"width":1080,"height":1080,"url":"https:\/\/positiveprints.com\/wp-content\/uploads\/2022\/10\/love-photo-art.jpg","type":"image\/jpeg"}],"twitter_card":"summary_large_image","twitter_misc":{"Dur\u00e9e de lecture estim\u00e9e":"1 minute"},"schema":{"@context":"https:\/\/schema.org","@graph":[{"@type":["WebPage","ItemPage"],"@id":"https:\/\/positiveprints.com\/fr\/produit\/cadeau-photo-damour\/","url":"https:\/\/positiveprints.com\/fr\/produit\/cadeau-photo-damour\/","name":"Cadeau Photo d'Amour - Positive Prints","isPartOf":{"@id":"https:\/\/positiveprints.com\/fr\/#website"},"primaryImageOfPage":{"@id":"https:\/\/positiveprints.com\/fr\/produit\/cadeau-photo-damour\/#primaryimage"},"image":{"@id":"https:\/\/positiveprints.com\/fr\/produit\/cadeau-photo-damour\/#primaryimage"},"thumbnailUrl":"https:\/\/positiveprints.com\/wp-content\/uploads\/2022\/10\/love-photo-art.jpg","datePublished":"2022-10-11T13:55:34+00:00","dateModified":"2026-04-18T05:26:42+00:00","description":"Le Cadeau Personnalis\u00e9 Photo d'Amour est un excellent moyen de c\u00e9l\u00e9brer des occasions sp\u00e9ciales comme des anniversaires de mariage, des anniversaires ou la Saint-Valentin","breadcrumb":{"@id":"https:\/\/positiveprints.com\/fr\/produit\/cadeau-photo-damour\/#breadcrumb"},"inLanguage":"fr-FR","potentialAction":[{"@type":"ReadAction","target":["https:\/\/positiveprints.com\/fr\/produit\/cadeau-photo-damour\/"]}]},{"@type":"ImageObject","inLanguage":"fr-FR","@id":"https:\/\/positiveprints.com\/fr\/produit\/cadeau-photo-damour\/#primaryimage","url":"https:\/\/positiveprints.com\/wp-content\/uploads\/2022\/10\/love-photo-art.jpg","contentUrl":"https:\/\/positiveprints.com\/wp-content\/uploads\/2022\/10\/love-photo-art.jpg","width":1080,"height":1080,"caption":"This unique gift allows you to upload your own photo and add text for a truly custom gift."},{"@type":"BreadcrumbList","@id":"https:\/\/positiveprints.com\/fr\/produit\/cadeau-photo-damour\/#breadcrumb","itemListElement":[{"@type":"ListItem","position":1,"name":"Home","item":"https:\/\/positiveprints.com\/fr\/"},{"@type":"ListItem","position":2,"name":"Produits","item":"https:\/\/positiveprints.com\/fr\/shop\/"},{"@type":"ListItem","position":3,"name":"Cadeau Photo d&#8217;Amour"}]},{"@type":"WebSite","@id":"https:\/\/positiveprints.com\/fr\/#website","url":"https:\/\/positiveprints.com\/fr\/","name":"Positive Prints","description":"Amazing Custom Personalized Gifts","publisher":{"@id":"https:\/\/positiveprints.com\/fr\/#organization"},"potentialAction":[{"@type":"SearchAction","target":{"@type":"EntryPoint","urlTemplate":"https:\/\/positiveprints.com\/fr\/?s={search_term_string}"},"query-input":{"@type":"PropertyValueSpecification","valueRequired":true,"valueName":"search_term_string"}}],"inLanguage":"fr-FR"},{"@type":"Organization","@id":"https:\/\/positiveprints.com\/fr\/#organization","name":"Positive Prints","alternateName":"Positive Prints","url":"https:\/\/positiveprints.com\/fr\/","logo":{"@type":"ImageObject","inLanguage":"fr-FR","@id":"https:\/\/positiveprints.com\/fr\/#\/schema\/logo\/image\/","url":"https:\/\/positiveprints.com\/wp-content\/uploads\/2026\/03\/245815646_1337939713319158_5671353136411139666_n.png","contentUrl":"https:\/\/positiveprints.com\/wp-content\/uploads\/2026\/03\/245815646_1337939713319158_5671353136411139666_n.png","width":800,"height":800,"caption":"Positive Prints"},"image":{"@id":"https:\/\/positiveprints.com\/fr\/#\/schema\/logo\/image\/"},"sameAs":["https:\/\/www.facebook.com\/positiveprintscom","https:\/\/www.instagram.com\/positiveprintscom\/","https:\/\/www.tiktok.com\/@positiveprintscom","https:\/\/www.pinterest.com\/positiveprintscom\/"]}]}},"jetpack_sharing_enabled":true,"_links":{"self":[{"href":"https:\/\/positiveprints.com\/fr\/wp-json\/wp\/v2\/product\/375832","targetHints":{"allow":["GET"]}}],"collection":[{"href":"https:\/\/positiveprints.com\/fr\/wp-json\/wp\/v2\/product"}],"about":[{"href":"https:\/\/positiveprints.com\/fr\/wp-json\/wp\/v2\/types\/product"}],"wp:featuredmedia":[{"embeddable":true,"href":"https:\/\/positiveprints.com\/fr\/wp-json\/wp\/v2\/media\/355661"}],"wp:attachment":[{"href":"https:\/\/positiveprints.com\/fr\/wp-json\/wp\/v2\/media?parent=375832"}],"wp:term":[{"taxonomy":"product_brand","embeddable":true,"href":"https:\/\/positiveprints.com\/fr\/wp-json\/wp\/v2\/product_brand?post=375832"},{"taxonomy":"product_cat","embeddable":true,"href":"https:\/\/positiveprints.com\/fr\/wp-json\/wp\/v2\/product_cat?post=375832"},{"taxonomy":"product_tag","embeddable":true,"href":"https:\/\/positiveprints.com\/fr\/wp-json\/wp\/v2\/product_tag?post=375832"}],"curies":[{"name":"wp","href":"https:\/\/api.w.org\/{rel}","templated":true}]}}