{"id":374044,"date":"2022-07-21T12:05:10","date_gmt":"2022-07-21T11:05:10","guid":{"rendered":"https:\/\/positiveprints.com\/product\/art-donde-sonore-je-taime\/"},"modified":"2026-04-23T11:48:43","modified_gmt":"2026-04-23T10:48:43","slug":"art-donde-sonore-je-taime","status":"publish","type":"product","link":"https:\/\/positiveprints.com\/fr\/produit\/art-donde-sonore-je-taime\/","title":{"rendered":"Art d&#8217;Onde Sonore \u00ab Je T&#8217;Aime \u00bb"},"content":{"rendered":"<p>Je t&#8217;aime peut \u00eatre le son le plus doux au monde, surtout lorsqu&#8217;il provient de quelqu&#8217;un que vous aimez. Transformez leurs mots en art d&#8217;onde sonore Je T&#8217;Aime.<\/p>\n\n\n\n\n\n<h2 class=\"grenB f24 cblue\" style=\"margin-top: 3rem\">Qu&#8217;est-ce que l&#8217;Art d&#8217;Onde Sonore Je T&#8217;Aime ?<\/h2>\n\n\n\n<p style=\"margin-top: 1rem\">Les sons ne titillent pas seulement nos oreilles. Ils peuvent \u00e9galement ravir nos yeux. Les sons se propagent sous forme d&#8217;ondes, et bien que nous ne puissions pas voir ces ondes \u00e0 l&#8217;\u0153il nu, nous pouvons les capturer gr\u00e2ce \u00e0 la bonne technologie. C&#8217;est pr\u00e9cis\u00e9ment ce que notre technologie d&#8217;art des ondes sonores est con\u00e7ue pour faire.<\/p>\n\n\n\n<p style=\"margin-top: 1rem\">Nous prenons votre fichier audio et transformons votre son en une repr\u00e9sentation visuelle sous forme d&#8217;onde. Chaque \u0153uvre d&#8217;art des ondes sonores est unique pour vous, car aucune voix n&#8217;est tout \u00e0 fait identique. Il vous suffit de t\u00e9l\u00e9charger un fichier audio de votre bien-aim\u00e9(e) disant \u00ab Je T&#8217;Aime \u00bb et nous le transformerons en une \u0153uvre d&#8217;art.<\/p>\n\n\n\n\n\n<h2 class=\"grenB f24 cblue\" style=\"margin-top: 3rem\">L&#8217;Art d&#8217;Onde Sonore Je T&#8217;Aime est le cadeau parfait pour les couples !<\/h2>\n\n\n\n<p style=\"margin-top: 1rem\">Beaucoup de nos clients de Positive Prints tombent amoureux de l&#8217;id\u00e9e de voir Je t&#8217;aime sur leurs murs. Ils entendent ces mots magnifiques de la part de leur bien-aim\u00e9(e) tous les jours. Mais lorsque la distance ou des \u00e9v\u00e9nements de la vie impr\u00e9vus les s\u00e9parent, une \u0153uvre d&#8217;art permet \u00e0 ces mots de perdurer.<\/p>\n\n\n\n<p style=\"margin-top: 1rem\">Art d&#8217;Onde Sonore Je T&#8217;Aime est un cadeau id\u00e9al pour toutes les occasions, notamment :<\/p>\n\n\n\n<ul>\n\n<li>Anniversaires<\/li>\n\n<li>Mariages<\/li>\n\n<li>Fian\u00e7ailles<\/li>\n\n<li>Anniversaires de mariage<\/li>\n\n<li>Saint-Valentin<\/li>\n\n<li>No\u00ebl<\/li>\n\n<li>Et toute autre occasion qui vous est ch\u00e8re !<\/li>\n\n<\/ul>\n\n\n\n<p style=\"margin-top: 1rem\">Ce qui rend l&#8217;Onde Sonore Je T&#8217;Aime encore plus sp\u00e9ciale, c&#8217;est qu&#8217;elle est enti\u00e8rement personnalis\u00e9e pour votre destinataire. Chaque onde sonore est cr\u00e9\u00e9e \u00e0 partir de la voix que vous fournissez, et non \u00e0 partir d&#8217;une \u0153uvre d&#8217;art g\u00e9n\u00e9rique que vous pouvez trouver dans un magasin. Lorsque vous accrochez votre impression sur vos murs, vous pouvez \u00eatre s\u00fbr que personne d&#8217;autre n&#8217;en poss\u00e8de une comme la v\u00f4tre.<\/p>\n\n\n\n<h2 class=\"grenB f24 cblue\" style=\"margin-top: 3rem\">Comment Cr\u00e9er Un Art D&#8217;onde Sonore Je T&#8217;aime<\/h2>\n\n\n\n<p style=\"margin-top: 1rem\">Les \u0153uvres d&#8217;art personnalis\u00e9es semblent \u00eatre un cadeau co\u00fbteux en temps et en argent, mais c&#8217;est en r\u00e9alit\u00e9 plus simple que d&#8217;aller dans un magasin et d&#8217;acheter quelque chose tout fait. Chez Positive Prints, nous avons int\u00e9gr\u00e9 la technologie des ondes sonores dans nos processus de cr\u00e9ation DIY faciles. Tout comme nos autres offres, vous pouvez cr\u00e9er une impression d&#8217;onde sonore personnalis\u00e9e en trois \u00e9tapes seulement.<\/p>\n\n\n\n<p style=\"margin-top: 1rem\"><strong>\u00c9tape 1 :<\/strong> T\u00e9l\u00e9chargez votre fichier audio. Enregistrez un \u00eatre cher disant \u00ab Je t&#8217;aime \u00bb ou toute autre chose significative pour vous. Partagez-le ensuite avec nous et nous le transformerons en une onde sonore visuelle.<\/p>\n\n\n\n<p style=\"margin-top: 1rem\"><strong>\u00c9tape 2 :<\/strong> Choisissez vos couleurs et d&#8217;autres d\u00e9tails. Vous avez le contr\u00f4le sur l&#8217;apparence de votre art mural d&#8217;ondes sonores. Choisissez l&#8217;une de nos combinaisons de couleurs con\u00e7ues par des professionnels ou cr\u00e9ez la v\u00f4tre. Ajoutez un message \u00e0 votre impression pour encore plus de personnalisation.<\/p>\n\n\n\n<p style=\"margin-top: 1rem\"><strong>\u00c9tape 3 :<\/strong> S\u00e9lectionnez un format de livraison. Nous proposons des impressions de posters et des impressions sur toile, ainsi que des t\u00e9l\u00e9chargements num\u00e9riques instantan\u00e9s.<\/p>\n\n\n\n<h2 class=\"grenB f24 cblue\" style=\"margin-top: 3rem\">Commencez d\u00e8s aujourd&#8217;hui !<\/h2>\n\n\n\n<p style=\"margin-top: 1rem\">Cr\u00e9ez d\u00e8s aujourd&#8217;hui votre \u0153uvre d&#8217;art Je t&#8217;aime en ondes sonores. Commencez ici.<\/p>","protected":false},"excerpt":{"rendered":"<ul class=\"check-list\">\n<li>Transformez votre \u00ab Je T&#8217;Aime \u00bb en art d&#8217;onde sonore personnalis\u00e9<\/li>\n<li>Il suffit de t\u00e9l\u00e9charger un fichier audio<\/li>\n<li>Ajoutez un code QR et scannez-le pour lire votre chanson pr\u00e9f\u00e9r\u00e9e<\/li>\n<li>Personnalisez en 3 \u00e9tapes simples<\/li>\n<li>Choisissez un mod\u00e8le ou faites preuve de cr\u00e9ativit\u00e9<\/li>\n<\/ul>\n","protected":false},"featured_media":631827,"template":"","meta":[],"product_brand":[],"product_cat":[5264,11395,11396,11392,11388,11402,11397,7670,7638,7781,7749,7797,7478,3118,11245,11246],"product_tag":[14849,11790,11793,11792,11767,11795,11753,17443,17442,17441,17440],"class_list":{"0":"post-374044","1":"product","2":"type-product","3":"status-publish","4":"has-post-thumbnail","6":"product_cat-cadeaux-de-noel","7":"product_cat-cadeaux-de-noel-pour-femme","8":"product_cat-cadeaux-de-noel-pour-homme","9":"product_cat-cadeaux-de-noel-pour-sa-copine","10":"product_cat-cadeaux-de-noel-pour-son-petit-copain","11":"product_cat-cadeaux-de-noel-pour-sa-femme","12":"product_cat-cadeaux-de-noel-pour-le-mari","13":"product_cat-cadeaux-pour-petit-ami","14":"product_cat-cadeaux-pour-mari","15":"product_cat-cadeaux-pour-petite-amie","16":"product_cat-cadeaux-pour-epouse","17":"product_cat-cadeaux-pour-couple","18":"product_cat-soundwave-fr","19":"product_cat-cadeaux-saint-valentin","20":"product_cat-cadeaux-de-saint-valentin-pour-elle","21":"product_cat-cadeaux-de-saint-valentin-pour-lui","22":"product_tag-anniversary-fr","23":"product_tag-cadeaux-de-noel-pour-elle","24":"product_tag-cadeaux-de-noel-pour-le-mari","25":"product_tag-cadeaux-de-noel-pour-lui","26":"product_tag-cadeaux-de-noel-pour-sa-copine","27":"product_tag-cadeaux-de-noel-pour-sa-femme","28":"product_tag-cadeaux-de-noel-pour-son-petit-copain","29":"product_tag-prezenty-pod-choinke-dla-chlopaka-fr","30":"product_tag-prezenty-pod-choinke-dla-dziewczyny-fr","31":"product_tag-prezenty-pod-choinke-dla-niego-fr","32":"product_tag-prezenty-pod-choinke-dla-niej-fr","34":"first","35":"instock","36":"sale","37":"taxable","38":"shipping-taxable","39":"purchasable","40":"product-type-variable"},"yoast_head":"<!-- This site is optimized with the Yoast SEO Premium plugin v27.2 (Yoast SEO v27.2) - https:\/\/yoast.com\/product\/yoast-seo-premium-wordpress\/ -->\n<title>Art d&#039;Onde Sonore Je T&#039;Aime - Positive Prints<\/title>\n<meta name=\"description\" content=\"Je T&#039;Aime peut \u00eatre le son le plus doux au monde, surtout quand il vient de quelqu&#039;un que vous aimez. Transformez vos mots en une onde sonore Je T&#039;Aime\" \/>\n<meta name=\"robots\" content=\"index, follow, max-snippet:-1, max-image-preview:large, max-video-preview:-1\" \/>\n<link rel=\"canonical\" href=\"https:\/\/positiveprints.com\/fr\/produit\/art-donde-sonore-je-taime\/\" \/>\n<meta property=\"og:locale\" content=\"fr_FR\" \/>\n<meta property=\"og:type\" content=\"article\" \/>\n<meta property=\"og:title\" content=\"Art d&#039;Onde Sonore \u00ab Je T&#039;Aime \u00bb\" \/>\n<meta property=\"og:description\" content=\"Transformez votre \u00ab Je T&#039;Aime \u00bb en art d&#039;onde sonore personnalis\u00e9 Il suffit de t\u00e9l\u00e9charger un fichier audio Ajoutez un code QR et scannez-le pour lire votre chanson pr\u00e9f\u00e9r\u00e9e Personnalisez en 3 \u00e9tapes simples Choisissez un mod\u00e8le ou faites preuve de cr\u00e9ativit\u00e9\" \/>\n<meta property=\"og:url\" content=\"https:\/\/positiveprints.com\/fr\/produit\/art-donde-sonore-je-taime\/\" \/>\n<meta property=\"og:site_name\" content=\"Positive Prints\" \/>\n<meta property=\"article:publisher\" content=\"https:\/\/www.facebook.com\/positiveprintscom\" \/>\n<meta property=\"article:modified_time\" content=\"2026-04-23T10:48:43+00:00\" \/>\n<meta property=\"og:image\" content=\"https:\/\/positiveprints.com\/wp-content\/uploads\/2023\/07\/Art-dOnde-Sonore-Je-TAime.jpg\" \/>\n\t<meta property=\"og:image:width\" content=\"1080\" \/>\n\t<meta property=\"og:image:height\" content=\"1080\" \/>\n\t<meta property=\"og:image:type\" content=\"image\/jpeg\" \/>\n<meta name=\"twitter:card\" content=\"summary_large_image\" \/>\n<meta name=\"twitter:label1\" content=\"Dur\u00e9e de lecture estim\u00e9e\" \/>\n\t<meta name=\"twitter:data1\" content=\"1 minute\" \/>\n<!-- \/ Yoast SEO Premium plugin. -->","yoast_head_json":{"title":"Art d'Onde Sonore Je T'Aime - Positive Prints","description":"Je T'Aime peut \u00eatre le son le plus doux au monde, surtout quand il vient de quelqu'un que vous aimez. Transformez vos mots en une onde sonore Je T'Aime","robots":{"index":"index","follow":"follow","max-snippet":"max-snippet:-1","max-image-preview":"max-image-preview:large","max-video-preview":"max-video-preview:-1"},"canonical":"https:\/\/positiveprints.com\/fr\/produit\/art-donde-sonore-je-taime\/","og_locale":"fr_FR","og_type":"article","og_title":"Art d'Onde Sonore \u00ab Je T'Aime \u00bb","og_description":"Transformez votre \u00ab Je T'Aime \u00bb en art d'onde sonore personnalis\u00e9 Il suffit de t\u00e9l\u00e9charger un fichier audio Ajoutez un code QR et scannez-le pour lire votre chanson pr\u00e9f\u00e9r\u00e9e Personnalisez en 3 \u00e9tapes simples Choisissez un mod\u00e8le ou faites preuve de cr\u00e9ativit\u00e9","og_url":"https:\/\/positiveprints.com\/fr\/produit\/art-donde-sonore-je-taime\/","og_site_name":"Positive Prints","article_publisher":"https:\/\/www.facebook.com\/positiveprintscom","article_modified_time":"2026-04-23T10:48:43+00:00","og_image":[{"width":1080,"height":1080,"url":"https:\/\/positiveprints.com\/wp-content\/uploads\/2023\/07\/Art-dOnde-Sonore-Je-TAime.jpg","type":"image\/jpeg"}],"twitter_card":"summary_large_image","twitter_misc":{"Dur\u00e9e de lecture estim\u00e9e":"1 minute"},"schema":{"@context":"https:\/\/schema.org","@graph":[{"@type":["WebPage","ItemPage"],"@id":"https:\/\/positiveprints.com\/fr\/produit\/art-donde-sonore-je-taime\/","url":"https:\/\/positiveprints.com\/fr\/produit\/art-donde-sonore-je-taime\/","name":"Art d'Onde Sonore Je T'Aime - Positive Prints","isPartOf":{"@id":"https:\/\/positiveprints.com\/fr\/#website"},"primaryImageOfPage":{"@id":"https:\/\/positiveprints.com\/fr\/produit\/art-donde-sonore-je-taime\/#primaryimage"},"image":{"@id":"https:\/\/positiveprints.com\/fr\/produit\/art-donde-sonore-je-taime\/#primaryimage"},"thumbnailUrl":"https:\/\/positiveprints.com\/wp-content\/uploads\/2023\/07\/Art-dOnde-Sonore-Je-TAime.jpg","datePublished":"2022-07-21T11:05:10+00:00","dateModified":"2026-04-23T10:48:43+00:00","description":"Je T'Aime peut \u00eatre le son le plus doux au monde, surtout quand il vient de quelqu'un que vous aimez. Transformez vos mots en une onde sonore Je T'Aime","breadcrumb":{"@id":"https:\/\/positiveprints.com\/fr\/produit\/art-donde-sonore-je-taime\/#breadcrumb"},"inLanguage":"fr-FR","potentialAction":[{"@type":"ReadAction","target":["https:\/\/positiveprints.com\/fr\/produit\/art-donde-sonore-je-taime\/"]}]},{"@type":"ImageObject","inLanguage":"fr-FR","@id":"https:\/\/positiveprints.com\/fr\/produit\/art-donde-sonore-je-taime\/#primaryimage","url":"https:\/\/positiveprints.com\/wp-content\/uploads\/2023\/07\/Art-dOnde-Sonore-Je-TAime.jpg","contentUrl":"https:\/\/positiveprints.com\/wp-content\/uploads\/2023\/07\/Art-dOnde-Sonore-Je-TAime.jpg","width":1080,"height":1080,"caption":"Art d'Onde Sonore Je T'Aime"},{"@type":"BreadcrumbList","@id":"https:\/\/positiveprints.com\/fr\/produit\/art-donde-sonore-je-taime\/#breadcrumb","itemListElement":[{"@type":"ListItem","position":1,"name":"Home","item":"https:\/\/positiveprints.com\/fr\/"},{"@type":"ListItem","position":2,"name":"Produits","item":"https:\/\/positiveprints.com\/fr\/shop\/"},{"@type":"ListItem","position":3,"name":"Art d&#8217;Onde Sonore \u00ab Je T&#8217;Aime \u00bb"}]},{"@type":"WebSite","@id":"https:\/\/positiveprints.com\/fr\/#website","url":"https:\/\/positiveprints.com\/fr\/","name":"Positive Prints","description":"Amazing Custom Personalized Gifts","publisher":{"@id":"https:\/\/positiveprints.com\/fr\/#organization"},"potentialAction":[{"@type":"SearchAction","target":{"@type":"EntryPoint","urlTemplate":"https:\/\/positiveprints.com\/fr\/?s={search_term_string}"},"query-input":{"@type":"PropertyValueSpecification","valueRequired":true,"valueName":"search_term_string"}}],"inLanguage":"fr-FR"},{"@type":"Organization","@id":"https:\/\/positiveprints.com\/fr\/#organization","name":"Positive Prints","alternateName":"Positive Prints","url":"https:\/\/positiveprints.com\/fr\/","logo":{"@type":"ImageObject","inLanguage":"fr-FR","@id":"https:\/\/positiveprints.com\/fr\/#\/schema\/logo\/image\/","url":"https:\/\/positiveprints.com\/wp-content\/uploads\/2026\/03\/245815646_1337939713319158_5671353136411139666_n.png","contentUrl":"https:\/\/positiveprints.com\/wp-content\/uploads\/2026\/03\/245815646_1337939713319158_5671353136411139666_n.png","width":800,"height":800,"caption":"Positive Prints"},"image":{"@id":"https:\/\/positiveprints.com\/fr\/#\/schema\/logo\/image\/"},"sameAs":["https:\/\/www.facebook.com\/positiveprintscom","https:\/\/www.instagram.com\/positiveprintscom\/","https:\/\/www.tiktok.com\/@positiveprintscom","https:\/\/www.pinterest.com\/positiveprintscom\/"]}]}},"jetpack_sharing_enabled":true,"_links":{"self":[{"href":"https:\/\/positiveprints.com\/fr\/wp-json\/wp\/v2\/product\/374044","targetHints":{"allow":["GET"]}}],"collection":[{"href":"https:\/\/positiveprints.com\/fr\/wp-json\/wp\/v2\/product"}],"about":[{"href":"https:\/\/positiveprints.com\/fr\/wp-json\/wp\/v2\/types\/product"}],"wp:featuredmedia":[{"embeddable":true,"href":"https:\/\/positiveprints.com\/fr\/wp-json\/wp\/v2\/media\/631827"}],"wp:attachment":[{"href":"https:\/\/positiveprints.com\/fr\/wp-json\/wp\/v2\/media?parent=374044"}],"wp:term":[{"taxonomy":"product_brand","embeddable":true,"href":"https:\/\/positiveprints.com\/fr\/wp-json\/wp\/v2\/product_brand?post=374044"},{"taxonomy":"product_cat","embeddable":true,"href":"https:\/\/positiveprints.com\/fr\/wp-json\/wp\/v2\/product_cat?post=374044"},{"taxonomy":"product_tag","embeddable":true,"href":"https:\/\/positiveprints.com\/fr\/wp-json\/wp\/v2\/product_tag?post=374044"}],"curies":[{"name":"wp","href":"https:\/\/api.w.org\/{rel}","templated":true}]}}