{"id":368908,"date":"2022-11-15T12:54:27","date_gmt":"2022-11-15T11:54:27","guid":{"rendered":"https:\/\/positiveprints.com\/?post_type=product&#038;p=368908"},"modified":"2026-04-18T06:22:00","modified_gmt":"2026-04-18T05:22:00","slug":"lamour-ne-connait-pas-la-distance","status":"publish","type":"product","link":"https:\/\/positiveprints.com\/fr\/produit\/lamour-ne-connait-pas-la-distance\/","title":{"rendered":"L&#8217;Amour Ne Conna\u00eet Pas La Distance"},"content":{"rendered":"<p style=\"margin-top: 1rem\">Quelle que soit la distance qui vous s\u00e9pare, cette impression rappellera \u00e0 votre bien-aim\u00e9(e) \u00e0 quel point votre amour est fort. L&#8217;amour ne conna\u00eet pas les distances, et ce cadeau de carte personnalis\u00e9e est le moyen id\u00e9al de le rappeler \u00e0 votre bien-aim\u00e9(e) !<\/p>\r\n\r\n\r\n<h2 class=\"grenB f24 cblue\" style=\"margin-top: 3rem\">C\u00e9l\u00e9brez toutes vos occasions sp\u00e9ciales<\/h2>\r\n\r\n<p style=\"margin-top: 1rem\">L&#8217;amour ne conna\u00eet pas les distances. Cette expression est souvent utilis\u00e9e pour d\u00e9crire la force des couples qui vivent une relation \u00e0 distance. Et c&#8217;est vrai, l&#8217;amour ne conna\u00eet pas la distance. M\u00eame si vous ne pouvez pas \u00eatre ensemble physiquement, il existe de nombreux moyens d&#8217;entretenir la flamme de votre relation.<\/p>\r\n\r\n\r\n\r\n<p style=\"margin-top: 1rem\">L&#8217;un des moyens d&#8217;y parvenir est de r\u00e9server du temps chaque semaine pour parler au t\u00e9l\u00e9phone ou par vid\u00e9o-chat. C&#8217;est important pour rattraper le retard pris dans la vie quotidienne et pour partager des pens\u00e9es et des sentiments plus profonds. Un autre moyen de rester en contact est de c\u00e9l\u00e9brer toutes les occasions sp\u00e9ciales, m\u00eame si vous ne pouvez pas \u00eatre ensemble en personne. Prenez l&#8217;habitude d&#8217;envoyer un cadeau sp\u00e9cial \u00e0 l&#8217;occasion des anniversaires et autres f\u00eates. Et enfin, n&#8217;oubliez pas les petites choses. Parfois, c&#8217;est le simple fait d&#8217;envoyer un SMS ou un appel du matin qui peut faire toute la diff\u00e9rence et vous faire sentir proche de votre bien-aim\u00e9(e), quelle que soit la distance qui vous s\u00e9pare. L&#8217;amour ne conna\u00eet pas les distances.<\/p>\r\n\r\n\r\n\r\n<h2 class=\"grenB f24 cblue\" style=\"margin-top: 3rem\">Cr\u00e9ez une carte personnalis\u00e9e L\u2019Amour Ne Conna\u00eet Pas Les Distances<\/h2>\r\n\r\n\r\n<p style=\"margin-top: 1rem\">Il n&#8217;y a rien de tel que d&#8217;\u00eatre dans la m\u00eame pi\u00e8ce que la personne que l&#8217;on aime, mais parfois des circonstances ind\u00e9pendantes de notre volont\u00e9 peuvent nous s\u00e9parer. Que vous viviez une relation \u00e0 distance ou que votre bien-aim\u00e9(e) soit simplement \u00e9loign\u00e9, il peut \u00eatre difficile de se sentir proche. Cependant, il n&#8217;y a pas besoin de d\u00e9sesp\u00e9rer &#8211; avec un peu de cr\u00e9ativit\u00e9, vous pouvez toujours c\u00e9l\u00e9brer vos moments privil\u00e9gi\u00e9s ensemble, quelle que soit la distance qui vous s\u00e9pare.<\/p>\r\n\r\n\r\n\r\n<p style=\"margin-top: 1rem\">Une impression personnalis\u00e9e constitue un merveilleux cadeau et un excellent moyen de se sentir proche de quelqu&#8217;un, m\u00eame si vous \u00eates \u00e0 des kilom\u00e8tres l&#8217;un de l&#8217;autre. Il suffit de choisir le motif des cartes, d&#8217;indiquer votre lieu de r\u00e9sidence et celui de votre bien aim\u00e9(e) et d&#8217;ajouter un texte personnel pour cr\u00e9er un cadeau unique. Vous pouvez \u00e9galement choisir les couleurs et la police de caract\u00e8res pour la rendre encore plus personnelle.<\/p>\r\n\r\n\r\n\r\n<p style=\"margin-top: 1rem\">Avec une impression personnalis\u00e9e, vous pouvez c\u00e9l\u00e9brer tous les moments sp\u00e9ciaux de la vie ensemble, quelle que soit la distance qui vous s\u00e9pare. Alors n&#8217;h\u00e9sitez pas \u00e0 commander votre impression d\u00e8s aujourd&#8217;hui &#8211; et n&#8217;oubliez pas que l&#8217;amour ne conna\u00eet pas les distances.<\/p>","protected":false},"excerpt":{"rendered":"<ul class=\"check-list\">\n<li>Cr\u00e9ez une carte qui c\u00e9l\u00e8bre votre amour, quelle que soit la distance qui vous s\u00e9pare<\/li>\n<li>Marquez deux points sp\u00e9ciaux avec les symboles choisis<\/li>\n<li>Personnalisez votre design en 3 \u00e9tapes simples<\/li>\n<li>Incluez un texte personnalis\u00e9 significatif<\/li>\n<li>Visualisez le r\u00e9sultat imm\u00e9diatement \u2013 l\u2019aper\u00e7u interactif vous permet de peaufiner chaque d\u00e9tail<\/li>\n<\/ul>\n","protected":false},"featured_media":1465369,"template":"","meta":[],"product_brand":[],"product_cat":[11245,11246,9112,8998,3118,5264,7829,7797,8194,11395,7685,7765,7653,7621,7718,7605,11396,8006,7845,11400,8217,11393,11394,7670,7781,11392,7734,11388,104],"product_tag":[13332,13331,11790,11792,11767,11753,8518,17443,17442,17441,17440,14870,14863],"class_list":{"0":"post-368908","1":"product","2":"type-product","3":"status-publish","4":"has-post-thumbnail","6":"product_cat-cadeaux-de-saint-valentin-pour-elle","7":"product_cat-cadeaux-de-saint-valentin-pour-lui","8":"product_cat-double-maps-fr","9":"product_cat-fete-des-grands-parents","10":"product_cat-cadeaux-saint-valentin","11":"product_cat-cadeaux-de-noel","12":"product_cat-cadeaux-pour-amis","13":"product_cat-cadeaux-pour-couple","14":"product_cat-pour-elle","15":"product_cat-cadeaux-de-noel-pour-femme","16":"product_cat-cadeaux-pour-femmes","17":"product_cat-cadeaux-pour-fille","18":"product_cat-cadeaux-pour-fils","19":"product_cat-cadeaux-pour-frere","20":"product_cat-cadeaux-pour-grand-mere","21":"product_cat-cadeaux-pour-grand-pere","22":"product_cat-cadeaux-de-noel-pour-homme","23":"product_cat-cadeaux-pour-hommes","24":"product_cat-cadeaux-pour-la-famille","25":"product_cat-cadeaux-de-noel-pour-les-parents","26":"product_cat-pour-lui","27":"product_cat-cadeaux-de-noel-pour-mamie","28":"product_cat-cadeaux-de-noel-pour-papi","29":"product_cat-cadeaux-pour-petit-ami","30":"product_cat-cadeaux-pour-petite-amie","31":"product_cat-cadeaux-de-noel-pour-sa-copine","32":"product_cat-cadeaux-pour-soeur","33":"product_cat-cadeaux-de-noel-pour-son-petit-copain","34":"product_cat-tous-les-produits","35":"product_tag-cadeau-de-noel-pour-un-grand-pere","36":"product_tag-cadeau-de-noel-pour-une-grand-mere","37":"product_tag-cadeaux-de-noel-pour-elle","38":"product_tag-cadeaux-de-noel-pour-lui","39":"product_tag-cadeaux-de-noel-pour-sa-copine","40":"product_tag-cadeaux-de-noel-pour-son-petit-copain","41":"product_tag-couples-fr","42":"product_tag-prezenty-pod-choinke-dla-chlopaka-fr","43":"product_tag-prezenty-pod-choinke-dla-dziewczyny-fr","44":"product_tag-prezenty-pod-choinke-dla-niego-fr","45":"product_tag-prezenty-pod-choinke-dla-niej-fr","46":"product_tag-valentines-day-fr","47":"product_tag-valentines-day-gift-fr","49":"first","50":"instock","51":"sale","52":"taxable","53":"shipping-taxable","54":"purchasable","55":"product-type-variable"},"yoast_head":"<!-- This site is optimized with the Yoast SEO Premium plugin v27.2 (Yoast SEO v27.2) - https:\/\/yoast.com\/product\/yoast-seo-premium-wordpress\/ -->\n<title>L&#039;Amour Ne Conna\u00eet Pas La Distance - Positive Prints<\/title>\n<meta name=\"description\" content=\"Offrez un symbole tangible de votre amour qui transcende les kilom\u00e8tres avec cette affiche A4 \u00e9l\u00e9gante, un cadeau personnalis\u00e9 parfait pour surprendre votre moiti\u00e9 \u00e0 la Saint-Valentin ou pour c\u00e9l\u00e9brer votre relation \u00e0 distance.\" \/>\n<meta name=\"robots\" content=\"index, follow, max-snippet:-1, max-image-preview:large, max-video-preview:-1\" \/>\n<link rel=\"canonical\" href=\"https:\/\/positiveprints.com\/fr\/produit\/lamour-ne-connait-pas-la-distance\/\" \/>\n<meta property=\"og:locale\" content=\"fr_FR\" \/>\n<meta property=\"og:type\" content=\"article\" \/>\n<meta property=\"og:title\" content=\"L&#039;Amour Ne Conna\u00eet Pas La Distance\" \/>\n<meta property=\"og:description\" content=\"Cr\u00e9ez une carte qui c\u00e9l\u00e8bre votre amour, quelle que soit la distance qui vous s\u00e9pare Marquez deux points sp\u00e9ciaux avec les symboles choisis Personnalisez votre design en 3 \u00e9tapes simples Incluez un texte personnalis\u00e9 significatif Visualisez le r\u00e9sultat imm\u00e9diatement \u2013 l\u2019aper\u00e7u interactif vous permet de peaufiner chaque d\u00e9tail\" \/>\n<meta property=\"og:url\" content=\"https:\/\/positiveprints.com\/fr\/produit\/lamour-ne-connait-pas-la-distance\/\" \/>\n<meta property=\"og:site_name\" content=\"Positive Prints\" \/>\n<meta property=\"article:publisher\" content=\"https:\/\/www.facebook.com\/positiveprintscom\" \/>\n<meta property=\"article:modified_time\" content=\"2026-04-18T05:22:00+00:00\" \/>\n<meta property=\"og:image\" content=\"https:\/\/positiveprints.com\/wp-content\/uploads\/2025\/06\/Packshot_FR_LAmour-Ne-Connai\u0302t-Pas-La-Distance.webp\" \/>\n\t<meta property=\"og:image:width\" content=\"1450\" \/>\n\t<meta property=\"og:image:height\" content=\"1450\" \/>\n\t<meta property=\"og:image:type\" content=\"image\/webp\" \/>\n<meta name=\"twitter:card\" content=\"summary_large_image\" \/>\n<meta name=\"twitter:label1\" content=\"Dur\u00e9e de lecture estim\u00e9e\" \/>\n\t<meta name=\"twitter:data1\" content=\"3 minutes\" \/>\n<!-- \/ Yoast SEO Premium plugin. -->","yoast_head_json":{"title":"L'Amour Ne Conna\u00eet Pas La Distance - Positive Prints","description":"Offrez un symbole tangible de votre amour qui transcende les kilom\u00e8tres avec cette affiche A4 \u00e9l\u00e9gante, un cadeau personnalis\u00e9 parfait pour surprendre votre moiti\u00e9 \u00e0 la Saint-Valentin ou pour c\u00e9l\u00e9brer votre relation \u00e0 distance.","robots":{"index":"index","follow":"follow","max-snippet":"max-snippet:-1","max-image-preview":"max-image-preview:large","max-video-preview":"max-video-preview:-1"},"canonical":"https:\/\/positiveprints.com\/fr\/produit\/lamour-ne-connait-pas-la-distance\/","og_locale":"fr_FR","og_type":"article","og_title":"L'Amour Ne Conna\u00eet Pas La Distance","og_description":"Cr\u00e9ez une carte qui c\u00e9l\u00e8bre votre amour, quelle que soit la distance qui vous s\u00e9pare Marquez deux points sp\u00e9ciaux avec les symboles choisis Personnalisez votre design en 3 \u00e9tapes simples Incluez un texte personnalis\u00e9 significatif Visualisez le r\u00e9sultat imm\u00e9diatement \u2013 l\u2019aper\u00e7u interactif vous permet de peaufiner chaque d\u00e9tail","og_url":"https:\/\/positiveprints.com\/fr\/produit\/lamour-ne-connait-pas-la-distance\/","og_site_name":"Positive Prints","article_publisher":"https:\/\/www.facebook.com\/positiveprintscom","article_modified_time":"2026-04-18T05:22:00+00:00","og_image":[{"width":1450,"height":1450,"url":"https:\/\/positiveprints.com\/wp-content\/uploads\/2025\/06\/Packshot_FR_LAmour-Ne-Connai\u0302t-Pas-La-Distance.webp","type":"image\/webp"}],"twitter_card":"summary_large_image","twitter_misc":{"Dur\u00e9e de lecture estim\u00e9e":"3 minutes"},"schema":{"@context":"https:\/\/schema.org","@graph":[{"@type":["WebPage","ItemPage"],"@id":"https:\/\/positiveprints.com\/fr\/produit\/lamour-ne-connait-pas-la-distance\/","url":"https:\/\/positiveprints.com\/fr\/produit\/lamour-ne-connait-pas-la-distance\/","name":"L'Amour Ne Conna\u00eet Pas La Distance - Positive Prints","isPartOf":{"@id":"https:\/\/positiveprints.com\/fr\/#website"},"primaryImageOfPage":{"@id":"https:\/\/positiveprints.com\/fr\/produit\/lamour-ne-connait-pas-la-distance\/#primaryimage"},"image":{"@id":"https:\/\/positiveprints.com\/fr\/produit\/lamour-ne-connait-pas-la-distance\/#primaryimage"},"thumbnailUrl":"https:\/\/positiveprints.com\/wp-content\/uploads\/2025\/06\/Packshot_FR_LAmour-Ne-Connai\u0302t-Pas-La-Distance.webp","datePublished":"2022-11-15T11:54:27+00:00","dateModified":"2026-04-18T05:22:00+00:00","description":"Offrez un symbole tangible de votre amour qui transcende les kilom\u00e8tres avec cette affiche A4 \u00e9l\u00e9gante, un cadeau personnalis\u00e9 parfait pour surprendre votre moiti\u00e9 \u00e0 la Saint-Valentin ou pour c\u00e9l\u00e9brer votre relation \u00e0 distance.","breadcrumb":{"@id":"https:\/\/positiveprints.com\/fr\/produit\/lamour-ne-connait-pas-la-distance\/#breadcrumb"},"inLanguage":"fr-FR","potentialAction":[{"@type":"ReadAction","target":["https:\/\/positiveprints.com\/fr\/produit\/lamour-ne-connait-pas-la-distance\/"]}]},{"@type":"ImageObject","inLanguage":"fr-FR","@id":"https:\/\/positiveprints.com\/fr\/produit\/lamour-ne-connait-pas-la-distance\/#primaryimage","url":"https:\/\/positiveprints.com\/wp-content\/uploads\/2025\/06\/Packshot_FR_LAmour-Ne-Connai\u0302t-Pas-La-Distance.webp","contentUrl":"https:\/\/positiveprints.com\/wp-content\/uploads\/2025\/06\/Packshot_FR_LAmour-Ne-Connai\u0302t-Pas-La-Distance.webp","width":1450,"height":1450},{"@type":"BreadcrumbList","@id":"https:\/\/positiveprints.com\/fr\/produit\/lamour-ne-connait-pas-la-distance\/#breadcrumb","itemListElement":[{"@type":"ListItem","position":1,"name":"Home","item":"https:\/\/positiveprints.com\/fr\/"},{"@type":"ListItem","position":2,"name":"Produits","item":"https:\/\/positiveprints.com\/fr\/shop\/"},{"@type":"ListItem","position":3,"name":"L&#8217;Amour Ne Conna\u00eet Pas La Distance"}]},{"@type":"WebSite","@id":"https:\/\/positiveprints.com\/fr\/#website","url":"https:\/\/positiveprints.com\/fr\/","name":"Positive Prints","description":"Amazing Custom Personalized Gifts","publisher":{"@id":"https:\/\/positiveprints.com\/fr\/#organization"},"potentialAction":[{"@type":"SearchAction","target":{"@type":"EntryPoint","urlTemplate":"https:\/\/positiveprints.com\/fr\/?s={search_term_string}"},"query-input":{"@type":"PropertyValueSpecification","valueRequired":true,"valueName":"search_term_string"}}],"inLanguage":"fr-FR"},{"@type":"Organization","@id":"https:\/\/positiveprints.com\/fr\/#organization","name":"Positive Prints","alternateName":"Positive Prints","url":"https:\/\/positiveprints.com\/fr\/","logo":{"@type":"ImageObject","inLanguage":"fr-FR","@id":"https:\/\/positiveprints.com\/fr\/#\/schema\/logo\/image\/","url":"https:\/\/positiveprints.com\/wp-content\/uploads\/2026\/03\/245815646_1337939713319158_5671353136411139666_n.png","contentUrl":"https:\/\/positiveprints.com\/wp-content\/uploads\/2026\/03\/245815646_1337939713319158_5671353136411139666_n.png","width":800,"height":800,"caption":"Positive Prints"},"image":{"@id":"https:\/\/positiveprints.com\/fr\/#\/schema\/logo\/image\/"},"sameAs":["https:\/\/www.facebook.com\/positiveprintscom","https:\/\/www.instagram.com\/positiveprintscom\/","https:\/\/www.tiktok.com\/@positiveprintscom","https:\/\/www.pinterest.com\/positiveprintscom\/"]}]}},"jetpack_sharing_enabled":true,"_links":{"self":[{"href":"https:\/\/positiveprints.com\/fr\/wp-json\/wp\/v2\/product\/368908","targetHints":{"allow":["GET"]}}],"collection":[{"href":"https:\/\/positiveprints.com\/fr\/wp-json\/wp\/v2\/product"}],"about":[{"href":"https:\/\/positiveprints.com\/fr\/wp-json\/wp\/v2\/types\/product"}],"wp:featuredmedia":[{"embeddable":true,"href":"https:\/\/positiveprints.com\/fr\/wp-json\/wp\/v2\/media\/1465369"}],"wp:attachment":[{"href":"https:\/\/positiveprints.com\/fr\/wp-json\/wp\/v2\/media?parent=368908"}],"wp:term":[{"taxonomy":"product_brand","embeddable":true,"href":"https:\/\/positiveprints.com\/fr\/wp-json\/wp\/v2\/product_brand?post=368908"},{"taxonomy":"product_cat","embeddable":true,"href":"https:\/\/positiveprints.com\/fr\/wp-json\/wp\/v2\/product_cat?post=368908"},{"taxonomy":"product_tag","embeddable":true,"href":"https:\/\/positiveprints.com\/fr\/wp-json\/wp\/v2\/product_tag?post=368908"}],"curies":[{"name":"wp","href":"https:\/\/api.w.org\/{rel}","templated":true}]}}