{"id":368092,"date":"2022-11-07T15:10:47","date_gmt":"2022-11-07T14:10:47","guid":{"rendered":"https:\/\/positiveprints.com\/?post_type=product&#038;p=368092"},"modified":"2026-04-12T22:48:10","modified_gmt":"2026-04-12T21:48:10","slug":"carte-double","status":"publish","type":"product","link":"https:\/\/positiveprints.com\/fr\/produit\/carte-double\/","title":{"rendered":"Carte Double"},"content":{"rendered":"<p style=\"margin-top: 1rem\">Regarder une carte, c&#8217;est comme faire un voyage dans le temps. Et une carte personnalis\u00e9e avec des emplacements importants pour vous et votre bien-aim\u00e9(e) est comme une \u0153uvre d&#8217;art qui raconte votre histoire personnelle. Imaginez seulement \u00e0 quel point votre conjoint ou parent serait ravi de recevoir un cadeau aussi attentionn\u00e9 et personnalis\u00e9. Alors faites un voyage avec la Carte Double, et laissez-nous vous aider \u00e0 raconter votre histoire.<\/p>\r\n\r\n<h2 class=\"grenB f24 cblue\" style=\"margin-top: 3rem\">Qu&#8217;est-ce qu&#8217;une Carte Double ?<\/h2>\r\n<p style=\"margin-top: 1rem\">Il y a quelque chose de sp\u00e9cial dans le fait de pouvoir voir les endroits qui sont importants pour vous, repr\u00e9sent\u00e9s sur une carte. La Carte Double offre une fa\u00e7on unique de le faire &#8211; en cr\u00e9ant une carte en deux parties qui montre deux endroits de grande importance pour vous deux. Qu&#8217;il s&#8217;agisse de votre premier et deuxi\u00e8me rendez-vous, de lieux o\u00f9 vous avez voyag\u00e9 ou de tout autre endroit qui raconte votre histoire, la Carte Double vous permet de capturer ces souvenirs d&#8217;une mani\u00e8re belle et personnalis\u00e9e.<\/p>\r\n\r\n<h2 class=\"grenB f24 cblue\" style=\"margin-top: 3rem\">Qu&#8217;est-ce qui fait d&#8217;une Carte Double une id\u00e9e cadeau parfaite pour un couple romantique ?<\/h2>\r\n<p style=\"margin-top: 1rem\">Quoi de plus romantique qu&#8217;une carte personnalis\u00e9e montrant l&#8217;histoire de la relation amoureuse ? La Carte Double est le cadeau id\u00e9al pour tous les couples, qu&#8217;ils c\u00e9l\u00e8brent leur mariage, l&#8217;anniversaire de leur rencontre ou leurs fian\u00e7ailles. Cette carte unique est compos\u00e9e de deux pi\u00e8ces qui s&#8217;assemblent comme un puzzle, repr\u00e9sentant le voyage que les partenaires ont entrepris ensemble. La carte peut \u00eatre personnalis\u00e9e avec des emplacements et des descriptions sp\u00e9ciales, ce qui en fait un cadeau vraiment unique en son genre. Que vous cherchiez un moyen de comm\u00e9morer votre propre relation ou que vous connaissiez un couple sp\u00e9cial qui appr\u00e9cierait ce cadeau sentimental, la Carte Double sera certainement pr\u00e9cieuse pour les ann\u00e9es \u00e0 venir.<\/p>\r\n\r\n<h2 class=\"grenB f24 cblue\" style=\"margin-top: 3rem\">Pourquoi une Carte Double est-elle si unique pour les membres de la famille ?<\/h2>\r\n<p style=\"margin-top: 1rem\">Si vous avez des membres de votre famille qui vivent loin de vous, il peut \u00eatre difficile de leur montrer combien vous tenez \u00e0 eux. Mais avec cette carte personnalis\u00e9e en deux parties, vous pouvez leur donner un signe de votre attention, de votre amour et de votre engagement. La carte est compos\u00e9e de deux parties &#8211; une pour eux et une pour vous. Chaque pi\u00e8ce est personnalis\u00e9e avec la description et l&#8217;emplacement du membre de votre famille, afin qu&#8217;ils sachent toujours \u00e0 quel point vous \u00eates proche d&#8217;eux par la pens\u00e9e. \u00c0 chaque fois qu&#8217;ils regarderont la carte, ils se souviendront de votre amour. Donc, si vous cherchez un moyen de montrer \u00e0 votre famille combien ils comptent pour vous, c&#8217;est le cadeau parfait.<\/p>\r\n\r\n<h2 class=\"grenB f24 cblue\" style=\"margin-top: 3rem\">Qu&#8217;est-ce qui rend les cadeaux personnalis\u00e9s si sp\u00e9ciaux ?<\/h2>\r\n<p style=\"margin-top: 1rem\">Admettons-le, acheter un cadeau, l&#8217;emballer et le donner \u00e0 un \u00eatre cher n&#8217;a pas besoin de beaucoup d&#8217;ing\u00e9niosit\u00e9. Si le destinataire veut ou utilisera le cadeau, il n&#8217;y a rien de mal \u00e0 le lui donner. Mais les cadeaux qui se d\u00e9marquent dans leurs m\u00e9moires sont ceux qui sont uniques, individualis\u00e9s, et n\u00e9cessitent une r\u00e9flexion et des efforts d\u00e9lib\u00e9r\u00e9s. Le sens symbolique du cadeau est tout aussi important que le cadeau lui-m\u00eame. Et si cet objet est une Carte Double, vous s\u00e9duirez votre bien-aim\u00e9(e) de plusieurs fa\u00e7ons.<p\/>\r\n\r\n<h2 class=\"grenB f24 cblue\" style=\"margin-top: 3rem\">Comment cr\u00e9er une Carte Double<\/h2>\r\n<p style=\"margin-top: 1rem\">Les cartes personnalis\u00e9es de Positive Prints sont cr\u00e9\u00e9es comme une seule image, mais elles repr\u00e9sentent deux p\u00e9riodes significatives de votre histoire. Nous localisons pr\u00e9cis\u00e9ment chaque emplacement en utilisant une technologie GPS de pointe pour vous donner la repr\u00e9sentation la plus exacte de ces endroits.<\/p>\r\n\r\n<p style=\"margin-top: 1rem\">Pour assumer le r\u00f4le de l&#8217;artiste et cr\u00e9er votre propre Carte Double, proc\u00e9dez comme suit :<\/p>\r\n\r\n<h3 class=\"grenB f18 cblue\" style=\"margin-top: 3rem\">\u00c9tape 1 : Choisissez Votre Mod\u00e8le<\/h3>\r\n<p style=\"margin-top: 1rem\">Il n&#8217;y a pas d&#8217;approche g\u00e9n\u00e9rale pour pr\u00e9senter des cadeaux uniques. Pour cette raison, nous vous offrons une vari\u00e9t\u00e9 de choix de design pour votre Carte Double. Vous pouvez choisir parmi une vari\u00e9t\u00e9 de mod\u00e8les cr\u00e9\u00e9s par des professionnels. Ou, si vous vous sentez tr\u00e8s inventif, cliquez sur l&#8217;option Personnaliser pour s\u00e9lectionner votre propre sch\u00e9ma de couleurs. Vous pouvez \u00e9galement choisir les formes des deux parties de votre carte &#8211; faites-en un cercle, un carr\u00e9 ou\u2026 une forme de c\u0153ur !<\/p>\r\n<p style=\"margin-top: 1rem\">Toutes les informations sont mises \u00e0 jour en temps r\u00e9el au fur et \u00e0 mesure que vous faites vos choix, vous permettant de voir votre carte prendre vie.<\/p>\r\n\r\n<h3 class=\"grenB f18 cblue\" style=\"margin-top: 3rem\">\u00c9tape 2 : Saisissez Vos Informations<\/h3>\r\n<p style=\"margin-top: 1rem\">Votre Carte Double contient plus que de simples images ; elle contient \u00e9galement des lignes de texte afin que vous puissiez annoter chaque point. Ajoutez les dates ou les noms associ\u00e9s aux lieux choisis, ou \u00e9crivez les devises qui r\u00e9sument le mieux chaque p\u00e9riode de temps. Ou peut-\u00eatre allez plus en profondeur au sujet de l&#8217;endroit et de ce qui l&#8217;a rendu si unique. Les possibilit\u00e9s sont tr\u00e8s nombreuses !<\/p>\r\n\r\n<h3 class=\"grenB f18 cblue\" style=\"margin-top: 3rem\">\u00c9tape 3 : S\u00e9lectionnez un Format<\/h3>\r\n<p style=\"margin-top: 1rem\">Tout comme avec de nombreuses \u0153uvres d&#8217;art de Positive Prints, vous avez une vari\u00e9t\u00e9 de formats et d&#8217;options de livraison \u00e0 choisir. Chaque carte est produite sur un papier d&#8217;affiche de haute qualit\u00e9. Elle gardera vos couleurs et sera superbe accroch\u00e9 au mur. Si vous pr\u00e9f\u00e9rez, nous pouvons imprimer votre photo sur toile ou ajouter un cadre afin qu&#8217;elle soit imm\u00e9diatement pr\u00eate \u00e0 \u00eatre offerte \u00e0 votre proche. \r\n<\/p>\r\n<p style=\"margin-top: 1rem\">Nous vous conseillons d&#8217;utiliser notre option de t\u00e9l\u00e9chargement num\u00e9rique si vous cherchez une suggestion de cadeau de derni\u00e8re minute. Votre Carte Double vous sera envoy\u00e9e sous forme de fichier num\u00e9rique par e-mail. Apr\u00e8s cela, vous pouvez l&#8217;imprimer localement pour un d\u00e9lai plus rapide.<\/p>\r\n\r\n<h2 class=\"grenB f24 cblue\" style=\"margin-top: 3rem\">Surprenez votre ch\u00e9ri(e) avec une Carte Double<\/h2>\r\n<p style=\"margin-top: 1rem\">Offrez le cadeau qui ne cesse de donner. Nos Cartes Doubles sont un cadeau parfait pour toutes les occasions &#8211; des anniversaires aux mariages ou anniversaires de rencontre &#8211; et peuvent \u00eatre \u00e9galement personnalis\u00e9es avec votre propre message sp\u00e9cial !<\/p>","protected":false},"excerpt":{"rendered":"<ul class=\"check-list\">\n<li>Capturez l&#8217;essence de deux endroits sp\u00e9ciaux avec notre affiche de carte personnalis\u00e9e<\/li>\n<li>Marquez deux points sp\u00e9ciaux avec les symboles choisis<\/li>\n<li>Personnalisez en 3 \u00e9tapes simples<\/li>\n<li>Incluez un texte personnalis\u00e9 significatif<\/li>\n<li>Vois le r\u00e9sultat imm\u00e9diatement \u2013 l\u2019aper\u00e7u interactif te permet de peaufiner chaque d\u00e9tail<\/li>\n<\/ul>\n","protected":false},"featured_media":1362674,"template":"","meta":[],"product_brand":[],"product_cat":[8243,9112,104,264,8006,7685],"product_tag":[13669,14858],"class_list":{"0":"post-368092","1":"product","2":"type-product","3":"status-publish","4":"has-post-thumbnail","6":"product_cat-digital-products-fr","7":"product_cat-double-maps-fr","8":"product_cat-tous-les-produits","9":"product_cat-creators-fr-2","10":"product_cat-cadeaux-pour-hommes","11":"product_cat-cadeaux-pour-femmes","12":"product_tag-carte-avec-2-emplacements","13":"product_tag-creators-fr-2","15":"first","16":"instock","17":"sale","18":"taxable","19":"shipping-taxable","20":"purchasable","21":"product-type-variable"},"yoast_head":"<!-- This site is optimized with the Yoast SEO Premium plugin v27.2 (Yoast SEO v27.2) - https:\/\/yoast.com\/product\/yoast-seo-premium-wordpress\/ -->\n<title>Carte Double - Positive Prints<\/title>\n<meta name=\"description\" content=\"Carte Double personnalis\u00e9e : deux cartes, une histoire d\u2019amour. Un cadeau unique qui transforme vos lieux importants en souvenir \u00e9l\u00e9gant et \u00e9mouvant rare et\" \/>\n<meta name=\"robots\" content=\"index, follow, max-snippet:-1, max-image-preview:large, max-video-preview:-1\" \/>\n<link rel=\"canonical\" href=\"https:\/\/positiveprints.com\/fr\/produit\/carte-double\/\" \/>\n<meta property=\"og:locale\" content=\"fr_FR\" \/>\n<meta property=\"og:type\" content=\"article\" \/>\n<meta property=\"og:title\" content=\"Carte Double\" \/>\n<meta property=\"og:description\" content=\"Capturez l&#039;essence de deux endroits sp\u00e9ciaux avec notre affiche de carte personnalis\u00e9e Marquez deux points sp\u00e9ciaux avec les symboles choisis Personnalisez en 3 \u00e9tapes simples Incluez un texte personnalis\u00e9 significatif Vois le r\u00e9sultat imm\u00e9diatement \u2013 l\u2019aper\u00e7u interactif te permet de peaufiner chaque d\u00e9tail\" \/>\n<meta property=\"og:url\" content=\"https:\/\/positiveprints.com\/fr\/produit\/carte-double\/\" \/>\n<meta property=\"og:site_name\" content=\"Positive Prints\" \/>\n<meta property=\"article:publisher\" content=\"https:\/\/www.facebook.com\/positiveprintscom\" \/>\n<meta property=\"article:modified_time\" content=\"2026-04-12T21:48:10+00:00\" \/>\n<meta property=\"og:image\" content=\"https:\/\/positiveprints.com\/wp-content\/uploads\/2025\/02\/Carte-Double-1.webp\" \/>\n\t<meta property=\"og:image:width\" content=\"1450\" \/>\n\t<meta property=\"og:image:height\" content=\"1450\" \/>\n\t<meta property=\"og:image:type\" content=\"image\/webp\" \/>\n<meta name=\"twitter:card\" content=\"summary_large_image\" \/>\n<meta name=\"twitter:label1\" content=\"Dur\u00e9e de lecture estim\u00e9e\" \/>\n\t<meta name=\"twitter:data1\" content=\"5 minutes\" \/>\n<!-- \/ Yoast SEO Premium plugin. -->","yoast_head_json":{"title":"Carte Double - Positive Prints","description":"Carte Double personnalis\u00e9e : deux cartes, une histoire d\u2019amour. Un cadeau unique qui transforme vos lieux importants en souvenir \u00e9l\u00e9gant et \u00e9mouvant rare et","robots":{"index":"index","follow":"follow","max-snippet":"max-snippet:-1","max-image-preview":"max-image-preview:large","max-video-preview":"max-video-preview:-1"},"canonical":"https:\/\/positiveprints.com\/fr\/produit\/carte-double\/","og_locale":"fr_FR","og_type":"article","og_title":"Carte Double","og_description":"Capturez l'essence de deux endroits sp\u00e9ciaux avec notre affiche de carte personnalis\u00e9e Marquez deux points sp\u00e9ciaux avec les symboles choisis Personnalisez en 3 \u00e9tapes simples Incluez un texte personnalis\u00e9 significatif Vois le r\u00e9sultat imm\u00e9diatement \u2013 l\u2019aper\u00e7u interactif te permet de peaufiner chaque d\u00e9tail","og_url":"https:\/\/positiveprints.com\/fr\/produit\/carte-double\/","og_site_name":"Positive Prints","article_publisher":"https:\/\/www.facebook.com\/positiveprintscom","article_modified_time":"2026-04-12T21:48:10+00:00","og_image":[{"width":1450,"height":1450,"url":"https:\/\/positiveprints.com\/wp-content\/uploads\/2025\/02\/Carte-Double-1.webp","type":"image\/webp"}],"twitter_card":"summary_large_image","twitter_misc":{"Dur\u00e9e de lecture estim\u00e9e":"5 minutes"},"schema":{"@context":"https:\/\/schema.org","@graph":[{"@type":["WebPage","ItemPage"],"@id":"https:\/\/positiveprints.com\/fr\/produit\/carte-double\/","url":"https:\/\/positiveprints.com\/fr\/produit\/carte-double\/","name":"Carte Double - Positive Prints","isPartOf":{"@id":"https:\/\/positiveprints.com\/fr\/#website"},"primaryImageOfPage":{"@id":"https:\/\/positiveprints.com\/fr\/produit\/carte-double\/#primaryimage"},"image":{"@id":"https:\/\/positiveprints.com\/fr\/produit\/carte-double\/#primaryimage"},"thumbnailUrl":"https:\/\/positiveprints.com\/wp-content\/uploads\/2025\/02\/Carte-Double-1.webp","datePublished":"2022-11-07T14:10:47+00:00","dateModified":"2026-04-12T21:48:10+00:00","description":"Carte Double personnalis\u00e9e : deux cartes, une histoire d\u2019amour. Un cadeau unique qui transforme vos lieux importants en souvenir \u00e9l\u00e9gant et \u00e9mouvant rare et","breadcrumb":{"@id":"https:\/\/positiveprints.com\/fr\/produit\/carte-double\/#breadcrumb"},"inLanguage":"fr-FR","potentialAction":[{"@type":"ReadAction","target":["https:\/\/positiveprints.com\/fr\/produit\/carte-double\/"]}]},{"@type":"ImageObject","inLanguage":"fr-FR","@id":"https:\/\/positiveprints.com\/fr\/produit\/carte-double\/#primaryimage","url":"https:\/\/positiveprints.com\/wp-content\/uploads\/2025\/02\/Carte-Double-1.webp","contentUrl":"https:\/\/positiveprints.com\/wp-content\/uploads\/2025\/02\/Carte-Double-1.webp","width":1450,"height":1450},{"@type":"BreadcrumbList","@id":"https:\/\/positiveprints.com\/fr\/produit\/carte-double\/#breadcrumb","itemListElement":[{"@type":"ListItem","position":1,"name":"Home","item":"https:\/\/positiveprints.com\/fr\/"},{"@type":"ListItem","position":2,"name":"Produits","item":"https:\/\/positiveprints.com\/fr\/shop\/"},{"@type":"ListItem","position":3,"name":"Carte Double"}]},{"@type":"WebSite","@id":"https:\/\/positiveprints.com\/fr\/#website","url":"https:\/\/positiveprints.com\/fr\/","name":"Positive Prints","description":"Amazing Custom Personalized Gifts","publisher":{"@id":"https:\/\/positiveprints.com\/fr\/#organization"},"potentialAction":[{"@type":"SearchAction","target":{"@type":"EntryPoint","urlTemplate":"https:\/\/positiveprints.com\/fr\/?s={search_term_string}"},"query-input":{"@type":"PropertyValueSpecification","valueRequired":true,"valueName":"search_term_string"}}],"inLanguage":"fr-FR"},{"@type":"Organization","@id":"https:\/\/positiveprints.com\/fr\/#organization","name":"Positive Prints","alternateName":"Positive Prints","url":"https:\/\/positiveprints.com\/fr\/","logo":{"@type":"ImageObject","inLanguage":"fr-FR","@id":"https:\/\/positiveprints.com\/fr\/#\/schema\/logo\/image\/","url":"https:\/\/positiveprints.com\/wp-content\/uploads\/2026\/03\/245815646_1337939713319158_5671353136411139666_n.png","contentUrl":"https:\/\/positiveprints.com\/wp-content\/uploads\/2026\/03\/245815646_1337939713319158_5671353136411139666_n.png","width":800,"height":800,"caption":"Positive Prints"},"image":{"@id":"https:\/\/positiveprints.com\/fr\/#\/schema\/logo\/image\/"},"sameAs":["https:\/\/www.facebook.com\/positiveprintscom","https:\/\/www.instagram.com\/positiveprintscom\/","https:\/\/www.tiktok.com\/@positiveprintscom","https:\/\/www.pinterest.com\/positiveprintscom\/"]}]}},"jetpack_sharing_enabled":true,"_links":{"self":[{"href":"https:\/\/positiveprints.com\/fr\/wp-json\/wp\/v2\/product\/368092","targetHints":{"allow":["GET"]}}],"collection":[{"href":"https:\/\/positiveprints.com\/fr\/wp-json\/wp\/v2\/product"}],"about":[{"href":"https:\/\/positiveprints.com\/fr\/wp-json\/wp\/v2\/types\/product"}],"wp:featuredmedia":[{"embeddable":true,"href":"https:\/\/positiveprints.com\/fr\/wp-json\/wp\/v2\/media\/1362674"}],"wp:attachment":[{"href":"https:\/\/positiveprints.com\/fr\/wp-json\/wp\/v2\/media?parent=368092"}],"wp:term":[{"taxonomy":"product_brand","embeddable":true,"href":"https:\/\/positiveprints.com\/fr\/wp-json\/wp\/v2\/product_brand?post=368092"},{"taxonomy":"product_cat","embeddable":true,"href":"https:\/\/positiveprints.com\/fr\/wp-json\/wp\/v2\/product_cat?post=368092"},{"taxonomy":"product_tag","embeddable":true,"href":"https:\/\/positiveprints.com\/fr\/wp-json\/wp\/v2\/product_tag?post=368092"}],"curies":[{"name":"wp","href":"https:\/\/api.w.org\/{rel}","templated":true}]}}