{"id":363293,"date":"2022-07-22T18:37:57","date_gmt":"2022-07-22T17:37:57","guid":{"rendered":"https:\/\/positiveprints.com\/?post_type=product&#038;p=363293"},"modified":"2026-04-03T03:31:23","modified_gmt":"2026-04-03T02:31:23","slug":"art-donde-sonore-je-taime-papa","status":"publish","type":"product","link":"https:\/\/positiveprints.com\/fr\/produit\/art-donde-sonore-je-taime-papa\/","title":{"rendered":"Art d&#8217;Onde Sonore \u00ab Je T&#8217;Aime Papa \u00bb"},"content":{"rendered":"","protected":false},"excerpt":{"rendered":"<ul class=\"check-list\">\n<li>Montrez \u00e0 votre p\u00e8re combien il compte pour vous avec ce cadeau unique qu&#8217;il ch\u00e9rira pour toujours<\/li>\n<li>Il suffit de t\u00e9l\u00e9charger un fichier audio<\/li>\n<li>Ajoutez un code QR et scannez-le pour lire votre chanson pr\u00e9f\u00e9r\u00e9e<\/li>\n<li>Personnalisez en 3 \u00e9tapes simples<\/li>\n<li>Choisissez un mod\u00e8le ou faites preuve de cr\u00e9ativit\u00e9<\/li>\n<\/ul>\n","protected":false},"featured_media":1425678,"template":"","meta":[],"product_brand":[],"product_cat":[7337,5264,15055,11400,7973,11391,7478],"product_tag":[15404,13465,11760,11107],"class_list":{"0":"post-363293","1":"product","2":"type-product","3":"status-publish","4":"has-post-thumbnail","6":"product_cat-cadeaux-de-fete-des-peres","7":"product_cat-cadeaux-de-noel","8":"product_cat-cadeaux-de-noel-pour-la-famille","9":"product_cat-cadeaux-de-noel-pour-les-parents","10":"product_cat-cadeaux-pour-papa","11":"product_cat-cadeaux-de-noel-pour-papa","12":"product_cat-soundwave-fr","13":"product_tag-audio-fr","14":"product_tag-cadeaux-de-noel-pour-la-famille","15":"product_tag-cadeaux-de-noel-pour-papa","16":"product_tag-father-it-fr","18":"first","19":"instock","20":"sale","21":"taxable","22":"shipping-taxable","23":"purchasable","24":"product-type-variable"},"yoast_head":"<!-- This site is optimized with the Yoast SEO Premium plugin v27.2 (Yoast SEO v27.2) - https:\/\/yoast.com\/product\/yoast-seo-premium-wordpress\/ -->\n<title>Art d&#039;Onde Sonore \u00ab Je T&#039;Aime Papa \u00bb - Positive Prints<\/title>\n<meta name=\"description\" content=\"Entendre votre enfant dire que \u00ab Je T&#039;Aime Papa \u00bb sont des mots qui font fondre le c\u0153ur. Gardez-les pour toujours avec l&#039;art d&#039;onde sonore Je T&#039;Aime Papa .\" \/>\n<meta name=\"robots\" content=\"index, follow, max-snippet:-1, max-image-preview:large, max-video-preview:-1\" \/>\n<link rel=\"canonical\" href=\"https:\/\/positiveprints.com\/fr\/produit\/art-donde-sonore-je-taime-papa\/\" \/>\n<meta property=\"og:locale\" content=\"fr_FR\" \/>\n<meta property=\"og:type\" content=\"article\" \/>\n<meta property=\"og:title\" content=\"Art d&#039;Onde Sonore \u00ab Je T&#039;Aime Papa \u00bb\" \/>\n<meta property=\"og:description\" content=\"Montrez \u00e0 votre p\u00e8re combien il compte pour vous avec ce cadeau unique qu&#039;il ch\u00e9rira pour toujours Il suffit de t\u00e9l\u00e9charger un fichier audio Ajoutez un code QR et scannez-le pour lire votre chanson pr\u00e9f\u00e9r\u00e9e Personnalisez en 3 \u00e9tapes simples Choisissez un mod\u00e8le ou faites preuve de cr\u00e9ativit\u00e9\" \/>\n<meta property=\"og:url\" content=\"https:\/\/positiveprints.com\/fr\/produit\/art-donde-sonore-je-taime-papa\/\" \/>\n<meta property=\"og:site_name\" content=\"Positive Prints\" \/>\n<meta property=\"article:publisher\" content=\"https:\/\/www.facebook.com\/positiveprintscom\" \/>\n<meta property=\"article:modified_time\" content=\"2026-04-03T02:31:23+00:00\" \/>\n<meta property=\"og:image\" content=\"https:\/\/positiveprints.com\/wp-content\/uploads\/2023\/04\/Art-dOnde-Sonore-Je-TAime-Papa.jpg\" \/>\n\t<meta property=\"og:image:width\" content=\"1080\" \/>\n\t<meta property=\"og:image:height\" content=\"1080\" \/>\n\t<meta property=\"og:image:type\" content=\"image\/jpeg\" \/>\n<meta name=\"twitter:card\" content=\"summary_large_image\" \/>\n<!-- \/ Yoast SEO Premium plugin. -->","yoast_head_json":{"title":"Art d'Onde Sonore \u00ab Je T'Aime Papa \u00bb - Positive Prints","description":"Entendre votre enfant dire que \u00ab Je T'Aime Papa \u00bb sont des mots qui font fondre le c\u0153ur. Gardez-les pour toujours avec l'art d'onde sonore Je T'Aime Papa .","robots":{"index":"index","follow":"follow","max-snippet":"max-snippet:-1","max-image-preview":"max-image-preview:large","max-video-preview":"max-video-preview:-1"},"canonical":"https:\/\/positiveprints.com\/fr\/produit\/art-donde-sonore-je-taime-papa\/","og_locale":"fr_FR","og_type":"article","og_title":"Art d'Onde Sonore \u00ab Je T'Aime Papa \u00bb","og_description":"Montrez \u00e0 votre p\u00e8re combien il compte pour vous avec ce cadeau unique qu'il ch\u00e9rira pour toujours Il suffit de t\u00e9l\u00e9charger un fichier audio Ajoutez un code QR et scannez-le pour lire votre chanson pr\u00e9f\u00e9r\u00e9e Personnalisez en 3 \u00e9tapes simples Choisissez un mod\u00e8le ou faites preuve de cr\u00e9ativit\u00e9","og_url":"https:\/\/positiveprints.com\/fr\/produit\/art-donde-sonore-je-taime-papa\/","og_site_name":"Positive Prints","article_publisher":"https:\/\/www.facebook.com\/positiveprintscom","article_modified_time":"2026-04-03T02:31:23+00:00","og_image":[{"width":1080,"height":1080,"url":"https:\/\/positiveprints.com\/wp-content\/uploads\/2023\/04\/Art-dOnde-Sonore-Je-TAime-Papa.jpg","type":"image\/jpeg"}],"twitter_card":"summary_large_image","schema":{"@context":"https:\/\/schema.org","@graph":[{"@type":["WebPage","ItemPage"],"@id":"https:\/\/positiveprints.com\/fr\/produit\/art-donde-sonore-je-taime-papa\/","url":"https:\/\/positiveprints.com\/fr\/produit\/art-donde-sonore-je-taime-papa\/","name":"Art d'Onde Sonore \u00ab Je T'Aime Papa \u00bb - Positive Prints","isPartOf":{"@id":"https:\/\/positiveprints.com\/fr\/#website"},"primaryImageOfPage":{"@id":"https:\/\/positiveprints.com\/fr\/produit\/art-donde-sonore-je-taime-papa\/#primaryimage"},"image":{"@id":"https:\/\/positiveprints.com\/fr\/produit\/art-donde-sonore-je-taime-papa\/#primaryimage"},"thumbnailUrl":"https:\/\/positiveprints.com\/wp-content\/uploads\/2025\/05\/Art-dOnde-Sonore-Je-TAime-Papa-1.webp","datePublished":"2022-07-22T17:37:57+00:00","dateModified":"2026-04-03T02:31:23+00:00","description":"Entendre votre enfant dire que \u00ab Je T'Aime Papa \u00bb sont des mots qui font fondre le c\u0153ur. Gardez-les pour toujours avec l'art d'onde sonore Je T'Aime Papa .","breadcrumb":{"@id":"https:\/\/positiveprints.com\/fr\/produit\/art-donde-sonore-je-taime-papa\/#breadcrumb"},"inLanguage":"fr-FR","potentialAction":[{"@type":"ReadAction","target":["https:\/\/positiveprints.com\/fr\/produit\/art-donde-sonore-je-taime-papa\/"]}]},{"@type":"ImageObject","inLanguage":"fr-FR","@id":"https:\/\/positiveprints.com\/fr\/produit\/art-donde-sonore-je-taime-papa\/#primaryimage","url":"https:\/\/positiveprints.com\/wp-content\/uploads\/2025\/05\/Art-dOnde-Sonore-Je-TAime-Papa-1.webp","contentUrl":"https:\/\/positiveprints.com\/wp-content\/uploads\/2025\/05\/Art-dOnde-Sonore-Je-TAime-Papa-1.webp","width":1450,"height":1450},{"@type":"BreadcrumbList","@id":"https:\/\/positiveprints.com\/fr\/produit\/art-donde-sonore-je-taime-papa\/#breadcrumb","itemListElement":[{"@type":"ListItem","position":1,"name":"Home","item":"https:\/\/positiveprints.com\/fr\/"},{"@type":"ListItem","position":2,"name":"Produits","item":"https:\/\/positiveprints.com\/fr\/shop\/"},{"@type":"ListItem","position":3,"name":"Art d&#8217;Onde Sonore \u00ab Je T&#8217;Aime Papa \u00bb"}]},{"@type":"WebSite","@id":"https:\/\/positiveprints.com\/fr\/#website","url":"https:\/\/positiveprints.com\/fr\/","name":"Positive Prints","description":"Amazing Custom Personalized Gifts","publisher":{"@id":"https:\/\/positiveprints.com\/fr\/#organization"},"potentialAction":[{"@type":"SearchAction","target":{"@type":"EntryPoint","urlTemplate":"https:\/\/positiveprints.com\/fr\/?s={search_term_string}"},"query-input":{"@type":"PropertyValueSpecification","valueRequired":true,"valueName":"search_term_string"}}],"inLanguage":"fr-FR"},{"@type":"Organization","@id":"https:\/\/positiveprints.com\/fr\/#organization","name":"Positive Prints","alternateName":"Positive Prints","url":"https:\/\/positiveprints.com\/fr\/","logo":{"@type":"ImageObject","inLanguage":"fr-FR","@id":"https:\/\/positiveprints.com\/fr\/#\/schema\/logo\/image\/","url":"https:\/\/positiveprints.com\/wp-content\/uploads\/2026\/03\/245815646_1337939713319158_5671353136411139666_n.png","contentUrl":"https:\/\/positiveprints.com\/wp-content\/uploads\/2026\/03\/245815646_1337939713319158_5671353136411139666_n.png","width":800,"height":800,"caption":"Positive Prints"},"image":{"@id":"https:\/\/positiveprints.com\/fr\/#\/schema\/logo\/image\/"},"sameAs":["https:\/\/www.facebook.com\/positiveprintscom","https:\/\/www.instagram.com\/positiveprintscom\/","https:\/\/www.tiktok.com\/@positiveprintscom","https:\/\/www.pinterest.com\/positiveprintscom\/"]}]}},"jetpack_sharing_enabled":true,"_links":{"self":[{"href":"https:\/\/positiveprints.com\/fr\/wp-json\/wp\/v2\/product\/363293","targetHints":{"allow":["GET"]}}],"collection":[{"href":"https:\/\/positiveprints.com\/fr\/wp-json\/wp\/v2\/product"}],"about":[{"href":"https:\/\/positiveprints.com\/fr\/wp-json\/wp\/v2\/types\/product"}],"wp:featuredmedia":[{"embeddable":true,"href":"https:\/\/positiveprints.com\/fr\/wp-json\/wp\/v2\/media\/1425678"}],"wp:attachment":[{"href":"https:\/\/positiveprints.com\/fr\/wp-json\/wp\/v2\/media?parent=363293"}],"wp:term":[{"taxonomy":"product_brand","embeddable":true,"href":"https:\/\/positiveprints.com\/fr\/wp-json\/wp\/v2\/product_brand?post=363293"},{"taxonomy":"product_cat","embeddable":true,"href":"https:\/\/positiveprints.com\/fr\/wp-json\/wp\/v2\/product_cat?post=363293"},{"taxonomy":"product_tag","embeddable":true,"href":"https:\/\/positiveprints.com\/fr\/wp-json\/wp\/v2\/product_tag?post=363293"}],"curies":[{"name":"wp","href":"https:\/\/api.w.org\/{rel}","templated":true}]}}