{"id":363219,"date":"2022-07-22T18:58:48","date_gmt":"2022-07-22T17:58:48","guid":{"rendered":"https:\/\/positiveprints.com\/?post_type=product&#038;p=363219"},"modified":"2026-04-18T06:52:13","modified_gmt":"2026-04-18T05:52:13","slug":"art-donde-sonore-tu-es-mon-meilleur-ami-tu-es-ma-meilleure-amie","status":"publish","type":"product","link":"https:\/\/positiveprints.com\/fr\/produit\/art-donde-sonore-tu-es-mon-meilleur-ami-tu-es-ma-meilleure-amie\/","title":{"rendered":"Art d&#8217;Onde Sonore \u00ab Tu Es Mon Meilleur Ami \u00bb \/ \u00ab Tu Es Ma Meilleure Amie \u00bb"},"content":{"rendered":"","protected":false},"excerpt":{"rendered":"<ul class=\"check-list\">\n<li>Transformez votre voix ou n&#8217;importe quel son en une superbe \u0153uvre d&#8217;art personnalis\u00e9e<\/li>\n<li>Il suffit de t\u00e9l\u00e9charger un fichier audio<\/li>\n<li>Ajoutez un code QR et scannez-le pour lire votre chanson pr\u00e9f\u00e9r\u00e9e<\/li>\n<li>Personnalisez en 3 \u00e9tapes simples<\/li>\n<li>Choisissez un mod\u00e8le ou faites preuve de cr\u00e9ativit\u00e9<\/li>\n<\/ul>\n","protected":false},"featured_media":981807,"template":"","meta":[],"product_brand":[],"product_cat":[5264,15042,7829,7478],"product_tag":[8626,11867,13475,15218,15216,15217],"class_list":{"0":"post-363219","1":"product","2":"type-product","3":"status-publish","4":"has-post-thumbnail","6":"product_cat-cadeaux-de-noel","7":"product_cat-cadeaux-de-noel-pour-les-amis","8":"product_cat-cadeaux-pour-amis","9":"product_cat-soundwave-fr","10":"product_tag-amies","11":"product_tag-amitie","12":"product_tag-cadeaux-de-noel-pour-les-amis","13":"product_tag-christmas-gifts-for-friends-fr","14":"product_tag-friends-fr","15":"product_tag-friendship-fr","17":"first","18":"instock","19":"sale","20":"taxable","21":"shipping-taxable","22":"purchasable","23":"product-type-variable"},"yoast_head":"<!-- This site is optimized with the Yoast SEO Premium plugin v27.2 (Yoast SEO v27.2) - https:\/\/yoast.com\/product\/yoast-seo-premium-wordpress\/ -->\n<title>Tu Es Mon Meilleur(e) Ami(e) - Positive Prints<\/title>\n<meta name=\"description\" content=\"Tout le monde a un(e) ami(e) sp\u00e9cial(e), et il n&#039;y a pas de meilleur moyen de montrer votre appr\u00e9ciation que notre art d&#039;onde sonore \u00ab You Are My Best Friend \u00bb.\" \/>\n<meta name=\"robots\" content=\"index, follow, max-snippet:-1, max-image-preview:large, max-video-preview:-1\" \/>\n<link rel=\"canonical\" href=\"https:\/\/positiveprints.com\/fr\/produit\/art-donde-sonore-tu-es-mon-meilleur-ami-tu-es-ma-meilleure-amie\/\" \/>\n<meta property=\"og:locale\" content=\"fr_FR\" \/>\n<meta property=\"og:type\" content=\"article\" \/>\n<meta property=\"og:title\" content=\"Art d&#039;Onde Sonore \u00ab Tu Es Mon Meilleur Ami \u00bb \/ \u00ab Tu Es Ma Meilleure Amie \u00bb\" \/>\n<meta property=\"og:description\" content=\"Transformez votre voix ou n&#039;importe quel son en une superbe \u0153uvre d&#039;art personnalis\u00e9e Il suffit de t\u00e9l\u00e9charger un fichier audio Ajoutez un code QR et scannez-le pour lire votre chanson pr\u00e9f\u00e9r\u00e9e Personnalisez en 3 \u00e9tapes simples Choisissez un mod\u00e8le ou faites preuve de cr\u00e9ativit\u00e9\" \/>\n<meta property=\"og:url\" content=\"https:\/\/positiveprints.com\/fr\/produit\/art-donde-sonore-tu-es-mon-meilleur-ami-tu-es-ma-meilleure-amie\/\" \/>\n<meta property=\"og:site_name\" content=\"Positive Prints\" \/>\n<meta property=\"article:publisher\" content=\"https:\/\/www.facebook.com\/positiveprintscom\" \/>\n<meta property=\"article:modified_time\" content=\"2026-04-18T05:52:13+00:00\" \/>\n<meta property=\"og:image\" content=\"https:\/\/positiveprints.com\/wp-content\/uploads\/2023\/10\/Art-dOnde-Sonore-Tu-Es-Mon-Meilleur-Ami-Tu-Es-Ma-Meilleure-Amie-.jpg\" \/>\n\t<meta property=\"og:image:width\" content=\"1080\" \/>\n\t<meta property=\"og:image:height\" content=\"1080\" \/>\n\t<meta property=\"og:image:type\" content=\"image\/jpeg\" \/>\n<meta name=\"twitter:card\" content=\"summary_large_image\" \/>\n<!-- \/ Yoast SEO Premium plugin. -->","yoast_head_json":{"title":"Tu Es Mon Meilleur(e) Ami(e) - Positive Prints","description":"Tout le monde a un(e) ami(e) sp\u00e9cial(e), et il n'y a pas de meilleur moyen de montrer votre appr\u00e9ciation que notre art d'onde sonore \u00ab You Are My Best Friend \u00bb.","robots":{"index":"index","follow":"follow","max-snippet":"max-snippet:-1","max-image-preview":"max-image-preview:large","max-video-preview":"max-video-preview:-1"},"canonical":"https:\/\/positiveprints.com\/fr\/produit\/art-donde-sonore-tu-es-mon-meilleur-ami-tu-es-ma-meilleure-amie\/","og_locale":"fr_FR","og_type":"article","og_title":"Art d'Onde Sonore \u00ab Tu Es Mon Meilleur Ami \u00bb \/ \u00ab Tu Es Ma Meilleure Amie \u00bb","og_description":"Transformez votre voix ou n'importe quel son en une superbe \u0153uvre d'art personnalis\u00e9e Il suffit de t\u00e9l\u00e9charger un fichier audio Ajoutez un code QR et scannez-le pour lire votre chanson pr\u00e9f\u00e9r\u00e9e Personnalisez en 3 \u00e9tapes simples Choisissez un mod\u00e8le ou faites preuve de cr\u00e9ativit\u00e9","og_url":"https:\/\/positiveprints.com\/fr\/produit\/art-donde-sonore-tu-es-mon-meilleur-ami-tu-es-ma-meilleure-amie\/","og_site_name":"Positive Prints","article_publisher":"https:\/\/www.facebook.com\/positiveprintscom","article_modified_time":"2026-04-18T05:52:13+00:00","og_image":[{"width":1080,"height":1080,"url":"https:\/\/positiveprints.com\/wp-content\/uploads\/2023\/10\/Art-dOnde-Sonore-Tu-Es-Mon-Meilleur-Ami-Tu-Es-Ma-Meilleure-Amie-.jpg","type":"image\/jpeg"}],"twitter_card":"summary_large_image","schema":{"@context":"https:\/\/schema.org","@graph":[{"@type":["WebPage","ItemPage"],"@id":"https:\/\/positiveprints.com\/fr\/produit\/art-donde-sonore-tu-es-mon-meilleur-ami-tu-es-ma-meilleure-amie\/","url":"https:\/\/positiveprints.com\/fr\/produit\/art-donde-sonore-tu-es-mon-meilleur-ami-tu-es-ma-meilleure-amie\/","name":"Tu Es Mon Meilleur(e) Ami(e) - Positive Prints","isPartOf":{"@id":"https:\/\/positiveprints.com\/fr\/#website"},"primaryImageOfPage":{"@id":"https:\/\/positiveprints.com\/fr\/produit\/art-donde-sonore-tu-es-mon-meilleur-ami-tu-es-ma-meilleure-amie\/#primaryimage"},"image":{"@id":"https:\/\/positiveprints.com\/fr\/produit\/art-donde-sonore-tu-es-mon-meilleur-ami-tu-es-ma-meilleure-amie\/#primaryimage"},"thumbnailUrl":"https:\/\/positiveprints.com\/wp-content\/uploads\/2023\/10\/Art-dOnde-Sonore-Tu-Es-Mon-Meilleur-Ami-Tu-Es-Ma-Meilleure-Amie-.jpg","datePublished":"2022-07-22T17:58:48+00:00","dateModified":"2026-04-18T05:52:13+00:00","description":"Tout le monde a un(e) ami(e) sp\u00e9cial(e), et il n'y a pas de meilleur moyen de montrer votre appr\u00e9ciation que notre art d'onde sonore \u00ab You Are My Best Friend \u00bb.","breadcrumb":{"@id":"https:\/\/positiveprints.com\/fr\/produit\/art-donde-sonore-tu-es-mon-meilleur-ami-tu-es-ma-meilleure-amie\/#breadcrumb"},"inLanguage":"fr-FR","potentialAction":[{"@type":"ReadAction","target":["https:\/\/positiveprints.com\/fr\/produit\/art-donde-sonore-tu-es-mon-meilleur-ami-tu-es-ma-meilleure-amie\/"]}]},{"@type":"ImageObject","inLanguage":"fr-FR","@id":"https:\/\/positiveprints.com\/fr\/produit\/art-donde-sonore-tu-es-mon-meilleur-ami-tu-es-ma-meilleure-amie\/#primaryimage","url":"https:\/\/positiveprints.com\/wp-content\/uploads\/2023\/10\/Art-dOnde-Sonore-Tu-Es-Mon-Meilleur-Ami-Tu-Es-Ma-Meilleure-Amie-.jpg","contentUrl":"https:\/\/positiveprints.com\/wp-content\/uploads\/2023\/10\/Art-dOnde-Sonore-Tu-Es-Mon-Meilleur-Ami-Tu-Es-Ma-Meilleure-Amie-.jpg","width":1080,"height":1080,"caption":"Art d'Onde Sonore \u00ab Tu Es Mon Meilleur Ami \u00bb \u00ab Tu Es Ma Meilleure Amie \u00bb"},{"@type":"BreadcrumbList","@id":"https:\/\/positiveprints.com\/fr\/produit\/art-donde-sonore-tu-es-mon-meilleur-ami-tu-es-ma-meilleure-amie\/#breadcrumb","itemListElement":[{"@type":"ListItem","position":1,"name":"Home","item":"https:\/\/positiveprints.com\/fr\/"},{"@type":"ListItem","position":2,"name":"Produits","item":"https:\/\/positiveprints.com\/fr\/shop\/"},{"@type":"ListItem","position":3,"name":"Art d&#8217;Onde Sonore \u00ab Tu Es Mon Meilleur Ami \u00bb \/ \u00ab Tu Es Ma Meilleure Amie \u00bb"}]},{"@type":"WebSite","@id":"https:\/\/positiveprints.com\/fr\/#website","url":"https:\/\/positiveprints.com\/fr\/","name":"Positive Prints","description":"Amazing Custom Personalized Gifts","publisher":{"@id":"https:\/\/positiveprints.com\/fr\/#organization"},"potentialAction":[{"@type":"SearchAction","target":{"@type":"EntryPoint","urlTemplate":"https:\/\/positiveprints.com\/fr\/?s={search_term_string}"},"query-input":{"@type":"PropertyValueSpecification","valueRequired":true,"valueName":"search_term_string"}}],"inLanguage":"fr-FR"},{"@type":"Organization","@id":"https:\/\/positiveprints.com\/fr\/#organization","name":"Positive Prints","alternateName":"Positive Prints","url":"https:\/\/positiveprints.com\/fr\/","logo":{"@type":"ImageObject","inLanguage":"fr-FR","@id":"https:\/\/positiveprints.com\/fr\/#\/schema\/logo\/image\/","url":"https:\/\/positiveprints.com\/wp-content\/uploads\/2026\/03\/245815646_1337939713319158_5671353136411139666_n.png","contentUrl":"https:\/\/positiveprints.com\/wp-content\/uploads\/2026\/03\/245815646_1337939713319158_5671353136411139666_n.png","width":800,"height":800,"caption":"Positive Prints"},"image":{"@id":"https:\/\/positiveprints.com\/fr\/#\/schema\/logo\/image\/"},"sameAs":["https:\/\/www.facebook.com\/positiveprintscom","https:\/\/www.instagram.com\/positiveprintscom\/","https:\/\/www.tiktok.com\/@positiveprintscom","https:\/\/www.pinterest.com\/positiveprintscom\/"]}]}},"jetpack_sharing_enabled":true,"_links":{"self":[{"href":"https:\/\/positiveprints.com\/fr\/wp-json\/wp\/v2\/product\/363219","targetHints":{"allow":["GET"]}}],"collection":[{"href":"https:\/\/positiveprints.com\/fr\/wp-json\/wp\/v2\/product"}],"about":[{"href":"https:\/\/positiveprints.com\/fr\/wp-json\/wp\/v2\/types\/product"}],"wp:featuredmedia":[{"embeddable":true,"href":"https:\/\/positiveprints.com\/fr\/wp-json\/wp\/v2\/media\/981807"}],"wp:attachment":[{"href":"https:\/\/positiveprints.com\/fr\/wp-json\/wp\/v2\/media?parent=363219"}],"wp:term":[{"taxonomy":"product_brand","embeddable":true,"href":"https:\/\/positiveprints.com\/fr\/wp-json\/wp\/v2\/product_brand?post=363219"},{"taxonomy":"product_cat","embeddable":true,"href":"https:\/\/positiveprints.com\/fr\/wp-json\/wp\/v2\/product_cat?post=363219"},{"taxonomy":"product_tag","embeddable":true,"href":"https:\/\/positiveprints.com\/fr\/wp-json\/wp\/v2\/product_tag?post=363219"}],"curies":[{"name":"wp","href":"https:\/\/api.w.org\/{rel}","templated":true}]}}