{"id":363182,"date":"2025-06-27T15:31:35","date_gmt":"2025-06-27T13:31:35","guid":{"rendered":"https:\/\/positiveprints.com\/?post_type=product&#038;p=363182"},"modified":"2026-05-12T09:24:43","modified_gmt":"2026-05-12T08:24:43","slug":"art-donde-sonore-enregistrement-vocal-commemoratif","status":"publish","type":"product","link":"https:\/\/positiveprints.com\/fr\/produit\/art-donde-sonore-enregistrement-vocal-commemoratif\/","title":{"rendered":"Art d&#8217;Onde Sonore Enregistrement Vocal Souvenir"},"content":{"rendered":"","protected":false},"excerpt":{"rendered":"<ul class=\"check-list\">\n<li>Transformez la voix de votre bien-aim\u00e9(e) en une belle \u0153uvre d&#8217;art et gardez leur m\u00e9moire vivante<\/li>\n<li>Il suffit de t\u00e9l\u00e9charger un fichier audio<\/li>\n<li>Ajoutez un code QR et scannez-le pour lire votre chanson pr\u00e9f\u00e9r\u00e9e<\/li>\n<li>Personnalisez votre design en 3 \u00e9tapes simples<\/li>\n<li>Choisissez un mod\u00e8le ou faites preuve de cr\u00e9ativit\u00e9<\/li>\n<\/ul>\n","protected":false},"featured_media":1470000,"template":"","meta":[],"product_brand":[],"product_cat":[7989,7478],"product_tag":[15404,15354,15355,15356,15357,15358,15359,15360,15361,8612],"class_list":{"0":"post-363182","1":"product","2":"type-product","3":"status-publish","4":"has-post-thumbnail","6":"product_cat-cadeaux-de-condoleances-idees-cadeaux","7":"product_cat-soundwave-fr","8":"product_tag-audio-fr","9":"product_tag-condolence-gift-fr","10":"product_tag-condolence-gifts-fr","11":"product_tag-grief-support-gift-fr","12":"product_tag-memorial-fr","13":"product_tag-memorial-gift-fr","14":"product_tag-remembrance-gift-fr","15":"product_tag-sympathy-gift-fr","16":"product_tag-sympathy-gifts-fr","17":"product_tag-sympathy-fr","19":"first","20":"instock","21":"sale","22":"taxable","23":"shipping-taxable","24":"purchasable","25":"product-type-variable"},"yoast_head":"<!-- This site is optimized with the Yoast SEO Premium plugin v27.2 (Yoast SEO v27.2) - https:\/\/yoast.com\/product\/yoast-seo-premium-wordpress\/ -->\n<title>Art d&#039;Onde Sonore Enregistrement Vocal - Positive Prints<\/title>\n<meta name=\"description\" content=\"Transformez un message vocal pr\u00e9cieux en une \u0153uvre d&#039;art visuelle unique avec notre Art d&#039;Onde Sonore, un cadeau comm\u00e9moratif touchant qui pr\u00e9serve \u00e0 jamais la voix d&#039;un \u00eatre cher.\" \/>\n<meta name=\"robots\" content=\"index, follow, max-snippet:-1, max-image-preview:large, max-video-preview:-1\" \/>\n<link rel=\"canonical\" href=\"https:\/\/positiveprints.com\/fr\/produit\/art-donde-sonore-enregistrement-vocal-commemoratif\/\" \/>\n<meta property=\"og:locale\" content=\"fr_FR\" \/>\n<meta property=\"og:type\" content=\"article\" \/>\n<meta property=\"og:title\" content=\"Art d&#039;Onde Sonore Enregistrement Vocal Souvenir\" \/>\n<meta property=\"og:description\" content=\"Transformez la voix de votre bien-aim\u00e9(e) en une belle \u0153uvre d&#039;art et gardez leur m\u00e9moire vivante Il suffit de t\u00e9l\u00e9charger un fichier audio Ajoutez un code QR et scannez-le pour lire votre chanson pr\u00e9f\u00e9r\u00e9e Personnalisez votre design en 3 \u00e9tapes simples Choisissez un mod\u00e8le ou faites preuve de cr\u00e9ativit\u00e9\" \/>\n<meta property=\"og:url\" content=\"https:\/\/positiveprints.com\/fr\/produit\/art-donde-sonore-enregistrement-vocal-commemoratif\/\" \/>\n<meta property=\"og:site_name\" content=\"Positive Prints\" \/>\n<meta property=\"article:publisher\" content=\"https:\/\/www.facebook.com\/positiveprintscom\" \/>\n<meta property=\"article:modified_time\" content=\"2026-05-12T08:24:43+00:00\" \/>\n<meta property=\"og:image\" content=\"https:\/\/positiveprints.com\/wp-content\/uploads\/2023\/10\/Art-dOnde-Sonore-Enregistrement-Vocal-Souvenir.jpg\" \/>\n\t<meta property=\"og:image:width\" content=\"1080\" \/>\n\t<meta property=\"og:image:height\" content=\"1080\" \/>\n\t<meta property=\"og:image:type\" content=\"image\/jpeg\" \/>\n<meta name=\"twitter:card\" content=\"summary_large_image\" \/>\n<!-- \/ Yoast SEO Premium plugin. -->","yoast_head_json":{"title":"Art d'Onde Sonore Enregistrement Vocal - Positive Prints","description":"Transformez un message vocal pr\u00e9cieux en une \u0153uvre d'art visuelle unique avec notre Art d'Onde Sonore, un cadeau comm\u00e9moratif touchant qui pr\u00e9serve \u00e0 jamais la voix d'un \u00eatre cher.","robots":{"index":"index","follow":"follow","max-snippet":"max-snippet:-1","max-image-preview":"max-image-preview:large","max-video-preview":"max-video-preview:-1"},"canonical":"https:\/\/positiveprints.com\/fr\/produit\/art-donde-sonore-enregistrement-vocal-commemoratif\/","og_locale":"fr_FR","og_type":"article","og_title":"Art d'Onde Sonore Enregistrement Vocal Souvenir","og_description":"Transformez la voix de votre bien-aim\u00e9(e) en une belle \u0153uvre d'art et gardez leur m\u00e9moire vivante Il suffit de t\u00e9l\u00e9charger un fichier audio Ajoutez un code QR et scannez-le pour lire votre chanson pr\u00e9f\u00e9r\u00e9e Personnalisez votre design en 3 \u00e9tapes simples Choisissez un mod\u00e8le ou faites preuve de cr\u00e9ativit\u00e9","og_url":"https:\/\/positiveprints.com\/fr\/produit\/art-donde-sonore-enregistrement-vocal-commemoratif\/","og_site_name":"Positive Prints","article_publisher":"https:\/\/www.facebook.com\/positiveprintscom","article_modified_time":"2026-05-12T08:24:43+00:00","og_image":[{"width":1080,"height":1080,"url":"https:\/\/positiveprints.com\/wp-content\/uploads\/2023\/10\/Art-dOnde-Sonore-Enregistrement-Vocal-Souvenir.jpg","type":"image\/jpeg"}],"twitter_card":"summary_large_image","schema":{"@context":"https:\/\/schema.org","@graph":[{"@type":["WebPage","ItemPage"],"@id":"https:\/\/positiveprints.com\/fr\/produit\/art-donde-sonore-enregistrement-vocal-commemoratif\/","url":"https:\/\/positiveprints.com\/fr\/produit\/art-donde-sonore-enregistrement-vocal-commemoratif\/","name":"Art d'Onde Sonore Enregistrement Vocal - Positive Prints","isPartOf":{"@id":"https:\/\/positiveprints.com\/fr\/#website"},"primaryImageOfPage":{"@id":"https:\/\/positiveprints.com\/fr\/produit\/art-donde-sonore-enregistrement-vocal-commemoratif\/#primaryimage"},"image":{"@id":"https:\/\/positiveprints.com\/fr\/produit\/art-donde-sonore-enregistrement-vocal-commemoratif\/#primaryimage"},"thumbnailUrl":"https:\/\/positiveprints.com\/wp-content\/uploads\/2025\/07\/Packshot_FR_Art-dOnde-Sonore-Enregistrement-Vocal-Souvenir.webp","datePublished":"2025-06-27T13:31:35+00:00","dateModified":"2026-05-12T08:24:43+00:00","description":"Transformez un message vocal pr\u00e9cieux en une \u0153uvre d'art visuelle unique avec notre Art d'Onde Sonore, un cadeau comm\u00e9moratif touchant qui pr\u00e9serve \u00e0 jamais la voix d'un \u00eatre cher.","breadcrumb":{"@id":"https:\/\/positiveprints.com\/fr\/produit\/art-donde-sonore-enregistrement-vocal-commemoratif\/#breadcrumb"},"inLanguage":"fr-FR","potentialAction":[{"@type":"ReadAction","target":["https:\/\/positiveprints.com\/fr\/produit\/art-donde-sonore-enregistrement-vocal-commemoratif\/"]}]},{"@type":"ImageObject","inLanguage":"fr-FR","@id":"https:\/\/positiveprints.com\/fr\/produit\/art-donde-sonore-enregistrement-vocal-commemoratif\/#primaryimage","url":"https:\/\/positiveprints.com\/wp-content\/uploads\/2025\/07\/Packshot_FR_Art-dOnde-Sonore-Enregistrement-Vocal-Souvenir.webp","contentUrl":"https:\/\/positiveprints.com\/wp-content\/uploads\/2025\/07\/Packshot_FR_Art-dOnde-Sonore-Enregistrement-Vocal-Souvenir.webp","width":1450,"height":1450,"caption":"Packshot_FR_Art d'Onde Sonore Enregistrement Vocal Souvenir"},{"@type":"BreadcrumbList","@id":"https:\/\/positiveprints.com\/fr\/produit\/art-donde-sonore-enregistrement-vocal-commemoratif\/#breadcrumb","itemListElement":[{"@type":"ListItem","position":1,"name":"Home","item":"https:\/\/positiveprints.com\/fr\/"},{"@type":"ListItem","position":2,"name":"Produits","item":"https:\/\/positiveprints.com\/fr\/shop\/"},{"@type":"ListItem","position":3,"name":"Art d&#8217;Onde Sonore Enregistrement Vocal Souvenir"}]},{"@type":"WebSite","@id":"https:\/\/positiveprints.com\/fr\/#website","url":"https:\/\/positiveprints.com\/fr\/","name":"Positive Prints","description":"Amazing Custom Personalized Gifts","publisher":{"@id":"https:\/\/positiveprints.com\/fr\/#organization"},"potentialAction":[{"@type":"SearchAction","target":{"@type":"EntryPoint","urlTemplate":"https:\/\/positiveprints.com\/fr\/?s={search_term_string}"},"query-input":{"@type":"PropertyValueSpecification","valueRequired":true,"valueName":"search_term_string"}}],"inLanguage":"fr-FR"},{"@type":"Organization","@id":"https:\/\/positiveprints.com\/fr\/#organization","name":"Positive Prints","alternateName":"Positive Prints","url":"https:\/\/positiveprints.com\/fr\/","logo":{"@type":"ImageObject","inLanguage":"fr-FR","@id":"https:\/\/positiveprints.com\/fr\/#\/schema\/logo\/image\/","url":"https:\/\/positiveprints.com\/wp-content\/uploads\/2026\/03\/245815646_1337939713319158_5671353136411139666_n.png","contentUrl":"https:\/\/positiveprints.com\/wp-content\/uploads\/2026\/03\/245815646_1337939713319158_5671353136411139666_n.png","width":800,"height":800,"caption":"Positive Prints"},"image":{"@id":"https:\/\/positiveprints.com\/fr\/#\/schema\/logo\/image\/"},"sameAs":["https:\/\/www.facebook.com\/positiveprintscom","https:\/\/www.instagram.com\/positiveprintscom\/","https:\/\/www.tiktok.com\/@positiveprintscom","https:\/\/www.pinterest.com\/positiveprintscom\/"]}]}},"jetpack_sharing_enabled":true,"_links":{"self":[{"href":"https:\/\/positiveprints.com\/fr\/wp-json\/wp\/v2\/product\/363182","targetHints":{"allow":["GET"]}}],"collection":[{"href":"https:\/\/positiveprints.com\/fr\/wp-json\/wp\/v2\/product"}],"about":[{"href":"https:\/\/positiveprints.com\/fr\/wp-json\/wp\/v2\/types\/product"}],"wp:featuredmedia":[{"embeddable":true,"href":"https:\/\/positiveprints.com\/fr\/wp-json\/wp\/v2\/media\/1470000"}],"wp:attachment":[{"href":"https:\/\/positiveprints.com\/fr\/wp-json\/wp\/v2\/media?parent=363182"}],"wp:term":[{"taxonomy":"product_brand","embeddable":true,"href":"https:\/\/positiveprints.com\/fr\/wp-json\/wp\/v2\/product_brand?post=363182"},{"taxonomy":"product_cat","embeddable":true,"href":"https:\/\/positiveprints.com\/fr\/wp-json\/wp\/v2\/product_cat?post=363182"},{"taxonomy":"product_tag","embeddable":true,"href":"https:\/\/positiveprints.com\/fr\/wp-json\/wp\/v2\/product_tag?post=363182"}],"curies":[{"name":"wp","href":"https:\/\/api.w.org\/{rel}","templated":true}]}}