{"id":362783,"date":"2022-10-31T16:15:36","date_gmt":"2022-10-31T15:15:36","guid":{"rendered":"https:\/\/positiveprints.com\/?post_type=product&#038;p=362783"},"modified":"2026-04-12T22:49:21","modified_gmt":"2026-04-12T21:49:21","slug":"cadeau-photo-anniversaire-de-mariage","status":"publish","type":"product","link":"https:\/\/positiveprints.com\/fr\/produit\/cadeau-photo-anniversaire-de-mariage\/","title":{"rendered":"Cadeau Photo Anniversaire de Mariage"},"content":{"rendered":"Votre anniversaire de mariage est un jour pas comme les autres. C&#8217;est l&#8217;occasion de se rem\u00e9morer le jour o\u00f9 vous avez entam\u00e9 ensemble un voyage unique et merveilleux dans la vie. Prenez le temps de la r\u00e9flexion en transformant ce jour sp\u00e9cial en un cadeau photo d&#8217;anniversaire de mariage personnalis\u00e9 !\n\n<h2 class=\"grenB f24 cblue\" style=\"margin-top: 3rem;\">Cadeau photo d&#8217;anniversaire de mariage personnalis\u00e9 simplifi\u00e9 !<\/h2>\n\n<p style=\"margin-top: 1rem;\">Transformez vos photos de couple les plus pr\u00e9cieuses en de magnifiques \u0153uvres d&#8217;art. Positive Prints offre une gamme de cadeaux photo d&#8217;anniversaire de mariage qui font de votre histoire d&#8217;amour la vedette du spectacle ! Ces cadeaux sont uniques en leur genre, car ils sont enti\u00e8rement consacr\u00e9s \u00e0 vous, \u00e0 la vie et \u00e0 l&#8217;amour que vous avez construits ensemble. Que vous f\u00eatiez votre premi\u00e8re ann\u00e9e de mariage ou vos 50 ans de vie commune, les cadeaux photo d&#8217;anniversaire de mariage immortalisent tous vos meilleurs moments, dont vous vous souviendrez pendant des ann\u00e9es.<\/p>\n\n\n\n<h2 class=\"grenB f24 cblue\" style=\"margin-top: 3rem;\">Comment \u00e7a marche<\/h2>\n\n<p style=\"margin-top: 1rem;\">Positive Prints permet de cr\u00e9er facilement des cadeaux d&#8217;anniversaire personnalis\u00e9s en quelques clics et avec la photo de votre choix. Qu&#8217;il s&#8217;agisse de photos de fian\u00e7ailles, de photos de mariage, de photos prises lors de vacances ou d&#8217;aventures quotidiennes, votre cadeau est unique en son genre !<\/p>\n\n<p style=\"margin-top: 1rem;\">Il vous suffit de t\u00e9l\u00e9charger votre photo sur Positive Prints, puis d&#8217;ajouter vos d\u00e9tails personnalis\u00e9s. Incluez une date, une citation ou un message sp\u00e9cial, ou encore un mot marquant qui vous aide \u00e0 raconter votre histoire d&#8217;amour. Regardez votre cadeau photo prendre vie en temps r\u00e9el et sachez exactement \u00e0 quoi il ressemblera lorsque vous surprendrez votre bien-aim\u00e9(e).<\/p>\n\n<p style=\"margin-top: 1rem;\">Choisissez parmi une gamme de formats d&#8217;impression courants, ainsi que des impressions photo sur toile qui sont parfaits pour \u00eatre expos\u00e9s chez vous. Nous exp\u00e9dions tous les cadeaux photo personnalis\u00e9s partout dans le monde. Ou, si vous en avez besoin plus rapidement, choisissez l&#8217;option de t\u00e9l\u00e9chargement num\u00e9rique pour que votre cadeau soit envoy\u00e9 par e-mail afin d&#8217;\u00eatre imprim\u00e9 localement.<\/p>\n\n\n\n<h2 class=\"grenB f24 cblue\" style=\"margin-top: 3rem;\">Une ann\u00e9e de moins, une vie de plus<\/h2>\n\n<p style=\"margin-top: 1rem;\">Comment mesurer une vie d&#8217;amour ? La r\u00e9ponse est propre \u00e0 chaque couple, mais il est clair que les photos vous donnent une raison de vous rem\u00e9morer tous ces moments magiques qui vous ont amen\u00e9s ici et maintenant. C\u00e9l\u00e9brez une nouvelle ann\u00e9e de vie commune avec les cadeaux photo d&#8217;anniversaire personnalis\u00e9s de Positive Prints !<\/p>","protected":false},"excerpt":{"rendered":"<ul class=\"check-list\">\n<li>C\u00e9l\u00e9brez vos moments pr\u00e9cieux en cr\u00e9ant un cadeau d&#8217;anniversaire de mariage sinc\u00e8re et personnalis\u00e9 pour votre bien-aim\u00e9(e)<\/li>\n<li>Ajouter des superpositions de texte pour rendre chaque cadeau sp\u00e9cial et pr\u00e9cieux<\/li>\n<li>Personnalisez en 3 \u00e9tapes simples<\/li>\n<li>Vois le r\u00e9sultat imm\u00e9diatement \u2013 l\u2019aper\u00e7u interactif te permet de peaufiner chaque d\u00e9tail<\/li>\n<\/ul>\n","protected":false},"featured_media":635669,"template":"","meta":[],"product_brand":[],"product_cat":[7495,5328,11177,11175,11176],"product_tag":[8371,14849],"class_list":{"0":"post-362783","1":"product","2":"type-product","3":"status-publish","4":"has-post-thumbnail","6":"product_cat-photo-fr","7":"product_cat-cadeaux-de-commemorations","8":"product_cat-cadeaux-danniversaire-pour-couples","9":"product_cat-cadeaux-danniversaire-pour-femme","10":"product_cat-cadeaux-danniversaire-pour-homme","11":"product_tag-anniversaire","12":"product_tag-anniversary-fr","14":"first","15":"instock","16":"sale","17":"taxable","18":"shipping-taxable","19":"purchasable","20":"product-type-variable"},"yoast_head":"<!-- This site is optimized with the Yoast SEO Premium plugin v27.2 (Yoast SEO v27.2) - https:\/\/yoast.com\/product\/yoast-seo-premium-wordpress\/ -->\n<title>Cadeau Photo Anniversaire de Mariage - Positive Prints<\/title>\n<meta name=\"description\" content=\"Faites plaisir \u00e0 votre conjoint en c\u00e9l\u00e9brant l&#039;un des meilleurs jours de votre vie avec un cadeau photo d&#039;anniversaire de mariage. Livraison rapide!\" \/>\n<meta name=\"robots\" content=\"index, follow, max-snippet:-1, max-image-preview:large, max-video-preview:-1\" \/>\n<link rel=\"canonical\" href=\"https:\/\/positiveprints.com\/fr\/produit\/cadeau-photo-anniversaire-de-mariage\/\" \/>\n<meta property=\"og:locale\" content=\"fr_FR\" \/>\n<meta property=\"og:type\" content=\"article\" \/>\n<meta property=\"og:title\" content=\"Cadeau Photo Anniversaire de Mariage\" \/>\n<meta property=\"og:description\" content=\"C\u00e9l\u00e9brez vos moments pr\u00e9cieux en cr\u00e9ant un cadeau d&#039;anniversaire de mariage sinc\u00e8re et personnalis\u00e9 pour votre bien-aim\u00e9(e) Ajouter des superpositions de texte pour rendre chaque cadeau sp\u00e9cial et pr\u00e9cieux Personnalisez en 3 \u00e9tapes simples Vois le r\u00e9sultat imm\u00e9diatement \u2013 l\u2019aper\u00e7u interactif te permet de peaufiner chaque d\u00e9tail\" \/>\n<meta property=\"og:url\" content=\"https:\/\/positiveprints.com\/fr\/produit\/cadeau-photo-anniversaire-de-mariage\/\" \/>\n<meta property=\"og:site_name\" content=\"Positive Prints\" \/>\n<meta property=\"article:publisher\" content=\"https:\/\/www.facebook.com\/positiveprintscom\" \/>\n<meta property=\"article:modified_time\" content=\"2026-04-12T21:49:21+00:00\" \/>\n<meta property=\"og:image\" content=\"https:\/\/positiveprints.com\/wp-content\/uploads\/2023\/07\/Cadeau-Photo-Anniversaire-de-Mariage.jpg\" \/>\n\t<meta property=\"og:image:width\" content=\"1080\" \/>\n\t<meta property=\"og:image:height\" content=\"1080\" \/>\n\t<meta property=\"og:image:type\" content=\"image\/jpeg\" \/>\n<meta name=\"twitter:card\" content=\"summary_large_image\" \/>\n<!-- \/ Yoast SEO Premium plugin. -->","yoast_head_json":{"title":"Cadeau Photo Anniversaire de Mariage - Positive Prints","description":"Faites plaisir \u00e0 votre conjoint en c\u00e9l\u00e9brant l'un des meilleurs jours de votre vie avec un cadeau photo d'anniversaire de mariage. Livraison rapide!","robots":{"index":"index","follow":"follow","max-snippet":"max-snippet:-1","max-image-preview":"max-image-preview:large","max-video-preview":"max-video-preview:-1"},"canonical":"https:\/\/positiveprints.com\/fr\/produit\/cadeau-photo-anniversaire-de-mariage\/","og_locale":"fr_FR","og_type":"article","og_title":"Cadeau Photo Anniversaire de Mariage","og_description":"C\u00e9l\u00e9brez vos moments pr\u00e9cieux en cr\u00e9ant un cadeau d'anniversaire de mariage sinc\u00e8re et personnalis\u00e9 pour votre bien-aim\u00e9(e) Ajouter des superpositions de texte pour rendre chaque cadeau sp\u00e9cial et pr\u00e9cieux Personnalisez en 3 \u00e9tapes simples Vois le r\u00e9sultat imm\u00e9diatement \u2013 l\u2019aper\u00e7u interactif te permet de peaufiner chaque d\u00e9tail","og_url":"https:\/\/positiveprints.com\/fr\/produit\/cadeau-photo-anniversaire-de-mariage\/","og_site_name":"Positive Prints","article_publisher":"https:\/\/www.facebook.com\/positiveprintscom","article_modified_time":"2026-04-12T21:49:21+00:00","og_image":[{"width":1080,"height":1080,"url":"https:\/\/positiveprints.com\/wp-content\/uploads\/2023\/07\/Cadeau-Photo-Anniversaire-de-Mariage.jpg","type":"image\/jpeg"}],"twitter_card":"summary_large_image","schema":{"@context":"https:\/\/schema.org","@graph":[{"@type":["WebPage","ItemPage"],"@id":"https:\/\/positiveprints.com\/fr\/produit\/cadeau-photo-anniversaire-de-mariage\/","url":"https:\/\/positiveprints.com\/fr\/produit\/cadeau-photo-anniversaire-de-mariage\/","name":"Cadeau Photo Anniversaire de Mariage - Positive Prints","isPartOf":{"@id":"https:\/\/positiveprints.com\/fr\/#website"},"primaryImageOfPage":{"@id":"https:\/\/positiveprints.com\/fr\/produit\/cadeau-photo-anniversaire-de-mariage\/#primaryimage"},"image":{"@id":"https:\/\/positiveprints.com\/fr\/produit\/cadeau-photo-anniversaire-de-mariage\/#primaryimage"},"thumbnailUrl":"https:\/\/positiveprints.com\/wp-content\/uploads\/2023\/07\/Cadeau-Photo-Anniversaire-de-Mariage.jpg","datePublished":"2022-10-31T15:15:36+00:00","dateModified":"2026-04-12T21:49:21+00:00","description":"Faites plaisir \u00e0 votre conjoint en c\u00e9l\u00e9brant l'un des meilleurs jours de votre vie avec un cadeau photo d'anniversaire de mariage. Livraison rapide!","breadcrumb":{"@id":"https:\/\/positiveprints.com\/fr\/produit\/cadeau-photo-anniversaire-de-mariage\/#breadcrumb"},"inLanguage":"fr-FR","potentialAction":[{"@type":"ReadAction","target":["https:\/\/positiveprints.com\/fr\/produit\/cadeau-photo-anniversaire-de-mariage\/"]}]},{"@type":"ImageObject","inLanguage":"fr-FR","@id":"https:\/\/positiveprints.com\/fr\/produit\/cadeau-photo-anniversaire-de-mariage\/#primaryimage","url":"https:\/\/positiveprints.com\/wp-content\/uploads\/2023\/07\/Cadeau-Photo-Anniversaire-de-Mariage.jpg","contentUrl":"https:\/\/positiveprints.com\/wp-content\/uploads\/2023\/07\/Cadeau-Photo-Anniversaire-de-Mariage.jpg","width":1080,"height":1080,"caption":"Cadeau Photo Anniversaire de Mariage"},{"@type":"BreadcrumbList","@id":"https:\/\/positiveprints.com\/fr\/produit\/cadeau-photo-anniversaire-de-mariage\/#breadcrumb","itemListElement":[{"@type":"ListItem","position":1,"name":"Home","item":"https:\/\/positiveprints.com\/fr\/"},{"@type":"ListItem","position":2,"name":"Produits","item":"https:\/\/positiveprints.com\/fr\/shop\/"},{"@type":"ListItem","position":3,"name":"Cadeau Photo Anniversaire de Mariage"}]},{"@type":"WebSite","@id":"https:\/\/positiveprints.com\/fr\/#website","url":"https:\/\/positiveprints.com\/fr\/","name":"Positive Prints","description":"Amazing Custom Personalized Gifts","publisher":{"@id":"https:\/\/positiveprints.com\/fr\/#organization"},"potentialAction":[{"@type":"SearchAction","target":{"@type":"EntryPoint","urlTemplate":"https:\/\/positiveprints.com\/fr\/?s={search_term_string}"},"query-input":{"@type":"PropertyValueSpecification","valueRequired":true,"valueName":"search_term_string"}}],"inLanguage":"fr-FR"},{"@type":"Organization","@id":"https:\/\/positiveprints.com\/fr\/#organization","name":"Positive Prints","alternateName":"Positive Prints","url":"https:\/\/positiveprints.com\/fr\/","logo":{"@type":"ImageObject","inLanguage":"fr-FR","@id":"https:\/\/positiveprints.com\/fr\/#\/schema\/logo\/image\/","url":"https:\/\/positiveprints.com\/wp-content\/uploads\/2026\/03\/245815646_1337939713319158_5671353136411139666_n.png","contentUrl":"https:\/\/positiveprints.com\/wp-content\/uploads\/2026\/03\/245815646_1337939713319158_5671353136411139666_n.png","width":800,"height":800,"caption":"Positive Prints"},"image":{"@id":"https:\/\/positiveprints.com\/fr\/#\/schema\/logo\/image\/"},"sameAs":["https:\/\/www.facebook.com\/positiveprintscom","https:\/\/www.instagram.com\/positiveprintscom\/","https:\/\/www.tiktok.com\/@positiveprintscom","https:\/\/www.pinterest.com\/positiveprintscom\/"]}]}},"jetpack_sharing_enabled":true,"_links":{"self":[{"href":"https:\/\/positiveprints.com\/fr\/wp-json\/wp\/v2\/product\/362783","targetHints":{"allow":["GET"]}}],"collection":[{"href":"https:\/\/positiveprints.com\/fr\/wp-json\/wp\/v2\/product"}],"about":[{"href":"https:\/\/positiveprints.com\/fr\/wp-json\/wp\/v2\/types\/product"}],"wp:featuredmedia":[{"embeddable":true,"href":"https:\/\/positiveprints.com\/fr\/wp-json\/wp\/v2\/media\/635669"}],"wp:attachment":[{"href":"https:\/\/positiveprints.com\/fr\/wp-json\/wp\/v2\/media?parent=362783"}],"wp:term":[{"taxonomy":"product_brand","embeddable":true,"href":"https:\/\/positiveprints.com\/fr\/wp-json\/wp\/v2\/product_brand?post=362783"},{"taxonomy":"product_cat","embeddable":true,"href":"https:\/\/positiveprints.com\/fr\/wp-json\/wp\/v2\/product_cat?post=362783"},{"taxonomy":"product_tag","embeddable":true,"href":"https:\/\/positiveprints.com\/fr\/wp-json\/wp\/v2\/product_tag?post=362783"}],"curies":[{"name":"wp","href":"https:\/\/api.w.org\/{rel}","templated":true}]}}