{"id":362744,"date":"2022-07-21T12:51:35","date_gmt":"2022-07-21T11:51:35","guid":{"rendered":"https:\/\/positiveprints.com\/?post_type=product&#038;p=362744"},"modified":"2026-04-28T14:31:33","modified_gmt":"2026-04-28T13:31:33","slug":"art-donde-sonore-veux-tu-mepouser","status":"publish","type":"product","link":"https:\/\/positiveprints.com\/fr\/produit\/art-donde-sonore-veux-tu-mepouser\/","title":{"rendered":"Art d&#8217;Onde Sonore \u00ab Veux-Tu M&#8217;\u00c9pouser ? \u00bb"},"content":{"rendered":"<p>Veux-tu m&#8217;\u00e9pouser ? C&#8217;est une question que beaucoup souhaitent entendre ou dire. Et lorsque ce moment arrivera enfin, vous pourrez le rejouer encore et encore gr\u00e2ce \u00e0 une impression d&#8217;art d&#8217;onde sonore Veux-tu m&#8217;\u00e9pouser.<\/p>\n\n\n\n\n\n<h2 class=\"grenB f24 cblue\" style=\"margin-top: 3rem\">L&#8217;amour vient d&#8217;abord, le mariage ensuite<\/h2>\n\n\n\n<p style=\"margin-top: 1rem\">D\u00e9cider de se marier avec l&#8217;amour de sa vie est un grand pas, m\u00eame si l&#8217;on se sent pr\u00eat \u00e0 le faire. C&#8217;est l&#8217;un des moments les plus heureux de votre vie jusqu&#8217;\u00e0 pr\u00e9sent, et il m\u00e9rite d&#8217;\u00eatre comm\u00e9mor\u00e9 avec style. C&#8217;est pourquoi nous avons cr\u00e9\u00e9 notre \u0153uvre d&#8217;art d&#8217;onde sonore Veux-tu m&#8217;\u00e9pouser. Nous cr\u00e9ons une onde sonore visuelle \u00e0 partir d&#8217;un enregistrement de vous ou de votre fianc\u00e9 posant la question.<\/p>\n\n\n\n<p style=\"margin-top: 1rem\">L&#8217;art est le cadeau id\u00e9al pour un premier anniversaire de mariage, \u00e9galement connu sous le nom de noces de papier. Vous pouvez \u00e9galement inclure votre \u0153uvre d&#8217;art dans le d\u00e9cor de votre mariage afin que vos invit\u00e9s puissent voir et entendre ce doux moment qui a marqu\u00e9 le d\u00e9but d&#8217;un nouveau chapitre dans votre vie.<\/p>\n\n\n\n\n\n<h2 class=\"grenB f24 cblue\" style=\"margin-top: 3rem\">Comment \u00e7a marche<\/h2>\n\n\n\n<p style=\"margin-top: 1rem\">Nous avons con\u00e7u notre g\u00e9n\u00e9rateur d&#8217;\u0153uvres d&#8217;art pour qu&#8217;il soit facile \u00e0 utiliser et qu&#8217;il vous aide \u00e0 cr\u00e9er un chef-d&#8217;\u0153uvre en quelques minutes. Pour commencer, t\u00e9l\u00e9chargez votre fichier audio de vous ou de votre grand amour disant Veux-tu m&#8217;\u00e9pouser. Il peut s&#8217;agir du v\u00e9ritable enregistrement (si vous avez \u00e9t\u00e9 pr\u00e9voyant pour capturer ce moment), ou simplement d&#8217;un nouvel enregistrement avec leur voix et leur ton. Observez comment notre technologie fait entrer votre son dans le monde visuel ! Appliquez l&#8217;un de nos mod\u00e8les pr\u00e9con\u00e7us qui ajoutent de la couleur et des d\u00e9tails \u00e0 votre  art mural d&#8217;onde sonore. Incluez un peu de texte, par exemple vos noms et la date de vos fian\u00e7ailles. Allez aux limites de votre imagination !<\/p>\n\n\n\n<p style=\"margin-top: 1rem\">Nous vous sugg\u00e9rons de commander un poster imprim\u00e9 ou une toile, tous deux parfaits pour \u00eatre expos\u00e9s chez vous. Nous proposons toutes nos impressions dans des tailles standard pour faciliter la s\u00e9lection du cadre id\u00e9al. Vous pouvez \u00e9galement choisir le t\u00e9l\u00e9chargement num\u00e9rique pour une livraison instantan\u00e9e et faire imprimer votre onde sonore pr\u00e8s de chez vous.<\/p>\n\n\n\n<h2 class=\"grenB f24 cblue\" style=\"margin-top: 3rem\">Cr\u00e9ez une onde sonore Veux-tu m&#8217;\u00e9pouser en quelques minutes<\/h2>\n\n\n\n<p style=\"margin-top: 1rem\">Vos fian\u00e7ailles sont uniques et m\u00e9ritent d&#8217;\u00eatre pr\u00e9serv\u00e9es pour la vie. Nos cadeaux personnalis\u00e9s Veux-tu m&#8217;\u00e9pouser sont un excellent moyen de partager votre histoire avec ceux que vous aimez.<\/p>","protected":false},"excerpt":{"rendered":"<ul class=\"check-list\">\n<li>Ajoutez une touche de cr\u00e9ativit\u00e9 et rendez votre demande en mariage inoubliable gr\u00e2ce \u00e0 une \u0153uvre d&#8217;art qui sera conserv\u00e9e toute votre vie<\/li>\n<li>Il suffit de t\u00e9l\u00e9charger un fichier audio<\/li>\n<li>Ajoutez un code QR et scannez-le pour lire votre chanson pr\u00e9f\u00e9r\u00e9e<\/li>\n<li>Personnalisez en 3 \u00e9tapes simples<\/li>\n<li>Choisissez un mod\u00e8le ou faites preuve de cr\u00e9ativit\u00e9<\/li>\n<\/ul>\n","protected":false},"featured_media":320944,"template":"","meta":[],"product_brand":[],"product_cat":[5276,7478],"product_tag":[17670],"class_list":{"0":"post-362744","1":"product","2":"type-product","3":"status-publish","4":"has-post-thumbnail","6":"product_cat-cadeaux-de-fiancailles-idees-cadeaux","7":"product_cat-soundwave-fr","8":"product_tag-engagement-fr","10":"first","11":"instock","12":"sale","13":"taxable","14":"shipping-taxable","15":"purchasable","16":"product-type-variable"},"yoast_head":"<!-- This site is optimized with the Yoast SEO Premium plugin v27.2 (Yoast SEO v27.2) - https:\/\/yoast.com\/product\/yoast-seo-premium-wordpress\/ -->\n<title>Art d&#039;Onde Sonore \u00ab Veux-Tu M&#039;\u00c9pouser ? \u00bb - Positive Prints<\/title>\n<meta name=\"description\" content=\"C&#039;est une question que vous aviez h\u00e2te d&#039;entendre ou de dire : Veux-tu m&#039;\u00e9pouser ? Revivez ce moment pour toujours avec notre art d&#039;onde sonore \u00ab Veux-Tu M&#039;\u00c9pouser ? \u00bb.\" \/>\n<meta name=\"robots\" content=\"index, follow, max-snippet:-1, max-image-preview:large, max-video-preview:-1\" \/>\n<link rel=\"canonical\" href=\"https:\/\/positiveprints.com\/fr\/produit\/art-donde-sonore-veux-tu-mepouser\/\" \/>\n<meta property=\"og:locale\" content=\"fr_FR\" \/>\n<meta property=\"og:type\" content=\"article\" \/>\n<meta property=\"og:title\" content=\"Art d&#039;Onde Sonore \u00ab Veux-Tu M&#039;\u00c9pouser ? \u00bb\" \/>\n<meta property=\"og:description\" content=\"Ajoutez une touche de cr\u00e9ativit\u00e9 et rendez votre demande en mariage inoubliable gr\u00e2ce \u00e0 une \u0153uvre d&#039;art qui sera conserv\u00e9e toute votre vie Il suffit de t\u00e9l\u00e9charger un fichier audio Ajoutez un code QR et scannez-le pour lire votre chanson pr\u00e9f\u00e9r\u00e9e Personnalisez en 3 \u00e9tapes simples Choisissez un mod\u00e8le ou faites preuve de cr\u00e9ativit\u00e9\" \/>\n<meta property=\"og:url\" content=\"https:\/\/positiveprints.com\/fr\/produit\/art-donde-sonore-veux-tu-mepouser\/\" \/>\n<meta property=\"og:site_name\" content=\"Positive Prints\" \/>\n<meta property=\"article:publisher\" content=\"https:\/\/www.facebook.com\/positiveprintscom\" \/>\n<meta property=\"article:modified_time\" content=\"2026-04-28T13:31:33+00:00\" \/>\n<meta property=\"og:image\" content=\"https:\/\/positiveprints.com\/wp-content\/uploads\/2022\/07\/will-you-marry-me-soundwave-art.jpg\" \/>\n\t<meta property=\"og:image:width\" content=\"1080\" \/>\n\t<meta property=\"og:image:height\" content=\"1080\" \/>\n\t<meta property=\"og:image:type\" content=\"image\/jpeg\" \/>\n<meta name=\"twitter:card\" content=\"summary_large_image\" \/>\n<!-- \/ Yoast SEO Premium plugin. -->","yoast_head_json":{"title":"Art d'Onde Sonore \u00ab Veux-Tu M'\u00c9pouser ? \u00bb - Positive Prints","description":"C'est une question que vous aviez h\u00e2te d'entendre ou de dire : Veux-tu m'\u00e9pouser ? Revivez ce moment pour toujours avec notre art d'onde sonore \u00ab Veux-Tu M'\u00c9pouser ? \u00bb.","robots":{"index":"index","follow":"follow","max-snippet":"max-snippet:-1","max-image-preview":"max-image-preview:large","max-video-preview":"max-video-preview:-1"},"canonical":"https:\/\/positiveprints.com\/fr\/produit\/art-donde-sonore-veux-tu-mepouser\/","og_locale":"fr_FR","og_type":"article","og_title":"Art d'Onde Sonore \u00ab Veux-Tu M'\u00c9pouser ? \u00bb","og_description":"Ajoutez une touche de cr\u00e9ativit\u00e9 et rendez votre demande en mariage inoubliable gr\u00e2ce \u00e0 une \u0153uvre d'art qui sera conserv\u00e9e toute votre vie Il suffit de t\u00e9l\u00e9charger un fichier audio Ajoutez un code QR et scannez-le pour lire votre chanson pr\u00e9f\u00e9r\u00e9e Personnalisez en 3 \u00e9tapes simples Choisissez un mod\u00e8le ou faites preuve de cr\u00e9ativit\u00e9","og_url":"https:\/\/positiveprints.com\/fr\/produit\/art-donde-sonore-veux-tu-mepouser\/","og_site_name":"Positive Prints","article_publisher":"https:\/\/www.facebook.com\/positiveprintscom","article_modified_time":"2026-04-28T13:31:33+00:00","og_image":[{"width":1080,"height":1080,"url":"https:\/\/positiveprints.com\/wp-content\/uploads\/2022\/07\/will-you-marry-me-soundwave-art.jpg","type":"image\/jpeg"}],"twitter_card":"summary_large_image","schema":{"@context":"https:\/\/schema.org","@graph":[{"@type":["WebPage","ItemPage"],"@id":"https:\/\/positiveprints.com\/fr\/produit\/art-donde-sonore-veux-tu-mepouser\/","url":"https:\/\/positiveprints.com\/fr\/produit\/art-donde-sonore-veux-tu-mepouser\/","name":"Art d'Onde Sonore \u00ab Veux-Tu M'\u00c9pouser ? \u00bb - Positive Prints","isPartOf":{"@id":"https:\/\/positiveprints.com\/fr\/#website"},"primaryImageOfPage":{"@id":"https:\/\/positiveprints.com\/fr\/produit\/art-donde-sonore-veux-tu-mepouser\/#primaryimage"},"image":{"@id":"https:\/\/positiveprints.com\/fr\/produit\/art-donde-sonore-veux-tu-mepouser\/#primaryimage"},"thumbnailUrl":"https:\/\/positiveprints.com\/wp-content\/uploads\/2022\/07\/will-you-marry-me-soundwave-art.jpg","datePublished":"2022-07-21T11:51:35+00:00","dateModified":"2026-04-28T13:31:33+00:00","description":"C'est une question que vous aviez h\u00e2te d'entendre ou de dire : Veux-tu m'\u00e9pouser ? Revivez ce moment pour toujours avec notre art d'onde sonore \u00ab Veux-Tu M'\u00c9pouser ? \u00bb.","breadcrumb":{"@id":"https:\/\/positiveprints.com\/fr\/produit\/art-donde-sonore-veux-tu-mepouser\/#breadcrumb"},"inLanguage":"fr-FR","potentialAction":[{"@type":"ReadAction","target":["https:\/\/positiveprints.com\/fr\/produit\/art-donde-sonore-veux-tu-mepouser\/"]}]},{"@type":"ImageObject","inLanguage":"fr-FR","@id":"https:\/\/positiveprints.com\/fr\/produit\/art-donde-sonore-veux-tu-mepouser\/#primaryimage","url":"https:\/\/positiveprints.com\/wp-content\/uploads\/2022\/07\/will-you-marry-me-soundwave-art.jpg","contentUrl":"https:\/\/positiveprints.com\/wp-content\/uploads\/2022\/07\/will-you-marry-me-soundwave-art.jpg","width":1080,"height":1080,"caption":"Art makes the perfect gift for a first anniversary, which is also known as the Paper anniversary."},{"@type":"BreadcrumbList","@id":"https:\/\/positiveprints.com\/fr\/produit\/art-donde-sonore-veux-tu-mepouser\/#breadcrumb","itemListElement":[{"@type":"ListItem","position":1,"name":"Home","item":"https:\/\/positiveprints.com\/fr\/"},{"@type":"ListItem","position":2,"name":"Produits","item":"https:\/\/positiveprints.com\/fr\/shop\/"},{"@type":"ListItem","position":3,"name":"Art d&#8217;Onde Sonore \u00ab Veux-Tu M&#8217;\u00c9pouser ? \u00bb"}]},{"@type":"WebSite","@id":"https:\/\/positiveprints.com\/fr\/#website","url":"https:\/\/positiveprints.com\/fr\/","name":"Positive Prints","description":"Amazing Custom Personalized Gifts","publisher":{"@id":"https:\/\/positiveprints.com\/fr\/#organization"},"potentialAction":[{"@type":"SearchAction","target":{"@type":"EntryPoint","urlTemplate":"https:\/\/positiveprints.com\/fr\/?s={search_term_string}"},"query-input":{"@type":"PropertyValueSpecification","valueRequired":true,"valueName":"search_term_string"}}],"inLanguage":"fr-FR"},{"@type":"Organization","@id":"https:\/\/positiveprints.com\/fr\/#organization","name":"Positive Prints","alternateName":"Positive Prints","url":"https:\/\/positiveprints.com\/fr\/","logo":{"@type":"ImageObject","inLanguage":"fr-FR","@id":"https:\/\/positiveprints.com\/fr\/#\/schema\/logo\/image\/","url":"https:\/\/positiveprints.com\/wp-content\/uploads\/2026\/03\/245815646_1337939713319158_5671353136411139666_n.png","contentUrl":"https:\/\/positiveprints.com\/wp-content\/uploads\/2026\/03\/245815646_1337939713319158_5671353136411139666_n.png","width":800,"height":800,"caption":"Positive Prints"},"image":{"@id":"https:\/\/positiveprints.com\/fr\/#\/schema\/logo\/image\/"},"sameAs":["https:\/\/www.facebook.com\/positiveprintscom","https:\/\/www.instagram.com\/positiveprintscom\/","https:\/\/www.tiktok.com\/@positiveprintscom","https:\/\/www.pinterest.com\/positiveprintscom\/"]}]}},"jetpack_sharing_enabled":true,"_links":{"self":[{"href":"https:\/\/positiveprints.com\/fr\/wp-json\/wp\/v2\/product\/362744","targetHints":{"allow":["GET"]}}],"collection":[{"href":"https:\/\/positiveprints.com\/fr\/wp-json\/wp\/v2\/product"}],"about":[{"href":"https:\/\/positiveprints.com\/fr\/wp-json\/wp\/v2\/types\/product"}],"wp:featuredmedia":[{"embeddable":true,"href":"https:\/\/positiveprints.com\/fr\/wp-json\/wp\/v2\/media\/320944"}],"wp:attachment":[{"href":"https:\/\/positiveprints.com\/fr\/wp-json\/wp\/v2\/media?parent=362744"}],"wp:term":[{"taxonomy":"product_brand","embeddable":true,"href":"https:\/\/positiveprints.com\/fr\/wp-json\/wp\/v2\/product_brand?post=362744"},{"taxonomy":"product_cat","embeddable":true,"href":"https:\/\/positiveprints.com\/fr\/wp-json\/wp\/v2\/product_cat?post=362744"},{"taxonomy":"product_tag","embeddable":true,"href":"https:\/\/positiveprints.com\/fr\/wp-json\/wp\/v2\/product_tag?post=362744"}],"curies":[{"name":"wp","href":"https:\/\/api.w.org\/{rel}","templated":true}]}}