{"id":362693,"date":"2022-10-31T13:25:12","date_gmt":"2022-10-31T12:25:12","guid":{"rendered":"https:\/\/positiveprints.com\/?post_type=product&#038;p=362693"},"modified":"2026-04-12T22:49:27","modified_gmt":"2026-04-12T21:49:27","slug":"art-donde-sonore-je-le-veux","status":"publish","type":"product","link":"https:\/\/positiveprints.com\/fr\/produit\/art-donde-sonore-je-le-veux\/","title":{"rendered":"Art d&#8217;Onde Sonore \u00ab Je Le Veux \u00bb"},"content":{"rendered":"<p>Lorsque vous avez dit Je Le Veux, c&#8217;\u00e9tait de la musique pour vos oreilles. Ch\u00e9rissez ce moment gr\u00e2ce \u00e0 notre art d&#8217;onde sonore Je Le Veux, un souvenir tr\u00e8s appr\u00e9ci\u00e9.<\/p>\n\n\n\n\n\n<h2 class=\"grenB f24 cblue\" style=\"margin-top: 3rem\">Art d&#8217;onde sonore Je Le Veux personnalis\u00e9<\/h2>\n\n\n\n<p style=\"margin-top: 1rem\">Votre mariage est l&#8217;un de vos souvenirs les plus pr\u00e9cieux, un jour que vous vous rem\u00e9morez sans cesse. Une fa\u00e7on de revivre ces moments magiques est de transformer vos v\u0153ux de mariage en une \u0153uvre d&#8217;art pour votre int\u00e9rieur. Nos impressions artistiques personnalis\u00e9es de l&#8217;onde sonore Je Le Veux prennent un enregistrement de vos v\u0153ux et les recr\u00e9ent sous forme d&#8217;art visuel. D\u00e9couvrez l&#8217;aspect de vos v\u0153ux pour la premi\u00e8re fois, puis \u00e9coutez-les en boucle en scannant le code int\u00e9gr\u00e9 !<\/p>\n\n\n\n<p style=\"margin-top: 1rem\">Chaque \u0153uvre d&#8217;art est vraiment unique en son genre parce qu&#8217;elle est faite \u00e0 partir de votre voix \u2014 une voix qui ne ressemble \u00e0 aucune autre. C&#8217;est la meilleure fa\u00e7on d&#8217;offrir des cadeaux d&#8217;anniversaire personnalis\u00e9s dont votre bien aim\u00e9(e) pourra profiter pendant des ann\u00e9es.<\/p>\n\n\n\n\n\n<h2 class=\"grenB f24 cblue\" style=\"margin-top: 3rem\">Comment \u00e7a marche<\/h2>\n\n\n\n<p style=\"margin-top: 1rem\">Nous avons con\u00e7u nos outils de cr\u00e9ation de photos pour qu&#8217;ils soient aussi simples que 1, 2, 3 ! Commencez par t\u00e9l\u00e9charger votre fichier audio dans notre \u00e9diteur, puis associez-le \u00e0 un mod\u00e8le con\u00e7u par des professionnels. Observez l&#8217;art d&#8217;une onde sonore qui prend vie \u00e0 chaque modification que vous apportez. Ajoutez un texte personnalis\u00e9 pour mettre en \u00e9vidence les d\u00e9tails sp\u00e9ciaux de votre jour de mariage, y compris la date, le lieu et plus encore.<\/p>\n\n\n\n<p style=\"margin-top: 1rem\">Tout nos arts d&#8217;ondes sonores sont imprim\u00e9s dans les jours qui suivent la commande et exp\u00e9di\u00e9s dans le monde entier. Vous pouvez \u00e9galement opter pour un t\u00e9l\u00e9chargement num\u00e9rique afin de b\u00e9n\u00e9ficier d&#8217;une livraison instantan\u00e9e et d&#8217;options d&#8217;impression locales.<\/p>\n\n\n\n<h2 class=\"grenB f24 cblue\" style=\"margin-top: 3rem\">Surprendre et ravir avec des cadeaux d&#8217;anniversaire de mariage personnalis\u00e9s<\/h2>\n\n\n\n<p style=\"margin-top: 1rem\">Un cadeau personnalis\u00e9 est un cadeau qui vient du c\u0153ur. Cela montre que vous avez consacr\u00e9 du temps et des efforts suppl\u00e9mentaires pour leur offrir quelque chose de sp\u00e9cial, et l&#8217;art d&#8217;onde sonore est un cadeau qui ne s&#8217;oublie pas.<\/p>","protected":false},"excerpt":{"rendered":"<ul class=\"check-list\">\n<li>Capturez l&#8217;onde sonore unique du moment o\u00f9 vous avez dit Je Le Veux, et ch\u00e9rissez vos v\u0153ux de mariage pour la vie<\/li>\n<li>Il suffit de t\u00e9l\u00e9charger un fichier audio<\/li>\n<li>Ajoutez un code QR et scannez-le pour lire votre chanson pr\u00e9f\u00e9r\u00e9e<\/li>\n<li>Personnalisez en 3 \u00e9tapes simples<\/li>\n<li>Choisissez un mod\u00e8le ou faites preuve de cr\u00e9ativit\u00e9<\/li>\n<\/ul>\n","protected":false},"featured_media":631289,"template":"","meta":[],"product_brand":[],"product_cat":[7478],"product_tag":[8371,14849],"class_list":{"0":"post-362693","1":"product","2":"type-product","3":"status-publish","4":"has-post-thumbnail","6":"product_cat-soundwave-fr","7":"product_tag-anniversaire","8":"product_tag-anniversary-fr","10":"first","11":"instock","12":"sale","13":"taxable","14":"shipping-taxable","15":"purchasable","16":"product-type-variable"},"yoast_head":"<!-- This site is optimized with the Yoast SEO Premium plugin v27.2 (Yoast SEO v27.2) - https:\/\/yoast.com\/product\/yoast-seo-premium-wordpress\/ -->\n<title>Art d&#039;Onde Sonore \u00ab Je Le Veux \u00bb - Positive Prints<\/title>\n<meta name=\"description\" content=\"Lorsque vous avez dit Je Le Veux, c&#039;\u00e9tait de la musique pour vos oreilles. Ch\u00e9rissez ce moment gr\u00e2ce \u00e0 notre art d&#039;onde sonore Je Le Veux.\" \/>\n<meta name=\"robots\" content=\"index, follow, max-snippet:-1, max-image-preview:large, max-video-preview:-1\" \/>\n<link rel=\"canonical\" href=\"https:\/\/positiveprints.com\/fr\/produit\/art-donde-sonore-je-le-veux\/\" \/>\n<meta property=\"og:locale\" content=\"fr_FR\" \/>\n<meta property=\"og:type\" content=\"article\" \/>\n<meta property=\"og:title\" content=\"Art d&#039;Onde Sonore \u00ab Je Le Veux \u00bb\" \/>\n<meta property=\"og:description\" content=\"Capturez l&#039;onde sonore unique du moment o\u00f9 vous avez dit Je Le Veux, et ch\u00e9rissez vos v\u0153ux de mariage pour la vie Il suffit de t\u00e9l\u00e9charger un fichier audio Ajoutez un code QR et scannez-le pour lire votre chanson pr\u00e9f\u00e9r\u00e9e Personnalisez en 3 \u00e9tapes simples Choisissez un mod\u00e8le ou faites preuve de cr\u00e9ativit\u00e9\" \/>\n<meta property=\"og:url\" content=\"https:\/\/positiveprints.com\/fr\/produit\/art-donde-sonore-je-le-veux\/\" \/>\n<meta property=\"og:site_name\" content=\"Positive Prints\" \/>\n<meta property=\"article:publisher\" content=\"https:\/\/www.facebook.com\/positiveprintscom\" \/>\n<meta property=\"article:modified_time\" content=\"2026-04-12T21:49:27+00:00\" \/>\n<meta property=\"og:image\" content=\"https:\/\/positiveprints.com\/wp-content\/uploads\/2023\/07\/Art-dOnde-Sonore-Je-Le-Veux.jpg\" \/>\n\t<meta property=\"og:image:width\" content=\"1080\" \/>\n\t<meta property=\"og:image:height\" content=\"1080\" \/>\n\t<meta property=\"og:image:type\" content=\"image\/jpeg\" \/>\n<meta name=\"twitter:card\" content=\"summary_large_image\" \/>\n<meta name=\"twitter:label1\" content=\"Dur\u00e9e de lecture estim\u00e9e\" \/>\n\t<meta name=\"twitter:data1\" content=\"2 minutes\" \/>\n<!-- \/ Yoast SEO Premium plugin. -->","yoast_head_json":{"title":"Art d'Onde Sonore \u00ab Je Le Veux \u00bb - Positive Prints","description":"Lorsque vous avez dit Je Le Veux, c'\u00e9tait de la musique pour vos oreilles. Ch\u00e9rissez ce moment gr\u00e2ce \u00e0 notre art d'onde sonore Je Le Veux.","robots":{"index":"index","follow":"follow","max-snippet":"max-snippet:-1","max-image-preview":"max-image-preview:large","max-video-preview":"max-video-preview:-1"},"canonical":"https:\/\/positiveprints.com\/fr\/produit\/art-donde-sonore-je-le-veux\/","og_locale":"fr_FR","og_type":"article","og_title":"Art d'Onde Sonore \u00ab Je Le Veux \u00bb","og_description":"Capturez l'onde sonore unique du moment o\u00f9 vous avez dit Je Le Veux, et ch\u00e9rissez vos v\u0153ux de mariage pour la vie Il suffit de t\u00e9l\u00e9charger un fichier audio Ajoutez un code QR et scannez-le pour lire votre chanson pr\u00e9f\u00e9r\u00e9e Personnalisez en 3 \u00e9tapes simples Choisissez un mod\u00e8le ou faites preuve de cr\u00e9ativit\u00e9","og_url":"https:\/\/positiveprints.com\/fr\/produit\/art-donde-sonore-je-le-veux\/","og_site_name":"Positive Prints","article_publisher":"https:\/\/www.facebook.com\/positiveprintscom","article_modified_time":"2026-04-12T21:49:27+00:00","og_image":[{"width":1080,"height":1080,"url":"https:\/\/positiveprints.com\/wp-content\/uploads\/2023\/07\/Art-dOnde-Sonore-Je-Le-Veux.jpg","type":"image\/jpeg"}],"twitter_card":"summary_large_image","twitter_misc":{"Dur\u00e9e de lecture estim\u00e9e":"2 minutes"},"schema":{"@context":"https:\/\/schema.org","@graph":[{"@type":["WebPage","ItemPage"],"@id":"https:\/\/positiveprints.com\/fr\/produit\/art-donde-sonore-je-le-veux\/","url":"https:\/\/positiveprints.com\/fr\/produit\/art-donde-sonore-je-le-veux\/","name":"Art d'Onde Sonore \u00ab Je Le Veux \u00bb - Positive Prints","isPartOf":{"@id":"https:\/\/positiveprints.com\/fr\/#website"},"primaryImageOfPage":{"@id":"https:\/\/positiveprints.com\/fr\/produit\/art-donde-sonore-je-le-veux\/#primaryimage"},"image":{"@id":"https:\/\/positiveprints.com\/fr\/produit\/art-donde-sonore-je-le-veux\/#primaryimage"},"thumbnailUrl":"https:\/\/positiveprints.com\/wp-content\/uploads\/2023\/07\/Art-dOnde-Sonore-Je-Le-Veux.jpg","datePublished":"2022-10-31T12:25:12+00:00","dateModified":"2026-04-12T21:49:27+00:00","description":"Lorsque vous avez dit Je Le Veux, c'\u00e9tait de la musique pour vos oreilles. Ch\u00e9rissez ce moment gr\u00e2ce \u00e0 notre art d'onde sonore Je Le Veux.","breadcrumb":{"@id":"https:\/\/positiveprints.com\/fr\/produit\/art-donde-sonore-je-le-veux\/#breadcrumb"},"inLanguage":"fr-FR","potentialAction":[{"@type":"ReadAction","target":["https:\/\/positiveprints.com\/fr\/produit\/art-donde-sonore-je-le-veux\/"]}]},{"@type":"ImageObject","inLanguage":"fr-FR","@id":"https:\/\/positiveprints.com\/fr\/produit\/art-donde-sonore-je-le-veux\/#primaryimage","url":"https:\/\/positiveprints.com\/wp-content\/uploads\/2023\/07\/Art-dOnde-Sonore-Je-Le-Veux.jpg","contentUrl":"https:\/\/positiveprints.com\/wp-content\/uploads\/2023\/07\/Art-dOnde-Sonore-Je-Le-Veux.jpg","width":1080,"height":1080,"caption":"Art d'Onde Sonore Je Le Veux"},{"@type":"BreadcrumbList","@id":"https:\/\/positiveprints.com\/fr\/produit\/art-donde-sonore-je-le-veux\/#breadcrumb","itemListElement":[{"@type":"ListItem","position":1,"name":"Home","item":"https:\/\/positiveprints.com\/fr\/"},{"@type":"ListItem","position":2,"name":"Produits","item":"https:\/\/positiveprints.com\/fr\/shop\/"},{"@type":"ListItem","position":3,"name":"Art d&#8217;Onde Sonore \u00ab Je Le Veux \u00bb"}]},{"@type":"WebSite","@id":"https:\/\/positiveprints.com\/fr\/#website","url":"https:\/\/positiveprints.com\/fr\/","name":"Positive Prints","description":"Amazing Custom Personalized Gifts","publisher":{"@id":"https:\/\/positiveprints.com\/fr\/#organization"},"potentialAction":[{"@type":"SearchAction","target":{"@type":"EntryPoint","urlTemplate":"https:\/\/positiveprints.com\/fr\/?s={search_term_string}"},"query-input":{"@type":"PropertyValueSpecification","valueRequired":true,"valueName":"search_term_string"}}],"inLanguage":"fr-FR"},{"@type":"Organization","@id":"https:\/\/positiveprints.com\/fr\/#organization","name":"Positive Prints","alternateName":"Positive Prints","url":"https:\/\/positiveprints.com\/fr\/","logo":{"@type":"ImageObject","inLanguage":"fr-FR","@id":"https:\/\/positiveprints.com\/fr\/#\/schema\/logo\/image\/","url":"https:\/\/positiveprints.com\/wp-content\/uploads\/2026\/03\/245815646_1337939713319158_5671353136411139666_n.png","contentUrl":"https:\/\/positiveprints.com\/wp-content\/uploads\/2026\/03\/245815646_1337939713319158_5671353136411139666_n.png","width":800,"height":800,"caption":"Positive Prints"},"image":{"@id":"https:\/\/positiveprints.com\/fr\/#\/schema\/logo\/image\/"},"sameAs":["https:\/\/www.facebook.com\/positiveprintscom","https:\/\/www.instagram.com\/positiveprintscom\/","https:\/\/www.tiktok.com\/@positiveprintscom","https:\/\/www.pinterest.com\/positiveprintscom\/"]}]}},"jetpack_sharing_enabled":true,"_links":{"self":[{"href":"https:\/\/positiveprints.com\/fr\/wp-json\/wp\/v2\/product\/362693","targetHints":{"allow":["GET"]}}],"collection":[{"href":"https:\/\/positiveprints.com\/fr\/wp-json\/wp\/v2\/product"}],"about":[{"href":"https:\/\/positiveprints.com\/fr\/wp-json\/wp\/v2\/types\/product"}],"wp:featuredmedia":[{"embeddable":true,"href":"https:\/\/positiveprints.com\/fr\/wp-json\/wp\/v2\/media\/631289"}],"wp:attachment":[{"href":"https:\/\/positiveprints.com\/fr\/wp-json\/wp\/v2\/media?parent=362693"}],"wp:term":[{"taxonomy":"product_brand","embeddable":true,"href":"https:\/\/positiveprints.com\/fr\/wp-json\/wp\/v2\/product_brand?post=362693"},{"taxonomy":"product_cat","embeddable":true,"href":"https:\/\/positiveprints.com\/fr\/wp-json\/wp\/v2\/product_cat?post=362693"},{"taxonomy":"product_tag","embeddable":true,"href":"https:\/\/positiveprints.com\/fr\/wp-json\/wp\/v2\/product_tag?post=362693"}],"curies":[{"name":"wp","href":"https:\/\/api.w.org\/{rel}","templated":true}]}}