{"id":362293,"date":"2022-10-28T18:25:32","date_gmt":"2022-10-28T17:25:32","guid":{"rendered":"https:\/\/positiveprints.com\/?post_type=product&#038;p=362293"},"modified":"2026-04-12T22:49:28","modified_gmt":"2026-04-12T21:49:28","slug":"cadeau-photo-anniversaire","status":"publish","type":"product","link":"https:\/\/positiveprints.com\/fr\/produit\/cadeau-photo-anniversaire\/","title":{"rendered":"Cadeau Photo Anniversaire"},"content":{"rendered":"Chaque anniversaire est une \u00e9tape importante, un jour o\u00f9 l&#8217;on c\u00e9l\u00e8bre un nouveau voyage autour du soleil. Rendez-le magique avec un cadeau photo d&#8217;anniversaire personnalis\u00e9 qui c\u00e9l\u00e8bre votre place dans ce monde !\n\n<h2 class=\"grenB f24 cblue\" style=\"margin-top: 3rem;\">C\u00e9l\u00e9brer chaque anniversaire avec style<\/h2>\n\n<p style=\"margin-top: 1rem;\">Que peut-on offrir \u00e0 la personne qui a tout et qui ne veut rien ? Un cadeau photo d&#8217;anniversaire personnalis\u00e9 ne fait peut-\u00eatre pas partie de leur liste de souhaits, mais c&#8217;est un cadeau qu&#8217;ils ch\u00e9riront tout de m\u00eame. C&#8217;est personnel et unique, et cela montre que vous avez bien r\u00e9fl\u00e9chi \u00e0 leur cadeau. Apr\u00e8s tout, un anniversaire est l&#8217;occasion de c\u00e9l\u00e9brer la personne qui vous est ch\u00e8re, et il n&#8217;y a pas de meilleur cadeau d&#8217;anniversaire que celui qui est enti\u00e8rement consacr\u00e9 \u00e0 cette personne.<\/p>\n\n<p style=\"margin-top: 1rem;\">Positive Prints vous aide \u00e0 faire honneur \u00e0 vos proches gr\u00e2ce \u00e0 des impressions personnalis\u00e9es de haute qualit\u00e9, con\u00e7ues \u00e0 votre mani\u00e8re. Choisissez vos photos pr\u00e9f\u00e9r\u00e9es d&#8217;un membre de la famille ou d&#8217;un ami (ou mieux encore, une photo de vous deux ensemble !), puis ajoutez un texte sp\u00e9cial, comme une citation, un mot, des paroles de chanson ou un dicton qui rendra votre cadeau encore plus significatif. C&#8217;est un cadeau qu&#8217;ils ne verront jamais venir et qu&#8217;ils appr\u00e9cieront pour la vie !<\/p>\n\n\n\n<h2 class=\"grenB f24 cblue\" style=\"margin-top: 3rem;\">Comment \u00e7a marche<\/h2>\n\n<p style=\"margin-top: 1rem;\">Positive Prints vous transforme en cr\u00e9ateur de cadeaux photo en seulement trois \u00e9tapes faciles !<\/p>\n\n<p style=\"margin-top: 1rem;\">Tout d&#8217;abord, choisissez une photo et t\u00e9l\u00e9chargez-la sur notre \u00e9diteur. Consultez les photos de votre t\u00e9l\u00e9phone, t\u00e9l\u00e9chargez une photo sur internet ou scannez une photo papier sur votre ordinateur.<\/p>\n\n<p style=\"margin-top: 1rem;\">Ensuite, commencez \u00e0 le personnaliser avec du texte. Jouez avec les couleurs et les polices et donnez de l&#8217;\u00e9clat \u00e0 votre cadeau photo. Il n&#8217;est pas n\u00e9cessaire d&#8217;avoir des comp\u00e9tences en design pour utiliser Positive Prints !<\/p>\n\n<p style=\"margin-top: 1rem;\">Enfin, choisissez parmi une gamme de formats et d&#8217;options d&#8217;impression pour compl\u00e9ter votre cadeau. Choisissez un poster imprim\u00e9 sur papier ou une toile photo d&#8217;anniversaire, ou s\u00e9lectionnez un t\u00e9l\u00e9chargement num\u00e9rique pour une livraison plus rapide. Tous nos imprim\u00e9s papier sont exp\u00e9di\u00e9s dans le monde entier et sont pr\u00eats \u00e0 \u00eatre offerts \u00e0 votre bien-aim\u00e9(e).<\/p>\n\n\n\n<h2 class=\"grenB f24 cblue\" style=\"margin-top: 3rem;\">Cr\u00e9ez votre cadeau photo d&#8217;anniversaire avec Positive Prints<\/h2>\n\n<p style=\"margin-top: 1rem;\">Pr\u00eat \u00e0 faire honneur \u00e0 vos proches avec style ? Apportez un cadeau photo d&#8217;anniversaire \u00e0 la f\u00eate et contribuez \u00e0 ce qu&#8217;ils profitent de leur journ\u00e9e sp\u00e9ciale.<\/p>","protected":false},"excerpt":{"rendered":"<ul class=\"check-list\">\n<li>Rendez l&#8217;anniversaire de vos amis inoubliable : c\u00e9l\u00e9brez leur vie et leurs souvenirs avec un magnifique cadeau photo<\/li>\n<li>Ajouter des superpositions de texte pour rendre chaque cadeau sp\u00e9cial et pr\u00e9cieux<\/li>\n<li>Personnalisez en 3 \u00e9tapes simples<\/li>\n<li>Vois le r\u00e9sultat imm\u00e9diatement \u2013 l\u2019aper\u00e7u interactif te permet de peaufiner chaque d\u00e9tail<\/li>\n<\/ul>\n","protected":false},"featured_media":332938,"template":"","meta":[],"product_brand":[],"product_cat":[3127,11211,11212,7495,7685,8006],"product_tag":[8463],"class_list":{"0":"post-362293","1":"product","2":"type-product","3":"status-publish","4":"has-post-thumbnail","6":"product_cat-cadeaux-danniversaire","7":"product_cat-cadeau-anniversaire-femme","8":"product_cat-cadeau-anniversaire-homme","9":"product_cat-photo-fr","10":"product_cat-cadeaux-pour-femmes","11":"product_cat-cadeaux-pour-hommes","12":"product_tag-birthday-fr","14":"first","15":"instock","16":"sale","17":"taxable","18":"shipping-taxable","19":"purchasable","20":"product-type-variable"},"yoast_head":"<!-- This site is optimized with the Yoast SEO Premium plugin v27.2 (Yoast SEO v27.2) - https:\/\/yoast.com\/product\/yoast-seo-premium-wordpress\/ -->\n<title>Cadeau Photo Anniversaire - Positive Prints<\/title>\n<meta name=\"description\" content=\"C\u00e9l\u00e9brez chaque anniversaire avec style avec un cadeau photo personnalis\u00e9. Chaque cadeau comporte la photo de votre choix avec du texte.\" \/>\n<meta name=\"robots\" content=\"index, follow, max-snippet:-1, max-image-preview:large, max-video-preview:-1\" \/>\n<link rel=\"canonical\" href=\"https:\/\/positiveprints.com\/fr\/produit\/cadeau-photo-anniversaire\/\" \/>\n<meta property=\"og:locale\" content=\"fr_FR\" \/>\n<meta property=\"og:type\" content=\"article\" \/>\n<meta property=\"og:title\" content=\"Cadeau Photo Anniversaire\" \/>\n<meta property=\"og:description\" content=\"Rendez l&#039;anniversaire de vos amis inoubliable : c\u00e9l\u00e9brez leur vie et leurs souvenirs avec un magnifique cadeau photo Ajouter des superpositions de texte pour rendre chaque cadeau sp\u00e9cial et pr\u00e9cieux Personnalisez en 3 \u00e9tapes simples Vois le r\u00e9sultat imm\u00e9diatement \u2013 l\u2019aper\u00e7u interactif te permet de peaufiner chaque d\u00e9tail\" \/>\n<meta property=\"og:url\" content=\"https:\/\/positiveprints.com\/fr\/produit\/cadeau-photo-anniversaire\/\" \/>\n<meta property=\"og:site_name\" content=\"Positive Prints\" \/>\n<meta property=\"article:publisher\" content=\"https:\/\/www.facebook.com\/positiveprintscom\" \/>\n<meta property=\"article:modified_time\" content=\"2026-04-12T21:49:28+00:00\" \/>\n<meta property=\"og:image\" content=\"https:\/\/positiveprints.com\/wp-content\/uploads\/2022\/08\/birthday-photo-gift.jpg\" \/>\n\t<meta property=\"og:image:width\" content=\"1080\" \/>\n\t<meta property=\"og:image:height\" content=\"1080\" \/>\n\t<meta property=\"og:image:type\" content=\"image\/jpeg\" \/>\n<meta name=\"twitter:card\" content=\"summary_large_image\" \/>\n<!-- \/ Yoast SEO Premium plugin. -->","yoast_head_json":{"title":"Cadeau Photo Anniversaire - Positive Prints","description":"C\u00e9l\u00e9brez chaque anniversaire avec style avec un cadeau photo personnalis\u00e9. Chaque cadeau comporte la photo de votre choix avec du texte.","robots":{"index":"index","follow":"follow","max-snippet":"max-snippet:-1","max-image-preview":"max-image-preview:large","max-video-preview":"max-video-preview:-1"},"canonical":"https:\/\/positiveprints.com\/fr\/produit\/cadeau-photo-anniversaire\/","og_locale":"fr_FR","og_type":"article","og_title":"Cadeau Photo Anniversaire","og_description":"Rendez l'anniversaire de vos amis inoubliable : c\u00e9l\u00e9brez leur vie et leurs souvenirs avec un magnifique cadeau photo Ajouter des superpositions de texte pour rendre chaque cadeau sp\u00e9cial et pr\u00e9cieux Personnalisez en 3 \u00e9tapes simples Vois le r\u00e9sultat imm\u00e9diatement \u2013 l\u2019aper\u00e7u interactif te permet de peaufiner chaque d\u00e9tail","og_url":"https:\/\/positiveprints.com\/fr\/produit\/cadeau-photo-anniversaire\/","og_site_name":"Positive Prints","article_publisher":"https:\/\/www.facebook.com\/positiveprintscom","article_modified_time":"2026-04-12T21:49:28+00:00","og_image":[{"width":1080,"height":1080,"url":"https:\/\/positiveprints.com\/wp-content\/uploads\/2022\/08\/birthday-photo-gift.jpg","type":"image\/jpeg"}],"twitter_card":"summary_large_image","schema":{"@context":"https:\/\/schema.org","@graph":[{"@type":["WebPage","ItemPage"],"@id":"https:\/\/positiveprints.com\/fr\/produit\/cadeau-photo-anniversaire\/","url":"https:\/\/positiveprints.com\/fr\/produit\/cadeau-photo-anniversaire\/","name":"Cadeau Photo Anniversaire - Positive Prints","isPartOf":{"@id":"https:\/\/positiveprints.com\/fr\/#website"},"primaryImageOfPage":{"@id":"https:\/\/positiveprints.com\/fr\/produit\/cadeau-photo-anniversaire\/#primaryimage"},"image":{"@id":"https:\/\/positiveprints.com\/fr\/produit\/cadeau-photo-anniversaire\/#primaryimage"},"thumbnailUrl":"https:\/\/positiveprints.com\/wp-content\/uploads\/2022\/08\/birthday-photo-gift.jpg","datePublished":"2022-10-28T17:25:32+00:00","dateModified":"2026-04-12T21:49:28+00:00","description":"C\u00e9l\u00e9brez chaque anniversaire avec style avec un cadeau photo personnalis\u00e9. Chaque cadeau comporte la photo de votre choix avec du texte.","breadcrumb":{"@id":"https:\/\/positiveprints.com\/fr\/produit\/cadeau-photo-anniversaire\/#breadcrumb"},"inLanguage":"fr-FR","potentialAction":[{"@type":"ReadAction","target":["https:\/\/positiveprints.com\/fr\/produit\/cadeau-photo-anniversaire\/"]}]},{"@type":"ImageObject","inLanguage":"fr-FR","@id":"https:\/\/positiveprints.com\/fr\/produit\/cadeau-photo-anniversaire\/#primaryimage","url":"https:\/\/positiveprints.com\/wp-content\/uploads\/2022\/08\/birthday-photo-gift.jpg","contentUrl":"https:\/\/positiveprints.com\/wp-content\/uploads\/2022\/08\/birthday-photo-gift.jpg","width":1080,"height":1080,"caption":"Bring a birthday photo gift to the party and help them enjoy their special day."},{"@type":"BreadcrumbList","@id":"https:\/\/positiveprints.com\/fr\/produit\/cadeau-photo-anniversaire\/#breadcrumb","itemListElement":[{"@type":"ListItem","position":1,"name":"Home","item":"https:\/\/positiveprints.com\/fr\/"},{"@type":"ListItem","position":2,"name":"Produits","item":"https:\/\/positiveprints.com\/fr\/shop\/"},{"@type":"ListItem","position":3,"name":"Cadeau Photo Anniversaire"}]},{"@type":"WebSite","@id":"https:\/\/positiveprints.com\/fr\/#website","url":"https:\/\/positiveprints.com\/fr\/","name":"Positive Prints","description":"Amazing Custom Personalized Gifts","publisher":{"@id":"https:\/\/positiveprints.com\/fr\/#organization"},"potentialAction":[{"@type":"SearchAction","target":{"@type":"EntryPoint","urlTemplate":"https:\/\/positiveprints.com\/fr\/?s={search_term_string}"},"query-input":{"@type":"PropertyValueSpecification","valueRequired":true,"valueName":"search_term_string"}}],"inLanguage":"fr-FR"},{"@type":"Organization","@id":"https:\/\/positiveprints.com\/fr\/#organization","name":"Positive Prints","alternateName":"Positive Prints","url":"https:\/\/positiveprints.com\/fr\/","logo":{"@type":"ImageObject","inLanguage":"fr-FR","@id":"https:\/\/positiveprints.com\/fr\/#\/schema\/logo\/image\/","url":"https:\/\/positiveprints.com\/wp-content\/uploads\/2026\/03\/245815646_1337939713319158_5671353136411139666_n.png","contentUrl":"https:\/\/positiveprints.com\/wp-content\/uploads\/2026\/03\/245815646_1337939713319158_5671353136411139666_n.png","width":800,"height":800,"caption":"Positive Prints"},"image":{"@id":"https:\/\/positiveprints.com\/fr\/#\/schema\/logo\/image\/"},"sameAs":["https:\/\/www.facebook.com\/positiveprintscom","https:\/\/www.instagram.com\/positiveprintscom\/","https:\/\/www.tiktok.com\/@positiveprintscom","https:\/\/www.pinterest.com\/positiveprintscom\/"]}]}},"jetpack_sharing_enabled":true,"_links":{"self":[{"href":"https:\/\/positiveprints.com\/fr\/wp-json\/wp\/v2\/product\/362293","targetHints":{"allow":["GET"]}}],"collection":[{"href":"https:\/\/positiveprints.com\/fr\/wp-json\/wp\/v2\/product"}],"about":[{"href":"https:\/\/positiveprints.com\/fr\/wp-json\/wp\/v2\/types\/product"}],"wp:featuredmedia":[{"embeddable":true,"href":"https:\/\/positiveprints.com\/fr\/wp-json\/wp\/v2\/media\/332938"}],"wp:attachment":[{"href":"https:\/\/positiveprints.com\/fr\/wp-json\/wp\/v2\/media?parent=362293"}],"wp:term":[{"taxonomy":"product_brand","embeddable":true,"href":"https:\/\/positiveprints.com\/fr\/wp-json\/wp\/v2\/product_brand?post=362293"},{"taxonomy":"product_cat","embeddable":true,"href":"https:\/\/positiveprints.com\/fr\/wp-json\/wp\/v2\/product_cat?post=362293"},{"taxonomy":"product_tag","embeddable":true,"href":"https:\/\/positiveprints.com\/fr\/wp-json\/wp\/v2\/product_tag?post=362293"}],"curies":[{"name":"wp","href":"https:\/\/api.w.org\/{rel}","templated":true}]}}