{"id":362227,"date":"2022-08-23T10:05:36","date_gmt":"2022-08-23T09:05:36","guid":{"rendered":"https:\/\/positiveprints.com\/?post_type=product&#038;p=362227"},"modified":"2026-04-23T11:46:36","modified_gmt":"2026-04-23T10:46:36","slug":"affiche-de-bienvenue-aux-fiancailles","status":"publish","type":"product","link":"https:\/\/positiveprints.com\/fr\/produit\/affiche-de-bienvenue-aux-fiancailles\/","title":{"rendered":"Affiche de Bienvenue aux Fian\u00e7ailles"},"content":{"rendered":"Commencez la f\u00eate avec une affiche de bienvenue \u00e0 la f\u00eate de fian\u00e7ailles ! Ces magnifiques photos peuvent \u00eatre expos\u00e9es \u00e0 l&#8217;entr\u00e9e de votre f\u00eate de fian\u00e7ailles, donnant le ton pour ce qui est garanti d&#8217;\u00eatre un \u00e9v\u00e9nement amusant et festif avant le jour de votre mariage.\r\n<h2 class=\"grenB f24 cblue\" style=\"margin-top: 3rem;\">Qu&#8217;est-ce qu&#8217;une affiche de bienvenue \u00e0 la f\u00eate de fian\u00e7ailles ?<\/h2>\r\n<p style=\"margin-top: 1rem;\">Les organisateurs de f\u00eates utilisent des affiches pour aider les invit\u00e9s \u00e0 trouver leur chemin, mettre de l&#8217;ambiance et cr\u00e9er une atmosph\u00e8re amusante. Pour les f\u00eates de fian\u00e7ailles, il s&#8217;agit avant tout de c\u00e9l\u00e9brer les futurs mari\u00e9s.<\/p>\r\n<p style=\"margin-top: 1rem;\">Nos affiches de bienvenue \u00e0 la f\u00eate de fian\u00e7ailles comportent une photo du couple, ainsi qu&#8217;un texte personnalisable qui met en \u00e9vidence les d\u00e9tails de l&#8217;\u00e9v\u00e9nement. Ces affiches peuvent \u00eatre plac\u00e9es \u00e0 l&#8217;entr\u00e9e de la f\u00eate ou sur les tables de cadeaux et de rafra\u00eechissements. Eles sont parfaites pour les s\u00e9ances photo, et les couples adorent accrocher les impressions dans leur nouvelle maison apr\u00e8s le mariage !<\/p>\r\n\r\n<h2 class=\"grenB f24 cblue\" style=\"margin-top: 3rem;\">Comment \u00e7a marche<\/h2>\r\n<p style=\"margin-top: 1rem;\">Positive Prints vous transforme en artiste photo gr\u00e2ce \u00e0 notre \u00e9diteur intuitif et facile \u00e0 utiliser. T\u00e9l\u00e9chargez simplement votre photo, ajoutez des d\u00e9tails et s\u00e9lectionnez votre taille et votre livraison. En quelques minutes, vous aurez une magnifique affiche de bienvenue pour la f\u00eate de fian\u00e7ailles ou  un cadeau de fian\u00e7ailles personnalis\u00e9 pour \u00e9pater votre futur couple, qui deviendra instantan\u00e9ment un tr\u00e9sor dans leur nouvelle maison.<\/p>\r\n<p style=\"margin-top: 1rem;\">Commencez par une photo. Il peut s&#8217;agir d&#8217;un portrait de fian\u00e7ailles professionnel ou simplement d&#8217;une photo amusante du couple aimant la vie ensemble. Ajoutez ensuite un texte pour comm\u00e9morer l&#8217;occasion. Indiquez la date de la f\u00eate, la date pr\u00e9vue du mariage, les noms des couples ou tout autre \u00e9l\u00e9ment qui rendra votre affiche sp\u00e9ciale. Ensuite, d\u00e9cidez comment vous voulez la recevoir \u2014 une impression d&#8217;affiche de haute qualit\u00e9, une impression sur toile ou un t\u00e9l\u00e9chargement de fichier num\u00e9rique. Nous avons \u00e9limin\u00e9 toute incertitude afin que vous puissiez donner votre cadeau photo en toute confiance !<\/p>\r\n\r\n<h2 class=\"grenB f24 cblue\" style=\"margin-top: 3rem;\">C\u00e9l\u00e9brez vos fian\u00e7ailles pour les ann\u00e9es \u00e0 venir !<\/h2>\r\n<p style=\"margin-top: 1rem;\">Les fian\u00e7ailles ne sont qu&#8217;un nouveau chapitre d&#8217;une histoire d&#8217;amour qui n&#8217;en finit pas, et dont les couples se souviendront pendant des ann\u00e9es. C\u00e9l\u00e9brez avec style gr\u00e2ce \u00e0 une affiche de bienvenue personnalis\u00e9e pour vos fian\u00e7ailles &#8211; commencez d\u00e8s aujourd&#8217;hui !<\/p>","protected":false},"excerpt":{"rendered":"<ul class=\"check-list\">\n<li>Rendez votre f\u00eate de fian\u00e7ailles m\u00e9morable : impressionnez vos invit\u00e9s et cr\u00e9ez un souvenir imp\u00e9rissable avec une affiche d&#8217;accueil personnalis\u00e9<\/li>\n<li>Ajouter des superpositions de texte pour rendre chaque cadeau sp\u00e9cial et pr\u00e9cieux<\/li>\n<li>Personnalisez en 3 \u00e9tapes simples<\/li>\n<li>Vois le r\u00e9sultat imm\u00e9diatement \u2013 l\u2019aper\u00e7u interactif te permet de peaufiner chaque d\u00e9tail<\/li>\n<\/ul>\n","protected":false},"featured_media":620574,"template":"","meta":[],"product_brand":[],"product_cat":[7495],"product_tag":[17670,8432],"class_list":{"0":"post-362227","1":"product","2":"type-product","3":"status-publish","4":"has-post-thumbnail","6":"product_cat-photo-fr","7":"product_tag-engagement-fr","8":"product_tag-fiancailles","10":"first","11":"instock","12":"sale","13":"taxable","14":"shipping-taxable","15":"purchasable","16":"product-type-variable"},"yoast_head":"<!-- This site is optimized with the Yoast SEO Premium plugin v27.2 (Yoast SEO v27.2) - https:\/\/yoast.com\/product\/yoast-seo-premium-wordpress\/ -->\n<title>Affiche de Bienvenue aux Fian\u00e7ailles - Positive Prints<\/title>\n<meta name=\"description\" content=\"Une affiche de bienvenue \u00e0 la f\u00eate de fian\u00e7ailles fait une excellente introduction \u00e0 l&#039;une des occasions les plus heureuses de votre vie.\" \/>\n<meta name=\"robots\" content=\"index, follow, max-snippet:-1, max-image-preview:large, max-video-preview:-1\" \/>\n<link rel=\"canonical\" href=\"https:\/\/positiveprints.com\/fr\/produit\/affiche-de-bienvenue-aux-fiancailles\/\" \/>\n<meta property=\"og:locale\" content=\"fr_FR\" \/>\n<meta property=\"og:type\" content=\"article\" \/>\n<meta property=\"og:title\" content=\"Affiche de Bienvenue aux Fian\u00e7ailles\" \/>\n<meta property=\"og:description\" content=\"Rendez votre f\u00eate de fian\u00e7ailles m\u00e9morable : impressionnez vos invit\u00e9s et cr\u00e9ez un souvenir imp\u00e9rissable avec une affiche d&#039;accueil personnalis\u00e9 Ajouter des superpositions de texte pour rendre chaque cadeau sp\u00e9cial et pr\u00e9cieux Personnalisez en 3 \u00e9tapes simples Vois le r\u00e9sultat imm\u00e9diatement \u2013 l\u2019aper\u00e7u interactif te permet de peaufiner chaque d\u00e9tail\" \/>\n<meta property=\"og:url\" content=\"https:\/\/positiveprints.com\/fr\/produit\/affiche-de-bienvenue-aux-fiancailles\/\" \/>\n<meta property=\"og:site_name\" content=\"Positive Prints\" \/>\n<meta property=\"article:publisher\" content=\"https:\/\/www.facebook.com\/positiveprintscom\" \/>\n<meta property=\"article:modified_time\" content=\"2026-04-23T10:46:36+00:00\" \/>\n<meta property=\"og:image\" content=\"https:\/\/positiveprints.com\/wp-content\/uploads\/2022\/08\/engagement-party-welcome-sign-1.jpg\" \/>\n\t<meta property=\"og:image:width\" content=\"1080\" \/>\n\t<meta property=\"og:image:height\" content=\"1080\" \/>\n\t<meta property=\"og:image:type\" content=\"image\/jpeg\" \/>\n<meta name=\"twitter:card\" content=\"summary_large_image\" \/>\n<!-- \/ Yoast SEO Premium plugin. -->","yoast_head_json":{"title":"Affiche de Bienvenue aux Fian\u00e7ailles - Positive Prints","description":"Une affiche de bienvenue \u00e0 la f\u00eate de fian\u00e7ailles fait une excellente introduction \u00e0 l'une des occasions les plus heureuses de votre vie.","robots":{"index":"index","follow":"follow","max-snippet":"max-snippet:-1","max-image-preview":"max-image-preview:large","max-video-preview":"max-video-preview:-1"},"canonical":"https:\/\/positiveprints.com\/fr\/produit\/affiche-de-bienvenue-aux-fiancailles\/","og_locale":"fr_FR","og_type":"article","og_title":"Affiche de Bienvenue aux Fian\u00e7ailles","og_description":"Rendez votre f\u00eate de fian\u00e7ailles m\u00e9morable : impressionnez vos invit\u00e9s et cr\u00e9ez un souvenir imp\u00e9rissable avec une affiche d'accueil personnalis\u00e9 Ajouter des superpositions de texte pour rendre chaque cadeau sp\u00e9cial et pr\u00e9cieux Personnalisez en 3 \u00e9tapes simples Vois le r\u00e9sultat imm\u00e9diatement \u2013 l\u2019aper\u00e7u interactif te permet de peaufiner chaque d\u00e9tail","og_url":"https:\/\/positiveprints.com\/fr\/produit\/affiche-de-bienvenue-aux-fiancailles\/","og_site_name":"Positive Prints","article_publisher":"https:\/\/www.facebook.com\/positiveprintscom","article_modified_time":"2026-04-23T10:46:36+00:00","og_image":[{"width":1080,"height":1080,"url":"https:\/\/positiveprints.com\/wp-content\/uploads\/2022\/08\/engagement-party-welcome-sign-1.jpg","type":"image\/jpeg"}],"twitter_card":"summary_large_image","schema":{"@context":"https:\/\/schema.org","@graph":[{"@type":["WebPage","ItemPage"],"@id":"https:\/\/positiveprints.com\/fr\/produit\/affiche-de-bienvenue-aux-fiancailles\/","url":"https:\/\/positiveprints.com\/fr\/produit\/affiche-de-bienvenue-aux-fiancailles\/","name":"Affiche de Bienvenue aux Fian\u00e7ailles - Positive Prints","isPartOf":{"@id":"https:\/\/positiveprints.com\/fr\/#website"},"primaryImageOfPage":{"@id":"https:\/\/positiveprints.com\/fr\/produit\/affiche-de-bienvenue-aux-fiancailles\/#primaryimage"},"image":{"@id":"https:\/\/positiveprints.com\/fr\/produit\/affiche-de-bienvenue-aux-fiancailles\/#primaryimage"},"thumbnailUrl":"https:\/\/positiveprints.com\/wp-content\/uploads\/2022\/08\/engagement-party-welcome-sign-1.jpg","datePublished":"2022-08-23T09:05:36+00:00","dateModified":"2026-04-23T10:46:36+00:00","description":"Une affiche de bienvenue \u00e0 la f\u00eate de fian\u00e7ailles fait une excellente introduction \u00e0 l'une des occasions les plus heureuses de votre vie.","breadcrumb":{"@id":"https:\/\/positiveprints.com\/fr\/produit\/affiche-de-bienvenue-aux-fiancailles\/#breadcrumb"},"inLanguage":"fr-FR","potentialAction":[{"@type":"ReadAction","target":["https:\/\/positiveprints.com\/fr\/produit\/affiche-de-bienvenue-aux-fiancailles\/"]}]},{"@type":"ImageObject","inLanguage":"fr-FR","@id":"https:\/\/positiveprints.com\/fr\/produit\/affiche-de-bienvenue-aux-fiancailles\/#primaryimage","url":"https:\/\/positiveprints.com\/wp-content\/uploads\/2022\/08\/engagement-party-welcome-sign-1.jpg","contentUrl":"https:\/\/positiveprints.com\/wp-content\/uploads\/2022\/08\/engagement-party-welcome-sign-1.jpg","width":1080,"height":1080,"caption":"engagement party welcome sign"},{"@type":"BreadcrumbList","@id":"https:\/\/positiveprints.com\/fr\/produit\/affiche-de-bienvenue-aux-fiancailles\/#breadcrumb","itemListElement":[{"@type":"ListItem","position":1,"name":"Home","item":"https:\/\/positiveprints.com\/fr\/"},{"@type":"ListItem","position":2,"name":"Produits","item":"https:\/\/positiveprints.com\/fr\/shop\/"},{"@type":"ListItem","position":3,"name":"Affiche de Bienvenue aux Fian\u00e7ailles"}]},{"@type":"WebSite","@id":"https:\/\/positiveprints.com\/fr\/#website","url":"https:\/\/positiveprints.com\/fr\/","name":"Positive Prints","description":"Amazing Custom Personalized Gifts","publisher":{"@id":"https:\/\/positiveprints.com\/fr\/#organization"},"potentialAction":[{"@type":"SearchAction","target":{"@type":"EntryPoint","urlTemplate":"https:\/\/positiveprints.com\/fr\/?s={search_term_string}"},"query-input":{"@type":"PropertyValueSpecification","valueRequired":true,"valueName":"search_term_string"}}],"inLanguage":"fr-FR"},{"@type":"Organization","@id":"https:\/\/positiveprints.com\/fr\/#organization","name":"Positive Prints","alternateName":"Positive Prints","url":"https:\/\/positiveprints.com\/fr\/","logo":{"@type":"ImageObject","inLanguage":"fr-FR","@id":"https:\/\/positiveprints.com\/fr\/#\/schema\/logo\/image\/","url":"https:\/\/positiveprints.com\/wp-content\/uploads\/2026\/03\/245815646_1337939713319158_5671353136411139666_n.png","contentUrl":"https:\/\/positiveprints.com\/wp-content\/uploads\/2026\/03\/245815646_1337939713319158_5671353136411139666_n.png","width":800,"height":800,"caption":"Positive Prints"},"image":{"@id":"https:\/\/positiveprints.com\/fr\/#\/schema\/logo\/image\/"},"sameAs":["https:\/\/www.facebook.com\/positiveprintscom","https:\/\/www.instagram.com\/positiveprintscom\/","https:\/\/www.tiktok.com\/@positiveprintscom","https:\/\/www.pinterest.com\/positiveprintscom\/"]}]}},"jetpack_sharing_enabled":true,"_links":{"self":[{"href":"https:\/\/positiveprints.com\/fr\/wp-json\/wp\/v2\/product\/362227","targetHints":{"allow":["GET"]}}],"collection":[{"href":"https:\/\/positiveprints.com\/fr\/wp-json\/wp\/v2\/product"}],"about":[{"href":"https:\/\/positiveprints.com\/fr\/wp-json\/wp\/v2\/types\/product"}],"wp:featuredmedia":[{"embeddable":true,"href":"https:\/\/positiveprints.com\/fr\/wp-json\/wp\/v2\/media\/620574"}],"wp:attachment":[{"href":"https:\/\/positiveprints.com\/fr\/wp-json\/wp\/v2\/media?parent=362227"}],"wp:term":[{"taxonomy":"product_brand","embeddable":true,"href":"https:\/\/positiveprints.com\/fr\/wp-json\/wp\/v2\/product_brand?post=362227"},{"taxonomy":"product_cat","embeddable":true,"href":"https:\/\/positiveprints.com\/fr\/wp-json\/wp\/v2\/product_cat?post=362227"},{"taxonomy":"product_tag","embeddable":true,"href":"https:\/\/positiveprints.com\/fr\/wp-json\/wp\/v2\/product_tag?post=362227"}],"curies":[{"name":"wp","href":"https:\/\/api.w.org\/{rel}","templated":true}]}}