{"id":362191,"date":"2022-08-23T13:10:06","date_gmt":"2022-08-23T12:10:06","guid":{"rendered":"https:\/\/positiveprints.com\/?post_type=product&#038;p=362191"},"modified":"2026-04-12T23:10:02","modified_gmt":"2026-04-12T22:10:02","slug":"art-mural-photo-de-famille","status":"publish","type":"product","link":"https:\/\/positiveprints.com\/fr\/produit\/art-mural-photo-de-famille\/","title":{"rendered":"Art Mural Photo de Famille"},"content":{"rendered":"","protected":false},"excerpt":{"rendered":"<ul class=\"check-list\">\n<li>Donnez vie \u00e0 vos souvenirs de famille et pr\u00e9sentez votre photo de famille pr\u00e9f\u00e9r\u00e9e d&#8217;une mani\u00e8re unique et \u00e9l\u00e9gante<\/li>\n<li>Ajouter des superpositions de texte pour rendre chaque cadeau sp\u00e9cial et pr\u00e9cieux<\/li>\n<li>Personnalisez en 3 \u00e9tapes simples<\/li>\n<li>Vois le r\u00e9sultat imm\u00e9diatement \u2013 l\u2019aper\u00e7u interactif te permet de peaufiner chaque d\u00e9tail<\/li>\n<\/ul>\n","protected":false},"featured_media":333514,"template":"","meta":[],"product_brand":[],"product_cat":[7495,8998,5249,5290,5264,15055,11400,11398,7653,7765,7845,7813],"product_tag":[13465,8533],"class_list":{"0":"post-362191","1":"product","2":"type-product","3":"status-publish","4":"has-post-thumbnail","6":"product_cat-photo-fr","7":"product_cat-fete-des-grands-parents","8":"product_cat-cadeaux-de-naissance-bebe","9":"product_cat-cadeaux-de-pendaison-de-cremaillere","10":"product_cat-cadeaux-de-noel","11":"product_cat-cadeaux-de-noel-pour-la-famille","12":"product_cat-cadeaux-de-noel-pour-les-parents","13":"product_cat-cadeaux-de-noel-pour-les-enfants","14":"product_cat-cadeaux-pour-fils","15":"product_cat-cadeaux-pour-fille","16":"product_cat-cadeaux-pour-la-famille","17":"product_cat-cadeaux-pour-nouveaux-parents","18":"product_tag-cadeaux-de-noel-pour-la-famille","19":"product_tag-family-fr","21":"first","22":"instock","23":"sale","24":"taxable","25":"shipping-taxable","26":"purchasable","27":"product-type-variable"},"yoast_head":"<!-- This site is optimized with the Yoast SEO Premium plugin v27.2 (Yoast SEO v27.2) - https:\/\/yoast.com\/product\/yoast-seo-premium-wordpress\/ -->\n<title>Art Mural Photo de Famille - Positive Prints<\/title>\n<meta name=\"description\" content=\"Votre famille qui s&#039;agrandit est quelque chose dont vous pouvez \u00eatre fier. Immortalisez les plus beaux moments pour toujours avec notre art mural de photos de famille.\" \/>\n<meta name=\"robots\" content=\"index, follow, max-snippet:-1, max-image-preview:large, max-video-preview:-1\" \/>\n<link rel=\"canonical\" href=\"https:\/\/positiveprints.com\/fr\/produit\/art-mural-photo-de-famille\/\" \/>\n<meta property=\"og:locale\" content=\"fr_FR\" \/>\n<meta property=\"og:type\" content=\"article\" \/>\n<meta property=\"og:title\" content=\"Art Mural Photo de Famille\" \/>\n<meta property=\"og:description\" content=\"Donnez vie \u00e0 vos souvenirs de famille et pr\u00e9sentez votre photo de famille pr\u00e9f\u00e9r\u00e9e d&#039;une mani\u00e8re unique et \u00e9l\u00e9gante Ajouter des superpositions de texte pour rendre chaque cadeau sp\u00e9cial et pr\u00e9cieux Personnalisez en 3 \u00e9tapes simples Vois le r\u00e9sultat imm\u00e9diatement \u2013 l\u2019aper\u00e7u interactif te permet de peaufiner chaque d\u00e9tail\" \/>\n<meta property=\"og:url\" content=\"https:\/\/positiveprints.com\/fr\/produit\/art-mural-photo-de-famille\/\" \/>\n<meta property=\"og:site_name\" content=\"Positive Prints\" \/>\n<meta property=\"article:publisher\" content=\"https:\/\/www.facebook.com\/positiveprintscom\" \/>\n<meta property=\"article:modified_time\" content=\"2026-04-12T22:10:02+00:00\" \/>\n<meta property=\"og:image\" content=\"https:\/\/positiveprints.com\/wp-content\/uploads\/2022\/08\/family-photo-wall-art.jpg\" \/>\n\t<meta property=\"og:image:width\" content=\"1080\" \/>\n\t<meta property=\"og:image:height\" content=\"1080\" \/>\n\t<meta property=\"og:image:type\" content=\"image\/jpeg\" \/>\n<meta name=\"twitter:card\" content=\"summary_large_image\" \/>\n<!-- \/ Yoast SEO Premium plugin. -->","yoast_head_json":{"title":"Art Mural Photo de Famille - Positive Prints","description":"Votre famille qui s'agrandit est quelque chose dont vous pouvez \u00eatre fier. Immortalisez les plus beaux moments pour toujours avec notre art mural de photos de famille.","robots":{"index":"index","follow":"follow","max-snippet":"max-snippet:-1","max-image-preview":"max-image-preview:large","max-video-preview":"max-video-preview:-1"},"canonical":"https:\/\/positiveprints.com\/fr\/produit\/art-mural-photo-de-famille\/","og_locale":"fr_FR","og_type":"article","og_title":"Art Mural Photo de Famille","og_description":"Donnez vie \u00e0 vos souvenirs de famille et pr\u00e9sentez votre photo de famille pr\u00e9f\u00e9r\u00e9e d'une mani\u00e8re unique et \u00e9l\u00e9gante Ajouter des superpositions de texte pour rendre chaque cadeau sp\u00e9cial et pr\u00e9cieux Personnalisez en 3 \u00e9tapes simples Vois le r\u00e9sultat imm\u00e9diatement \u2013 l\u2019aper\u00e7u interactif te permet de peaufiner chaque d\u00e9tail","og_url":"https:\/\/positiveprints.com\/fr\/produit\/art-mural-photo-de-famille\/","og_site_name":"Positive Prints","article_publisher":"https:\/\/www.facebook.com\/positiveprintscom","article_modified_time":"2026-04-12T22:10:02+00:00","og_image":[{"width":1080,"height":1080,"url":"https:\/\/positiveprints.com\/wp-content\/uploads\/2022\/08\/family-photo-wall-art.jpg","type":"image\/jpeg"}],"twitter_card":"summary_large_image","schema":{"@context":"https:\/\/schema.org","@graph":[{"@type":["WebPage","ItemPage"],"@id":"https:\/\/positiveprints.com\/fr\/produit\/art-mural-photo-de-famille\/","url":"https:\/\/positiveprints.com\/fr\/produit\/art-mural-photo-de-famille\/","name":"Art Mural Photo de Famille - Positive Prints","isPartOf":{"@id":"https:\/\/positiveprints.com\/fr\/#website"},"primaryImageOfPage":{"@id":"https:\/\/positiveprints.com\/fr\/produit\/art-mural-photo-de-famille\/#primaryimage"},"image":{"@id":"https:\/\/positiveprints.com\/fr\/produit\/art-mural-photo-de-famille\/#primaryimage"},"thumbnailUrl":"https:\/\/positiveprints.com\/wp-content\/uploads\/2022\/08\/family-photo-wall-art.jpg","datePublished":"2022-08-23T12:10:06+00:00","dateModified":"2026-04-12T22:10:02+00:00","description":"Votre famille qui s'agrandit est quelque chose dont vous pouvez \u00eatre fier. Immortalisez les plus beaux moments pour toujours avec notre art mural de photos de famille.","breadcrumb":{"@id":"https:\/\/positiveprints.com\/fr\/produit\/art-mural-photo-de-famille\/#breadcrumb"},"inLanguage":"fr-FR","potentialAction":[{"@type":"ReadAction","target":["https:\/\/positiveprints.com\/fr\/produit\/art-mural-photo-de-famille\/"]}]},{"@type":"ImageObject","inLanguage":"fr-FR","@id":"https:\/\/positiveprints.com\/fr\/produit\/art-mural-photo-de-famille\/#primaryimage","url":"https:\/\/positiveprints.com\/wp-content\/uploads\/2022\/08\/family-photo-wall-art.jpg","contentUrl":"https:\/\/positiveprints.com\/wp-content\/uploads\/2022\/08\/family-photo-wall-art.jpg","width":1080,"height":1080,"caption":"High-quality family photo prints that are perfect for framing and hanging"},{"@type":"BreadcrumbList","@id":"https:\/\/positiveprints.com\/fr\/produit\/art-mural-photo-de-famille\/#breadcrumb","itemListElement":[{"@type":"ListItem","position":1,"name":"Home","item":"https:\/\/positiveprints.com\/fr\/"},{"@type":"ListItem","position":2,"name":"Produits","item":"https:\/\/positiveprints.com\/fr\/shop\/"},{"@type":"ListItem","position":3,"name":"Art Mural Photo de Famille"}]},{"@type":"WebSite","@id":"https:\/\/positiveprints.com\/fr\/#website","url":"https:\/\/positiveprints.com\/fr\/","name":"Positive Prints","description":"Amazing Custom Personalized Gifts","publisher":{"@id":"https:\/\/positiveprints.com\/fr\/#organization"},"potentialAction":[{"@type":"SearchAction","target":{"@type":"EntryPoint","urlTemplate":"https:\/\/positiveprints.com\/fr\/?s={search_term_string}"},"query-input":{"@type":"PropertyValueSpecification","valueRequired":true,"valueName":"search_term_string"}}],"inLanguage":"fr-FR"},{"@type":"Organization","@id":"https:\/\/positiveprints.com\/fr\/#organization","name":"Positive Prints","alternateName":"Positive Prints","url":"https:\/\/positiveprints.com\/fr\/","logo":{"@type":"ImageObject","inLanguage":"fr-FR","@id":"https:\/\/positiveprints.com\/fr\/#\/schema\/logo\/image\/","url":"https:\/\/positiveprints.com\/wp-content\/uploads\/2026\/03\/245815646_1337939713319158_5671353136411139666_n.png","contentUrl":"https:\/\/positiveprints.com\/wp-content\/uploads\/2026\/03\/245815646_1337939713319158_5671353136411139666_n.png","width":800,"height":800,"caption":"Positive Prints"},"image":{"@id":"https:\/\/positiveprints.com\/fr\/#\/schema\/logo\/image\/"},"sameAs":["https:\/\/www.facebook.com\/positiveprintscom","https:\/\/www.instagram.com\/positiveprintscom\/","https:\/\/www.tiktok.com\/@positiveprintscom","https:\/\/www.pinterest.com\/positiveprintscom\/"]}]}},"jetpack_sharing_enabled":true,"_links":{"self":[{"href":"https:\/\/positiveprints.com\/fr\/wp-json\/wp\/v2\/product\/362191","targetHints":{"allow":["GET"]}}],"collection":[{"href":"https:\/\/positiveprints.com\/fr\/wp-json\/wp\/v2\/product"}],"about":[{"href":"https:\/\/positiveprints.com\/fr\/wp-json\/wp\/v2\/types\/product"}],"wp:featuredmedia":[{"embeddable":true,"href":"https:\/\/positiveprints.com\/fr\/wp-json\/wp\/v2\/media\/333514"}],"wp:attachment":[{"href":"https:\/\/positiveprints.com\/fr\/wp-json\/wp\/v2\/media?parent=362191"}],"wp:term":[{"taxonomy":"product_brand","embeddable":true,"href":"https:\/\/positiveprints.com\/fr\/wp-json\/wp\/v2\/product_brand?post=362191"},{"taxonomy":"product_cat","embeddable":true,"href":"https:\/\/positiveprints.com\/fr\/wp-json\/wp\/v2\/product_cat?post=362191"},{"taxonomy":"product_tag","embeddable":true,"href":"https:\/\/positiveprints.com\/fr\/wp-json\/wp\/v2\/product_tag?post=362191"}],"curies":[{"name":"wp","href":"https:\/\/api.w.org\/{rel}","templated":true}]}}