{"id":362135,"date":"2022-10-28T14:24:03","date_gmt":"2022-10-28T13:24:03","guid":{"rendered":"https:\/\/positiveprints.com\/?post_type=product&#038;p=362135"},"modified":"2026-04-12T22:50:39","modified_gmt":"2026-04-12T21:50:39","slug":"art-donde-sonore-joyeux-anniversaire","status":"publish","type":"product","link":"https:\/\/positiveprints.com\/fr\/produit\/art-donde-sonore-joyeux-anniversaire\/","title":{"rendered":"Art d&#8217;Onde Sonore Joyeux Anniversaire"},"content":{"rendered":"<p>Joyeux anniversaire \u2014 c&#8217;est une phrase que vous avez entendue un nombre incalculable de fois dans votre vie. Mais elle a encore plus de sens lorsqu&#8217;elle vient de ceux que vous consid\u00e9rez comme sp\u00e9ciaux. Transformez leur voix en un tr\u00e9sor \u00e9ternel avec notre Art d&#8217;Onde Sonore Joyeux Anniversaire.<\/p>\n\n\n\n\n\n<h2 class=\"grenB f24 cblue\" style=\"margin-top: 3rem\">Des V\u0153ux D&#8217;anniversaire Uniques Que Vous Ch\u00e9rirez \u00e0 Jamais<\/h2>\n\n\n\n<p style=\"margin-top: 1rem\">Chaque anniversaire est sp\u00e9cial. Mais ce n&#8217;est pas seulement un autre voyage autour du soleil qui le rend ainsi. Il s&#8217;agit de faire la f\u00eate avec les personnes que l&#8217;on aime. C&#8217;est pourquoi il n&#8217;y a pas de meilleur cadeau que notre art d&#8217;onde sonore Joyeux anniversaire.<\/p>\n\n\n\n<p style=\"margin-top: 1rem\">Nous prenons l&#8217;enregistrement d&#8217;un \u00eatre cher qui dit Joyeux anniversaire (ou qui chante la chanson en entier !) et nous le transformons en une magnifique \u0153uvre d&#8217;art personnalis\u00e9e. Et \u00e0 chaque fois que vous avez besoin d&#8217;entendre leur voix, il vous suffit de scanner le QR code pour \u00e9couter l&#8217;onde sonore en temps r\u00e9el. M\u00eame si les personnes qui nous sont ch\u00e8res n&#8217;ont peut-\u00eatre plus d&#8217;anniversaire \u00e0 f\u00eater, ces affiches d&#8217;ondes sonores permettent de pr\u00e9server leur voix et toutes les choses sp\u00e9ciales qu&#8217;elles avaient l&#8217;habitude de vous dire &#8211; comme un simple joyeux anniversaire.<\/p>\n\n\n\n\n\n<h2 class=\"grenB f24 cblue\" style=\"margin-top: 3rem\">Fa\u00e7on cr\u00e9ative de dire joyeux anniversaire<\/h2>\n\n\n\n<p style=\"margin-top: 1rem\">Cr\u00e9er de l&#8217;art visuel \u00e0 partir d&#8217;un son est facile avec Positive Prints. Nous avons con\u00e7u notre technologie pour transformer n&#8217;importe quel son en un h\u00e9ritage familial qui peut \u00eatre transmis de g\u00e9n\u00e9ration en g\u00e9n\u00e9ration. Il suffit de t\u00e9l\u00e9charger un fichier audio et de voir votre art d&#8217;ondes sonores prendre vie.<\/p>\n\n\n\n<p style=\"margin-top: 1rem\">Choisissez parmi nos mod\u00e8les con\u00e7us par des experts qui ajoutent de la couleur et du contexte \u00e0 votre onde sonore. Incluez une l\u00e9gende ou un autre texte pour illustrer votre histoire. Choisissez ensuite la mani\u00e8re dont vous souhaitez recevoir votre impression \u2014 sous forme de poster papier de qualit\u00e9 sup\u00e9rieure, d&#8217;impression sur toile ou de t\u00e9l\u00e9chargement num\u00e9rique instantan\u00e9. Il n&#8217;y a pas de meilleur cadeau personnalis\u00e9 que de se sentir proche de ceux que vous aimez, m\u00eame s&#8217;ils ne sont plus l\u00e0 pour f\u00eater votre anniversaire avec vous.<\/p>\n\n\n\n<h2 class=\"grenB f24 cblue\" style=\"margin-top: 3rem\">Les meilleurs cadeaux &#8216;Joyeux Anniversaire&#8217; personnalis\u00e9s<\/h2>\n\n\n\n<p style=\"margin-top: 1rem\">Capturez tous les d\u00e9tails d&#8217;un \u00eatre cher avec notre Art d&#8217;Onde Sonore Joyeux Anniversaire. C&#8217;est vraiment le cadeau qui ne s&#8217;oublie pas. Personnalisez-le \u00e0 votre fa\u00e7on et offrez le cadeau d&#8217;une vie. Commencez ici.<\/p>","protected":false},"excerpt":{"rendered":"<ul class=\"check-list\">\n<li>Surprenez vos amis et votre famille en leur offrant un cadeau unique et sinc\u00e8re qui refl\u00e8te vos souhaits d&#8217;anniversaire<\/li>\n<li>Il suffit de t\u00e9l\u00e9charger un fichier audio<\/li>\n<li>Ajoutez un code QR et scannez-le pour lire votre chanson pr\u00e9f\u00e9r\u00e9e<\/li>\n<li>Personnalisez en 3 \u00e9tapes simples<\/li>\n<li>Choisissez un mod\u00e8le ou faites preuve de cr\u00e9ativit\u00e9<\/li>\n<\/ul>\n","protected":false},"featured_media":982517,"template":"","meta":[],"product_brand":[],"product_cat":[3127,11211,11212,7478],"product_tag":[8463],"class_list":{"0":"post-362135","1":"product","2":"type-product","3":"status-publish","4":"has-post-thumbnail","6":"product_cat-cadeaux-danniversaire","7":"product_cat-cadeau-anniversaire-femme","8":"product_cat-cadeau-anniversaire-homme","9":"product_cat-soundwave-fr","10":"product_tag-birthday-fr","12":"first","13":"instock","14":"sale","15":"taxable","16":"shipping-taxable","17":"purchasable","18":"product-type-variable"},"yoast_head":"<!-- This site is optimized with the Yoast SEO Premium plugin v27.2 (Yoast SEO v27.2) - https:\/\/yoast.com\/product\/yoast-seo-premium-wordpress\/ -->\n<title>Art d&#039;Onde Sonore Joyeux Anniversaire - Positive Prints<\/title>\n<meta name=\"description\" content=\"Lorsqu&#039;un proche n&#039;est en mesure de c\u00e9l\u00e9brer votre anniversaire, notre Art d&#039;Onde Sonore Joyeux Anniversaire peut vous aider \u00e0 les garder pr\u00e8s de vous. En savoir plus.\" \/>\n<meta name=\"robots\" content=\"index, follow, max-snippet:-1, max-image-preview:large, max-video-preview:-1\" \/>\n<link rel=\"canonical\" href=\"https:\/\/positiveprints.com\/fr\/produit\/art-donde-sonore-joyeux-anniversaire\/\" \/>\n<meta property=\"og:locale\" content=\"fr_FR\" \/>\n<meta property=\"og:type\" content=\"article\" \/>\n<meta property=\"og:title\" content=\"Art d&#039;Onde Sonore Joyeux Anniversaire\" \/>\n<meta property=\"og:description\" content=\"Surprenez vos amis et votre famille en leur offrant un cadeau unique et sinc\u00e8re qui refl\u00e8te vos souhaits d&#039;anniversaire Il suffit de t\u00e9l\u00e9charger un fichier audio Ajoutez un code QR et scannez-le pour lire votre chanson pr\u00e9f\u00e9r\u00e9e Personnalisez en 3 \u00e9tapes simples Choisissez un mod\u00e8le ou faites preuve de cr\u00e9ativit\u00e9\" \/>\n<meta property=\"og:url\" content=\"https:\/\/positiveprints.com\/fr\/produit\/art-donde-sonore-joyeux-anniversaire\/\" \/>\n<meta property=\"og:site_name\" content=\"Positive Prints\" \/>\n<meta property=\"article:publisher\" content=\"https:\/\/www.facebook.com\/positiveprintscom\" \/>\n<meta property=\"article:modified_time\" content=\"2026-04-12T21:50:39+00:00\" \/>\n<meta property=\"og:image\" content=\"https:\/\/positiveprints.com\/wp-content\/uploads\/2023\/10\/Art-dOnde-Sonore-Joyeux-Anniversaire.jpg\" \/>\n\t<meta property=\"og:image:width\" content=\"1080\" \/>\n\t<meta property=\"og:image:height\" content=\"1080\" \/>\n\t<meta property=\"og:image:type\" content=\"image\/jpeg\" \/>\n<meta name=\"twitter:card\" content=\"summary_large_image\" \/>\n<!-- \/ Yoast SEO Premium plugin. -->","yoast_head_json":{"title":"Art d'Onde Sonore Joyeux Anniversaire - Positive Prints","description":"Lorsqu'un proche n'est en mesure de c\u00e9l\u00e9brer votre anniversaire, notre Art d'Onde Sonore Joyeux Anniversaire peut vous aider \u00e0 les garder pr\u00e8s de vous. En savoir plus.","robots":{"index":"index","follow":"follow","max-snippet":"max-snippet:-1","max-image-preview":"max-image-preview:large","max-video-preview":"max-video-preview:-1"},"canonical":"https:\/\/positiveprints.com\/fr\/produit\/art-donde-sonore-joyeux-anniversaire\/","og_locale":"fr_FR","og_type":"article","og_title":"Art d'Onde Sonore Joyeux Anniversaire","og_description":"Surprenez vos amis et votre famille en leur offrant un cadeau unique et sinc\u00e8re qui refl\u00e8te vos souhaits d'anniversaire Il suffit de t\u00e9l\u00e9charger un fichier audio Ajoutez un code QR et scannez-le pour lire votre chanson pr\u00e9f\u00e9r\u00e9e Personnalisez en 3 \u00e9tapes simples Choisissez un mod\u00e8le ou faites preuve de cr\u00e9ativit\u00e9","og_url":"https:\/\/positiveprints.com\/fr\/produit\/art-donde-sonore-joyeux-anniversaire\/","og_site_name":"Positive Prints","article_publisher":"https:\/\/www.facebook.com\/positiveprintscom","article_modified_time":"2026-04-12T21:50:39+00:00","og_image":[{"width":1080,"height":1080,"url":"https:\/\/positiveprints.com\/wp-content\/uploads\/2023\/10\/Art-dOnde-Sonore-Joyeux-Anniversaire.jpg","type":"image\/jpeg"}],"twitter_card":"summary_large_image","schema":{"@context":"https:\/\/schema.org","@graph":[{"@type":["WebPage","ItemPage"],"@id":"https:\/\/positiveprints.com\/fr\/produit\/art-donde-sonore-joyeux-anniversaire\/","url":"https:\/\/positiveprints.com\/fr\/produit\/art-donde-sonore-joyeux-anniversaire\/","name":"Art d'Onde Sonore Joyeux Anniversaire - Positive Prints","isPartOf":{"@id":"https:\/\/positiveprints.com\/fr\/#website"},"primaryImageOfPage":{"@id":"https:\/\/positiveprints.com\/fr\/produit\/art-donde-sonore-joyeux-anniversaire\/#primaryimage"},"image":{"@id":"https:\/\/positiveprints.com\/fr\/produit\/art-donde-sonore-joyeux-anniversaire\/#primaryimage"},"thumbnailUrl":"https:\/\/positiveprints.com\/wp-content\/uploads\/2023\/10\/Art-dOnde-Sonore-Joyeux-Anniversaire.jpg","datePublished":"2022-10-28T13:24:03+00:00","dateModified":"2026-04-12T21:50:39+00:00","description":"Lorsqu'un proche n'est en mesure de c\u00e9l\u00e9brer votre anniversaire, notre Art d'Onde Sonore Joyeux Anniversaire peut vous aider \u00e0 les garder pr\u00e8s de vous. En savoir plus.","breadcrumb":{"@id":"https:\/\/positiveprints.com\/fr\/produit\/art-donde-sonore-joyeux-anniversaire\/#breadcrumb"},"inLanguage":"fr-FR","potentialAction":[{"@type":"ReadAction","target":["https:\/\/positiveprints.com\/fr\/produit\/art-donde-sonore-joyeux-anniversaire\/"]}]},{"@type":"ImageObject","inLanguage":"fr-FR","@id":"https:\/\/positiveprints.com\/fr\/produit\/art-donde-sonore-joyeux-anniversaire\/#primaryimage","url":"https:\/\/positiveprints.com\/wp-content\/uploads\/2023\/10\/Art-dOnde-Sonore-Joyeux-Anniversaire.jpg","contentUrl":"https:\/\/positiveprints.com\/wp-content\/uploads\/2023\/10\/Art-dOnde-Sonore-Joyeux-Anniversaire.jpg","width":1080,"height":1080,"caption":"Art d'Onde Sonore Joyeux Anniversaire"},{"@type":"BreadcrumbList","@id":"https:\/\/positiveprints.com\/fr\/produit\/art-donde-sonore-joyeux-anniversaire\/#breadcrumb","itemListElement":[{"@type":"ListItem","position":1,"name":"Home","item":"https:\/\/positiveprints.com\/fr\/"},{"@type":"ListItem","position":2,"name":"Produits","item":"https:\/\/positiveprints.com\/fr\/shop\/"},{"@type":"ListItem","position":3,"name":"Art d&#8217;Onde Sonore Joyeux Anniversaire"}]},{"@type":"WebSite","@id":"https:\/\/positiveprints.com\/fr\/#website","url":"https:\/\/positiveprints.com\/fr\/","name":"Positive Prints","description":"Amazing Custom Personalized Gifts","publisher":{"@id":"https:\/\/positiveprints.com\/fr\/#organization"},"potentialAction":[{"@type":"SearchAction","target":{"@type":"EntryPoint","urlTemplate":"https:\/\/positiveprints.com\/fr\/?s={search_term_string}"},"query-input":{"@type":"PropertyValueSpecification","valueRequired":true,"valueName":"search_term_string"}}],"inLanguage":"fr-FR"},{"@type":"Organization","@id":"https:\/\/positiveprints.com\/fr\/#organization","name":"Positive Prints","alternateName":"Positive Prints","url":"https:\/\/positiveprints.com\/fr\/","logo":{"@type":"ImageObject","inLanguage":"fr-FR","@id":"https:\/\/positiveprints.com\/fr\/#\/schema\/logo\/image\/","url":"https:\/\/positiveprints.com\/wp-content\/uploads\/2026\/03\/245815646_1337939713319158_5671353136411139666_n.png","contentUrl":"https:\/\/positiveprints.com\/wp-content\/uploads\/2026\/03\/245815646_1337939713319158_5671353136411139666_n.png","width":800,"height":800,"caption":"Positive Prints"},"image":{"@id":"https:\/\/positiveprints.com\/fr\/#\/schema\/logo\/image\/"},"sameAs":["https:\/\/www.facebook.com\/positiveprintscom","https:\/\/www.instagram.com\/positiveprintscom\/","https:\/\/www.tiktok.com\/@positiveprintscom","https:\/\/www.pinterest.com\/positiveprintscom\/"]}]}},"jetpack_sharing_enabled":true,"_links":{"self":[{"href":"https:\/\/positiveprints.com\/fr\/wp-json\/wp\/v2\/product\/362135","targetHints":{"allow":["GET"]}}],"collection":[{"href":"https:\/\/positiveprints.com\/fr\/wp-json\/wp\/v2\/product"}],"about":[{"href":"https:\/\/positiveprints.com\/fr\/wp-json\/wp\/v2\/types\/product"}],"wp:featuredmedia":[{"embeddable":true,"href":"https:\/\/positiveprints.com\/fr\/wp-json\/wp\/v2\/media\/982517"}],"wp:attachment":[{"href":"https:\/\/positiveprints.com\/fr\/wp-json\/wp\/v2\/media?parent=362135"}],"wp:term":[{"taxonomy":"product_brand","embeddable":true,"href":"https:\/\/positiveprints.com\/fr\/wp-json\/wp\/v2\/product_brand?post=362135"},{"taxonomy":"product_cat","embeddable":true,"href":"https:\/\/positiveprints.com\/fr\/wp-json\/wp\/v2\/product_cat?post=362135"},{"taxonomy":"product_tag","embeddable":true,"href":"https:\/\/positiveprints.com\/fr\/wp-json\/wp\/v2\/product_tag?post=362135"}],"curies":[{"name":"wp","href":"https:\/\/api.w.org\/{rel}","templated":true}]}}