{"id":362121,"date":"2022-10-28T13:52:34","date_gmt":"2022-10-28T12:52:34","guid":{"rendered":"https:\/\/positiveprints.com\/?post_type=product&#038;p=362121"},"modified":"2026-04-18T06:25:08","modified_gmt":"2026-04-18T05:25:08","slug":"il-a-demande-elle-a-dit-oui","status":"publish","type":"product","link":"https:\/\/positiveprints.com\/fr\/produit\/il-a-demande-elle-a-dit-oui\/","title":{"rendered":"Il a Demand\u00e9 sa Main, Elle a Dit \u00ab Oui \u00bb"},"content":{"rendered":"Il n&#8217;y a pas de plus grand honneur que d&#8217;\u00eatre invit\u00e9 \u00e0 devenir le partenaire de quelqu&#8217;un. Il n&#8217;est pas facile de trouver la personne que votre c\u0153ur d\u00e9sire. Lorsqu&#8217;il lui demande sa main et qu&#8217;elle dit oui, il est temps de f\u00eater l&#8217;\u00e9v\u00e9nement. Commencez par une impression de fian\u00e7ailles personnalis\u00e9e \u00ab Il a Demand\u00e9 sa Main, Elle a Dit Oui \u00bb de Positive Prints.\r\n<h2 class=\"grenB f24 cblue\" style=\"margin-top: 3rem;\">Impressions Il a Demand\u00e9 sa Main, Elle a Dit Oui<\/h2>\r\n<p style=\"margin-top: 1rem;\">Quand il demande et qu&#8217;elle dit oui, vous voulez que le monde entier le sache ! Bon, peut-\u00eatre pas le monde entier, mais vous avez h\u00e2te de partager la nouvelle avec votre famille et vos amis. Nous avons con\u00e7u ces impressions amusantes \u00ab Il a Demand\u00e9 sa Main, Elle a Dit Oui \u00bb pour vous aider \u00e0 immortaliser l&#8217;un des moments les plus heureux de votre vie.<\/p>\r\n<p style=\"margin-top: 1rem;\">Nos affiches et imprim\u00e9s sur toile haut de gamme ajoutent une touche personnalis\u00e9e \u00e0 votre int\u00e9rieur et inspirent les autres avec votre histoire d&#8217;amour. Profitez de vos fian\u00e7ailles et attendez avec impatience le prochain chapitre de votre vie commune.<\/p>\r\n\r\n<h2 class=\"grenB f24 cblue\" style=\"margin-top: 3rem;\">Ajoutez Votre Texte Personnalis\u00e9 ou Tout Autre \u00c9l\u00e9ment Qui Rendra Votre Impression Sp\u00e9ciale Pour Vous<\/h2>\r\n<p style=\"margin-top: 1rem;\">Nos affiches personnalisables vous permettent de t\u00e9l\u00e9charger la photo de votre choix. Ajoutez la date \u00e0 laquelle il a pos\u00e9 la question, la date de votre prochain mariage ou le nom que vous partagerez ensemble \u2014 tout ce qui rendra votre cadeau photo sp\u00e9cial pour vous.<\/p>\r\n<p style=\"margin-top: 1rem;\">Ces impressions sont parfaites pour les f\u00eates de fian\u00e7ailles ou les enterrements de vie de jeune fille, ou comme cadeaux de fian\u00e7ailles pour les futurs mari\u00e9s. Elles peuvent \u00e9galement \u00eatre la premi\u00e8re \u0153uvre d&#8217;art que vous accrochez dans la nouvelle maison que vous construisez ensemble, vous aidant \u00e0 cr\u00e9er une base solide d&#8217;amour qui durera toute une vie.<\/p>\r\n\r\n<h2 class=\"grenB f24 cblue\" style=\"margin-top: 3rem;\">Commencer un nouveau chapitre avec une impression souvenir<\/h2>\r\n<p style=\"margin-top: 1rem;\">Vos fian\u00e7ailles ne sont que la prochaine \u00e9tape d&#8217;une vie pleine d&#8217;amour, de rires et de bonheur. Assurez-vous de capturer ces moments sp\u00e9ciaux au fur et \u00e0 mesure que vous entrez dans le prochain chapitre de la vie. Cr\u00e9ez votre impression Il a Demand\u00e9 sa Main, Elle a Dit Oui avec Positive Prints \u2014 commencez d\u00e8s aujourd&#8217;hui !<\/p>","protected":false},"excerpt":{"rendered":"<ul class=\"check-list\">\n<li>Comm\u00e9morez votre amour et votre d\u00e9vouement et pr\u00e9sentez l&#8217;histoire de vos fian\u00e7ailles aux yeux de tous<\/li>\n<li>Ajouter des superpositions de texte pour rendre chaque cadeau sp\u00e9cial et pr\u00e9cieux<\/li>\n<li>Personnalisez en 3 \u00e9tapes simples<\/li>\n<li>Vois le r\u00e9sultat imm\u00e9diatement \u2013 l\u2019aper\u00e7u interactif te permet de peaufiner chaque d\u00e9tail<\/li>\n<\/ul>\n","protected":false},"featured_media":338963,"template":"","meta":[],"product_brand":[],"product_cat":[7495,5276,7925],"product_tag":[17670,8432],"class_list":{"0":"post-362121","1":"product","2":"type-product","3":"status-publish","4":"has-post-thumbnail","6":"product_cat-photo-fr","7":"product_cat-cadeaux-de-fiancailles-idees-cadeaux","8":"product_cat-cadeaux-denterrement-de-vie-de-jeune-fille","9":"product_tag-engagement-fr","10":"product_tag-fiancailles","12":"first","13":"instock","14":"sale","15":"taxable","16":"shipping-taxable","17":"purchasable","18":"product-type-variable"},"yoast_head":"<!-- This site is optimized with the Yoast SEO Premium plugin v27.2 (Yoast SEO v27.2) - https:\/\/yoast.com\/product\/yoast-seo-premium-wordpress\/ -->\n<title>Il a Demand\u00e9 sa Main, Elle a Dit \u00ab Oui \u00bb - Positive Prints<\/title>\n<meta name=\"description\" content=\"Il a demand\u00e9, et elle a dit oui ! C\u00e9l\u00e9brez le d\u00e9but d&#039;un nouveau chapitre de la vie avec une impression photo personnalis\u00e9e de Positive Prints !\" \/>\n<meta name=\"robots\" content=\"index, follow, max-snippet:-1, max-image-preview:large, max-video-preview:-1\" \/>\n<link rel=\"canonical\" href=\"https:\/\/positiveprints.com\/fr\/produit\/il-a-demande-elle-a-dit-oui\/\" \/>\n<meta property=\"og:locale\" content=\"fr_FR\" \/>\n<meta property=\"og:type\" content=\"article\" \/>\n<meta property=\"og:title\" content=\"Il a Demand\u00e9 sa Main, Elle a Dit \u00ab Oui \u00bb\" \/>\n<meta property=\"og:description\" content=\"Comm\u00e9morez votre amour et votre d\u00e9vouement et pr\u00e9sentez l&#039;histoire de vos fian\u00e7ailles aux yeux de tous Ajouter des superpositions de texte pour rendre chaque cadeau sp\u00e9cial et pr\u00e9cieux Personnalisez en 3 \u00e9tapes simples Vois le r\u00e9sultat imm\u00e9diatement \u2013 l\u2019aper\u00e7u interactif te permet de peaufiner chaque d\u00e9tail\" \/>\n<meta property=\"og:url\" content=\"https:\/\/positiveprints.com\/fr\/produit\/il-a-demande-elle-a-dit-oui\/\" \/>\n<meta property=\"og:site_name\" content=\"Positive Prints\" \/>\n<meta property=\"article:publisher\" content=\"https:\/\/www.facebook.com\/positiveprintscom\" \/>\n<meta property=\"article:modified_time\" content=\"2026-04-18T05:25:08+00:00\" \/>\n<meta property=\"og:image\" content=\"https:\/\/positiveprints.com\/wp-content\/uploads\/2022\/08\/he-asked-she-said.jpg\" \/>\n\t<meta property=\"og:image:width\" content=\"1080\" \/>\n\t<meta property=\"og:image:height\" content=\"1080\" \/>\n\t<meta property=\"og:image:type\" content=\"image\/jpeg\" \/>\n<meta name=\"twitter:card\" content=\"summary_large_image\" \/>\n<!-- \/ Yoast SEO Premium plugin. -->","yoast_head_json":{"title":"Il a Demand\u00e9 sa Main, Elle a Dit \u00ab Oui \u00bb - Positive Prints","description":"Il a demand\u00e9, et elle a dit oui ! C\u00e9l\u00e9brez le d\u00e9but d'un nouveau chapitre de la vie avec une impression photo personnalis\u00e9e de Positive Prints !","robots":{"index":"index","follow":"follow","max-snippet":"max-snippet:-1","max-image-preview":"max-image-preview:large","max-video-preview":"max-video-preview:-1"},"canonical":"https:\/\/positiveprints.com\/fr\/produit\/il-a-demande-elle-a-dit-oui\/","og_locale":"fr_FR","og_type":"article","og_title":"Il a Demand\u00e9 sa Main, Elle a Dit \u00ab Oui \u00bb","og_description":"Comm\u00e9morez votre amour et votre d\u00e9vouement et pr\u00e9sentez l'histoire de vos fian\u00e7ailles aux yeux de tous Ajouter des superpositions de texte pour rendre chaque cadeau sp\u00e9cial et pr\u00e9cieux Personnalisez en 3 \u00e9tapes simples Vois le r\u00e9sultat imm\u00e9diatement \u2013 l\u2019aper\u00e7u interactif te permet de peaufiner chaque d\u00e9tail","og_url":"https:\/\/positiveprints.com\/fr\/produit\/il-a-demande-elle-a-dit-oui\/","og_site_name":"Positive Prints","article_publisher":"https:\/\/www.facebook.com\/positiveprintscom","article_modified_time":"2026-04-18T05:25:08+00:00","og_image":[{"width":1080,"height":1080,"url":"https:\/\/positiveprints.com\/wp-content\/uploads\/2022\/08\/he-asked-she-said.jpg","type":"image\/jpeg"}],"twitter_card":"summary_large_image","schema":{"@context":"https:\/\/schema.org","@graph":[{"@type":["WebPage","ItemPage"],"@id":"https:\/\/positiveprints.com\/fr\/produit\/il-a-demande-elle-a-dit-oui\/","url":"https:\/\/positiveprints.com\/fr\/produit\/il-a-demande-elle-a-dit-oui\/","name":"Il a Demand\u00e9 sa Main, Elle a Dit \u00ab Oui \u00bb - Positive Prints","isPartOf":{"@id":"https:\/\/positiveprints.com\/fr\/#website"},"primaryImageOfPage":{"@id":"https:\/\/positiveprints.com\/fr\/produit\/il-a-demande-elle-a-dit-oui\/#primaryimage"},"image":{"@id":"https:\/\/positiveprints.com\/fr\/produit\/il-a-demande-elle-a-dit-oui\/#primaryimage"},"thumbnailUrl":"https:\/\/positiveprints.com\/wp-content\/uploads\/2022\/08\/he-asked-she-said.jpg","datePublished":"2022-10-28T12:52:34+00:00","dateModified":"2026-04-18T05:25:08+00:00","description":"Il a demand\u00e9, et elle a dit oui ! C\u00e9l\u00e9brez le d\u00e9but d'un nouveau chapitre de la vie avec une impression photo personnalis\u00e9e de Positive Prints !","breadcrumb":{"@id":"https:\/\/positiveprints.com\/fr\/produit\/il-a-demande-elle-a-dit-oui\/#breadcrumb"},"inLanguage":"fr-FR","potentialAction":[{"@type":"ReadAction","target":["https:\/\/positiveprints.com\/fr\/produit\/il-a-demande-elle-a-dit-oui\/"]}]},{"@type":"ImageObject","inLanguage":"fr-FR","@id":"https:\/\/positiveprints.com\/fr\/produit\/il-a-demande-elle-a-dit-oui\/#primaryimage","url":"https:\/\/positiveprints.com\/wp-content\/uploads\/2022\/08\/he-asked-she-said.jpg","contentUrl":"https:\/\/positiveprints.com\/wp-content\/uploads\/2022\/08\/he-asked-she-said.jpg","width":1080,"height":1080,"caption":"He asked, and she said yes!"},{"@type":"BreadcrumbList","@id":"https:\/\/positiveprints.com\/fr\/produit\/il-a-demande-elle-a-dit-oui\/#breadcrumb","itemListElement":[{"@type":"ListItem","position":1,"name":"Home","item":"https:\/\/positiveprints.com\/fr\/"},{"@type":"ListItem","position":2,"name":"Produits","item":"https:\/\/positiveprints.com\/fr\/shop\/"},{"@type":"ListItem","position":3,"name":"Il a Demand\u00e9 sa Main, Elle a Dit \u00ab Oui \u00bb"}]},{"@type":"WebSite","@id":"https:\/\/positiveprints.com\/fr\/#website","url":"https:\/\/positiveprints.com\/fr\/","name":"Positive Prints","description":"Amazing Custom Personalized Gifts","publisher":{"@id":"https:\/\/positiveprints.com\/fr\/#organization"},"potentialAction":[{"@type":"SearchAction","target":{"@type":"EntryPoint","urlTemplate":"https:\/\/positiveprints.com\/fr\/?s={search_term_string}"},"query-input":{"@type":"PropertyValueSpecification","valueRequired":true,"valueName":"search_term_string"}}],"inLanguage":"fr-FR"},{"@type":"Organization","@id":"https:\/\/positiveprints.com\/fr\/#organization","name":"Positive Prints","alternateName":"Positive Prints","url":"https:\/\/positiveprints.com\/fr\/","logo":{"@type":"ImageObject","inLanguage":"fr-FR","@id":"https:\/\/positiveprints.com\/fr\/#\/schema\/logo\/image\/","url":"https:\/\/positiveprints.com\/wp-content\/uploads\/2026\/03\/245815646_1337939713319158_5671353136411139666_n.png","contentUrl":"https:\/\/positiveprints.com\/wp-content\/uploads\/2026\/03\/245815646_1337939713319158_5671353136411139666_n.png","width":800,"height":800,"caption":"Positive Prints"},"image":{"@id":"https:\/\/positiveprints.com\/fr\/#\/schema\/logo\/image\/"},"sameAs":["https:\/\/www.facebook.com\/positiveprintscom","https:\/\/www.instagram.com\/positiveprintscom\/","https:\/\/www.tiktok.com\/@positiveprintscom","https:\/\/www.pinterest.com\/positiveprintscom\/"]}]}},"jetpack_sharing_enabled":true,"_links":{"self":[{"href":"https:\/\/positiveprints.com\/fr\/wp-json\/wp\/v2\/product\/362121","targetHints":{"allow":["GET"]}}],"collection":[{"href":"https:\/\/positiveprints.com\/fr\/wp-json\/wp\/v2\/product"}],"about":[{"href":"https:\/\/positiveprints.com\/fr\/wp-json\/wp\/v2\/types\/product"}],"wp:featuredmedia":[{"embeddable":true,"href":"https:\/\/positiveprints.com\/fr\/wp-json\/wp\/v2\/media\/338963"}],"wp:attachment":[{"href":"https:\/\/positiveprints.com\/fr\/wp-json\/wp\/v2\/media?parent=362121"}],"wp:term":[{"taxonomy":"product_brand","embeddable":true,"href":"https:\/\/positiveprints.com\/fr\/wp-json\/wp\/v2\/product_brand?post=362121"},{"taxonomy":"product_cat","embeddable":true,"href":"https:\/\/positiveprints.com\/fr\/wp-json\/wp\/v2\/product_cat?post=362121"},{"taxonomy":"product_tag","embeddable":true,"href":"https:\/\/positiveprints.com\/fr\/wp-json\/wp\/v2\/product_tag?post=362121"}],"curies":[{"name":"wp","href":"https:\/\/api.w.org\/{rel}","templated":true}]}}