{"id":362089,"date":"2022-08-24T11:03:10","date_gmt":"2022-08-24T10:03:10","guid":{"rendered":"https:\/\/positiveprints.com\/?post_type=product&#038;p=362089"},"modified":"2026-04-18T06:46:03","modified_gmt":"2026-04-18T05:46:03","slug":"cadeau-photo-commemoratif","status":"publish","type":"product","link":"https:\/\/positiveprints.com\/fr\/produit\/cadeau-photo-commemoratif\/","title":{"rendered":"Cadeau Photo Souvenir"},"content":{"rendered":"","protected":false},"excerpt":{"rendered":"<ul class=\"check-list\">\n<li>Immortalisez vos proches disparus avec un cadeau comm\u00e9moratif qui ravive les plus beaux souvenirs<\/li>\n<li>Ajouter des superpositions de texte pour rendre chaque cadeau sp\u00e9cial et pr\u00e9cieux<\/li>\n<li>Personnalisez en 3 \u00e9tapes simples<\/li>\n<li>Vois le r\u00e9sultat imm\u00e9diatement \u2013 l\u2019aper\u00e7u interactif te permet de peaufiner chaque d\u00e9tail<\/li>\n<\/ul>\n","protected":false},"featured_media":334012,"template":"","meta":[],"product_brand":[],"product_cat":[7989,7495],"product_tag":[15354,15355,15356,15357,15358,15359,15360,15361,8612],"class_list":{"0":"post-362089","1":"product","2":"type-product","3":"status-publish","4":"has-post-thumbnail","6":"product_cat-cadeaux-de-condoleances-idees-cadeaux","7":"product_cat-photo-fr","8":"product_tag-condolence-gift-fr","9":"product_tag-condolence-gifts-fr","10":"product_tag-grief-support-gift-fr","11":"product_tag-memorial-fr","12":"product_tag-memorial-gift-fr","13":"product_tag-remembrance-gift-fr","14":"product_tag-sympathy-gift-fr","15":"product_tag-sympathy-gifts-fr","16":"product_tag-sympathy-fr","18":"first","19":"instock","20":"sale","21":"taxable","22":"shipping-taxable","23":"purchasable","24":"product-type-variable"},"yoast_head":"<!-- This site is optimized with the Yoast SEO Premium plugin v27.2 (Yoast SEO v27.2) - https:\/\/yoast.com\/product\/yoast-seo-premium-wordpress\/ -->\n<title>Cadeau Photo Souvenir - Positive Prints<\/title>\n<meta name=\"description\" content=\"Pour une vie bien v\u00e9cue qui m\u00e9rite qu&#039;on s&#039;en souvienne. Notre Cadeau Photo Comm\u00e9moratif peut vous aider \u00e0 garder leur m\u00e9moire vivante, lors des fun\u00e9railles et au-del\u00e0.\" \/>\n<meta name=\"robots\" content=\"index, follow, max-snippet:-1, max-image-preview:large, max-video-preview:-1\" \/>\n<link rel=\"canonical\" href=\"https:\/\/positiveprints.com\/fr\/produit\/cadeau-photo-commemoratif\/\" \/>\n<meta property=\"og:locale\" content=\"fr_FR\" \/>\n<meta property=\"og:type\" content=\"article\" \/>\n<meta property=\"og:title\" content=\"Cadeau Photo Souvenir\" \/>\n<meta property=\"og:description\" content=\"Immortalisez vos proches disparus avec un cadeau comm\u00e9moratif qui ravive les plus beaux souvenirs Ajouter des superpositions de texte pour rendre chaque cadeau sp\u00e9cial et pr\u00e9cieux Personnalisez en 3 \u00e9tapes simples Vois le r\u00e9sultat imm\u00e9diatement \u2013 l\u2019aper\u00e7u interactif te permet de peaufiner chaque d\u00e9tail\" \/>\n<meta property=\"og:url\" content=\"https:\/\/positiveprints.com\/fr\/produit\/cadeau-photo-commemoratif\/\" \/>\n<meta property=\"og:site_name\" content=\"Positive Prints\" \/>\n<meta property=\"article:publisher\" content=\"https:\/\/www.facebook.com\/positiveprintscom\" \/>\n<meta property=\"article:modified_time\" content=\"2026-04-18T05:46:03+00:00\" \/>\n<meta property=\"og:image\" content=\"https:\/\/positiveprints.com\/wp-content\/uploads\/2022\/08\/memorial-photo-gifts.jpg\" \/>\n\t<meta property=\"og:image:width\" content=\"1080\" \/>\n\t<meta property=\"og:image:height\" content=\"1080\" \/>\n\t<meta property=\"og:image:type\" content=\"image\/jpeg\" \/>\n<meta name=\"twitter:card\" content=\"summary_large_image\" \/>\n<!-- \/ Yoast SEO Premium plugin. -->","yoast_head_json":{"title":"Cadeau Photo Souvenir - Positive Prints","description":"Pour une vie bien v\u00e9cue qui m\u00e9rite qu'on s'en souvienne. Notre Cadeau Photo Comm\u00e9moratif peut vous aider \u00e0 garder leur m\u00e9moire vivante, lors des fun\u00e9railles et au-del\u00e0.","robots":{"index":"index","follow":"follow","max-snippet":"max-snippet:-1","max-image-preview":"max-image-preview:large","max-video-preview":"max-video-preview:-1"},"canonical":"https:\/\/positiveprints.com\/fr\/produit\/cadeau-photo-commemoratif\/","og_locale":"fr_FR","og_type":"article","og_title":"Cadeau Photo Souvenir","og_description":"Immortalisez vos proches disparus avec un cadeau comm\u00e9moratif qui ravive les plus beaux souvenirs Ajouter des superpositions de texte pour rendre chaque cadeau sp\u00e9cial et pr\u00e9cieux Personnalisez en 3 \u00e9tapes simples Vois le r\u00e9sultat imm\u00e9diatement \u2013 l\u2019aper\u00e7u interactif te permet de peaufiner chaque d\u00e9tail","og_url":"https:\/\/positiveprints.com\/fr\/produit\/cadeau-photo-commemoratif\/","og_site_name":"Positive Prints","article_publisher":"https:\/\/www.facebook.com\/positiveprintscom","article_modified_time":"2026-04-18T05:46:03+00:00","og_image":[{"width":1080,"height":1080,"url":"https:\/\/positiveprints.com\/wp-content\/uploads\/2022\/08\/memorial-photo-gifts.jpg","type":"image\/jpeg"}],"twitter_card":"summary_large_image","schema":{"@context":"https:\/\/schema.org","@graph":[{"@type":["WebPage","ItemPage"],"@id":"https:\/\/positiveprints.com\/fr\/produit\/cadeau-photo-commemoratif\/","url":"https:\/\/positiveprints.com\/fr\/produit\/cadeau-photo-commemoratif\/","name":"Cadeau Photo Souvenir - Positive Prints","isPartOf":{"@id":"https:\/\/positiveprints.com\/fr\/#website"},"primaryImageOfPage":{"@id":"https:\/\/positiveprints.com\/fr\/produit\/cadeau-photo-commemoratif\/#primaryimage"},"image":{"@id":"https:\/\/positiveprints.com\/fr\/produit\/cadeau-photo-commemoratif\/#primaryimage"},"thumbnailUrl":"https:\/\/positiveprints.com\/wp-content\/uploads\/2022\/08\/memorial-photo-gifts.jpg","datePublished":"2022-08-24T10:03:10+00:00","dateModified":"2026-04-18T05:46:03+00:00","description":"Pour une vie bien v\u00e9cue qui m\u00e9rite qu'on s'en souvienne. Notre Cadeau Photo Comm\u00e9moratif peut vous aider \u00e0 garder leur m\u00e9moire vivante, lors des fun\u00e9railles et au-del\u00e0.","breadcrumb":{"@id":"https:\/\/positiveprints.com\/fr\/produit\/cadeau-photo-commemoratif\/#breadcrumb"},"inLanguage":"fr-FR","potentialAction":[{"@type":"ReadAction","target":["https:\/\/positiveprints.com\/fr\/produit\/cadeau-photo-commemoratif\/"]}]},{"@type":"ImageObject","inLanguage":"fr-FR","@id":"https:\/\/positiveprints.com\/fr\/produit\/cadeau-photo-commemoratif\/#primaryimage","url":"https:\/\/positiveprints.com\/wp-content\/uploads\/2022\/08\/memorial-photo-gifts.jpg","contentUrl":"https:\/\/positiveprints.com\/wp-content\/uploads\/2022\/08\/memorial-photo-gifts.jpg","width":1080,"height":1080,"caption":"Do something special to remember a life well lived, like creating in loving memory photo gifts that keep them close to your heart."},{"@type":"BreadcrumbList","@id":"https:\/\/positiveprints.com\/fr\/produit\/cadeau-photo-commemoratif\/#breadcrumb","itemListElement":[{"@type":"ListItem","position":1,"name":"Home","item":"https:\/\/positiveprints.com\/fr\/"},{"@type":"ListItem","position":2,"name":"Produits","item":"https:\/\/positiveprints.com\/fr\/shop\/"},{"@type":"ListItem","position":3,"name":"Cadeau Photo Souvenir"}]},{"@type":"WebSite","@id":"https:\/\/positiveprints.com\/fr\/#website","url":"https:\/\/positiveprints.com\/fr\/","name":"Positive Prints","description":"Amazing Custom Personalized Gifts","publisher":{"@id":"https:\/\/positiveprints.com\/fr\/#organization"},"potentialAction":[{"@type":"SearchAction","target":{"@type":"EntryPoint","urlTemplate":"https:\/\/positiveprints.com\/fr\/?s={search_term_string}"},"query-input":{"@type":"PropertyValueSpecification","valueRequired":true,"valueName":"search_term_string"}}],"inLanguage":"fr-FR"},{"@type":"Organization","@id":"https:\/\/positiveprints.com\/fr\/#organization","name":"Positive Prints","alternateName":"Positive Prints","url":"https:\/\/positiveprints.com\/fr\/","logo":{"@type":"ImageObject","inLanguage":"fr-FR","@id":"https:\/\/positiveprints.com\/fr\/#\/schema\/logo\/image\/","url":"https:\/\/positiveprints.com\/wp-content\/uploads\/2026\/03\/245815646_1337939713319158_5671353136411139666_n.png","contentUrl":"https:\/\/positiveprints.com\/wp-content\/uploads\/2026\/03\/245815646_1337939713319158_5671353136411139666_n.png","width":800,"height":800,"caption":"Positive Prints"},"image":{"@id":"https:\/\/positiveprints.com\/fr\/#\/schema\/logo\/image\/"},"sameAs":["https:\/\/www.facebook.com\/positiveprintscom","https:\/\/www.instagram.com\/positiveprintscom\/","https:\/\/www.tiktok.com\/@positiveprintscom","https:\/\/www.pinterest.com\/positiveprintscom\/"]}]}},"jetpack_sharing_enabled":true,"_links":{"self":[{"href":"https:\/\/positiveprints.com\/fr\/wp-json\/wp\/v2\/product\/362089","targetHints":{"allow":["GET"]}}],"collection":[{"href":"https:\/\/positiveprints.com\/fr\/wp-json\/wp\/v2\/product"}],"about":[{"href":"https:\/\/positiveprints.com\/fr\/wp-json\/wp\/v2\/types\/product"}],"wp:featuredmedia":[{"embeddable":true,"href":"https:\/\/positiveprints.com\/fr\/wp-json\/wp\/v2\/media\/334012"}],"wp:attachment":[{"href":"https:\/\/positiveprints.com\/fr\/wp-json\/wp\/v2\/media?parent=362089"}],"wp:term":[{"taxonomy":"product_brand","embeddable":true,"href":"https:\/\/positiveprints.com\/fr\/wp-json\/wp\/v2\/product_brand?post=362089"},{"taxonomy":"product_cat","embeddable":true,"href":"https:\/\/positiveprints.com\/fr\/wp-json\/wp\/v2\/product_cat?post=362089"},{"taxonomy":"product_tag","embeddable":true,"href":"https:\/\/positiveprints.com\/fr\/wp-json\/wp\/v2\/product_tag?post=362089"}],"curies":[{"name":"wp","href":"https:\/\/api.w.org\/{rel}","templated":true}]}}