{"id":362036,"date":"2022-10-28T12:27:10","date_gmt":"2022-10-28T11:27:10","guid":{"rendered":"https:\/\/positiveprints.com\/?post_type=product&#038;p=362036"},"modified":"2026-04-03T03:25:16","modified_gmt":"2026-04-03T02:25:16","slug":"art-donde-sonore-voeux-de-mariage","status":"publish","type":"product","link":"https:\/\/positiveprints.com\/fr\/produit\/art-donde-sonore-voeux-de-mariage\/","title":{"rendered":"Art d&#8217;Onde Sonore V\u0153ux de Mariage"},"content":{"rendered":"<p>Vous aimeriez revivre certains des plus beaux moments de votre mariage ? Positive Prints rend cela possible avec nos arts d&#8217;onde sonore v\u0153ux de mariage.<\/p>\r\n\r\n\r\n<h2 class=\"grenB f24 cblue\" style=\"margin-top: 3rem\">Offrez un cadeau de couple unique qui ne s&#8217;oublie pas<\/h2>\r\n\r\n<p style=\"margin-top: 1rem\">Votre mariage a sans aucun doute \u00e9t\u00e9 l&#8217;un des plus beaux jours de votre vie. Maintenant, vous pouvez conserver \u00e0 jamais l&#8217;un des moments les plus importants de cette journ\u00e9e \u2014 vos v\u0153ux de mariage. Notre art d&#8217;onde sonore personnalis\u00e9 transforme votre fichier audio en une magnifique onde sonore visuelle. De plus, nous cr\u00e9ons nos ondes sonores de mani\u00e8re si d\u00e9taill\u00e9e que vous pouvez les \u00e9couter en temps r\u00e9el. Gardez vos v\u0153ux pr\u00e9sents \u00e0 l&#8217;esprit tout au long de votre mariage en les affichant dans la maison que vous partagez d&#8217;une des mani\u00e8res les plus uniques possibles.<\/p>\r\n\r\n\r\n<h2 class=\"grenB f24 cblue\" style=\"margin-top: 3rem\">Comment \u00e7a marche<\/h2>\r\n\r\n<p style=\"margin-top: 1rem\">Positive Prints transforme tout le monde en artiste professionnel gr\u00e2ce \u00e0 notre g\u00e9n\u00e9rateur d&#8217;art d&#8217;ondes sonores. Il suffit de t\u00e9l\u00e9charger votre fichier audio et notre technologie fait le reste. Choisissez la fa\u00e7on dont vous souhaitez que votre onde sonore apparaisse sur votre impression \u00e0 l&#8217;aide d&#8217;un mod\u00e8le et d&#8217;un jeu de couleurs pr\u00e9d\u00e9finis. Ajoutez du texte pour aider votre onde sonore \u00e0 raconter votre histoire d&#8217;amour unique, de la date de votre mariage au lieu, et plus encore.<\/p>\r\n\r\n<p style=\"margin-top: 1rem\">Nous pouvons imprimer votre art d&#8217;ondes sonores sur du papier poster de qualit\u00e9 sup\u00e9rieure ou sur une toile. Ou, pour un d\u00e9lai d&#8217;ex\u00e9cution plus rapide, choisissez notre option de t\u00e9l\u00e9chargement num\u00e9rique et faites imprimer vos \u0153uvres pr\u00e8s de chez vous.<\/p>\r\n\r\n<h2 class=\"grenB f24 cblue\" style=\"margin-top: 3rem\">Les meilleurs cadeaux d&#8217;anniversaire de v\u0153ux de mariage<\/h2>\r\n\r\n<p style=\"margin-top: 1rem\">Revivez le jour de votre mariage, tous les jours. Nos cadeaux de v\u0153ux de mariage personnalis\u00e9s surprendront et raviront votre conjoint ou votre couple de jeunes mari\u00e9s pr\u00e9f\u00e9r\u00e9. Partagez ces v\u0153ux \u00e0 travers les \u00e2ges et laissez-les donner un bon exemple de ce que doit \u00eatre un mariage. Commencez ici.<\/p>","protected":false},"excerpt":{"rendered":"<ul class=\"check-list\">\n<li>Transformez vos v\u0153ux de mariage en une onde sonore jouable<\/li>\n<li>Il suffit de t\u00e9l\u00e9charger un fichier audio ou de coller un lien YouTube<\/li>\n<li>Ajoutez un code QR et scannez-le pour lire votre chanson pr\u00e9f\u00e9r\u00e9e<\/li>\n<li>Personnalisez en 3 \u00e9tapes simples<\/li>\n<li>Choisissez un mod\u00e8le ou faites preuve de cr\u00e9ativit\u00e9<\/li>\n<\/ul>\n","protected":false},"featured_media":632998,"template":"","meta":[],"product_brand":[],"product_cat":[104],"product_tag":[8371,14849],"class_list":{"0":"post-362036","1":"product","2":"type-product","3":"status-publish","4":"has-post-thumbnail","6":"product_cat-tous-les-produits","7":"product_tag-anniversaire","8":"product_tag-anniversary-fr","10":"first","11":"instock","12":"sale","13":"taxable","14":"shipping-taxable","15":"purchasable","16":"product-type-variable"},"yoast_head":"<!-- This site is optimized with the Yoast SEO Premium plugin v27.2 (Yoast SEO v27.2) - https:\/\/yoast.com\/product\/yoast-seo-premium-wordpress\/ -->\n<title>Art d&#039;Onde Sonore V\u0153ux de Mariage - Positive Prints<\/title>\n<meta name=\"description\" content=\"Vous avez mis beaucoup de r\u00e9flexion dans l&#039;\u00e9criture de vos v\u0153ux de mariage. Savourez ces moments maintes et maintes fois avec notre art d&#039;onde sonore des v\u0153ux de mariage.\" \/>\n<meta name=\"robots\" content=\"index, follow, max-snippet:-1, max-image-preview:large, max-video-preview:-1\" \/>\n<link rel=\"canonical\" href=\"https:\/\/positiveprints.com\/fr\/produit\/art-donde-sonore-voeux-de-mariage\/\" \/>\n<meta property=\"og:locale\" content=\"fr_FR\" \/>\n<meta property=\"og:type\" content=\"article\" \/>\n<meta property=\"og:title\" content=\"Art d&#039;Onde Sonore V\u0153ux de Mariage\" \/>\n<meta property=\"og:description\" content=\"Transformez vos v\u0153ux de mariage en une onde sonore jouable Il suffit de t\u00e9l\u00e9charger un fichier audio ou de coller un lien YouTube Ajoutez un code QR et scannez-le pour lire votre chanson pr\u00e9f\u00e9r\u00e9e Personnalisez en 3 \u00e9tapes simples Choisissez un mod\u00e8le ou faites preuve de cr\u00e9ativit\u00e9\" \/>\n<meta property=\"og:url\" content=\"https:\/\/positiveprints.com\/fr\/produit\/art-donde-sonore-voeux-de-mariage\/\" \/>\n<meta property=\"og:site_name\" content=\"Positive Prints\" \/>\n<meta property=\"article:publisher\" content=\"https:\/\/www.facebook.com\/positiveprintscom\" \/>\n<meta property=\"article:modified_time\" content=\"2026-04-03T02:25:16+00:00\" \/>\n<meta property=\"og:image\" content=\"https:\/\/positiveprints.com\/wp-content\/uploads\/2023\/07\/Art-dOnde-Sonore-Voeux-de-Mariage.jpg\" \/>\n\t<meta property=\"og:image:width\" content=\"1080\" \/>\n\t<meta property=\"og:image:height\" content=\"1080\" \/>\n\t<meta property=\"og:image:type\" content=\"image\/jpeg\" \/>\n<meta name=\"twitter:card\" content=\"summary_large_image\" \/>\n<meta name=\"twitter:label1\" content=\"Dur\u00e9e de lecture estim\u00e9e\" \/>\n\t<meta name=\"twitter:data1\" content=\"2 minutes\" \/>\n<!-- \/ Yoast SEO Premium plugin. -->","yoast_head_json":{"title":"Art d'Onde Sonore V\u0153ux de Mariage - Positive Prints","description":"Vous avez mis beaucoup de r\u00e9flexion dans l'\u00e9criture de vos v\u0153ux de mariage. Savourez ces moments maintes et maintes fois avec notre art d'onde sonore des v\u0153ux de mariage.","robots":{"index":"index","follow":"follow","max-snippet":"max-snippet:-1","max-image-preview":"max-image-preview:large","max-video-preview":"max-video-preview:-1"},"canonical":"https:\/\/positiveprints.com\/fr\/produit\/art-donde-sonore-voeux-de-mariage\/","og_locale":"fr_FR","og_type":"article","og_title":"Art d'Onde Sonore V\u0153ux de Mariage","og_description":"Transformez vos v\u0153ux de mariage en une onde sonore jouable Il suffit de t\u00e9l\u00e9charger un fichier audio ou de coller un lien YouTube Ajoutez un code QR et scannez-le pour lire votre chanson pr\u00e9f\u00e9r\u00e9e Personnalisez en 3 \u00e9tapes simples Choisissez un mod\u00e8le ou faites preuve de cr\u00e9ativit\u00e9","og_url":"https:\/\/positiveprints.com\/fr\/produit\/art-donde-sonore-voeux-de-mariage\/","og_site_name":"Positive Prints","article_publisher":"https:\/\/www.facebook.com\/positiveprintscom","article_modified_time":"2026-04-03T02:25:16+00:00","og_image":[{"width":1080,"height":1080,"url":"https:\/\/positiveprints.com\/wp-content\/uploads\/2023\/07\/Art-dOnde-Sonore-Voeux-de-Mariage.jpg","type":"image\/jpeg"}],"twitter_card":"summary_large_image","twitter_misc":{"Dur\u00e9e de lecture estim\u00e9e":"2 minutes"},"schema":{"@context":"https:\/\/schema.org","@graph":[{"@type":["WebPage","ItemPage"],"@id":"https:\/\/positiveprints.com\/fr\/produit\/art-donde-sonore-voeux-de-mariage\/","url":"https:\/\/positiveprints.com\/fr\/produit\/art-donde-sonore-voeux-de-mariage\/","name":"Art d'Onde Sonore V\u0153ux de Mariage - Positive Prints","isPartOf":{"@id":"https:\/\/positiveprints.com\/fr\/#website"},"primaryImageOfPage":{"@id":"https:\/\/positiveprints.com\/fr\/produit\/art-donde-sonore-voeux-de-mariage\/#primaryimage"},"image":{"@id":"https:\/\/positiveprints.com\/fr\/produit\/art-donde-sonore-voeux-de-mariage\/#primaryimage"},"thumbnailUrl":"https:\/\/positiveprints.com\/wp-content\/uploads\/2023\/07\/Art-dOnde-Sonore-Voeux-de-Mariage.jpg","datePublished":"2022-10-28T11:27:10+00:00","dateModified":"2026-04-03T02:25:16+00:00","description":"Vous avez mis beaucoup de r\u00e9flexion dans l'\u00e9criture de vos v\u0153ux de mariage. Savourez ces moments maintes et maintes fois avec notre art d'onde sonore des v\u0153ux de mariage.","breadcrumb":{"@id":"https:\/\/positiveprints.com\/fr\/produit\/art-donde-sonore-voeux-de-mariage\/#breadcrumb"},"inLanguage":"fr-FR","potentialAction":[{"@type":"ReadAction","target":["https:\/\/positiveprints.com\/fr\/produit\/art-donde-sonore-voeux-de-mariage\/"]}]},{"@type":"ImageObject","inLanguage":"fr-FR","@id":"https:\/\/positiveprints.com\/fr\/produit\/art-donde-sonore-voeux-de-mariage\/#primaryimage","url":"https:\/\/positiveprints.com\/wp-content\/uploads\/2023\/07\/Art-dOnde-Sonore-Voeux-de-Mariage.jpg","contentUrl":"https:\/\/positiveprints.com\/wp-content\/uploads\/2023\/07\/Art-dOnde-Sonore-Voeux-de-Mariage.jpg","width":1080,"height":1080,"caption":"Art d'Onde Sonore V\u0153ux de Mariage"},{"@type":"BreadcrumbList","@id":"https:\/\/positiveprints.com\/fr\/produit\/art-donde-sonore-voeux-de-mariage\/#breadcrumb","itemListElement":[{"@type":"ListItem","position":1,"name":"Home","item":"https:\/\/positiveprints.com\/fr\/"},{"@type":"ListItem","position":2,"name":"Produits","item":"https:\/\/positiveprints.com\/fr\/shop\/"},{"@type":"ListItem","position":3,"name":"Art d&#8217;Onde Sonore V\u0153ux de Mariage"}]},{"@type":"WebSite","@id":"https:\/\/positiveprints.com\/fr\/#website","url":"https:\/\/positiveprints.com\/fr\/","name":"Positive Prints","description":"Amazing Custom Personalized Gifts","publisher":{"@id":"https:\/\/positiveprints.com\/fr\/#organization"},"potentialAction":[{"@type":"SearchAction","target":{"@type":"EntryPoint","urlTemplate":"https:\/\/positiveprints.com\/fr\/?s={search_term_string}"},"query-input":{"@type":"PropertyValueSpecification","valueRequired":true,"valueName":"search_term_string"}}],"inLanguage":"fr-FR"},{"@type":"Organization","@id":"https:\/\/positiveprints.com\/fr\/#organization","name":"Positive Prints","alternateName":"Positive Prints","url":"https:\/\/positiveprints.com\/fr\/","logo":{"@type":"ImageObject","inLanguage":"fr-FR","@id":"https:\/\/positiveprints.com\/fr\/#\/schema\/logo\/image\/","url":"https:\/\/positiveprints.com\/wp-content\/uploads\/2026\/03\/245815646_1337939713319158_5671353136411139666_n.png","contentUrl":"https:\/\/positiveprints.com\/wp-content\/uploads\/2026\/03\/245815646_1337939713319158_5671353136411139666_n.png","width":800,"height":800,"caption":"Positive Prints"},"image":{"@id":"https:\/\/positiveprints.com\/fr\/#\/schema\/logo\/image\/"},"sameAs":["https:\/\/www.facebook.com\/positiveprintscom","https:\/\/www.instagram.com\/positiveprintscom\/","https:\/\/www.tiktok.com\/@positiveprintscom","https:\/\/www.pinterest.com\/positiveprintscom\/"]}]}},"jetpack_sharing_enabled":true,"_links":{"self":[{"href":"https:\/\/positiveprints.com\/fr\/wp-json\/wp\/v2\/product\/362036","targetHints":{"allow":["GET"]}}],"collection":[{"href":"https:\/\/positiveprints.com\/fr\/wp-json\/wp\/v2\/product"}],"about":[{"href":"https:\/\/positiveprints.com\/fr\/wp-json\/wp\/v2\/types\/product"}],"wp:featuredmedia":[{"embeddable":true,"href":"https:\/\/positiveprints.com\/fr\/wp-json\/wp\/v2\/media\/632998"}],"wp:attachment":[{"href":"https:\/\/positiveprints.com\/fr\/wp-json\/wp\/v2\/media?parent=362036"}],"wp:term":[{"taxonomy":"product_brand","embeddable":true,"href":"https:\/\/positiveprints.com\/fr\/wp-json\/wp\/v2\/product_brand?post=362036"},{"taxonomy":"product_cat","embeddable":true,"href":"https:\/\/positiveprints.com\/fr\/wp-json\/wp\/v2\/product_cat?post=362036"},{"taxonomy":"product_tag","embeddable":true,"href":"https:\/\/positiveprints.com\/fr\/wp-json\/wp\/v2\/product_tag?post=362036"}],"curies":[{"name":"wp","href":"https:\/\/api.w.org\/{rel}","templated":true}]}}