{"id":361839,"date":"2021-09-23T09:26:31","date_gmt":"2021-09-23T08:26:31","guid":{"rendered":"https:\/\/positiveprints.com\/?post_type=product&#038;p=361839"},"modified":"2026-04-18T07:46:30","modified_gmt":"2026-04-18T06:46:30","slug":"coordonnees-de-lendroit-ou-nous-nous-sommes-rencontres","status":"publish","type":"product","link":"https:\/\/positiveprints.com\/fr\/produit\/coordonnees-de-lendroit-ou-nous-nous-sommes-rencontres\/","title":{"rendered":"Coordonn\u00e9es De l&#8217;Endroit O\u00f9 Nous Sommes Rencontr\u00e9s"},"content":{"rendered":"<p>L&#8217;endroit o\u00f9 vous avez rencontr\u00e9 votre amour de toujours occupera \u00e0 jamais une place particuli\u00e8re dans votre c\u0153ur. Partagez-le avec le monde entier &#8211; ou simplement entre vous &#8211; avec un cadeau Coordonn\u00e9es De l&#8217;Endroit O\u00f9 Nous Sommes Rencontr\u00e9s. Cr\u00e9ez le v\u00f4tre d\u00e8s aujourd&#8217;hui !<\/p>\r\n\r\n<h2 class=\"grenB f24 cblue\" style=\"margin-top: 3rem\">Qu&#8217;est-ce que Coordonn\u00e9es De l&#8217;Endroit O\u00f9 Nous Sommes Rencontr\u00e9s ?<\/h2>\r\n\r\n<p style=\"margin-top: 1rem\">Les coordonn\u00e9es GPS permettent de localiser tous les lieux de la plan\u00e8te, y compris l&#8217;endroit tr\u00e8s sp\u00e9cial o\u00f9 vous avez rencontr\u00e9 l&#8217;amour de votre vie. Coordonn\u00e9es De l&#8217;Endroit O\u00f9 Nous Sommes Rencontr\u00e9s capture l&#8217;endroit exact o\u00f9 la magie a commenc\u00e9 et le transforme en une d\u00e9coration murale personnalis\u00e9e que vous pourrez ch\u00e9rir toute votre vie.<\/p>\r\n\r\n<p style=\"margin-top: 1rem\">Positive Prints utilise des coordonn\u00e9es GPS tr\u00e8s fiables pour localiser votre lieu sp\u00e9cial et le transformer en art. Si vous tapez ces m\u00eames coordonn\u00e9es sur Google Maps ou un autre GPS, il vous indiquera l&#8217;endroit exact o\u00f9 vos souvenirs ont \u00e9t\u00e9 cr\u00e9\u00e9s. Pensez-y comme \u00e0 un code secret qui se cache \u00e0 la vue de tous !<\/p>\r\n\r\n<h2 class=\"grenB f24 cblue\" style=\"margin-top: 3rem\">Coordonn\u00e9es De l&#8217;Endroit O\u00f9 Nous Sommes Rencontr\u00e9s est le cadeau id\u00e9al<\/h2>\r\n\r\n<p style=\"margin-top: 1rem\">Coordonn\u00e9es De l&#8217;Endroit O\u00f9 Nous Sommes Rencontr\u00e9s est un cadeau id\u00e9al pour les anniversaires de mariage, les mariages, les fian\u00e7ailles et d&#8217;autres occasions sp\u00e9ciales. C&#8217;est un cadeau id\u00e9al pour tous ceux qui veulent \u00e9pater leurs proches et les surprendre avec quelque chose qu&#8217;ils ne poss\u00e8dent certainement pas d\u00e9j\u00e0. De plus, comme chaque impression est enti\u00e8rement personnalis\u00e9e, elle est faite pour chaque personne. C&#8217;est un cadeau qui durera vraiment toute une vie !<br><br>Chaque cadeau de coordonn\u00e9es est :<\/p>\r\n\r\n<ul>\r\n<li>Unique et exceptionnel<\/li>\r\n<li>Personnalis\u00e9 pour chaque personne et chaque occasion<\/li>\r\n<li>Un favori instantan\u00e9 qui sera aim\u00e9 pour toujours<\/li>\r\n<li>Une surprise totale !<\/li>\r\n<\/ul>\r\n\r\n\r\n<h2 class=\"grenB f24 cblue\" style=\"margin-top: 3rem\">Comment cr\u00e9er un cadeau Coordonn\u00e9es De l&#8217;Endroit O\u00f9 Nous Sommes Rencontr\u00e9s<\/h2>\r\n\r\n<p style=\"margin-top: 1rem\">Chez Positive Prints, il est facile de transformer un souvenir pr\u00e9cieux en \u0153uvre d&#8217;art. Notre art facile \u00e0 utiliser Coordonn\u00e9es De l&#8217;Endroit O\u00f9 Nous Sommes Rencontr\u00e9s fait la plupart du travail pour vous. \u00c0 chaque modification apport\u00e9e, vous pouvez observer la mise \u00e0 jour de votre impression en temps r\u00e9el et savoir exactement \u00e0 quoi elle ressemblera une fois imprim\u00e9e. Voici comment d\u00e9marrer rapidement :<\/p>\r\n\r\n<h3 class=\"grenB f18 cblue\" style=\"margin-top: 3rem\">\u00c9tape 1 : Choisissez votre design<\/h3>\r\n\r\n<p style=\"margin-top: 1rem\">Nos artistes ont pr\u00e9-con\u00e7u plusieurs jeux de couleurs que vous \u00eates libre d&#8217;utiliser. Vous pouvez \u00e9galement personnaliser votre propre palette de couleurs en fonction de votre d\u00e9cor ou de vos pr\u00e9f\u00e9rences personnelles.<\/p>\r\n\r\n<h3 class=\"grenB f18 cblue\" style=\"margin-top: 3rem\">\u00c9tape 2 : Saisissez vos coordonn\u00e9es<\/h3>\r\n\r\n<p style=\"margin-top: 1rem\">Que dira votre affiche Coordonn\u00e9es De l&#8217;Endroit O\u00f9 Nous Sommes Rencontr\u00e9s ? Vous avez le contr\u00f4le \u2014 s\u00e9lectionnez un emplacement et ajoutez jusqu&#8217;\u00e0 deux lignes de texte personnalis\u00e9 pour rendre votre impression vraiment sp\u00e9ciale. Nous nous chargeons de la partie la plus difficile en alignant et en dimensionnant le texte pour vous. C&#8217;est \u00e0 vous de jouer en personnalisant votre poster pour qu&#8217;il ait une signification particuli\u00e8re pour votre bien-aim\u00e9(e) !<\/p>\r\n\r\n<h3 class=\"grenB f18 cblue\" style=\"margin-top: 3rem\">\u00c9tape 3 : S\u00e9lectionnez votre format<\/h3>\r\n\r\n<p style=\"margin-top: 1rem\">Positive Prints propose actuellement coordonn\u00e9es de l&#8217;endroit o\u00f9 nous sommes rencontr\u00e9s sous forme d&#8217;affiche imprim\u00e9e ou encadr\u00e9e, ainsi que sous forme de t\u00e9l\u00e9chargement num\u00e9rique instantan\u00e9. Vous pouvez \u00e9galement choisir de recevoir vos coordonn\u00e9es sur toile. Choisissez parmi plusieurs tailles courantes pour un encadrement et un affichage faciles chez vous !<\/p>\r\n\r\n<h2 class=\"grenB f24 cblue\" style=\"margin-top: 3rem\">Transformez votre souvenir pr\u00e9f\u00e9r\u00e9 en impression coordonn\u00e9es de l&#8217;endroit o\u00f9 nous sommes rencontr\u00e9s !<\/h2>\r\n\r\n<p style=\"margin-top: 1rem\">L&#8217;endroit o\u00f9 vous avez rencontr\u00e9 l&#8217;amour de votre vie est l&#8217;un des lieux que vous ch\u00e9rissez le plus. C\u00e9l\u00e9brez cet endroit magique pour toujours avec une impression coordonn\u00e9es De l&#8217;Endroit O\u00f9 Nous Sommes Rencontr\u00e9s.<\/p>","protected":false},"excerpt":{"rendered":"<ul class=\"check-list\">\n<li>Entrez les coordonn\u00e9es et immortalisez l&#8217;endroit o\u00f9 vous vous \u00eates rencontr\u00e9 pour la premi\u00e8re fois &#8211; avec une impression personnalis\u00e9e unique en son genre<\/li>\n<li>Incluez un texte personnalis\u00e9 significatif<\/li>\n<li>Personnalisez en 3 \u00e9tapes simples<\/li>\n<li>Choisissez un mod\u00e8le ou faites preuve de cr\u00e9ativit\u00e9<\/li>\n<li>Vois le r\u00e9sultat imm\u00e9diatement \u2013 l\u2019aper\u00e7u interactif te permet de peaufiner chaque d\u00e9tail<\/li>\n<\/ul>\n","protected":false},"featured_media":634266,"template":"","meta":[],"product_brand":[],"product_cat":[11175,11176,11177,11245,11246,5328,7167,7925,3118,5264,7797,8194,7749,11395,7685,11396,8006,11397,8217,7638,7670,7781,11392,11402,11388],"product_tag":[14849,11790,11793,11792,11767,11795,11753,17443,17442,17441,17440],"class_list":{"0":"post-361839","1":"product","2":"type-product","3":"status-publish","4":"has-post-thumbnail","6":"product_cat-cadeaux-danniversaire-pour-femme","7":"product_cat-cadeaux-danniversaire-pour-homme","8":"product_cat-cadeaux-danniversaire-pour-couples","9":"product_cat-cadeaux-de-saint-valentin-pour-elle","10":"product_cat-cadeaux-de-saint-valentin-pour-lui","11":"product_cat-cadeaux-de-commemorations","12":"product_cat-coordinates-fr","13":"product_cat-cadeaux-denterrement-de-vie-de-jeune-fille","14":"product_cat-cadeaux-saint-valentin","15":"product_cat-cadeaux-de-noel","16":"product_cat-cadeaux-pour-couple","17":"product_cat-pour-elle","18":"product_cat-cadeaux-pour-epouse","19":"product_cat-cadeaux-de-noel-pour-femme","20":"product_cat-cadeaux-pour-femmes","21":"product_cat-cadeaux-de-noel-pour-homme","22":"product_cat-cadeaux-pour-hommes","23":"product_cat-cadeaux-de-noel-pour-le-mari","24":"product_cat-pour-lui","25":"product_cat-cadeaux-pour-mari","26":"product_cat-cadeaux-pour-petit-ami","27":"product_cat-cadeaux-pour-petite-amie","28":"product_cat-cadeaux-de-noel-pour-sa-copine","29":"product_cat-cadeaux-de-noel-pour-sa-femme","30":"product_cat-cadeaux-de-noel-pour-son-petit-copain","31":"product_tag-anniversary-fr","32":"product_tag-cadeaux-de-noel-pour-elle","33":"product_tag-cadeaux-de-noel-pour-le-mari","34":"product_tag-cadeaux-de-noel-pour-lui","35":"product_tag-cadeaux-de-noel-pour-sa-copine","36":"product_tag-cadeaux-de-noel-pour-sa-femme","37":"product_tag-cadeaux-de-noel-pour-son-petit-copain","38":"product_tag-prezenty-pod-choinke-dla-chlopaka-fr","39":"product_tag-prezenty-pod-choinke-dla-dziewczyny-fr","40":"product_tag-prezenty-pod-choinke-dla-niego-fr","41":"product_tag-prezenty-pod-choinke-dla-niej-fr","43":"first","44":"instock","45":"sale","46":"taxable","47":"shipping-taxable","48":"purchasable","49":"product-type-variable"},"yoast_head":"<!-- This site is optimized with the Yoast SEO Premium plugin v27.2 (Yoast SEO v27.2) - https:\/\/yoast.com\/product\/yoast-seo-premium-wordpress\/ -->\n<title>Coordonn\u00e9es GPS Premi\u00e8re Rencontre - Positive Prints<\/title>\n<meta name=\"description\" content=\"Cr\u00e9ez un cadeau Coordonn\u00e9es De l&#039;Endroit O\u00f9 Nous Nous Sommes Rencontr\u00e9s en utilisant les coordonn\u00e9es GPS de votre lieu sp\u00e9cial. C\u00e9l\u00e9brez cet endroit magique pour toujours !\" \/>\n<meta name=\"robots\" content=\"index, follow, max-snippet:-1, max-image-preview:large, max-video-preview:-1\" \/>\n<link rel=\"canonical\" href=\"https:\/\/positiveprints.com\/fr\/produit\/coordonnees-de-lendroit-ou-nous-nous-sommes-rencontres\/\" \/>\n<meta property=\"og:locale\" content=\"fr_FR\" \/>\n<meta property=\"og:type\" content=\"article\" \/>\n<meta property=\"og:title\" content=\"Coordonn\u00e9es De l&#039;Endroit O\u00f9 Nous Sommes Rencontr\u00e9s\" \/>\n<meta property=\"og:description\" content=\"Entrez les coordonn\u00e9es et immortalisez l&#039;endroit o\u00f9 vous vous \u00eates rencontr\u00e9 pour la premi\u00e8re fois - avec une impression personnalis\u00e9e unique en son genre Incluez un texte personnalis\u00e9 significatif Personnalisez en 3 \u00e9tapes simples Choisissez un mod\u00e8le ou faites preuve de cr\u00e9ativit\u00e9 Vois le r\u00e9sultat imm\u00e9diatement \u2013 l\u2019aper\u00e7u interactif te permet de peaufiner chaque d\u00e9tail\" \/>\n<meta property=\"og:url\" content=\"https:\/\/positiveprints.com\/fr\/produit\/coordonnees-de-lendroit-ou-nous-nous-sommes-rencontres\/\" \/>\n<meta property=\"og:site_name\" content=\"Positive Prints\" \/>\n<meta property=\"article:publisher\" content=\"https:\/\/www.facebook.com\/positiveprintscom\" \/>\n<meta property=\"article:modified_time\" content=\"2026-04-18T06:46:30+00:00\" \/>\n<meta property=\"og:image\" content=\"https:\/\/positiveprints.com\/wp-content\/uploads\/2023\/07\/Coordonnees-De-lEndroit-Ou-Nous-Sommes-Rencontres.jpg\" \/>\n\t<meta property=\"og:image:width\" content=\"1080\" \/>\n\t<meta property=\"og:image:height\" content=\"1080\" \/>\n\t<meta property=\"og:image:type\" content=\"image\/jpeg\" \/>\n<meta name=\"twitter:card\" content=\"summary_large_image\" \/>\n<meta name=\"twitter:label1\" content=\"Dur\u00e9e de lecture estim\u00e9e\" \/>\n\t<meta name=\"twitter:data1\" content=\"3 minutes\" \/>\n<!-- \/ Yoast SEO Premium plugin. -->","yoast_head_json":{"title":"Coordonn\u00e9es GPS Premi\u00e8re Rencontre - Positive Prints","description":"Cr\u00e9ez un cadeau Coordonn\u00e9es De l'Endroit O\u00f9 Nous Nous Sommes Rencontr\u00e9s en utilisant les coordonn\u00e9es GPS de votre lieu sp\u00e9cial. C\u00e9l\u00e9brez cet endroit magique pour toujours !","robots":{"index":"index","follow":"follow","max-snippet":"max-snippet:-1","max-image-preview":"max-image-preview:large","max-video-preview":"max-video-preview:-1"},"canonical":"https:\/\/positiveprints.com\/fr\/produit\/coordonnees-de-lendroit-ou-nous-nous-sommes-rencontres\/","og_locale":"fr_FR","og_type":"article","og_title":"Coordonn\u00e9es De l'Endroit O\u00f9 Nous Sommes Rencontr\u00e9s","og_description":"Entrez les coordonn\u00e9es et immortalisez l'endroit o\u00f9 vous vous \u00eates rencontr\u00e9 pour la premi\u00e8re fois - avec une impression personnalis\u00e9e unique en son genre Incluez un texte personnalis\u00e9 significatif Personnalisez en 3 \u00e9tapes simples Choisissez un mod\u00e8le ou faites preuve de cr\u00e9ativit\u00e9 Vois le r\u00e9sultat imm\u00e9diatement \u2013 l\u2019aper\u00e7u interactif te permet de peaufiner chaque d\u00e9tail","og_url":"https:\/\/positiveprints.com\/fr\/produit\/coordonnees-de-lendroit-ou-nous-nous-sommes-rencontres\/","og_site_name":"Positive Prints","article_publisher":"https:\/\/www.facebook.com\/positiveprintscom","article_modified_time":"2026-04-18T06:46:30+00:00","og_image":[{"width":1080,"height":1080,"url":"https:\/\/positiveprints.com\/wp-content\/uploads\/2023\/07\/Coordonnees-De-lEndroit-Ou-Nous-Sommes-Rencontres.jpg","type":"image\/jpeg"}],"twitter_card":"summary_large_image","twitter_misc":{"Dur\u00e9e de lecture estim\u00e9e":"3 minutes"},"schema":{"@context":"https:\/\/schema.org","@graph":[{"@type":["WebPage","ItemPage"],"@id":"https:\/\/positiveprints.com\/fr\/produit\/coordonnees-de-lendroit-ou-nous-nous-sommes-rencontres\/","url":"https:\/\/positiveprints.com\/fr\/produit\/coordonnees-de-lendroit-ou-nous-nous-sommes-rencontres\/","name":"Coordonn\u00e9es GPS Premi\u00e8re Rencontre - Positive Prints","isPartOf":{"@id":"https:\/\/positiveprints.com\/fr\/#website"},"primaryImageOfPage":{"@id":"https:\/\/positiveprints.com\/fr\/produit\/coordonnees-de-lendroit-ou-nous-nous-sommes-rencontres\/#primaryimage"},"image":{"@id":"https:\/\/positiveprints.com\/fr\/produit\/coordonnees-de-lendroit-ou-nous-nous-sommes-rencontres\/#primaryimage"},"thumbnailUrl":"https:\/\/positiveprints.com\/wp-content\/uploads\/2023\/07\/Coordonnees-De-lEndroit-Ou-Nous-Sommes-Rencontres.jpg","datePublished":"2021-09-23T08:26:31+00:00","dateModified":"2026-04-18T06:46:30+00:00","description":"Cr\u00e9ez un cadeau Coordonn\u00e9es De l'Endroit O\u00f9 Nous Nous Sommes Rencontr\u00e9s en utilisant les coordonn\u00e9es GPS de votre lieu sp\u00e9cial. C\u00e9l\u00e9brez cet endroit magique pour toujours !","breadcrumb":{"@id":"https:\/\/positiveprints.com\/fr\/produit\/coordonnees-de-lendroit-ou-nous-nous-sommes-rencontres\/#breadcrumb"},"inLanguage":"fr-FR","potentialAction":[{"@type":"ReadAction","target":["https:\/\/positiveprints.com\/fr\/produit\/coordonnees-de-lendroit-ou-nous-nous-sommes-rencontres\/"]}]},{"@type":"ImageObject","inLanguage":"fr-FR","@id":"https:\/\/positiveprints.com\/fr\/produit\/coordonnees-de-lendroit-ou-nous-nous-sommes-rencontres\/#primaryimage","url":"https:\/\/positiveprints.com\/wp-content\/uploads\/2023\/07\/Coordonnees-De-lEndroit-Ou-Nous-Sommes-Rencontres.jpg","contentUrl":"https:\/\/positiveprints.com\/wp-content\/uploads\/2023\/07\/Coordonnees-De-lEndroit-Ou-Nous-Sommes-Rencontres.jpg","width":1080,"height":1080,"caption":"Coordonn\u00e9es De l'Endroit O\u00f9 Nous Sommes Rencontr\u00e9s"},{"@type":"BreadcrumbList","@id":"https:\/\/positiveprints.com\/fr\/produit\/coordonnees-de-lendroit-ou-nous-nous-sommes-rencontres\/#breadcrumb","itemListElement":[{"@type":"ListItem","position":1,"name":"Home","item":"https:\/\/positiveprints.com\/fr\/"},{"@type":"ListItem","position":2,"name":"Produits","item":"https:\/\/positiveprints.com\/fr\/shop\/"},{"@type":"ListItem","position":3,"name":"Coordonn\u00e9es De l&#8217;Endroit O\u00f9 Nous Sommes Rencontr\u00e9s"}]},{"@type":"WebSite","@id":"https:\/\/positiveprints.com\/fr\/#website","url":"https:\/\/positiveprints.com\/fr\/","name":"Positive Prints","description":"Amazing Custom Personalized Gifts","publisher":{"@id":"https:\/\/positiveprints.com\/fr\/#organization"},"potentialAction":[{"@type":"SearchAction","target":{"@type":"EntryPoint","urlTemplate":"https:\/\/positiveprints.com\/fr\/?s={search_term_string}"},"query-input":{"@type":"PropertyValueSpecification","valueRequired":true,"valueName":"search_term_string"}}],"inLanguage":"fr-FR"},{"@type":"Organization","@id":"https:\/\/positiveprints.com\/fr\/#organization","name":"Positive Prints","alternateName":"Positive Prints","url":"https:\/\/positiveprints.com\/fr\/","logo":{"@type":"ImageObject","inLanguage":"fr-FR","@id":"https:\/\/positiveprints.com\/fr\/#\/schema\/logo\/image\/","url":"https:\/\/positiveprints.com\/wp-content\/uploads\/2026\/03\/245815646_1337939713319158_5671353136411139666_n.png","contentUrl":"https:\/\/positiveprints.com\/wp-content\/uploads\/2026\/03\/245815646_1337939713319158_5671353136411139666_n.png","width":800,"height":800,"caption":"Positive Prints"},"image":{"@id":"https:\/\/positiveprints.com\/fr\/#\/schema\/logo\/image\/"},"sameAs":["https:\/\/www.facebook.com\/positiveprintscom","https:\/\/www.instagram.com\/positiveprintscom\/","https:\/\/www.tiktok.com\/@positiveprintscom","https:\/\/www.pinterest.com\/positiveprintscom\/"]}]}},"jetpack_sharing_enabled":true,"_links":{"self":[{"href":"https:\/\/positiveprints.com\/fr\/wp-json\/wp\/v2\/product\/361839","targetHints":{"allow":["GET"]}}],"collection":[{"href":"https:\/\/positiveprints.com\/fr\/wp-json\/wp\/v2\/product"}],"about":[{"href":"https:\/\/positiveprints.com\/fr\/wp-json\/wp\/v2\/types\/product"}],"wp:featuredmedia":[{"embeddable":true,"href":"https:\/\/positiveprints.com\/fr\/wp-json\/wp\/v2\/media\/634266"}],"wp:attachment":[{"href":"https:\/\/positiveprints.com\/fr\/wp-json\/wp\/v2\/media?parent=361839"}],"wp:term":[{"taxonomy":"product_brand","embeddable":true,"href":"https:\/\/positiveprints.com\/fr\/wp-json\/wp\/v2\/product_brand?post=361839"},{"taxonomy":"product_cat","embeddable":true,"href":"https:\/\/positiveprints.com\/fr\/wp-json\/wp\/v2\/product_cat?post=361839"},{"taxonomy":"product_tag","embeddable":true,"href":"https:\/\/positiveprints.com\/fr\/wp-json\/wp\/v2\/product_tag?post=361839"}],"curies":[{"name":"wp","href":"https:\/\/api.w.org\/{rel}","templated":true}]}}