{"id":361707,"date":"2022-08-25T12:05:40","date_gmt":"2022-08-25T11:05:40","guid":{"rendered":"https:\/\/positiveprints.com\/?post_type=product&#038;p=361707"},"modified":"2026-04-03T03:28:49","modified_gmt":"2026-04-03T02:28:49","slug":"cadeau-photo-pour-maman","status":"publish","type":"product","link":"https:\/\/positiveprints.com\/fr\/produit\/cadeau-photo-pour-maman\/","title":{"rendered":"Cadeau Photo pour Maman"},"content":{"rendered":"","protected":false},"excerpt":{"rendered":"<ul class=\"check-list\">\n<li>Apportez un sourire au visage de votre m\u00e8re avec un cadeau \u00e9mouvant et r\u00e9fl\u00e9chi qui touchera son c\u0153ur<\/li>\n<li>Ajouter des superpositions de texte pour rendre chaque cadeau sp\u00e9cial et pr\u00e9cieux<\/li>\n<li>Personnalisez en 3 \u00e9tapes simples<\/li>\n<li>Vois le r\u00e9sultat imm\u00e9diatement \u2013 l\u2019aper\u00e7u interactif te permet de peaufiner chaque d\u00e9tail<\/li>\n<\/ul>\n","protected":false},"featured_media":457103,"template":"","meta":[],"product_brand":[],"product_cat":[7277,5264,7495,7701,11399],"product_tag":[11794,8404,15899,15894],"class_list":{"0":"post-361707","1":"product","2":"type-product","3":"status-publish","4":"has-post-thumbnail","6":"product_cat-cadeaux-de-fete-des-meres","7":"product_cat-cadeaux-de-noel","8":"product_cat-photo-fr","9":"product_cat-cadeaux-pour-maman","10":"product_cat-cadeaux-de-noel-pour-maman","11":"product_tag-cadeaux-de-noel-pour-maman","12":"product_tag-mother-fr","13":"product_tag-mother-it-fr","14":"product_tag-regali-di-natale-per-mamma-fr","16":"first","17":"instock","18":"sale","19":"taxable","20":"shipping-taxable","21":"purchasable","22":"product-type-variable"},"yoast_head":"<!-- This site is optimized with the Yoast SEO Premium plugin v27.2 (Yoast SEO v27.2) - https:\/\/yoast.com\/product\/yoast-seo-premium-wordpress\/ -->\n<title>Cadeau Photo pour Maman - Positive Prints<\/title>\n<meta name=\"description\" content=\"Cr\u00e9ez un cadeau photo unique pour maman. Offrez \u00e0 maman un cadeau qu&#039;elle aimera toute sa vie parce qu&#039;il vient de votre c\u0153ur.\" \/>\n<meta name=\"robots\" content=\"index, follow, max-snippet:-1, max-image-preview:large, max-video-preview:-1\" \/>\n<link rel=\"canonical\" href=\"https:\/\/positiveprints.com\/fr\/produit\/cadeau-photo-pour-maman\/\" \/>\n<meta property=\"og:locale\" content=\"fr_FR\" \/>\n<meta property=\"og:type\" content=\"article\" \/>\n<meta property=\"og:title\" content=\"Cadeau Photo pour Maman\" \/>\n<meta property=\"og:description\" content=\"Apportez un sourire au visage de votre m\u00e8re avec un cadeau \u00e9mouvant et r\u00e9fl\u00e9chi qui touchera son c\u0153ur Ajouter des superpositions de texte pour rendre chaque cadeau sp\u00e9cial et pr\u00e9cieux Personnalisez en 3 \u00e9tapes simples Vois le r\u00e9sultat imm\u00e9diatement \u2013 l\u2019aper\u00e7u interactif te permet de peaufiner chaque d\u00e9tail\" \/>\n<meta property=\"og:url\" content=\"https:\/\/positiveprints.com\/fr\/produit\/cadeau-photo-pour-maman\/\" \/>\n<meta property=\"og:site_name\" content=\"Positive Prints\" \/>\n<meta property=\"article:publisher\" content=\"https:\/\/www.facebook.com\/positiveprintscom\" \/>\n<meta property=\"article:modified_time\" content=\"2026-04-03T02:28:49+00:00\" \/>\n<meta property=\"og:image\" content=\"https:\/\/positiveprints.com\/wp-content\/uploads\/2023\/04\/Cadeau-Photo-pour-Maman.jpg\" \/>\n\t<meta property=\"og:image:width\" content=\"1080\" \/>\n\t<meta property=\"og:image:height\" content=\"1080\" \/>\n\t<meta property=\"og:image:type\" content=\"image\/jpeg\" \/>\n<meta name=\"twitter:card\" content=\"summary_large_image\" \/>\n<!-- \/ Yoast SEO Premium plugin. -->","yoast_head_json":{"title":"Cadeau Photo pour Maman - Positive Prints","description":"Cr\u00e9ez un cadeau photo unique pour maman. Offrez \u00e0 maman un cadeau qu'elle aimera toute sa vie parce qu'il vient de votre c\u0153ur.","robots":{"index":"index","follow":"follow","max-snippet":"max-snippet:-1","max-image-preview":"max-image-preview:large","max-video-preview":"max-video-preview:-1"},"canonical":"https:\/\/positiveprints.com\/fr\/produit\/cadeau-photo-pour-maman\/","og_locale":"fr_FR","og_type":"article","og_title":"Cadeau Photo pour Maman","og_description":"Apportez un sourire au visage de votre m\u00e8re avec un cadeau \u00e9mouvant et r\u00e9fl\u00e9chi qui touchera son c\u0153ur Ajouter des superpositions de texte pour rendre chaque cadeau sp\u00e9cial et pr\u00e9cieux Personnalisez en 3 \u00e9tapes simples Vois le r\u00e9sultat imm\u00e9diatement \u2013 l\u2019aper\u00e7u interactif te permet de peaufiner chaque d\u00e9tail","og_url":"https:\/\/positiveprints.com\/fr\/produit\/cadeau-photo-pour-maman\/","og_site_name":"Positive Prints","article_publisher":"https:\/\/www.facebook.com\/positiveprintscom","article_modified_time":"2026-04-03T02:28:49+00:00","og_image":[{"width":1080,"height":1080,"url":"https:\/\/positiveprints.com\/wp-content\/uploads\/2023\/04\/Cadeau-Photo-pour-Maman.jpg","type":"image\/jpeg"}],"twitter_card":"summary_large_image","schema":{"@context":"https:\/\/schema.org","@graph":[{"@type":["WebPage","ItemPage"],"@id":"https:\/\/positiveprints.com\/fr\/produit\/cadeau-photo-pour-maman\/","url":"https:\/\/positiveprints.com\/fr\/produit\/cadeau-photo-pour-maman\/","name":"Cadeau Photo pour Maman - Positive Prints","isPartOf":{"@id":"https:\/\/positiveprints.com\/fr\/#website"},"primaryImageOfPage":{"@id":"https:\/\/positiveprints.com\/fr\/produit\/cadeau-photo-pour-maman\/#primaryimage"},"image":{"@id":"https:\/\/positiveprints.com\/fr\/produit\/cadeau-photo-pour-maman\/#primaryimage"},"thumbnailUrl":"https:\/\/positiveprints.com\/wp-content\/uploads\/2023\/04\/Cadeau-Photo-pour-Maman.jpg","datePublished":"2022-08-25T11:05:40+00:00","dateModified":"2026-04-03T02:28:49+00:00","description":"Cr\u00e9ez un cadeau photo unique pour maman. Offrez \u00e0 maman un cadeau qu'elle aimera toute sa vie parce qu'il vient de votre c\u0153ur.","breadcrumb":{"@id":"https:\/\/positiveprints.com\/fr\/produit\/cadeau-photo-pour-maman\/#breadcrumb"},"inLanguage":"fr-FR","potentialAction":[{"@type":"ReadAction","target":["https:\/\/positiveprints.com\/fr\/produit\/cadeau-photo-pour-maman\/"]}]},{"@type":"ImageObject","inLanguage":"fr-FR","@id":"https:\/\/positiveprints.com\/fr\/produit\/cadeau-photo-pour-maman\/#primaryimage","url":"https:\/\/positiveprints.com\/wp-content\/uploads\/2023\/04\/Cadeau-Photo-pour-Maman.jpg","contentUrl":"https:\/\/positiveprints.com\/wp-content\/uploads\/2023\/04\/Cadeau-Photo-pour-Maman.jpg","width":1080,"height":1080,"caption":"Cadeau Photo pour Maman"},{"@type":"BreadcrumbList","@id":"https:\/\/positiveprints.com\/fr\/produit\/cadeau-photo-pour-maman\/#breadcrumb","itemListElement":[{"@type":"ListItem","position":1,"name":"Home","item":"https:\/\/positiveprints.com\/fr\/"},{"@type":"ListItem","position":2,"name":"Produits","item":"https:\/\/positiveprints.com\/fr\/shop\/"},{"@type":"ListItem","position":3,"name":"Cadeau Photo pour Maman"}]},{"@type":"WebSite","@id":"https:\/\/positiveprints.com\/fr\/#website","url":"https:\/\/positiveprints.com\/fr\/","name":"Positive Prints","description":"Amazing Custom Personalized Gifts","publisher":{"@id":"https:\/\/positiveprints.com\/fr\/#organization"},"potentialAction":[{"@type":"SearchAction","target":{"@type":"EntryPoint","urlTemplate":"https:\/\/positiveprints.com\/fr\/?s={search_term_string}"},"query-input":{"@type":"PropertyValueSpecification","valueRequired":true,"valueName":"search_term_string"}}],"inLanguage":"fr-FR"},{"@type":"Organization","@id":"https:\/\/positiveprints.com\/fr\/#organization","name":"Positive Prints","alternateName":"Positive Prints","url":"https:\/\/positiveprints.com\/fr\/","logo":{"@type":"ImageObject","inLanguage":"fr-FR","@id":"https:\/\/positiveprints.com\/fr\/#\/schema\/logo\/image\/","url":"https:\/\/positiveprints.com\/wp-content\/uploads\/2026\/03\/245815646_1337939713319158_5671353136411139666_n.png","contentUrl":"https:\/\/positiveprints.com\/wp-content\/uploads\/2026\/03\/245815646_1337939713319158_5671353136411139666_n.png","width":800,"height":800,"caption":"Positive Prints"},"image":{"@id":"https:\/\/positiveprints.com\/fr\/#\/schema\/logo\/image\/"},"sameAs":["https:\/\/www.facebook.com\/positiveprintscom","https:\/\/www.instagram.com\/positiveprintscom\/","https:\/\/www.tiktok.com\/@positiveprintscom","https:\/\/www.pinterest.com\/positiveprintscom\/"]}]}},"jetpack_sharing_enabled":true,"_links":{"self":[{"href":"https:\/\/positiveprints.com\/fr\/wp-json\/wp\/v2\/product\/361707","targetHints":{"allow":["GET"]}}],"collection":[{"href":"https:\/\/positiveprints.com\/fr\/wp-json\/wp\/v2\/product"}],"about":[{"href":"https:\/\/positiveprints.com\/fr\/wp-json\/wp\/v2\/types\/product"}],"wp:featuredmedia":[{"embeddable":true,"href":"https:\/\/positiveprints.com\/fr\/wp-json\/wp\/v2\/media\/457103"}],"wp:attachment":[{"href":"https:\/\/positiveprints.com\/fr\/wp-json\/wp\/v2\/media?parent=361707"}],"wp:term":[{"taxonomy":"product_brand","embeddable":true,"href":"https:\/\/positiveprints.com\/fr\/wp-json\/wp\/v2\/product_brand?post=361707"},{"taxonomy":"product_cat","embeddable":true,"href":"https:\/\/positiveprints.com\/fr\/wp-json\/wp\/v2\/product_cat?post=361707"},{"taxonomy":"product_tag","embeddable":true,"href":"https:\/\/positiveprints.com\/fr\/wp-json\/wp\/v2\/product_tag?post=361707"}],"curies":[{"name":"wp","href":"https:\/\/api.w.org\/{rel}","templated":true}]}}