{"id":361649,"date":"2022-08-24T19:31:09","date_gmt":"2022-08-24T18:31:09","guid":{"rendered":"https:\/\/positiveprints.com\/?post_type=product&#038;p=361649"},"modified":"2026-04-03T03:29:11","modified_gmt":"2026-04-03T02:29:11","slug":"cadeau-photo-pour-amis","status":"publish","type":"product","link":"https:\/\/positiveprints.com\/fr\/produit\/cadeau-photo-pour-amis\/","title":{"rendered":"Cadeau Photo pour Amis"},"content":{"rendered":"","protected":false},"excerpt":{"rendered":"<ul class=\"check-list\">\n<li>C\u00e9l\u00e9brez votre lien sp\u00e9cial avec vos amis et offrez-leur un cadeau qui leur rappellera votre amiti\u00e9 tous les jours<\/li>\n<li>Ajouter des superpositions de texte pour rendre chaque cadeau sp\u00e9cial et pr\u00e9cieux<\/li>\n<li>Personnalisez en 3 \u00e9tapes simples<\/li>\n<li>Vois le r\u00e9sultat imm\u00e9diatement \u2013 l\u2019aper\u00e7u interactif te permet de peaufiner chaque d\u00e9tail<\/li>\n<\/ul>\n","protected":false},"featured_media":334489,"template":"","meta":[],"product_brand":[],"product_cat":[5264,7495,7829,15042],"product_tag":[8626,11867,15176,15223,15177,9383,15178,13475,15218,15179,15216,15217,15221,13487,9376],"class_list":{"0":"post-361649","1":"product","2":"type-product","3":"status-publish","4":"has-post-thumbnail","6":"product_cat-cadeaux-de-noel","7":"product_cat-photo-fr","8":"product_cat-cadeaux-pour-amis","9":"product_cat-cadeaux-de-noel-pour-les-amis","10":"product_tag-amies","11":"product_tag-amitie","12":"product_tag-best-friend-fr","13":"product_tag-best-friends-fr","14":"product_tag-best-friends-forever-fr","15":"product_tag-besties-fr","16":"product_tag-bff-fr","17":"product_tag-cadeaux-de-noel-pour-les-amis","18":"product_tag-christmas-gifts-for-friends-fr","19":"product_tag-friend-fr","20":"product_tag-friends-fr","21":"product_tag-friendship-fr","22":"product_tag-galentines-day-fr-2","23":"product_tag-galentines-day-fr","24":"product_tag-meilleurs-amis","26":"first","27":"instock","28":"sale","29":"taxable","30":"shipping-taxable","31":"purchasable","32":"product-type-variable"},"yoast_head":"<!-- This site is optimized with the Yoast SEO Premium plugin v27.2 (Yoast SEO v27.2) - https:\/\/yoast.com\/product\/yoast-seo-premium-wordpress\/ -->\n<title>Cadeau Photo pour Amis - Positive Prints<\/title>\n<meta name=\"description\" content=\"Montrez \u00e0 vos amis combien ils comptent pour vous avec un cadeau photo personnalis\u00e9 pour vos amis. Partagez une vie d&#039;amour et de souvenirs.\" \/>\n<meta name=\"robots\" content=\"index, follow, max-snippet:-1, max-image-preview:large, max-video-preview:-1\" \/>\n<link rel=\"canonical\" href=\"https:\/\/positiveprints.com\/fr\/produit\/cadeau-photo-pour-amis\/\" \/>\n<meta property=\"og:locale\" content=\"fr_FR\" \/>\n<meta property=\"og:type\" content=\"article\" \/>\n<meta property=\"og:title\" content=\"Cadeau Photo pour Amis\" \/>\n<meta property=\"og:description\" content=\"C\u00e9l\u00e9brez votre lien sp\u00e9cial avec vos amis et offrez-leur un cadeau qui leur rappellera votre amiti\u00e9 tous les jours Ajouter des superpositions de texte pour rendre chaque cadeau sp\u00e9cial et pr\u00e9cieux Personnalisez en 3 \u00e9tapes simples Vois le r\u00e9sultat imm\u00e9diatement \u2013 l\u2019aper\u00e7u interactif te permet de peaufiner chaque d\u00e9tail\" \/>\n<meta property=\"og:url\" content=\"https:\/\/positiveprints.com\/fr\/produit\/cadeau-photo-pour-amis\/\" \/>\n<meta property=\"og:site_name\" content=\"Positive Prints\" \/>\n<meta property=\"article:publisher\" content=\"https:\/\/www.facebook.com\/positiveprintscom\" \/>\n<meta property=\"article:modified_time\" content=\"2026-04-03T02:29:11+00:00\" \/>\n<meta property=\"og:image\" content=\"https:\/\/positiveprints.com\/wp-content\/uploads\/2022\/08\/photo-gifts-for-friends.jpg\" \/>\n\t<meta property=\"og:image:width\" content=\"1080\" \/>\n\t<meta property=\"og:image:height\" content=\"1080\" \/>\n\t<meta property=\"og:image:type\" content=\"image\/jpeg\" \/>\n<meta name=\"twitter:card\" content=\"summary_large_image\" \/>\n<!-- \/ Yoast SEO Premium plugin. -->","yoast_head_json":{"title":"Cadeau Photo pour Amis - Positive Prints","description":"Montrez \u00e0 vos amis combien ils comptent pour vous avec un cadeau photo personnalis\u00e9 pour vos amis. Partagez une vie d'amour et de souvenirs.","robots":{"index":"index","follow":"follow","max-snippet":"max-snippet:-1","max-image-preview":"max-image-preview:large","max-video-preview":"max-video-preview:-1"},"canonical":"https:\/\/positiveprints.com\/fr\/produit\/cadeau-photo-pour-amis\/","og_locale":"fr_FR","og_type":"article","og_title":"Cadeau Photo pour Amis","og_description":"C\u00e9l\u00e9brez votre lien sp\u00e9cial avec vos amis et offrez-leur un cadeau qui leur rappellera votre amiti\u00e9 tous les jours Ajouter des superpositions de texte pour rendre chaque cadeau sp\u00e9cial et pr\u00e9cieux Personnalisez en 3 \u00e9tapes simples Vois le r\u00e9sultat imm\u00e9diatement \u2013 l\u2019aper\u00e7u interactif te permet de peaufiner chaque d\u00e9tail","og_url":"https:\/\/positiveprints.com\/fr\/produit\/cadeau-photo-pour-amis\/","og_site_name":"Positive Prints","article_publisher":"https:\/\/www.facebook.com\/positiveprintscom","article_modified_time":"2026-04-03T02:29:11+00:00","og_image":[{"width":1080,"height":1080,"url":"https:\/\/positiveprints.com\/wp-content\/uploads\/2022\/08\/photo-gifts-for-friends.jpg","type":"image\/jpeg"}],"twitter_card":"summary_large_image","schema":{"@context":"https:\/\/schema.org","@graph":[{"@type":["WebPage","ItemPage"],"@id":"https:\/\/positiveprints.com\/fr\/produit\/cadeau-photo-pour-amis\/","url":"https:\/\/positiveprints.com\/fr\/produit\/cadeau-photo-pour-amis\/","name":"Cadeau Photo pour Amis - Positive Prints","isPartOf":{"@id":"https:\/\/positiveprints.com\/fr\/#website"},"primaryImageOfPage":{"@id":"https:\/\/positiveprints.com\/fr\/produit\/cadeau-photo-pour-amis\/#primaryimage"},"image":{"@id":"https:\/\/positiveprints.com\/fr\/produit\/cadeau-photo-pour-amis\/#primaryimage"},"thumbnailUrl":"https:\/\/positiveprints.com\/wp-content\/uploads\/2022\/08\/photo-gifts-for-friends.jpg","datePublished":"2022-08-24T18:31:09+00:00","dateModified":"2026-04-03T02:29:11+00:00","description":"Montrez \u00e0 vos amis combien ils comptent pour vous avec un cadeau photo personnalis\u00e9 pour vos amis. Partagez une vie d'amour et de souvenirs.","breadcrumb":{"@id":"https:\/\/positiveprints.com\/fr\/produit\/cadeau-photo-pour-amis\/#breadcrumb"},"inLanguage":"fr-FR","potentialAction":[{"@type":"ReadAction","target":["https:\/\/positiveprints.com\/fr\/produit\/cadeau-photo-pour-amis\/"]}]},{"@type":"ImageObject","inLanguage":"fr-FR","@id":"https:\/\/positiveprints.com\/fr\/produit\/cadeau-photo-pour-amis\/#primaryimage","url":"https:\/\/positiveprints.com\/wp-content\/uploads\/2022\/08\/photo-gifts-for-friends.jpg","contentUrl":"https:\/\/positiveprints.com\/wp-content\/uploads\/2022\/08\/photo-gifts-for-friends.jpg","width":1080,"height":1080,"caption":"Show your friends how much they mean to you with a custom photo gift for friends."},{"@type":"BreadcrumbList","@id":"https:\/\/positiveprints.com\/fr\/produit\/cadeau-photo-pour-amis\/#breadcrumb","itemListElement":[{"@type":"ListItem","position":1,"name":"Home","item":"https:\/\/positiveprints.com\/fr\/"},{"@type":"ListItem","position":2,"name":"Produits","item":"https:\/\/positiveprints.com\/fr\/shop\/"},{"@type":"ListItem","position":3,"name":"Cadeau Photo pour Amis"}]},{"@type":"WebSite","@id":"https:\/\/positiveprints.com\/fr\/#website","url":"https:\/\/positiveprints.com\/fr\/","name":"Positive Prints","description":"Amazing Custom Personalized Gifts","publisher":{"@id":"https:\/\/positiveprints.com\/fr\/#organization"},"potentialAction":[{"@type":"SearchAction","target":{"@type":"EntryPoint","urlTemplate":"https:\/\/positiveprints.com\/fr\/?s={search_term_string}"},"query-input":{"@type":"PropertyValueSpecification","valueRequired":true,"valueName":"search_term_string"}}],"inLanguage":"fr-FR"},{"@type":"Organization","@id":"https:\/\/positiveprints.com\/fr\/#organization","name":"Positive Prints","alternateName":"Positive Prints","url":"https:\/\/positiveprints.com\/fr\/","logo":{"@type":"ImageObject","inLanguage":"fr-FR","@id":"https:\/\/positiveprints.com\/fr\/#\/schema\/logo\/image\/","url":"https:\/\/positiveprints.com\/wp-content\/uploads\/2026\/03\/245815646_1337939713319158_5671353136411139666_n.png","contentUrl":"https:\/\/positiveprints.com\/wp-content\/uploads\/2026\/03\/245815646_1337939713319158_5671353136411139666_n.png","width":800,"height":800,"caption":"Positive Prints"},"image":{"@id":"https:\/\/positiveprints.com\/fr\/#\/schema\/logo\/image\/"},"sameAs":["https:\/\/www.facebook.com\/positiveprintscom","https:\/\/www.instagram.com\/positiveprintscom\/","https:\/\/www.tiktok.com\/@positiveprintscom","https:\/\/www.pinterest.com\/positiveprintscom\/"]}]}},"jetpack_sharing_enabled":true,"_links":{"self":[{"href":"https:\/\/positiveprints.com\/fr\/wp-json\/wp\/v2\/product\/361649","targetHints":{"allow":["GET"]}}],"collection":[{"href":"https:\/\/positiveprints.com\/fr\/wp-json\/wp\/v2\/product"}],"about":[{"href":"https:\/\/positiveprints.com\/fr\/wp-json\/wp\/v2\/types\/product"}],"wp:featuredmedia":[{"embeddable":true,"href":"https:\/\/positiveprints.com\/fr\/wp-json\/wp\/v2\/media\/334489"}],"wp:attachment":[{"href":"https:\/\/positiveprints.com\/fr\/wp-json\/wp\/v2\/media?parent=361649"}],"wp:term":[{"taxonomy":"product_brand","embeddable":true,"href":"https:\/\/positiveprints.com\/fr\/wp-json\/wp\/v2\/product_brand?post=361649"},{"taxonomy":"product_cat","embeddable":true,"href":"https:\/\/positiveprints.com\/fr\/wp-json\/wp\/v2\/product_cat?post=361649"},{"taxonomy":"product_tag","embeddable":true,"href":"https:\/\/positiveprints.com\/fr\/wp-json\/wp\/v2\/product_tag?post=361649"}],"curies":[{"name":"wp","href":"https:\/\/api.w.org\/{rel}","templated":true}]}}