{"id":361555,"date":"2022-08-25T15:26:41","date_gmt":"2022-08-25T14:26:41","guid":{"rendered":"https:\/\/positiveprints.com\/?post_type=product&#038;p=361555"},"modified":"2026-04-18T06:40:24","modified_gmt":"2026-04-18T05:40:24","slug":"affiche-bienvenue-au-mariage-2","status":"publish","type":"product","link":"https:\/\/positiveprints.com\/fr\/produit\/affiche-bienvenue-au-mariage-2\/","title":{"rendered":"Affiche Bienvenue au Mariage"},"content":{"rendered":"Lorsque c&#8217;est le jour de votre mariage, vous voulez que chaque d\u00e9tail soit parfait. L&#8217;ajout d&#8217;une affiche de bienvenue au mariage peut donner le ton \u00e0 l&#8217;ensemble de l&#8217;exp\u00e9rience et accueillir vos invit\u00e9s \u00e0 bras ouverts.\n\n<h2 class=\"grenB f24 cblue\" style=\"margin-top: 3rem;\">Pourquoi cr\u00e9er une affiche de bienvenue au mariage ?<\/h2>\n\n<p style=\"margin-top: 1rem;\">L&#8217;organisation d&#8217;un mariage peut \u00eatre une v\u00e9ritable entreprise, surtout si l&#8217;on tient compte de tous les d\u00e9tails. Mais c&#8217;est justement ce qui rend un mariage si beau et si unique &#8211; les petits d\u00e9tails. Une affiche de bienvenue au mariage est un \u00e9l\u00e9ment indispensable \u00e0 tout mariage.<\/p>\n\n<p style=\"margin-top: 1rem;\">Comme vous ne serez pas l\u00e0 pour accueillir personnellement chaque invit\u00e9 \u00e0 son arriv\u00e9e, notre affiche de bienvenue au mariage peut le faire \u00e0 votre place. Placez-la sur un support au lieu de la c\u00e9r\u00e9monie pour que les invit\u00e9s sachent qu&#8217;ils sont au bon endroit. Ensuite, d\u00e9placez-la dans votre salle de r\u00e9ception pour qu&#8217;elle soit en harmonie avec le th\u00e8me de votre mariage. C&#8217;est un petit geste qui a beaucoup d&#8217;impact, et en plus, il sera tr\u00e8s joli sur vos photos de mariage !<\/p>\n\n\n\n<h2 class=\"grenB f24 cblue\" style=\"margin-top: 3rem;\">Comment \u00e7a marche<\/h2>\n\n<p style=\"margin-top: 1rem;\">Vous n&#8217;avez pas la fibre d&#8217;un designer ? Vous essayez de cr\u00e9er votre affiche de mariage \u00e0 partir de z\u00e9ro ? Pas besoin ! Chez Positive Prints, nous avons simplifi\u00e9 la r\u00e9alisation d&#8217;impressions photo personnalis\u00e9es et nous vous offrons un poster de haute qualit\u00e9 en quelques minutes. Choisissez un mod\u00e8le pr\u00e9d\u00e9fini, t\u00e9l\u00e9chargez vos propres images et personnalisez-le avec du texte. Ajoutez vos noms, la date et l&#8217;heure du mariage, le nom du lieu, ou d&#8217;autres d\u00e9tails qui vous aideront \u00e0 vous rem\u00e9morer ce jour avec tendresse.<\/p>\n\n<p style=\"margin-top: 1rem;\">D\u00e9cidez ensuite de la mani\u00e8re dont vous souhaitez recevoir votre impression de mariage personnalis\u00e9e. Nous offrons une livraison dans le monde entier pour nos affiches et impressions sur toile de qualit\u00e9 sup\u00e9rieure. Ou, si vous avez besoin de votre affiche plus rapidement, choisissez le fichier num\u00e9rique et imprimez-le pr\u00e8s de chez vous.<\/p>\n\n\n\n<h2 class=\"grenB f24 cblue\" style=\"margin-top: 3rem;\">Ch\u00e9rissez Votre Jour De Mariage Pour Toujours<\/h2>\n\n<p style=\"margin-top: 1rem;\">Votre mariage sera termin\u00e9 en un clin d&#8217;\u0153il, et vous n&#8217;aurez que vos souvenirs, vos photos et vos vid\u00e9os pour vous aider \u00e0 revivre ces moments magiques. Avec une affiche de bienvenue au mariage, vous aurez un autre petit souvenir de votre journ\u00e9e qui durera longtemps apr\u00e8s le mariage. Cr\u00e9ez d\u00e8s aujourd&#8217;hui votre affiche de bienvenue au mariage !<\/p>","protected":false},"excerpt":{"rendered":"<ul class=\"check-list\">\n<li>Rendez votre mariage encore plus sp\u00e9cial : ajoutez une touche d&#8217;\u00e9l\u00e9gance \u00e0 votre d\u00e9cor de mariage et accueillez vos invit\u00e9s avec style<\/li>\n<li>Ajouter des superpositions de texte pour rendre chaque cadeau sp\u00e9cial et pr\u00e9cieux<\/li>\n<li>Personnalisez en 3 \u00e9tapes simples<\/li>\n<li>Vois le r\u00e9sultat imm\u00e9diatement \u2013 l\u2019aper\u00e7u interactif te permet de peaufiner chaque d\u00e9tail<\/li>\n<\/ul>\n","protected":false},"featured_media":335201,"template":"","meta":[],"product_brand":[],"product_cat":[7495,7925],"product_tag":[16279,8477],"class_list":{"0":"post-361555","1":"product","2":"type-product","3":"status-publish","4":"has-post-thumbnail","6":"product_cat-photo-fr","7":"product_cat-cadeaux-denterrement-de-vie-de-jeune-fille","8":"product_tag-wedding-fr-2","9":"product_tag-wedding-fr","11":"first","12":"instock","13":"sale","14":"taxable","15":"shipping-taxable","16":"purchasable","17":"product-type-variable"},"yoast_head":"<!-- This site is optimized with the Yoast SEO Premium plugin v27.2 (Yoast SEO v27.2) - https:\/\/yoast.com\/product\/yoast-seo-premium-wordpress\/ -->\n<title>Affiche Bienvenue au Mariage - Positive Prints<\/title>\n<meta name=\"description\" content=\"Accueillez vos invit\u00e9s avec style gr\u00e2ce \u00e0 une affiche de bienvenue au mariage. Incluez une photo des futurs mari\u00e9s et personnalisez-la.\" \/>\n<meta name=\"robots\" content=\"index, follow, max-snippet:-1, max-image-preview:large, max-video-preview:-1\" \/>\n<link rel=\"canonical\" href=\"https:\/\/positiveprints.com\/fr\/produit\/affiche-bienvenue-au-mariage-2\/\" \/>\n<meta property=\"og:locale\" content=\"fr_FR\" \/>\n<meta property=\"og:type\" content=\"article\" \/>\n<meta property=\"og:title\" content=\"Affiche Bienvenue au Mariage\" \/>\n<meta property=\"og:description\" content=\"Rendez votre mariage encore plus sp\u00e9cial : ajoutez une touche d&#039;\u00e9l\u00e9gance \u00e0 votre d\u00e9cor de mariage et accueillez vos invit\u00e9s avec style Ajouter des superpositions de texte pour rendre chaque cadeau sp\u00e9cial et pr\u00e9cieux Personnalisez en 3 \u00e9tapes simples Vois le r\u00e9sultat imm\u00e9diatement \u2013 l\u2019aper\u00e7u interactif te permet de peaufiner chaque d\u00e9tail\" \/>\n<meta property=\"og:url\" content=\"https:\/\/positiveprints.com\/fr\/produit\/affiche-bienvenue-au-mariage-2\/\" \/>\n<meta property=\"og:site_name\" content=\"Positive Prints\" \/>\n<meta property=\"article:publisher\" content=\"https:\/\/www.facebook.com\/positiveprintscom\" \/>\n<meta property=\"article:modified_time\" content=\"2026-04-18T05:40:24+00:00\" \/>\n<meta property=\"og:image\" content=\"https:\/\/positiveprints.com\/wp-content\/uploads\/2022\/08\/wedding-welcome-sign.jpg\" \/>\n\t<meta property=\"og:image:width\" content=\"1080\" \/>\n\t<meta property=\"og:image:height\" content=\"1080\" \/>\n\t<meta property=\"og:image:type\" content=\"image\/jpeg\" \/>\n<meta name=\"twitter:card\" content=\"summary_large_image\" \/>\n<!-- \/ Yoast SEO Premium plugin. -->","yoast_head_json":{"title":"Affiche Bienvenue au Mariage - Positive Prints","description":"Accueillez vos invit\u00e9s avec style gr\u00e2ce \u00e0 une affiche de bienvenue au mariage. Incluez une photo des futurs mari\u00e9s et personnalisez-la.","robots":{"index":"index","follow":"follow","max-snippet":"max-snippet:-1","max-image-preview":"max-image-preview:large","max-video-preview":"max-video-preview:-1"},"canonical":"https:\/\/positiveprints.com\/fr\/produit\/affiche-bienvenue-au-mariage-2\/","og_locale":"fr_FR","og_type":"article","og_title":"Affiche Bienvenue au Mariage","og_description":"Rendez votre mariage encore plus sp\u00e9cial : ajoutez une touche d'\u00e9l\u00e9gance \u00e0 votre d\u00e9cor de mariage et accueillez vos invit\u00e9s avec style Ajouter des superpositions de texte pour rendre chaque cadeau sp\u00e9cial et pr\u00e9cieux Personnalisez en 3 \u00e9tapes simples Vois le r\u00e9sultat imm\u00e9diatement \u2013 l\u2019aper\u00e7u interactif te permet de peaufiner chaque d\u00e9tail","og_url":"https:\/\/positiveprints.com\/fr\/produit\/affiche-bienvenue-au-mariage-2\/","og_site_name":"Positive Prints","article_publisher":"https:\/\/www.facebook.com\/positiveprintscom","article_modified_time":"2026-04-18T05:40:24+00:00","og_image":[{"width":1080,"height":1080,"url":"https:\/\/positiveprints.com\/wp-content\/uploads\/2022\/08\/wedding-welcome-sign.jpg","type":"image\/jpeg"}],"twitter_card":"summary_large_image","schema":{"@context":"https:\/\/schema.org","@graph":[{"@type":["WebPage","ItemPage"],"@id":"https:\/\/positiveprints.com\/fr\/produit\/affiche-bienvenue-au-mariage-2\/","url":"https:\/\/positiveprints.com\/fr\/produit\/affiche-bienvenue-au-mariage-2\/","name":"Affiche Bienvenue au Mariage - Positive Prints","isPartOf":{"@id":"https:\/\/positiveprints.com\/fr\/#website"},"primaryImageOfPage":{"@id":"https:\/\/positiveprints.com\/fr\/produit\/affiche-bienvenue-au-mariage-2\/#primaryimage"},"image":{"@id":"https:\/\/positiveprints.com\/fr\/produit\/affiche-bienvenue-au-mariage-2\/#primaryimage"},"thumbnailUrl":"https:\/\/positiveprints.com\/wp-content\/uploads\/2022\/08\/wedding-welcome-sign.jpg","datePublished":"2022-08-25T14:26:41+00:00","dateModified":"2026-04-18T05:40:24+00:00","description":"Accueillez vos invit\u00e9s avec style gr\u00e2ce \u00e0 une affiche de bienvenue au mariage. Incluez une photo des futurs mari\u00e9s et personnalisez-la.","breadcrumb":{"@id":"https:\/\/positiveprints.com\/fr\/produit\/affiche-bienvenue-au-mariage-2\/#breadcrumb"},"inLanguage":"fr-FR","potentialAction":[{"@type":"ReadAction","target":["https:\/\/positiveprints.com\/fr\/produit\/affiche-bienvenue-au-mariage-2\/"]}]},{"@type":"ImageObject","inLanguage":"fr-FR","@id":"https:\/\/positiveprints.com\/fr\/produit\/affiche-bienvenue-au-mariage-2\/#primaryimage","url":"https:\/\/positiveprints.com\/wp-content\/uploads\/2022\/08\/wedding-welcome-sign.jpg","contentUrl":"https:\/\/positiveprints.com\/wp-content\/uploads\/2022\/08\/wedding-welcome-sign.jpg","width":1080,"height":1080,"caption":"Customize your wedding welcome sign with fonts, dates, and details"},{"@type":"BreadcrumbList","@id":"https:\/\/positiveprints.com\/fr\/produit\/affiche-bienvenue-au-mariage-2\/#breadcrumb","itemListElement":[{"@type":"ListItem","position":1,"name":"Home","item":"https:\/\/positiveprints.com\/fr\/"},{"@type":"ListItem","position":2,"name":"Produits","item":"https:\/\/positiveprints.com\/fr\/shop\/"},{"@type":"ListItem","position":3,"name":"Affiche Bienvenue au Mariage"}]},{"@type":"WebSite","@id":"https:\/\/positiveprints.com\/fr\/#website","url":"https:\/\/positiveprints.com\/fr\/","name":"Positive Prints","description":"Amazing Custom Personalized Gifts","publisher":{"@id":"https:\/\/positiveprints.com\/fr\/#organization"},"potentialAction":[{"@type":"SearchAction","target":{"@type":"EntryPoint","urlTemplate":"https:\/\/positiveprints.com\/fr\/?s={search_term_string}"},"query-input":{"@type":"PropertyValueSpecification","valueRequired":true,"valueName":"search_term_string"}}],"inLanguage":"fr-FR"},{"@type":"Organization","@id":"https:\/\/positiveprints.com\/fr\/#organization","name":"Positive Prints","alternateName":"Positive Prints","url":"https:\/\/positiveprints.com\/fr\/","logo":{"@type":"ImageObject","inLanguage":"fr-FR","@id":"https:\/\/positiveprints.com\/fr\/#\/schema\/logo\/image\/","url":"https:\/\/positiveprints.com\/wp-content\/uploads\/2026\/03\/245815646_1337939713319158_5671353136411139666_n.png","contentUrl":"https:\/\/positiveprints.com\/wp-content\/uploads\/2026\/03\/245815646_1337939713319158_5671353136411139666_n.png","width":800,"height":800,"caption":"Positive Prints"},"image":{"@id":"https:\/\/positiveprints.com\/fr\/#\/schema\/logo\/image\/"},"sameAs":["https:\/\/www.facebook.com\/positiveprintscom","https:\/\/www.instagram.com\/positiveprintscom\/","https:\/\/www.tiktok.com\/@positiveprintscom","https:\/\/www.pinterest.com\/positiveprintscom\/"]}]}},"jetpack_sharing_enabled":true,"_links":{"self":[{"href":"https:\/\/positiveprints.com\/fr\/wp-json\/wp\/v2\/product\/361555","targetHints":{"allow":["GET"]}}],"collection":[{"href":"https:\/\/positiveprints.com\/fr\/wp-json\/wp\/v2\/product"}],"about":[{"href":"https:\/\/positiveprints.com\/fr\/wp-json\/wp\/v2\/types\/product"}],"wp:featuredmedia":[{"embeddable":true,"href":"https:\/\/positiveprints.com\/fr\/wp-json\/wp\/v2\/media\/335201"}],"wp:attachment":[{"href":"https:\/\/positiveprints.com\/fr\/wp-json\/wp\/v2\/media?parent=361555"}],"wp:term":[{"taxonomy":"product_brand","embeddable":true,"href":"https:\/\/positiveprints.com\/fr\/wp-json\/wp\/v2\/product_brand?post=361555"},{"taxonomy":"product_cat","embeddable":true,"href":"https:\/\/positiveprints.com\/fr\/wp-json\/wp\/v2\/product_cat?post=361555"},{"taxonomy":"product_tag","embeddable":true,"href":"https:\/\/positiveprints.com\/fr\/wp-json\/wp\/v2\/product_tag?post=361555"}],"curies":[{"name":"wp","href":"https:\/\/api.w.org\/{rel}","templated":true}]}}