{"id":361329,"date":"2022-02-21T22:18:26","date_gmt":"2022-02-21T21:18:26","guid":{"rendered":"https:\/\/positiveprints.com\/?post_type=product&#038;p=361329"},"modified":"2026-04-18T07:02:04","modified_gmt":"2026-04-18T06:02:04","slug":"carte-du-mariage","status":"publish","type":"product","link":"https:\/\/positiveprints.com\/fr\/produit\/carte-du-mariage\/","title":{"rendered":"Carte du Mariage"},"content":{"rendered":"<p>Le jour de votre mariage est un moment important, qui a commenc\u00e9 bien avant que vous ne choisissiez vos chaussures, votre robe, le lieu et les fleurs. C\u00e9l\u00e9brez ce jour tout au long de votre vie ensemble avec un cadeau personnalis\u00e9 de carte du mariage.<\/p>\r\n\r\n\r\n<h2 class=\"grenB f24 cblue\" style=\"margin-top: 3rem\">Qu&#8217;est-ce qu&#8217;une carte du mariage ?<\/h2>\r\n\r\n<p style=\"margin-top: 1rem\">Votre carte du mariage personnalis\u00e9e peut illustrer l&#8217;endroit o\u00f9 vous avez rencontr\u00e9 pour la premi\u00e8re fois l&#8217;amour de votre vie, l&#8217;endroit o\u00f9 vous vous \u00eates fianc\u00e9s, et surtout, l&#8217;endroit o\u00f9 vous vous \u00eates dit Je Le Veux ! Nos cartes affichent un symbole en forme de c\u0153ur de l&#8217;endroit o\u00f9 la magie s&#8217;est produite afin que vous puissiez revisiter cet endroit encore et encore.<\/p>\r\n\r\n<h2 class=\"grenB f24 cblue\" style=\"margin-top: 3rem\">Id\u00e9es Pour Un Cadeau De Carte Du Mariage<\/h2>\r\n\r\n<p style=\"margin-top: 1rem\">Une carte du mariage personnalis\u00e9e est une tr\u00e8s belle fa\u00e7on d&#8217;illustrer une partie de votre histoire d&#8217;amour. Il s&#8217;agit d&#8217;une \u0153uvre d&#8217;art unique pour chaque couple, qui peut \u00eatre transmise de g\u00e9n\u00e9ration en g\u00e9n\u00e9ration et donner un aper\u00e7u du pass\u00e9.<\/p>\r\n\r\n<p style=\"margin-top: 1rem\">Pour tirer le meilleur parti de votre pr\u00e9cieux cadeau, vous pouvez le personnaliser en y ajoutant du texte, des paroles de chansons, des citations, des dates ou tout autre \u00e9l\u00e9ment qui le rendra encore plus sentimental. Voici quelques-uns de nos favoris :<\/p>\r\n\r\n<p style=\"margin-top: 1rem\">\r\n\u2022 \u00ab Pour toujours commence. \u00bb<br>\r\n\u2022 \u00ab Je le veux&#8230; pour toujours. \u00bb<br>\r\n\u2022 \u00ab Tu es mon aujourd&#8217;hui et tous mes lendemains. \u00bb<br>\r\n\u2022 \u00ab Et les deux deviendront un. \u00bb<br>\r\n\u2022 \u00ab Ensemble, nous construisons une vie que nous aimons. \u00bb<\/p>\r\n\r\n<p style=\"margin-top: 1rem\">De nombreux clients de Positive Prints choisissent un cadeau de carte du mariage pour surprendre un \u00eatre cher \u00e0 l&#8217;occasion de leur anniversaire de mariage, de la Saint-Valentin, d&#8217;un anniversaire ou d&#8217;une autre f\u00eate. Ou si vous faites honneur \u00e0 un couple sp\u00e9cial dans votre vie, vous pouvez les surprendre en leur offrant une carte du mariage qui sera leur premi\u00e8re \u0153uvre d&#8217;art dans leur nouvelle maison.<\/p>\r\n\r\n<p style=\"margin-top: 1rem\">La fa\u00e7on dont vous choisissez de partager votre histoire vous appartient !<\/p>\r\n\r\n<h2 class=\"grenB f24 cblue\" style=\"margin-top: 3rem\">Personnaliser votre carte du mariage avec Positive Prints<\/h2>\r\n\r\n<p style=\"margin-top: 1rem\">Chaque carte que nous r\u00e9alisons chez Positive Prints utilise une technologie GPS de pointe et vous permet de contr\u00f4ler le design final. Notre cr\u00e9ateur de cartes vous permet de choisir facilement l&#8217;apparence de votre carte imprim\u00e9e personnalis\u00e9e.<\/p>\r\n\r\n<p style=\"margin-top: 1rem\">Chaque cadeau de mariage commence par un design de base. S\u00e9lectionnez la forme et la palette de couleurs de votre carte, y compris des options uniques telles que des lunettes de plage ou des couleurs vintage, ou cr\u00e9ez votre propre palette de couleurs pour l&#8217;assortir \u00e0 votre d\u00e9coration int\u00e9rieure.<\/p>\r\n\r\n<p style=\"margin-top: 1rem\">Ensuite, choisissez le lieu de votre journ\u00e9e sp\u00e9ciale. Il peut s&#8217;agir de l&#8217;adresse du lieu de votre mariage, de l&#8217;endroit o\u00f9 vous avez eu votre premier rendez-vous ou de l&#8217;endroit o\u00f9 vous avez d\u00e9cid\u00e9 de rester ensemble pour toujours. Ajoutez un texte personnalis\u00e9 pour indiquer la signification du lieu, comme le nom de l&#8217;endroit ou la date de votre journ\u00e9e sp\u00e9ciale. Vous pouvez \u00e9galement utiliser une citation ou une ligne de po\u00e9sie pr\u00e9f\u00e9r\u00e9e. Il n&#8217;y a pas de mauvaise fa\u00e7on de personnaliser !<\/p>\r\n\r\n<p style=\"margin-top: 1rem\">Enfin, choisissez comment vous souhaitez recevoir votre carte de mariage imprim\u00e9e : t\u00e9l\u00e9chargement num\u00e9rique, impression papier ou impression sur toile.<\/p>\r\n\r\n<h2 class=\"grenB f24 cblue\" style=\"margin-top: 3rem\">Commencez \u00e0 cr\u00e9er votre carte de mariage personnalis\u00e9e !<\/h2>\r\n\r\n<p style=\"margin-top: 1rem\">Chaque carte de mariage est vraiment unique. Votre amour n&#8217;est pas comme les autres, et il m\u00e9rite d&#8217;\u00eatre partag\u00e9. Cr\u00e9ez votre carte de mariage personnalis\u00e9e et racontez votre histoire \u00e0 tous ceux qui entrent chez vous.<\/p>","protected":false},"excerpt":{"rendered":"<ul class=\"check-list\">\n<li>Marquer un endroit sp\u00e9cial avec un symbole choisi<\/li>\n<li>Personnalisez en 3 \u00e9tapes simples<\/li>\n<li>Incluez un texte personnalis\u00e9 significatif<\/li>\n<li>Vois le r\u00e9sultat imm\u00e9diatement \u2013 l\u2019aper\u00e7u interactif te permet de peaufiner chaque d\u00e9tail<\/li>\n<\/ul>\n","protected":false},"featured_media":1213998,"template":"","meta":[],"product_brand":[],"product_cat":[9274,7925,7187,3122,9760],"product_tag":[13789,15603,16279,8477],"class_list":{"0":"post-361329","1":"product","2":"type-product","3":"status-publish","4":"has-post-thumbnail","6":"product_cat-bestsellers-label-fr","7":"product_cat-cadeaux-denterrement-de-vie-de-jeune-fille","8":"product_cat-map-fr","9":"product_cat-cadeaux-de-mariage","10":"product_cat-trending-label-fr","11":"product_tag-carte-du-lieu-de-mariage","12":"product_tag-la-ou-nous-nous-sommes-maries","13":"product_tag-wedding-fr-2","14":"product_tag-wedding-fr","16":"first","17":"instock","18":"sale","19":"taxable","20":"shipping-taxable","21":"purchasable","22":"product-type-variable"},"yoast_head":"<!-- This site is optimized with the Yoast SEO Premium plugin v27.2 (Yoast SEO v27.2) - https:\/\/yoast.com\/product\/yoast-seo-premium-wordpress\/ -->\n<title>Carte du Mariage - Positive Prints<\/title>\n<meta name=\"description\" content=\"Un cadeau de carte du mariage personnalis\u00e9 est une si belle fa\u00e7on d&#039;illustrer une partie de votre histoire d&#039;amour. Livraison internationale.\" \/>\n<meta name=\"robots\" content=\"index, follow, max-snippet:-1, max-image-preview:large, max-video-preview:-1\" \/>\n<link rel=\"canonical\" href=\"https:\/\/positiveprints.com\/fr\/produit\/carte-du-mariage\/\" \/>\n<meta property=\"og:locale\" content=\"fr_FR\" \/>\n<meta property=\"og:type\" content=\"article\" \/>\n<meta property=\"og:title\" content=\"Carte du Mariage\" \/>\n<meta property=\"og:description\" content=\"Marquer un endroit sp\u00e9cial avec un symbole choisi Personnalisez en 3 \u00e9tapes simples Incluez un texte personnalis\u00e9 significatif Vois le r\u00e9sultat imm\u00e9diatement \u2013 l\u2019aper\u00e7u interactif te permet de peaufiner chaque d\u00e9tail\" \/>\n<meta property=\"og:url\" content=\"https:\/\/positiveprints.com\/fr\/produit\/carte-du-mariage\/\" \/>\n<meta property=\"og:site_name\" content=\"Positive Prints\" \/>\n<meta property=\"article:publisher\" content=\"https:\/\/www.facebook.com\/positiveprintscom\" \/>\n<meta property=\"article:modified_time\" content=\"2026-04-18T06:02:04+00:00\" \/>\n<meta property=\"og:image\" content=\"https:\/\/positiveprints.com\/wp-content\/uploads\/2024\/10\/Packshot_FR_wedding-map-product-image.webp\" \/>\n\t<meta property=\"og:image:width\" content=\"1450\" \/>\n\t<meta property=\"og:image:height\" content=\"1450\" \/>\n\t<meta property=\"og:image:type\" content=\"image\/webp\" \/>\n<meta name=\"twitter:card\" content=\"summary_large_image\" \/>\n<meta name=\"twitter:label1\" content=\"Dur\u00e9e de lecture estim\u00e9e\" \/>\n\t<meta name=\"twitter:data1\" content=\"3 minutes\" \/>\n<!-- \/ Yoast SEO Premium plugin. -->","yoast_head_json":{"title":"Carte du Mariage - Positive Prints","description":"Un cadeau de carte du mariage personnalis\u00e9 est une si belle fa\u00e7on d'illustrer une partie de votre histoire d'amour. Livraison internationale.","robots":{"index":"index","follow":"follow","max-snippet":"max-snippet:-1","max-image-preview":"max-image-preview:large","max-video-preview":"max-video-preview:-1"},"canonical":"https:\/\/positiveprints.com\/fr\/produit\/carte-du-mariage\/","og_locale":"fr_FR","og_type":"article","og_title":"Carte du Mariage","og_description":"Marquer un endroit sp\u00e9cial avec un symbole choisi Personnalisez en 3 \u00e9tapes simples Incluez un texte personnalis\u00e9 significatif Vois le r\u00e9sultat imm\u00e9diatement \u2013 l\u2019aper\u00e7u interactif te permet de peaufiner chaque d\u00e9tail","og_url":"https:\/\/positiveprints.com\/fr\/produit\/carte-du-mariage\/","og_site_name":"Positive Prints","article_publisher":"https:\/\/www.facebook.com\/positiveprintscom","article_modified_time":"2026-04-18T06:02:04+00:00","og_image":[{"width":1450,"height":1450,"url":"https:\/\/positiveprints.com\/wp-content\/uploads\/2024\/10\/Packshot_FR_wedding-map-product-image.webp","type":"image\/webp"}],"twitter_card":"summary_large_image","twitter_misc":{"Dur\u00e9e de lecture estim\u00e9e":"3 minutes"},"schema":{"@context":"https:\/\/schema.org","@graph":[{"@type":["WebPage","ItemPage"],"@id":"https:\/\/positiveprints.com\/fr\/produit\/carte-du-mariage\/","url":"https:\/\/positiveprints.com\/fr\/produit\/carte-du-mariage\/","name":"Carte du Mariage - Positive Prints","isPartOf":{"@id":"https:\/\/positiveprints.com\/fr\/#website"},"primaryImageOfPage":{"@id":"https:\/\/positiveprints.com\/fr\/produit\/carte-du-mariage\/#primaryimage"},"image":{"@id":"https:\/\/positiveprints.com\/fr\/produit\/carte-du-mariage\/#primaryimage"},"thumbnailUrl":"https:\/\/positiveprints.com\/wp-content\/uploads\/2024\/10\/Packshot_FR_wedding-map-product-image.webp","datePublished":"2022-02-21T21:18:26+00:00","dateModified":"2026-04-18T06:02:04+00:00","description":"Un cadeau de carte du mariage personnalis\u00e9 est une si belle fa\u00e7on d'illustrer une partie de votre histoire d'amour. Livraison internationale.","breadcrumb":{"@id":"https:\/\/positiveprints.com\/fr\/produit\/carte-du-mariage\/#breadcrumb"},"inLanguage":"fr-FR","potentialAction":[{"@type":"ReadAction","target":["https:\/\/positiveprints.com\/fr\/produit\/carte-du-mariage\/"]}]},{"@type":"ImageObject","inLanguage":"fr-FR","@id":"https:\/\/positiveprints.com\/fr\/produit\/carte-du-mariage\/#primaryimage","url":"https:\/\/positiveprints.com\/wp-content\/uploads\/2024\/10\/Packshot_FR_wedding-map-product-image.webp","contentUrl":"https:\/\/positiveprints.com\/wp-content\/uploads\/2024\/10\/Packshot_FR_wedding-map-product-image.webp","width":1450,"height":1450},{"@type":"BreadcrumbList","@id":"https:\/\/positiveprints.com\/fr\/produit\/carte-du-mariage\/#breadcrumb","itemListElement":[{"@type":"ListItem","position":1,"name":"Home","item":"https:\/\/positiveprints.com\/fr\/"},{"@type":"ListItem","position":2,"name":"Produits","item":"https:\/\/positiveprints.com\/fr\/shop\/"},{"@type":"ListItem","position":3,"name":"Carte du Mariage"}]},{"@type":"WebSite","@id":"https:\/\/positiveprints.com\/fr\/#website","url":"https:\/\/positiveprints.com\/fr\/","name":"Positive Prints","description":"Amazing Custom Personalized Gifts","publisher":{"@id":"https:\/\/positiveprints.com\/fr\/#organization"},"potentialAction":[{"@type":"SearchAction","target":{"@type":"EntryPoint","urlTemplate":"https:\/\/positiveprints.com\/fr\/?s={search_term_string}"},"query-input":{"@type":"PropertyValueSpecification","valueRequired":true,"valueName":"search_term_string"}}],"inLanguage":"fr-FR"},{"@type":"Organization","@id":"https:\/\/positiveprints.com\/fr\/#organization","name":"Positive Prints","alternateName":"Positive Prints","url":"https:\/\/positiveprints.com\/fr\/","logo":{"@type":"ImageObject","inLanguage":"fr-FR","@id":"https:\/\/positiveprints.com\/fr\/#\/schema\/logo\/image\/","url":"https:\/\/positiveprints.com\/wp-content\/uploads\/2026\/03\/245815646_1337939713319158_5671353136411139666_n.png","contentUrl":"https:\/\/positiveprints.com\/wp-content\/uploads\/2026\/03\/245815646_1337939713319158_5671353136411139666_n.png","width":800,"height":800,"caption":"Positive Prints"},"image":{"@id":"https:\/\/positiveprints.com\/fr\/#\/schema\/logo\/image\/"},"sameAs":["https:\/\/www.facebook.com\/positiveprintscom","https:\/\/www.instagram.com\/positiveprintscom\/","https:\/\/www.tiktok.com\/@positiveprintscom","https:\/\/www.pinterest.com\/positiveprintscom\/"]}]}},"jetpack_sharing_enabled":true,"_links":{"self":[{"href":"https:\/\/positiveprints.com\/fr\/wp-json\/wp\/v2\/product\/361329","targetHints":{"allow":["GET"]}}],"collection":[{"href":"https:\/\/positiveprints.com\/fr\/wp-json\/wp\/v2\/product"}],"about":[{"href":"https:\/\/positiveprints.com\/fr\/wp-json\/wp\/v2\/types\/product"}],"wp:featuredmedia":[{"embeddable":true,"href":"https:\/\/positiveprints.com\/fr\/wp-json\/wp\/v2\/media\/1213998"}],"wp:attachment":[{"href":"https:\/\/positiveprints.com\/fr\/wp-json\/wp\/v2\/media?parent=361329"}],"wp:term":[{"taxonomy":"product_brand","embeddable":true,"href":"https:\/\/positiveprints.com\/fr\/wp-json\/wp\/v2\/product_brand?post=361329"},{"taxonomy":"product_cat","embeddable":true,"href":"https:\/\/positiveprints.com\/fr\/wp-json\/wp\/v2\/product_cat?post=361329"},{"taxonomy":"product_tag","embeddable":true,"href":"https:\/\/positiveprints.com\/fr\/wp-json\/wp\/v2\/product_tag?post=361329"}],"curies":[{"name":"wp","href":"https:\/\/api.w.org\/{rel}","templated":true}]}}