{"id":361141,"date":"2022-07-24T14:05:04","date_gmt":"2022-10-27T12:28:25","guid":{"rendered":"https:\/\/positiveprints.com\/?post_type=product&#038;p=361141"},"modified":"2026-04-12T23:11:50","modified_gmt":"2026-04-12T22:11:50","slug":"souvenirs-dans-les-etoiles","status":"publish","type":"product","link":"https:\/\/positiveprints.com\/fr\/produit\/souvenirs-dans-les-etoiles\/","title":{"rendered":"Souvenirs dans les \u00c9toiles"},"content":{"rendered":"","protected":false},"excerpt":{"rendered":"<ul class=\"check-list\">\n<li>Cr\u00e9ez une carte des \u00e9toiles comm\u00e9morative et ch\u00e9rissez la m\u00e9moire d&#8217;un \u00eatre cher pour toujours<\/li>\n<li>Ajoutez des plan\u00e8tes, des constellations et la Voie lact\u00e9e <\/li>\n<li>Personnalisez en 3 \u00e9tapes simples<\/li>\n<li>Incluez un texte personnalis\u00e9 significatif<\/li>\n<li>Vois le r\u00e9sultat imm\u00e9diatement \u2013 l\u2019aper\u00e7u interactif te permet de peaufiner chaque d\u00e9tail<\/li>\n<\/ul>\n","protected":false},"featured_media":1284669,"template":"","meta":[],"product_brand":[],"product_cat":[9274,7989,2878],"product_tag":[15354,15355,15356,15357,15358,15359,15360,15361,8612],"class_list":{"0":"post-361141","1":"product","2":"type-product","3":"status-publish","4":"has-post-thumbnail","6":"product_cat-bestsellers-label-fr","7":"product_cat-cadeaux-de-condoleances-idees-cadeaux","8":"product_cat-star-fr-2","9":"product_tag-condolence-gift-fr","10":"product_tag-condolence-gifts-fr","11":"product_tag-grief-support-gift-fr","12":"product_tag-memorial-fr","13":"product_tag-memorial-gift-fr","14":"product_tag-remembrance-gift-fr","15":"product_tag-sympathy-gift-fr","16":"product_tag-sympathy-gifts-fr","17":"product_tag-sympathy-fr","19":"first","20":"instock","21":"sale","22":"taxable","23":"shipping-taxable","24":"purchasable","25":"product-type-variable"},"yoast_head":"<!-- This site is optimized with the Yoast SEO Premium plugin v27.2 (Yoast SEO v27.2) - https:\/\/yoast.com\/product\/yoast-seo-premium-wordpress\/ -->\n<title>Souvenirs dans les \u00c9toiles - Positive Prints<\/title>\n<meta name=\"description\" content=\"L&#039;impression personnalis\u00e9e \u00ab Souvenirs dans les \u00c9toiles \u00bb est un excellent moyen d&#039;honorer ceux qui ne sont plus avec nous.\" \/>\n<meta name=\"robots\" content=\"index, follow, max-snippet:-1, max-image-preview:large, max-video-preview:-1\" \/>\n<link rel=\"canonical\" href=\"https:\/\/positiveprints.com\/fr\/produit\/souvenirs-dans-les-etoiles\/\" \/>\n<meta property=\"og:locale\" content=\"fr_FR\" \/>\n<meta property=\"og:type\" content=\"article\" \/>\n<meta property=\"og:title\" content=\"Souvenirs dans les \u00c9toiles\" \/>\n<meta property=\"og:description\" content=\"Cr\u00e9ez une carte des \u00e9toiles comm\u00e9morative et ch\u00e9rissez la m\u00e9moire d&#039;un \u00eatre cher pour toujours Ajoutez des plan\u00e8tes, des constellations et la Voie lact\u00e9e Personnalisez en 3 \u00e9tapes simples Incluez un texte personnalis\u00e9 significatif Vois le r\u00e9sultat imm\u00e9diatement \u2013 l\u2019aper\u00e7u interactif te permet de peaufiner chaque d\u00e9tail\" \/>\n<meta property=\"og:url\" content=\"https:\/\/positiveprints.com\/fr\/produit\/souvenirs-dans-les-etoiles\/\" \/>\n<meta property=\"og:site_name\" content=\"Positive Prints\" \/>\n<meta property=\"article:publisher\" content=\"https:\/\/www.facebook.com\/positiveprintscom\" \/>\n<meta property=\"article:modified_time\" content=\"2026-04-12T22:11:50+00:00\" \/>\n<meta property=\"og:image\" content=\"https:\/\/positiveprints.com\/wp-content\/uploads\/2024\/11\/Packshot_FR_Remembered-in-the-Stars-product-image.webp\" \/>\n\t<meta property=\"og:image:width\" content=\"1450\" \/>\n\t<meta property=\"og:image:height\" content=\"1450\" \/>\n\t<meta property=\"og:image:type\" content=\"image\/webp\" \/>\n<meta name=\"twitter:card\" content=\"summary_large_image\" \/>\n<!-- \/ Yoast SEO Premium plugin. -->","yoast_head_json":{"title":"Souvenirs dans les \u00c9toiles - Positive Prints","description":"L'impression personnalis\u00e9e \u00ab Souvenirs dans les \u00c9toiles \u00bb est un excellent moyen d'honorer ceux qui ne sont plus avec nous.","robots":{"index":"index","follow":"follow","max-snippet":"max-snippet:-1","max-image-preview":"max-image-preview:large","max-video-preview":"max-video-preview:-1"},"canonical":"https:\/\/positiveprints.com\/fr\/produit\/souvenirs-dans-les-etoiles\/","og_locale":"fr_FR","og_type":"article","og_title":"Souvenirs dans les \u00c9toiles","og_description":"Cr\u00e9ez une carte des \u00e9toiles comm\u00e9morative et ch\u00e9rissez la m\u00e9moire d'un \u00eatre cher pour toujours Ajoutez des plan\u00e8tes, des constellations et la Voie lact\u00e9e Personnalisez en 3 \u00e9tapes simples Incluez un texte personnalis\u00e9 significatif Vois le r\u00e9sultat imm\u00e9diatement \u2013 l\u2019aper\u00e7u interactif te permet de peaufiner chaque d\u00e9tail","og_url":"https:\/\/positiveprints.com\/fr\/produit\/souvenirs-dans-les-etoiles\/","og_site_name":"Positive Prints","article_publisher":"https:\/\/www.facebook.com\/positiveprintscom","article_modified_time":"2026-04-12T22:11:50+00:00","og_image":[{"width":1450,"height":1450,"url":"https:\/\/positiveprints.com\/wp-content\/uploads\/2024\/11\/Packshot_FR_Remembered-in-the-Stars-product-image.webp","type":"image\/webp"}],"twitter_card":"summary_large_image","schema":{"@context":"https:\/\/schema.org","@graph":[{"@type":["WebPage","ItemPage"],"@id":"https:\/\/positiveprints.com\/fr\/produit\/souvenirs-dans-les-etoiles\/","url":"https:\/\/positiveprints.com\/fr\/produit\/souvenirs-dans-les-etoiles\/","name":"Souvenirs dans les \u00c9toiles - Positive Prints","isPartOf":{"@id":"https:\/\/positiveprints.com\/fr\/#website"},"primaryImageOfPage":{"@id":"https:\/\/positiveprints.com\/fr\/produit\/souvenirs-dans-les-etoiles\/#primaryimage"},"image":{"@id":"https:\/\/positiveprints.com\/fr\/produit\/souvenirs-dans-les-etoiles\/#primaryimage"},"thumbnailUrl":"https:\/\/positiveprints.com\/wp-content\/uploads\/2024\/11\/Packshot_FR_Remembered-in-the-Stars-product-image.webp","datePublished":"2022-10-27T12:28:25+00:00","dateModified":"2026-04-12T22:11:50+00:00","description":"L'impression personnalis\u00e9e \u00ab Souvenirs dans les \u00c9toiles \u00bb est un excellent moyen d'honorer ceux qui ne sont plus avec nous.","breadcrumb":{"@id":"https:\/\/positiveprints.com\/fr\/produit\/souvenirs-dans-les-etoiles\/#breadcrumb"},"inLanguage":"fr-FR","potentialAction":[{"@type":"ReadAction","target":["https:\/\/positiveprints.com\/fr\/produit\/souvenirs-dans-les-etoiles\/"]}]},{"@type":"ImageObject","inLanguage":"fr-FR","@id":"https:\/\/positiveprints.com\/fr\/produit\/souvenirs-dans-les-etoiles\/#primaryimage","url":"https:\/\/positiveprints.com\/wp-content\/uploads\/2024\/11\/Packshot_FR_Remembered-in-the-Stars-product-image.webp","contentUrl":"https:\/\/positiveprints.com\/wp-content\/uploads\/2024\/11\/Packshot_FR_Remembered-in-the-Stars-product-image.webp","width":1450,"height":1450},{"@type":"BreadcrumbList","@id":"https:\/\/positiveprints.com\/fr\/produit\/souvenirs-dans-les-etoiles\/#breadcrumb","itemListElement":[{"@type":"ListItem","position":1,"name":"Home","item":"https:\/\/positiveprints.com\/fr\/"},{"@type":"ListItem","position":2,"name":"Produits","item":"https:\/\/positiveprints.com\/fr\/shop\/"},{"@type":"ListItem","position":3,"name":"Souvenirs dans les \u00c9toiles"}]},{"@type":"WebSite","@id":"https:\/\/positiveprints.com\/fr\/#website","url":"https:\/\/positiveprints.com\/fr\/","name":"Positive Prints","description":"Amazing Custom Personalized Gifts","publisher":{"@id":"https:\/\/positiveprints.com\/fr\/#organization"},"potentialAction":[{"@type":"SearchAction","target":{"@type":"EntryPoint","urlTemplate":"https:\/\/positiveprints.com\/fr\/?s={search_term_string}"},"query-input":{"@type":"PropertyValueSpecification","valueRequired":true,"valueName":"search_term_string"}}],"inLanguage":"fr-FR"},{"@type":"Organization","@id":"https:\/\/positiveprints.com\/fr\/#organization","name":"Positive Prints","alternateName":"Positive Prints","url":"https:\/\/positiveprints.com\/fr\/","logo":{"@type":"ImageObject","inLanguage":"fr-FR","@id":"https:\/\/positiveprints.com\/fr\/#\/schema\/logo\/image\/","url":"https:\/\/positiveprints.com\/wp-content\/uploads\/2026\/03\/245815646_1337939713319158_5671353136411139666_n.png","contentUrl":"https:\/\/positiveprints.com\/wp-content\/uploads\/2026\/03\/245815646_1337939713319158_5671353136411139666_n.png","width":800,"height":800,"caption":"Positive Prints"},"image":{"@id":"https:\/\/positiveprints.com\/fr\/#\/schema\/logo\/image\/"},"sameAs":["https:\/\/www.facebook.com\/positiveprintscom","https:\/\/www.instagram.com\/positiveprintscom\/","https:\/\/www.tiktok.com\/@positiveprintscom","https:\/\/www.pinterest.com\/positiveprintscom\/"]}]}},"jetpack_sharing_enabled":true,"_links":{"self":[{"href":"https:\/\/positiveprints.com\/fr\/wp-json\/wp\/v2\/product\/361141","targetHints":{"allow":["GET"]}}],"collection":[{"href":"https:\/\/positiveprints.com\/fr\/wp-json\/wp\/v2\/product"}],"about":[{"href":"https:\/\/positiveprints.com\/fr\/wp-json\/wp\/v2\/types\/product"}],"wp:featuredmedia":[{"embeddable":true,"href":"https:\/\/positiveprints.com\/fr\/wp-json\/wp\/v2\/media\/1284669"}],"wp:attachment":[{"href":"https:\/\/positiveprints.com\/fr\/wp-json\/wp\/v2\/media?parent=361141"}],"wp:term":[{"taxonomy":"product_brand","embeddable":true,"href":"https:\/\/positiveprints.com\/fr\/wp-json\/wp\/v2\/product_brand?post=361141"},{"taxonomy":"product_cat","embeddable":true,"href":"https:\/\/positiveprints.com\/fr\/wp-json\/wp\/v2\/product_cat?post=361141"},{"taxonomy":"product_tag","embeddable":true,"href":"https:\/\/positiveprints.com\/fr\/wp-json\/wp\/v2\/product_tag?post=361141"}],"curies":[{"name":"wp","href":"https:\/\/api.w.org\/{rel}","templated":true}]}}