{"id":360826,"date":"2022-07-26T10:07:47","date_gmt":"2022-07-26T09:07:47","guid":{"rendered":"https:\/\/positiveprints.com\/?post_type=product&#038;p=360826"},"modified":"2026-04-03T03:30:34","modified_gmt":"2026-04-03T02:30:34","slug":"le-jour-ou-tu-es-devenue-ma-femme","status":"publish","type":"product","link":"https:\/\/positiveprints.com\/fr\/produit\/le-jour-ou-tu-es-devenue-ma-femme\/","title":{"rendered":"Le Jour O\u00f9 Tu Es Devenue Ma Femme"},"content":{"rendered":"<p>Le jour de votre mariage a marqu\u00e9 le d\u00e9but d&#8217;une belle vie commune. Ch\u00e9rissez ce moment pour toujours avec une \u0153uvre d&#8217;art Le Jour O\u00f9 Tu Es Devenue Ma Femme.<\/p>\r\n\r\n<h2 class=\"grenB f24 cblue\" style=\"margin-top: 3rem\">Revivez votre mariage encore et encore<\/h2>\r\n\r\n<p style=\"margin-top: 1rem\">Le jour o\u00f9 vous avez dit Je Le Veux a \u00e9t\u00e9 l&#8217;un des meilleurs moments de votre vie. Cela marquait la fin d&#8217;un chapitre et le d\u00e9but d&#8217;une nouvelle vie commune. De tels moments n&#8217;arrivent pas souvent, c&#8217;est pourquoi cette journ\u00e9e m\u00e9rite d&#8217;\u00eatre c\u00e9l\u00e9br\u00e9e encore et encore.<\/p>\r\n\r\n<p style=\"margin-top: 1rem\">Une carte des \u00e9toiles personnalis\u00e9e est un moyen id\u00e9al de montrer \u00e0 votre femme \u00e0 quel point vous l&#8217;aimez. C&#8217;est un cadeau unique et attentionn\u00e9 qui sera ch\u00e9ri pour toujours. Affichez-la chez vous avec fiert\u00e9 et ayez toujours une histoire \u00e0 partager avec votre famille et vos amis.<\/p>\r\n\r\n<h2 class=\"grenB f24 cblue\" style=\"margin-top: 3rem\">Femme Heureuse, Vie Heureuse<\/h2>\r\n\r\n<p style=\"margin-top: 1rem\">Ces cadeaux pour \u00e9pouse sont parfaits pour toutes les occasions et rappellent chaque jour l&#8217;un des jours les plus sp\u00e9ciaux de votre vie commune.<\/p>\r\n\r\n<p style=\"margin-top: 1rem\">La cr\u00e9ation d&#8217;une \u0153uvre d&#8217;art Le Jour O\u00f9 Tu Es Devenue Ma Femme demande beaucoup de r\u00e9flexion et d&#8217;efforts. Vous devrez tenir compte de ses couleurs pr\u00e9f\u00e9r\u00e9es, des constellations et d&#8217;autres d\u00e9tails personnels pour la rendre vraiment sp\u00e9ciale. Nous nous chargeons de la plus grande partie du travail \u00e0 votre place gr\u00e2ce \u00e0 notre interface intuitive et conviviale qui vous guide tout au long du processus et donne vie \u00e0 votre design. En quelques minutes, vous aurez le cadeau id\u00e9al pour la surprendre.<\/p>\r\n\r\n<p style=\"margin-top: 1rem\">Les impressions Le Jour O\u00f9 Tu Es Devenue Ma Femme sont les meilleurs cadeaux pour les \u00e9pouses \u2014 elles sont faites sp\u00e9cialement pour elles et ne peuvent pas \u00eatre achet\u00e9es dans n&#8217;importe quel magasin ! Et, contrairement aux fleurs ou aux chocolats, une impression personnalis\u00e9e durera \u00e9ternellement. Commencez ici !<\/p>","protected":false},"excerpt":{"rendered":"<ul class=\"check-list\">\n<li>C\u00e9l\u00e9brez votre amour et votre d\u00e9vouement avec un cadeau unique et attentionn\u00e9 qui durera toute une vie<\/li>\n<li>Ajoutez des plan\u00e8tes, des constellations et la Voie lact\u00e9e <\/li>\n<li>Personnalisez en 3 \u00e9tapes simples<\/li>\n<li>Incluez un texte personnalis\u00e9 significatif<\/li>\n<li>Vois le r\u00e9sultat imm\u00e9diatement \u2013 l\u2019aper\u00e7u interactif te permet de peaufiner chaque d\u00e9tail<\/li>\n<\/ul>\n","protected":false},"featured_media":1332297,"template":"","meta":[],"product_brand":[],"product_cat":[7749,2878],"product_tag":[14849],"class_list":{"0":"post-360826","1":"product","2":"type-product","3":"status-publish","4":"has-post-thumbnail","6":"product_cat-cadeaux-pour-epouse","7":"product_cat-star-fr-2","8":"product_tag-anniversary-fr","10":"first","11":"instock","12":"sale","13":"taxable","14":"shipping-taxable","15":"purchasable","16":"product-type-variable"},"yoast_head":"<!-- This site is optimized with the Yoast SEO Premium plugin v27.2 (Yoast SEO v27.2) - https:\/\/yoast.com\/product\/yoast-seo-premium-wordpress\/ -->\n<title>Le Jour O\u00f9 Tu Es Devenue Ma Femme - Positive Prints<\/title>\n<meta name=\"description\" content=\"Pour votre anniversaire de mariage ou toute occasion sp\u00e9ciale, nous vous aidons \u00e0 cr\u00e9er \u00ab Le Jour O\u00f9 Tu Es Devenue Ma Femme \u00bb, un cadeau unique pour votre \u00e9pouse.\" \/>\n<meta name=\"robots\" content=\"index, follow, max-snippet:-1, max-image-preview:large, max-video-preview:-1\" \/>\n<link rel=\"canonical\" href=\"https:\/\/positiveprints.com\/fr\/produit\/le-jour-ou-tu-es-devenue-ma-femme\/\" \/>\n<meta property=\"og:locale\" content=\"fr_FR\" \/>\n<meta property=\"og:type\" content=\"article\" \/>\n<meta property=\"og:title\" content=\"Le Jour O\u00f9 Tu Es Devenue Ma Femme\" \/>\n<meta property=\"og:description\" content=\"C\u00e9l\u00e9brez votre amour et votre d\u00e9vouement avec un cadeau unique et attentionn\u00e9 qui durera toute une vie Ajoutez des plan\u00e8tes, des constellations et la Voie lact\u00e9e  Personnalisez en 3 \u00e9tapes simples Incluez un texte personnalis\u00e9 significatif Vois le r\u00e9sultat imm\u00e9diatement \u2013 l\u2019aper\u00e7u interactif te permet de peaufiner chaque d\u00e9tail\" \/>\n<meta property=\"og:url\" content=\"https:\/\/positiveprints.com\/fr\/produit\/le-jour-ou-tu-es-devenue-ma-femme\/\" \/>\n<meta property=\"og:site_name\" content=\"Positive Prints\" \/>\n<meta property=\"article:publisher\" content=\"https:\/\/www.facebook.com\/positiveprintscom\" \/>\n<meta property=\"article:modified_time\" content=\"2026-04-03T02:30:34+00:00\" \/>\n<meta property=\"og:image\" content=\"https:\/\/positiveprints.com\/wp-content\/uploads\/2025\/01\/Le-Jour-Ou\u0300-Tu-Es-Devenue-Ma-Femme-1.webp\" \/>\n\t<meta property=\"og:image:width\" content=\"1450\" \/>\n\t<meta property=\"og:image:height\" content=\"1450\" \/>\n\t<meta property=\"og:image:type\" content=\"image\/webp\" \/>\n<meta name=\"twitter:card\" content=\"summary_large_image\" \/>\n<meta name=\"twitter:label1\" content=\"Dur\u00e9e de lecture estim\u00e9e\" \/>\n\t<meta name=\"twitter:data1\" content=\"2 minutes\" \/>\n<!-- \/ Yoast SEO Premium plugin. -->","yoast_head_json":{"title":"Le Jour O\u00f9 Tu Es Devenue Ma Femme - Positive Prints","description":"Pour votre anniversaire de mariage ou toute occasion sp\u00e9ciale, nous vous aidons \u00e0 cr\u00e9er \u00ab Le Jour O\u00f9 Tu Es Devenue Ma Femme \u00bb, un cadeau unique pour votre \u00e9pouse.","robots":{"index":"index","follow":"follow","max-snippet":"max-snippet:-1","max-image-preview":"max-image-preview:large","max-video-preview":"max-video-preview:-1"},"canonical":"https:\/\/positiveprints.com\/fr\/produit\/le-jour-ou-tu-es-devenue-ma-femme\/","og_locale":"fr_FR","og_type":"article","og_title":"Le Jour O\u00f9 Tu Es Devenue Ma Femme","og_description":"C\u00e9l\u00e9brez votre amour et votre d\u00e9vouement avec un cadeau unique et attentionn\u00e9 qui durera toute une vie Ajoutez des plan\u00e8tes, des constellations et la Voie lact\u00e9e  Personnalisez en 3 \u00e9tapes simples Incluez un texte personnalis\u00e9 significatif Vois le r\u00e9sultat imm\u00e9diatement \u2013 l\u2019aper\u00e7u interactif te permet de peaufiner chaque d\u00e9tail","og_url":"https:\/\/positiveprints.com\/fr\/produit\/le-jour-ou-tu-es-devenue-ma-femme\/","og_site_name":"Positive Prints","article_publisher":"https:\/\/www.facebook.com\/positiveprintscom","article_modified_time":"2026-04-03T02:30:34+00:00","og_image":[{"width":1450,"height":1450,"url":"https:\/\/positiveprints.com\/wp-content\/uploads\/2025\/01\/Le-Jour-Ou\u0300-Tu-Es-Devenue-Ma-Femme-1.webp","type":"image\/webp"}],"twitter_card":"summary_large_image","twitter_misc":{"Dur\u00e9e de lecture estim\u00e9e":"2 minutes"},"schema":{"@context":"https:\/\/schema.org","@graph":[{"@type":["WebPage","ItemPage"],"@id":"https:\/\/positiveprints.com\/fr\/produit\/le-jour-ou-tu-es-devenue-ma-femme\/","url":"https:\/\/positiveprints.com\/fr\/produit\/le-jour-ou-tu-es-devenue-ma-femme\/","name":"Le Jour O\u00f9 Tu Es Devenue Ma Femme - Positive Prints","isPartOf":{"@id":"https:\/\/positiveprints.com\/fr\/#website"},"primaryImageOfPage":{"@id":"https:\/\/positiveprints.com\/fr\/produit\/le-jour-ou-tu-es-devenue-ma-femme\/#primaryimage"},"image":{"@id":"https:\/\/positiveprints.com\/fr\/produit\/le-jour-ou-tu-es-devenue-ma-femme\/#primaryimage"},"thumbnailUrl":"https:\/\/positiveprints.com\/wp-content\/uploads\/2025\/01\/Le-Jour-Ou\u0300-Tu-Es-Devenue-Ma-Femme-1.webp","datePublished":"2022-07-26T09:07:47+00:00","dateModified":"2026-04-03T02:30:34+00:00","description":"Pour votre anniversaire de mariage ou toute occasion sp\u00e9ciale, nous vous aidons \u00e0 cr\u00e9er \u00ab Le Jour O\u00f9 Tu Es Devenue Ma Femme \u00bb, un cadeau unique pour votre \u00e9pouse.","breadcrumb":{"@id":"https:\/\/positiveprints.com\/fr\/produit\/le-jour-ou-tu-es-devenue-ma-femme\/#breadcrumb"},"inLanguage":"fr-FR","potentialAction":[{"@type":"ReadAction","target":["https:\/\/positiveprints.com\/fr\/produit\/le-jour-ou-tu-es-devenue-ma-femme\/"]}]},{"@type":"ImageObject","inLanguage":"fr-FR","@id":"https:\/\/positiveprints.com\/fr\/produit\/le-jour-ou-tu-es-devenue-ma-femme\/#primaryimage","url":"https:\/\/positiveprints.com\/wp-content\/uploads\/2025\/01\/Le-Jour-Ou\u0300-Tu-Es-Devenue-Ma-Femme-1.webp","contentUrl":"https:\/\/positiveprints.com\/wp-content\/uploads\/2025\/01\/Le-Jour-Ou\u0300-Tu-Es-Devenue-Ma-Femme-1.webp","width":1450,"height":1450},{"@type":"BreadcrumbList","@id":"https:\/\/positiveprints.com\/fr\/produit\/le-jour-ou-tu-es-devenue-ma-femme\/#breadcrumb","itemListElement":[{"@type":"ListItem","position":1,"name":"Home","item":"https:\/\/positiveprints.com\/fr\/"},{"@type":"ListItem","position":2,"name":"Produits","item":"https:\/\/positiveprints.com\/fr\/shop\/"},{"@type":"ListItem","position":3,"name":"Le Jour O\u00f9 Tu Es Devenue Ma Femme"}]},{"@type":"WebSite","@id":"https:\/\/positiveprints.com\/fr\/#website","url":"https:\/\/positiveprints.com\/fr\/","name":"Positive Prints","description":"Amazing Custom Personalized Gifts","publisher":{"@id":"https:\/\/positiveprints.com\/fr\/#organization"},"potentialAction":[{"@type":"SearchAction","target":{"@type":"EntryPoint","urlTemplate":"https:\/\/positiveprints.com\/fr\/?s={search_term_string}"},"query-input":{"@type":"PropertyValueSpecification","valueRequired":true,"valueName":"search_term_string"}}],"inLanguage":"fr-FR"},{"@type":"Organization","@id":"https:\/\/positiveprints.com\/fr\/#organization","name":"Positive Prints","alternateName":"Positive Prints","url":"https:\/\/positiveprints.com\/fr\/","logo":{"@type":"ImageObject","inLanguage":"fr-FR","@id":"https:\/\/positiveprints.com\/fr\/#\/schema\/logo\/image\/","url":"https:\/\/positiveprints.com\/wp-content\/uploads\/2026\/03\/245815646_1337939713319158_5671353136411139666_n.png","contentUrl":"https:\/\/positiveprints.com\/wp-content\/uploads\/2026\/03\/245815646_1337939713319158_5671353136411139666_n.png","width":800,"height":800,"caption":"Positive Prints"},"image":{"@id":"https:\/\/positiveprints.com\/fr\/#\/schema\/logo\/image\/"},"sameAs":["https:\/\/www.facebook.com\/positiveprintscom","https:\/\/www.instagram.com\/positiveprintscom\/","https:\/\/www.tiktok.com\/@positiveprintscom","https:\/\/www.pinterest.com\/positiveprintscom\/"]}]}},"jetpack_sharing_enabled":true,"_links":{"self":[{"href":"https:\/\/positiveprints.com\/fr\/wp-json\/wp\/v2\/product\/360826","targetHints":{"allow":["GET"]}}],"collection":[{"href":"https:\/\/positiveprints.com\/fr\/wp-json\/wp\/v2\/product"}],"about":[{"href":"https:\/\/positiveprints.com\/fr\/wp-json\/wp\/v2\/types\/product"}],"wp:featuredmedia":[{"embeddable":true,"href":"https:\/\/positiveprints.com\/fr\/wp-json\/wp\/v2\/media\/1332297"}],"wp:attachment":[{"href":"https:\/\/positiveprints.com\/fr\/wp-json\/wp\/v2\/media?parent=360826"}],"wp:term":[{"taxonomy":"product_brand","embeddable":true,"href":"https:\/\/positiveprints.com\/fr\/wp-json\/wp\/v2\/product_brand?post=360826"},{"taxonomy":"product_cat","embeddable":true,"href":"https:\/\/positiveprints.com\/fr\/wp-json\/wp\/v2\/product_cat?post=360826"},{"taxonomy":"product_tag","embeddable":true,"href":"https:\/\/positiveprints.com\/fr\/wp-json\/wp\/v2\/product_tag?post=360826"}],"curies":[{"name":"wp","href":"https:\/\/api.w.org\/{rel}","templated":true}]}}