{"id":360698,"date":"2021-03-23T11:07:28","date_gmt":"2022-10-26T09:37:04","guid":{"rendered":"https:\/\/positiveprints.com\/?post_type=product&#038;p=360698"},"modified":"2026-04-03T04:05:08","modified_gmt":"2026-04-03T03:05:08","slug":"jour-de-remise-de-diplome","status":"publish","type":"product","link":"https:\/\/positiveprints.com\/fr\/produit\/jour-de-remise-de-diplome\/","title":{"rendered":"Jour de Remise de Dipl\u00f4me"},"content":{"rendered":"","protected":false},"excerpt":{"rendered":"<ul class=\"check-list\">\n<li>Cr\u00e9ez une carte des \u00e9toiles personnalis\u00e9e en fonction du lieu et de la date que vous avez s\u00e9lectionn\u00e9s<\/li>\n<li>Ajoutez des plan\u00e8tes, des constellations et la Voie lact\u00e9e <\/li>\n<li>Personnalisez en 3 \u00e9tapes simples<\/li>\n<li>Incluez un texte personnalis\u00e9 significatif<\/li>\n<li>Vois le r\u00e9sultat imm\u00e9diatement \u2013 l\u2019aper\u00e7u interactif te permet de peaufiner chaque d\u00e9tail<\/li>\n<\/ul>\n","protected":false},"featured_media":1329062,"template":"","meta":[],"product_brand":[],"product_cat":[7909,2878],"product_tag":[15254,8491],"class_list":{"0":"post-360698","1":"product","2":"type-product","3":"status-publish","4":"has-post-thumbnail","6":"product_cat-cadeaux-de-remise-de-diplome","7":"product_cat-star-fr-2","8":"product_tag-graduation-en-gb-fr","9":"product_tag-graduation-fr","11":"first","12":"instock","13":"sale","14":"taxable","15":"shipping-taxable","16":"purchasable","17":"product-type-variable","18":"has-default-attributes"},"yoast_head":"<!-- This site is optimized with the Yoast SEO Premium plugin v27.2 (Yoast SEO v27.2) - https:\/\/yoast.com\/product\/yoast-seo-premium-wordpress\/ -->\n<title>Jour de Remise de Dipl\u00f4me - Positive Prints<\/title>\n<meta name=\"description\" content=\"Il ne fait aucun doute qu&#039;une Carte des \u00c9toile du Jour de Remise des Dipl\u00f4mes est un cadeau incroyable, surtout si quelqu&#039;un de sp\u00e9cial dans votre vie regarde constamment vers le ciel.\" \/>\n<meta name=\"robots\" content=\"index, follow, max-snippet:-1, max-image-preview:large, max-video-preview:-1\" \/>\n<link rel=\"canonical\" href=\"https:\/\/positiveprints.com\/fr\/produit\/jour-de-remise-de-diplome\/\" \/>\n<meta property=\"og:locale\" content=\"fr_FR\" \/>\n<meta property=\"og:type\" content=\"article\" \/>\n<meta property=\"og:title\" content=\"Jour de Remise de Dipl\u00f4me\" \/>\n<meta property=\"og:description\" content=\"Cr\u00e9ez une carte des \u00e9toiles personnalis\u00e9e en fonction du lieu et de la date que vous avez s\u00e9lectionn\u00e9s Ajoutez des plan\u00e8tes, des constellations et la Voie lact\u00e9e Personnalisez en 3 \u00e9tapes simples Incluez un texte personnalis\u00e9 significatif Vois le r\u00e9sultat imm\u00e9diatement \u2013 l\u2019aper\u00e7u interactif te permet de peaufiner chaque d\u00e9tail\" \/>\n<meta property=\"og:url\" content=\"https:\/\/positiveprints.com\/fr\/produit\/jour-de-remise-de-diplome\/\" \/>\n<meta property=\"og:site_name\" content=\"Positive Prints\" \/>\n<meta property=\"article:publisher\" content=\"https:\/\/www.facebook.com\/positiveprintscom\" \/>\n<meta property=\"article:modified_time\" content=\"2026-04-03T03:05:08+00:00\" \/>\n<meta property=\"og:image\" content=\"https:\/\/positiveprints.com\/wp-content\/uploads\/2025\/01\/Jour-de-Remise-de-Diplo\u0302me-1.webp\" \/>\n\t<meta property=\"og:image:width\" content=\"1450\" \/>\n\t<meta property=\"og:image:height\" content=\"1450\" \/>\n\t<meta property=\"og:image:type\" content=\"image\/webp\" \/>\n<meta name=\"twitter:card\" content=\"summary_large_image\" \/>\n<!-- \/ Yoast SEO Premium plugin. -->","yoast_head_json":{"title":"Jour de Remise de Dipl\u00f4me - Positive Prints","description":"Il ne fait aucun doute qu'une Carte des \u00c9toile du Jour de Remise des Dipl\u00f4mes est un cadeau incroyable, surtout si quelqu'un de sp\u00e9cial dans votre vie regarde constamment vers le ciel.","robots":{"index":"index","follow":"follow","max-snippet":"max-snippet:-1","max-image-preview":"max-image-preview:large","max-video-preview":"max-video-preview:-1"},"canonical":"https:\/\/positiveprints.com\/fr\/produit\/jour-de-remise-de-diplome\/","og_locale":"fr_FR","og_type":"article","og_title":"Jour de Remise de Dipl\u00f4me","og_description":"Cr\u00e9ez une carte des \u00e9toiles personnalis\u00e9e en fonction du lieu et de la date que vous avez s\u00e9lectionn\u00e9s Ajoutez des plan\u00e8tes, des constellations et la Voie lact\u00e9e Personnalisez en 3 \u00e9tapes simples Incluez un texte personnalis\u00e9 significatif Vois le r\u00e9sultat imm\u00e9diatement \u2013 l\u2019aper\u00e7u interactif te permet de peaufiner chaque d\u00e9tail","og_url":"https:\/\/positiveprints.com\/fr\/produit\/jour-de-remise-de-diplome\/","og_site_name":"Positive Prints","article_publisher":"https:\/\/www.facebook.com\/positiveprintscom","article_modified_time":"2026-04-03T03:05:08+00:00","og_image":[{"width":1450,"height":1450,"url":"https:\/\/positiveprints.com\/wp-content\/uploads\/2025\/01\/Jour-de-Remise-de-Diplo\u0302me-1.webp","type":"image\/webp"}],"twitter_card":"summary_large_image","schema":{"@context":"https:\/\/schema.org","@graph":[{"@type":["WebPage","ItemPage"],"@id":"https:\/\/positiveprints.com\/fr\/produit\/jour-de-remise-de-diplome\/","url":"https:\/\/positiveprints.com\/fr\/produit\/jour-de-remise-de-diplome\/","name":"Jour de Remise de Dipl\u00f4me - Positive Prints","isPartOf":{"@id":"https:\/\/positiveprints.com\/fr\/#website"},"primaryImageOfPage":{"@id":"https:\/\/positiveprints.com\/fr\/produit\/jour-de-remise-de-diplome\/#primaryimage"},"image":{"@id":"https:\/\/positiveprints.com\/fr\/produit\/jour-de-remise-de-diplome\/#primaryimage"},"thumbnailUrl":"https:\/\/positiveprints.com\/wp-content\/uploads\/2025\/01\/Jour-de-Remise-de-Diplo\u0302me-1.webp","datePublished":"2022-10-26T09:37:04+00:00","dateModified":"2026-04-03T03:05:08+00:00","description":"Il ne fait aucun doute qu'une Carte des \u00c9toile du Jour de Remise des Dipl\u00f4mes est un cadeau incroyable, surtout si quelqu'un de sp\u00e9cial dans votre vie regarde constamment vers le ciel.","breadcrumb":{"@id":"https:\/\/positiveprints.com\/fr\/produit\/jour-de-remise-de-diplome\/#breadcrumb"},"inLanguage":"fr-FR","potentialAction":[{"@type":"ReadAction","target":["https:\/\/positiveprints.com\/fr\/produit\/jour-de-remise-de-diplome\/"]}]},{"@type":"ImageObject","inLanguage":"fr-FR","@id":"https:\/\/positiveprints.com\/fr\/produit\/jour-de-remise-de-diplome\/#primaryimage","url":"https:\/\/positiveprints.com\/wp-content\/uploads\/2025\/01\/Jour-de-Remise-de-Diplo\u0302me-1.webp","contentUrl":"https:\/\/positiveprints.com\/wp-content\/uploads\/2025\/01\/Jour-de-Remise-de-Diplo\u0302me-1.webp","width":1450,"height":1450},{"@type":"BreadcrumbList","@id":"https:\/\/positiveprints.com\/fr\/produit\/jour-de-remise-de-diplome\/#breadcrumb","itemListElement":[{"@type":"ListItem","position":1,"name":"Home","item":"https:\/\/positiveprints.com\/fr\/"},{"@type":"ListItem","position":2,"name":"Produits","item":"https:\/\/positiveprints.com\/fr\/shop\/"},{"@type":"ListItem","position":3,"name":"Jour de Remise de Dipl\u00f4me"}]},{"@type":"WebSite","@id":"https:\/\/positiveprints.com\/fr\/#website","url":"https:\/\/positiveprints.com\/fr\/","name":"Positive Prints","description":"Amazing Custom Personalized Gifts","publisher":{"@id":"https:\/\/positiveprints.com\/fr\/#organization"},"potentialAction":[{"@type":"SearchAction","target":{"@type":"EntryPoint","urlTemplate":"https:\/\/positiveprints.com\/fr\/?s={search_term_string}"},"query-input":{"@type":"PropertyValueSpecification","valueRequired":true,"valueName":"search_term_string"}}],"inLanguage":"fr-FR"},{"@type":"Organization","@id":"https:\/\/positiveprints.com\/fr\/#organization","name":"Positive Prints","alternateName":"Positive Prints","url":"https:\/\/positiveprints.com\/fr\/","logo":{"@type":"ImageObject","inLanguage":"fr-FR","@id":"https:\/\/positiveprints.com\/fr\/#\/schema\/logo\/image\/","url":"https:\/\/positiveprints.com\/wp-content\/uploads\/2026\/03\/245815646_1337939713319158_5671353136411139666_n.png","contentUrl":"https:\/\/positiveprints.com\/wp-content\/uploads\/2026\/03\/245815646_1337939713319158_5671353136411139666_n.png","width":800,"height":800,"caption":"Positive Prints"},"image":{"@id":"https:\/\/positiveprints.com\/fr\/#\/schema\/logo\/image\/"},"sameAs":["https:\/\/www.facebook.com\/positiveprintscom","https:\/\/www.instagram.com\/positiveprintscom\/","https:\/\/www.tiktok.com\/@positiveprintscom","https:\/\/www.pinterest.com\/positiveprintscom\/"]}]}},"jetpack_sharing_enabled":true,"_links":{"self":[{"href":"https:\/\/positiveprints.com\/fr\/wp-json\/wp\/v2\/product\/360698","targetHints":{"allow":["GET"]}}],"collection":[{"href":"https:\/\/positiveprints.com\/fr\/wp-json\/wp\/v2\/product"}],"about":[{"href":"https:\/\/positiveprints.com\/fr\/wp-json\/wp\/v2\/types\/product"}],"wp:featuredmedia":[{"embeddable":true,"href":"https:\/\/positiveprints.com\/fr\/wp-json\/wp\/v2\/media\/1329062"}],"wp:attachment":[{"href":"https:\/\/positiveprints.com\/fr\/wp-json\/wp\/v2\/media?parent=360698"}],"wp:term":[{"taxonomy":"product_brand","embeddable":true,"href":"https:\/\/positiveprints.com\/fr\/wp-json\/wp\/v2\/product_brand?post=360698"},{"taxonomy":"product_cat","embeddable":true,"href":"https:\/\/positiveprints.com\/fr\/wp-json\/wp\/v2\/product_cat?post=360698"},{"taxonomy":"product_tag","embeddable":true,"href":"https:\/\/positiveprints.com\/fr\/wp-json\/wp\/v2\/product_tag?post=360698"}],"curies":[{"name":"wp","href":"https:\/\/api.w.org\/{rel}","templated":true}]}}