{"id":360057,"date":"2021-11-22T14:16:29","date_gmt":"2021-11-22T13:16:29","guid":{"rendered":"https:\/\/positiveprints.com\/?post_type=product&#038;p=360057"},"modified":"2026-04-03T03:35:13","modified_gmt":"2026-04-03T02:35:13","slug":"affiche-avec-votre-nom-de-famille","status":"publish","type":"product","link":"https:\/\/positiveprints.com\/fr\/produit\/affiche-avec-votre-nom-de-famille\/","title":{"rendered":"Affiche avec votre Nom de Famille"},"content":{"rendered":"","protected":false},"excerpt":{"rendered":"<ul class=\"check-list\">\n<li>Montrez votre fiert\u00e9 de famille avec de belles peintures murales qui affichent les coordonn\u00e9es o\u00f9 vit votre famille<\/li>\n<li>Incluez un texte personnalis\u00e9 significatif<\/li>\n<li>Personnalisez en 3 \u00e9tapes simples<\/li>\n<li>Choisissez un mod\u00e8le ou faites preuve de cr\u00e9ativit\u00e9<\/li>\n<li>Vois le r\u00e9sultat imm\u00e9diatement \u2013 l\u2019aper\u00e7u interactif te permet de peaufiner chaque d\u00e9tail<\/li>\n<\/ul>\n","protected":false},"featured_media":204618,"template":"","meta":[],"product_brand":[],"product_cat":[7167,3127,11211,11212,5264,11399,11391,11393,11394,15055,11401,11389,11400,11398,8006,7621,7973,7605,7653,7685,7845,7813],"product_tag":[13426,13332,13331,13455,13465,11794,11760,8533,15894],"class_list":{"0":"post-360057","1":"product","2":"type-product","3":"status-publish","4":"has-post-thumbnail","6":"product_cat-coordinates-fr","7":"product_cat-cadeaux-danniversaire","8":"product_cat-cadeau-anniversaire-femme","9":"product_cat-cadeau-anniversaire-homme","10":"product_cat-cadeaux-de-noel","11":"product_cat-cadeaux-de-noel-pour-maman","12":"product_cat-cadeaux-de-noel-pour-papa","13":"product_cat-cadeaux-de-noel-pour-mamie","14":"product_cat-cadeaux-de-noel-pour-papi","15":"product_cat-cadeaux-de-noel-pour-la-famille","16":"product_cat-cadeaux-de-noel-pour-la-soeur","17":"product_cat-cadeaux-de-noel-pour-le-frere","18":"product_cat-cadeaux-de-noel-pour-les-parents","19":"product_cat-cadeaux-de-noel-pour-les-enfants","20":"product_cat-cadeaux-pour-hommes","21":"product_cat-cadeaux-pour-frere","22":"product_cat-cadeaux-pour-papa","23":"product_cat-cadeaux-pour-grand-pere","24":"product_cat-cadeaux-pour-fils","25":"product_cat-cadeaux-pour-femmes","26":"product_cat-cadeaux-pour-la-famille","27":"product_cat-cadeaux-pour-nouveaux-parents","28":"product_tag-cadeau-de-noel-pour-soeur","29":"product_tag-cadeau-de-noel-pour-un-grand-pere","30":"product_tag-cadeau-de-noel-pour-une-grand-mere","31":"product_tag-cadeaux-de-noel-pour-frere","32":"product_tag-cadeaux-de-noel-pour-la-famille","33":"product_tag-cadeaux-de-noel-pour-maman","34":"product_tag-cadeaux-de-noel-pour-papa","35":"product_tag-family-fr","36":"product_tag-regali-di-natale-per-mamma-fr","38":"first","39":"instock","40":"sale","41":"taxable","42":"shipping-taxable","43":"purchasable","44":"product-type-variable"},"yoast_head":"<!-- This site is optimized with the Yoast SEO Premium plugin v27.2 (Yoast SEO v27.2) - https:\/\/yoast.com\/product\/yoast-seo-premium-wordpress\/ -->\n<title>Affiche avec votre Nom de Famille - Positive Prints<\/title>\n<meta name=\"description\" content=\"Votre nom de famille raconte une histoire. Soyez fier de votre identit\u00e9 avec une affiche personnalis\u00e9e de nom de famille qui transforme votre nom en une \u0153uvre d&#039;art.\" \/>\n<meta name=\"robots\" content=\"index, follow, max-snippet:-1, max-image-preview:large, max-video-preview:-1\" \/>\n<link rel=\"canonical\" href=\"https:\/\/positiveprints.com\/fr\/produit\/affiche-avec-votre-nom-de-famille\/\" \/>\n<meta property=\"og:locale\" content=\"fr_FR\" \/>\n<meta property=\"og:type\" content=\"article\" \/>\n<meta property=\"og:title\" content=\"Affiche avec votre Nom de Famille\" \/>\n<meta property=\"og:description\" content=\"Montrez votre fiert\u00e9 de famille avec de belles peintures murales qui affichent les coordonn\u00e9es o\u00f9 vit votre famille Incluez un texte personnalis\u00e9 significatif Personnalisez en 3 \u00e9tapes simples Choisissez un mod\u00e8le ou faites preuve de cr\u00e9ativit\u00e9 Vois le r\u00e9sultat imm\u00e9diatement \u2013 l\u2019aper\u00e7u interactif te permet de peaufiner chaque d\u00e9tail\" \/>\n<meta property=\"og:url\" content=\"https:\/\/positiveprints.com\/fr\/produit\/affiche-avec-votre-nom-de-famille\/\" \/>\n<meta property=\"og:site_name\" content=\"Positive Prints\" \/>\n<meta property=\"article:publisher\" content=\"https:\/\/www.facebook.com\/positiveprintscom\" \/>\n<meta property=\"article:modified_time\" content=\"2026-04-03T02:35:13+00:00\" \/>\n<meta property=\"og:image\" content=\"https:\/\/positiveprints.com\/wp-content\/uploads\/2021\/11\/family-name-sign.jpg\" \/>\n\t<meta property=\"og:image:width\" content=\"1080\" \/>\n\t<meta property=\"og:image:height\" content=\"1080\" \/>\n\t<meta property=\"og:image:type\" content=\"image\/jpeg\" \/>\n<meta name=\"twitter:card\" content=\"summary_large_image\" \/>\n<meta name=\"twitter:label1\" content=\"Dur\u00e9e de lecture estim\u00e9e\" \/>\n\t<meta name=\"twitter:data1\" content=\"1 minute\" \/>\n<!-- \/ Yoast SEO Premium plugin. -->","yoast_head_json":{"title":"Affiche avec votre Nom de Famille - Positive Prints","description":"Votre nom de famille raconte une histoire. Soyez fier de votre identit\u00e9 avec une affiche personnalis\u00e9e de nom de famille qui transforme votre nom en une \u0153uvre d'art.","robots":{"index":"index","follow":"follow","max-snippet":"max-snippet:-1","max-image-preview":"max-image-preview:large","max-video-preview":"max-video-preview:-1"},"canonical":"https:\/\/positiveprints.com\/fr\/produit\/affiche-avec-votre-nom-de-famille\/","og_locale":"fr_FR","og_type":"article","og_title":"Affiche avec votre Nom de Famille","og_description":"Montrez votre fiert\u00e9 de famille avec de belles peintures murales qui affichent les coordonn\u00e9es o\u00f9 vit votre famille Incluez un texte personnalis\u00e9 significatif Personnalisez en 3 \u00e9tapes simples Choisissez un mod\u00e8le ou faites preuve de cr\u00e9ativit\u00e9 Vois le r\u00e9sultat imm\u00e9diatement \u2013 l\u2019aper\u00e7u interactif te permet de peaufiner chaque d\u00e9tail","og_url":"https:\/\/positiveprints.com\/fr\/produit\/affiche-avec-votre-nom-de-famille\/","og_site_name":"Positive Prints","article_publisher":"https:\/\/www.facebook.com\/positiveprintscom","article_modified_time":"2026-04-03T02:35:13+00:00","og_image":[{"width":1080,"height":1080,"url":"https:\/\/positiveprints.com\/wp-content\/uploads\/2021\/11\/family-name-sign.jpg","type":"image\/jpeg"}],"twitter_card":"summary_large_image","twitter_misc":{"Dur\u00e9e de lecture estim\u00e9e":"1 minute"},"schema":{"@context":"https:\/\/schema.org","@graph":[{"@type":["WebPage","ItemPage"],"@id":"https:\/\/positiveprints.com\/fr\/produit\/affiche-avec-votre-nom-de-famille\/","url":"https:\/\/positiveprints.com\/fr\/produit\/affiche-avec-votre-nom-de-famille\/","name":"Affiche avec votre Nom de Famille - Positive Prints","isPartOf":{"@id":"https:\/\/positiveprints.com\/fr\/#website"},"primaryImageOfPage":{"@id":"https:\/\/positiveprints.com\/fr\/produit\/affiche-avec-votre-nom-de-famille\/#primaryimage"},"image":{"@id":"https:\/\/positiveprints.com\/fr\/produit\/affiche-avec-votre-nom-de-famille\/#primaryimage"},"thumbnailUrl":"https:\/\/positiveprints.com\/wp-content\/uploads\/2021\/11\/family-name-sign.jpg","datePublished":"2021-11-22T13:16:29+00:00","dateModified":"2026-04-03T02:35:13+00:00","description":"Votre nom de famille raconte une histoire. Soyez fier de votre identit\u00e9 avec une affiche personnalis\u00e9e de nom de famille qui transforme votre nom en une \u0153uvre d'art.","breadcrumb":{"@id":"https:\/\/positiveprints.com\/fr\/produit\/affiche-avec-votre-nom-de-famille\/#breadcrumb"},"inLanguage":"fr-FR","potentialAction":[{"@type":"ReadAction","target":["https:\/\/positiveprints.com\/fr\/produit\/affiche-avec-votre-nom-de-famille\/"]}]},{"@type":"ImageObject","inLanguage":"fr-FR","@id":"https:\/\/positiveprints.com\/fr\/produit\/affiche-avec-votre-nom-de-famille\/#primaryimage","url":"https:\/\/positiveprints.com\/wp-content\/uploads\/2021\/11\/family-name-sign.jpg","contentUrl":"https:\/\/positiveprints.com\/wp-content\/uploads\/2021\/11\/family-name-sign.jpg","width":1080,"height":1080,"caption":"Your family name on a professional-looking print"},{"@type":"BreadcrumbList","@id":"https:\/\/positiveprints.com\/fr\/produit\/affiche-avec-votre-nom-de-famille\/#breadcrumb","itemListElement":[{"@type":"ListItem","position":1,"name":"Home","item":"https:\/\/positiveprints.com\/fr\/"},{"@type":"ListItem","position":2,"name":"Produits","item":"https:\/\/positiveprints.com\/fr\/shop\/"},{"@type":"ListItem","position":3,"name":"Affiche avec votre Nom de Famille"}]},{"@type":"WebSite","@id":"https:\/\/positiveprints.com\/fr\/#website","url":"https:\/\/positiveprints.com\/fr\/","name":"Positive Prints","description":"Amazing Custom Personalized Gifts","publisher":{"@id":"https:\/\/positiveprints.com\/fr\/#organization"},"potentialAction":[{"@type":"SearchAction","target":{"@type":"EntryPoint","urlTemplate":"https:\/\/positiveprints.com\/fr\/?s={search_term_string}"},"query-input":{"@type":"PropertyValueSpecification","valueRequired":true,"valueName":"search_term_string"}}],"inLanguage":"fr-FR"},{"@type":"Organization","@id":"https:\/\/positiveprints.com\/fr\/#organization","name":"Positive Prints","alternateName":"Positive Prints","url":"https:\/\/positiveprints.com\/fr\/","logo":{"@type":"ImageObject","inLanguage":"fr-FR","@id":"https:\/\/positiveprints.com\/fr\/#\/schema\/logo\/image\/","url":"https:\/\/positiveprints.com\/wp-content\/uploads\/2026\/03\/245815646_1337939713319158_5671353136411139666_n.png","contentUrl":"https:\/\/positiveprints.com\/wp-content\/uploads\/2026\/03\/245815646_1337939713319158_5671353136411139666_n.png","width":800,"height":800,"caption":"Positive Prints"},"image":{"@id":"https:\/\/positiveprints.com\/fr\/#\/schema\/logo\/image\/"},"sameAs":["https:\/\/www.facebook.com\/positiveprintscom","https:\/\/www.instagram.com\/positiveprintscom\/","https:\/\/www.tiktok.com\/@positiveprintscom","https:\/\/www.pinterest.com\/positiveprintscom\/"]}]}},"jetpack_sharing_enabled":true,"_links":{"self":[{"href":"https:\/\/positiveprints.com\/fr\/wp-json\/wp\/v2\/product\/360057","targetHints":{"allow":["GET"]}}],"collection":[{"href":"https:\/\/positiveprints.com\/fr\/wp-json\/wp\/v2\/product"}],"about":[{"href":"https:\/\/positiveprints.com\/fr\/wp-json\/wp\/v2\/types\/product"}],"wp:featuredmedia":[{"embeddable":true,"href":"https:\/\/positiveprints.com\/fr\/wp-json\/wp\/v2\/media\/204618"}],"wp:attachment":[{"href":"https:\/\/positiveprints.com\/fr\/wp-json\/wp\/v2\/media?parent=360057"}],"wp:term":[{"taxonomy":"product_brand","embeddable":true,"href":"https:\/\/positiveprints.com\/fr\/wp-json\/wp\/v2\/product_brand?post=360057"},{"taxonomy":"product_cat","embeddable":true,"href":"https:\/\/positiveprints.com\/fr\/wp-json\/wp\/v2\/product_cat?post=360057"},{"taxonomy":"product_tag","embeddable":true,"href":"https:\/\/positiveprints.com\/fr\/wp-json\/wp\/v2\/product_tag?post=360057"}],"curies":[{"name":"wp","href":"https:\/\/api.w.org\/{rel}","templated":true}]}}