{"id":359953,"date":"2021-11-22T21:26:46","date_gmt":"2021-11-22T20:26:46","guid":{"rendered":"https:\/\/positiveprints.com\/?post_type=product&#038;p=359953"},"modified":"2026-04-12T23:24:33","modified_gmt":"2026-04-12T22:24:33","slug":"affiche-home-sweet-home","status":"publish","type":"product","link":"https:\/\/positiveprints.com\/fr\/produit\/affiche-home-sweet-home\/","title":{"rendered":"Affiche Home Sweet Home"},"content":{"rendered":"","protected":false},"excerpt":{"rendered":"<ul class=\"check-list\">\n<li>Montrez votre amour pour votre maison : faites-en votre propre maison et montrez \u00e0 tout le monde qu&#8217;il n&#8217;y a pas d&#8217;endroit comme chez vous<\/li>\n<li>Incluez un texte personnalis\u00e9 significatif<\/li>\n<li>Personnalisez en 3 \u00e9tapes simples<\/li>\n<li>Choisissez un mod\u00e8le ou faites preuve de cr\u00e9ativit\u00e9<\/li>\n<li>Vois le r\u00e9sultat imm\u00e9diatement \u2013 l\u2019aper\u00e7u interactif te permet de peaufiner chaque d\u00e9tail<\/li>\n<\/ul>\n","protected":false},"featured_media":310491,"template":"","meta":[],"product_brand":[],"product_cat":[7167,5290],"product_tag":[14860],"class_list":{"0":"post-359953","1":"product","2":"type-product","3":"status-publish","4":"has-post-thumbnail","6":"product_cat-coordinates-fr","7":"product_cat-cadeaux-de-pendaison-de-cremaillere","8":"product_tag-housewarming-fr-2","10":"first","11":"instock","12":"sale","13":"taxable","14":"shipping-taxable","15":"purchasable","16":"product-type-variable"},"yoast_head":"<!-- This site is optimized with the Yoast SEO Premium plugin v27.2 (Yoast SEO v27.2) - https:\/\/yoast.com\/product\/yoast-seo-premium-wordpress\/ -->\n<title>Affiche Home Sweet Home - Positive Prints<\/title>\n<meta name=\"description\" content=\"La maison est l&#039;endroit pr\u00e9f\u00e9r\u00e9 de tout le monde. Rendez-la sp\u00e9ciale avec une affiche \u00ab Home Sweet Home \u00bb avec des coordonn\u00e9es juste pour vous.\" \/>\n<meta name=\"robots\" content=\"index, follow, max-snippet:-1, max-image-preview:large, max-video-preview:-1\" \/>\n<link rel=\"canonical\" href=\"https:\/\/positiveprints.com\/fr\/produit\/affiche-home-sweet-home\/\" \/>\n<meta property=\"og:locale\" content=\"fr_FR\" \/>\n<meta property=\"og:type\" content=\"article\" \/>\n<meta property=\"og:title\" content=\"Affiche Home Sweet Home\" \/>\n<meta property=\"og:description\" content=\"Montrez votre amour pour votre maison : faites-en votre propre maison et montrez \u00e0 tout le monde qu&#039;il n&#039;y a pas d&#039;endroit comme chez vous Incluez un texte personnalis\u00e9 significatif Personnalisez en 3 \u00e9tapes simples Choisissez un mod\u00e8le ou faites preuve de cr\u00e9ativit\u00e9 Vois le r\u00e9sultat imm\u00e9diatement \u2013 l\u2019aper\u00e7u interactif te permet de peaufiner chaque d\u00e9tail\" \/>\n<meta property=\"og:url\" content=\"https:\/\/positiveprints.com\/fr\/produit\/affiche-home-sweet-home\/\" \/>\n<meta property=\"og:site_name\" content=\"Positive Prints\" \/>\n<meta property=\"article:publisher\" content=\"https:\/\/www.facebook.com\/positiveprintscom\" \/>\n<meta property=\"article:modified_time\" content=\"2026-04-12T22:24:33+00:00\" \/>\n<meta property=\"og:image\" content=\"https:\/\/positiveprints.com\/wp-content\/uploads\/2021\/11\/home-sweet-home-sign.jpg\" \/>\n\t<meta property=\"og:image:width\" content=\"1080\" \/>\n\t<meta property=\"og:image:height\" content=\"1080\" \/>\n\t<meta property=\"og:image:type\" content=\"image\/jpeg\" \/>\n<meta name=\"twitter:card\" content=\"summary_large_image\" \/>\n<!-- \/ Yoast SEO Premium plugin. -->","yoast_head_json":{"title":"Affiche Home Sweet Home - Positive Prints","description":"La maison est l'endroit pr\u00e9f\u00e9r\u00e9 de tout le monde. Rendez-la sp\u00e9ciale avec une affiche \u00ab Home Sweet Home \u00bb avec des coordonn\u00e9es juste pour vous.","robots":{"index":"index","follow":"follow","max-snippet":"max-snippet:-1","max-image-preview":"max-image-preview:large","max-video-preview":"max-video-preview:-1"},"canonical":"https:\/\/positiveprints.com\/fr\/produit\/affiche-home-sweet-home\/","og_locale":"fr_FR","og_type":"article","og_title":"Affiche Home Sweet Home","og_description":"Montrez votre amour pour votre maison : faites-en votre propre maison et montrez \u00e0 tout le monde qu'il n'y a pas d'endroit comme chez vous Incluez un texte personnalis\u00e9 significatif Personnalisez en 3 \u00e9tapes simples Choisissez un mod\u00e8le ou faites preuve de cr\u00e9ativit\u00e9 Vois le r\u00e9sultat imm\u00e9diatement \u2013 l\u2019aper\u00e7u interactif te permet de peaufiner chaque d\u00e9tail","og_url":"https:\/\/positiveprints.com\/fr\/produit\/affiche-home-sweet-home\/","og_site_name":"Positive Prints","article_publisher":"https:\/\/www.facebook.com\/positiveprintscom","article_modified_time":"2026-04-12T22:24:33+00:00","og_image":[{"width":1080,"height":1080,"url":"https:\/\/positiveprints.com\/wp-content\/uploads\/2021\/11\/home-sweet-home-sign.jpg","type":"image\/jpeg"}],"twitter_card":"summary_large_image","schema":{"@context":"https:\/\/schema.org","@graph":[{"@type":["WebPage","ItemPage"],"@id":"https:\/\/positiveprints.com\/fr\/produit\/affiche-home-sweet-home\/","url":"https:\/\/positiveprints.com\/fr\/produit\/affiche-home-sweet-home\/","name":"Affiche Home Sweet Home - Positive Prints","isPartOf":{"@id":"https:\/\/positiveprints.com\/fr\/#website"},"primaryImageOfPage":{"@id":"https:\/\/positiveprints.com\/fr\/produit\/affiche-home-sweet-home\/#primaryimage"},"image":{"@id":"https:\/\/positiveprints.com\/fr\/produit\/affiche-home-sweet-home\/#primaryimage"},"thumbnailUrl":"https:\/\/positiveprints.com\/wp-content\/uploads\/2021\/11\/home-sweet-home-sign.jpg","datePublished":"2021-11-22T20:26:46+00:00","dateModified":"2026-04-12T22:24:33+00:00","description":"La maison est l'endroit pr\u00e9f\u00e9r\u00e9 de tout le monde. Rendez-la sp\u00e9ciale avec une affiche \u00ab Home Sweet Home \u00bb avec des coordonn\u00e9es juste pour vous.","breadcrumb":{"@id":"https:\/\/positiveprints.com\/fr\/produit\/affiche-home-sweet-home\/#breadcrumb"},"inLanguage":"fr-FR","potentialAction":[{"@type":"ReadAction","target":["https:\/\/positiveprints.com\/fr\/produit\/affiche-home-sweet-home\/"]}]},{"@type":"ImageObject","inLanguage":"fr-FR","@id":"https:\/\/positiveprints.com\/fr\/produit\/affiche-home-sweet-home\/#primaryimage","url":"https:\/\/positiveprints.com\/wp-content\/uploads\/2021\/11\/home-sweet-home-sign.jpg","contentUrl":"https:\/\/positiveprints.com\/wp-content\/uploads\/2021\/11\/home-sweet-home-sign.jpg","width":1080,"height":1080,"caption":"Our Home Sweet Home coordinates signs display the exact GPS coordinates of your home in a beautiful, artistic print."},{"@type":"BreadcrumbList","@id":"https:\/\/positiveprints.com\/fr\/produit\/affiche-home-sweet-home\/#breadcrumb","itemListElement":[{"@type":"ListItem","position":1,"name":"Home","item":"https:\/\/positiveprints.com\/fr\/"},{"@type":"ListItem","position":2,"name":"Produits","item":"https:\/\/positiveprints.com\/fr\/shop\/"},{"@type":"ListItem","position":3,"name":"Affiche Home Sweet Home"}]},{"@type":"WebSite","@id":"https:\/\/positiveprints.com\/fr\/#website","url":"https:\/\/positiveprints.com\/fr\/","name":"Positive Prints","description":"Amazing Custom Personalized Gifts","publisher":{"@id":"https:\/\/positiveprints.com\/fr\/#organization"},"potentialAction":[{"@type":"SearchAction","target":{"@type":"EntryPoint","urlTemplate":"https:\/\/positiveprints.com\/fr\/?s={search_term_string}"},"query-input":{"@type":"PropertyValueSpecification","valueRequired":true,"valueName":"search_term_string"}}],"inLanguage":"fr-FR"},{"@type":"Organization","@id":"https:\/\/positiveprints.com\/fr\/#organization","name":"Positive Prints","alternateName":"Positive Prints","url":"https:\/\/positiveprints.com\/fr\/","logo":{"@type":"ImageObject","inLanguage":"fr-FR","@id":"https:\/\/positiveprints.com\/fr\/#\/schema\/logo\/image\/","url":"https:\/\/positiveprints.com\/wp-content\/uploads\/2026\/03\/245815646_1337939713319158_5671353136411139666_n.png","contentUrl":"https:\/\/positiveprints.com\/wp-content\/uploads\/2026\/03\/245815646_1337939713319158_5671353136411139666_n.png","width":800,"height":800,"caption":"Positive Prints"},"image":{"@id":"https:\/\/positiveprints.com\/fr\/#\/schema\/logo\/image\/"},"sameAs":["https:\/\/www.facebook.com\/positiveprintscom","https:\/\/www.instagram.com\/positiveprintscom\/","https:\/\/www.tiktok.com\/@positiveprintscom","https:\/\/www.pinterest.com\/positiveprintscom\/"]}]}},"jetpack_sharing_enabled":true,"_links":{"self":[{"href":"https:\/\/positiveprints.com\/fr\/wp-json\/wp\/v2\/product\/359953","targetHints":{"allow":["GET"]}}],"collection":[{"href":"https:\/\/positiveprints.com\/fr\/wp-json\/wp\/v2\/product"}],"about":[{"href":"https:\/\/positiveprints.com\/fr\/wp-json\/wp\/v2\/types\/product"}],"wp:featuredmedia":[{"embeddable":true,"href":"https:\/\/positiveprints.com\/fr\/wp-json\/wp\/v2\/media\/310491"}],"wp:attachment":[{"href":"https:\/\/positiveprints.com\/fr\/wp-json\/wp\/v2\/media?parent=359953"}],"wp:term":[{"taxonomy":"product_brand","embeddable":true,"href":"https:\/\/positiveprints.com\/fr\/wp-json\/wp\/v2\/product_brand?post=359953"},{"taxonomy":"product_cat","embeddable":true,"href":"https:\/\/positiveprints.com\/fr\/wp-json\/wp\/v2\/product_cat?post=359953"},{"taxonomy":"product_tag","embeddable":true,"href":"https:\/\/positiveprints.com\/fr\/wp-json\/wp\/v2\/product_tag?post=359953"}],"curies":[{"name":"wp","href":"https:\/\/api.w.org\/{rel}","templated":true}]}}