{"id":359303,"date":"2022-07-20T10:55:52","date_gmt":"2022-07-20T09:55:52","guid":{"rendered":"https:\/\/positiveprints.com\/?post_type=product&#038;p=359303"},"modified":"2026-04-23T11:49:17","modified_gmt":"2026-04-23T10:49:17","slug":"art-donde-sonore-chanson-de-premiere-danse","status":"publish","type":"product","link":"https:\/\/positiveprints.com\/fr\/produit\/art-donde-sonore-chanson-de-premiere-danse\/","title":{"rendered":"Art d&#8217;Onde Sonore Chanson de Premi\u00e8re Danse"},"content":{"rendered":"<p>La chanson de la premi\u00e8re danse de votre mariage n&#8217;est pas une d\u00e9cision \u00e0 prendre \u00e0 la l\u00e9g\u00e8re. Tandis que la musique peut jouer toute la nuit, vous vous souviendrez de cette chanson pour toujours. Immortalisez ce moment pour toujours gr\u00e2ce \u00e0 l&#8217;Art d&#8217;Onde Sonore Chanson de Premi\u00e8re Danse de Positive Prints.<\/p>\n\n\n\n\n\n<h2 class=\"grenB f24 cblue\" style=\"margin-top: 3rem\">Revivre La Premi\u00e8re Danse Encore Une Fois<\/h2>\n\n\n\n<p style=\"margin-top: 1rem\">Vous avez peut-\u00eatre pass\u00e9 des mois, voire des ann\u00e9es, \u00e0 planifier votre mariage. Mais cette journ\u00e9e sp\u00e9ciale s&#8217;est termin\u00e9e en un \u00e9clair. Appr\u00e9cier chaque instant est plus simple lorsque vous avez des tr\u00e9sors auxquels vous pouvez vous rem\u00e9morer, tels que notre cadeau personnalis\u00e9 de chanson de mariage.<\/p>\n\n\n\n<p style=\"margin-top: 1rem\">Ces magnifiques impressions d&#8217;ondes sonores transforment la chanson de votre premi\u00e8re danse en une \u0153uvre d&#8217;art jouable. D\u00e9couvrez votre chanson prendre vie, puis scannez le QR code pour l&#8217;\u00e9couter et revivre ce moment magique. Ajoutez des d\u00e9tails personnalis\u00e9s \u00e0 votre art mural d&#8217;onde sonore pour le rendre unique.<\/p>\n\n\n\n<h2 class=\"grenB f24 cblue\" style=\"margin-top: 3rem\">Transformez votre Chanson de Premi\u00e8re Danse en Art<\/h2>\n\n\n\n<p style=\"margin-top: 1rem\">Que votre mariage remonte \u00e0 plusieurs ann\u00e9es ou que vous commenciez \u00e0 peine votre voyage ensemble, nous pouvons transformer votre chanson de premi\u00e8re danse en une \u0153uvre d&#8217;art que vous serez fiers d&#8217;exposer chez vous. T\u00e9l\u00e9chargez le fichier audio de votre chanson, puis choisissez l&#8217;un de nos mod\u00e8les con\u00e7us par des experts pour commencer \u00e0 cr\u00e9er votre impression parfaite. Explorez notre gamme de combinaisons de couleurs et de mises en page et voyez votre design prendre vie en temps r\u00e9el. Ajoutez de beaux d\u00e9tails, comme le nom de la chanson, des paroles de chansons sp\u00e9ciales, la date de votre mariage ou tout autre \u00e9l\u00e9ment qui vous aide \u00e0 raconter votre histoire.<\/p>\n\n\n\n<p style=\"margin-top: 1rem\">Nous pouvons vous livrer votre art d&#8217;onde sonore chanson de premi\u00e8re danse sous forme de poster de qualit\u00e9 sup\u00e9rieure, d&#8217;impression sur toile ou de fichier num\u00e9rique. Toutes nos impressions sur papier sont exp\u00e9di\u00e9es dans le monde entier. Pr\u00e9servez ce moment le plus embl\u00e9matique de l&#8217;un des plus beaux jours de votre vie commune.<\/p>\n\n\n\n<h2 class=\"grenB f24 cblue\" style=\"margin-top: 3rem\">Un Beau Cadeau De Mariage ou D&#8217;anniversaire De Mariage !<\/h2>\n\n\n\n<p style=\"margin-top: 1rem\">Notre cadeau de premi\u00e8re danse est parfait pour les mariages, les anniversaires de mariage ou tout autre moment o\u00f9 vous souhaitez offrir un cadeau personnel qui aura un impact important. C&#8217;est une fa\u00e7on simple et rapide d&#8217;offrir un cadeau qui vient du c\u0153ur.<\/p>","protected":false},"excerpt":{"rendered":"<ul class=\"check-list\">\n<li>Immortalisez le moment o\u00f9 vous avez dans\u00e9 pour la premi\u00e8re fois en tant que couple mari\u00e9 et exposez l&#8217;\u0153uvre d&#8217;art \u00e9tonnante dans votre maison<\/li>\n<li>Il suffit de t\u00e9l\u00e9charger un fichier audio<\/li>\n<li>Ajoutez un code QR et scannez-le pour lire votre chanson pr\u00e9f\u00e9r\u00e9e<\/li>\n<li>Personnalisez en 3 \u00e9tapes simples<\/li>\n<li>Choisissez un mod\u00e8le ou faites preuve de cr\u00e9ativit\u00e9<\/li>\n<\/ul>\n","protected":false},"featured_media":1700588,"template":"","meta":[],"product_brand":[],"product_cat":[3122,7478],"product_tag":[14849],"class_list":{"0":"post-359303","1":"product","2":"type-product","3":"status-publish","4":"has-post-thumbnail","6":"product_cat-cadeaux-de-mariage","7":"product_cat-soundwave-fr","8":"product_tag-anniversary-fr","10":"first","11":"instock","12":"sale","13":"taxable","14":"shipping-taxable","15":"purchasable","16":"product-type-variable"},"yoast_head":"<!-- This site is optimized with the Yoast SEO Premium plugin v27.2 (Yoast SEO v27.2) - https:\/\/yoast.com\/product\/yoast-seo-premium-wordpress\/ -->\n<title>Art d&#039;Onde Sonore Premi\u00e8re Danse - Positive Prints<\/title>\n<meta name=\"robots\" content=\"index, follow, max-snippet:-1, max-image-preview:large, max-video-preview:-1\" \/>\n<link rel=\"canonical\" href=\"https:\/\/positiveprints.com\/fr\/produit\/art-donde-sonore-chanson-de-premiere-danse\/\" \/>\n<meta property=\"og:locale\" content=\"fr_FR\" \/>\n<meta property=\"og:type\" content=\"article\" \/>\n<meta property=\"og:title\" content=\"Art d&#039;Onde Sonore Chanson de Premi\u00e8re Danse\" \/>\n<meta property=\"og:description\" content=\"Immortalisez le moment o\u00f9 vous avez dans\u00e9 pour la premi\u00e8re fois en tant que couple mari\u00e9 et exposez l&#039;\u0153uvre d&#039;art \u00e9tonnante dans votre maison Il suffit de t\u00e9l\u00e9charger un fichier audio Ajoutez un code QR et scannez-le pour lire votre chanson pr\u00e9f\u00e9r\u00e9e Personnalisez en 3 \u00e9tapes simples Choisissez un mod\u00e8le ou faites preuve de cr\u00e9ativit\u00e9\" \/>\n<meta property=\"og:url\" content=\"https:\/\/positiveprints.com\/fr\/produit\/art-donde-sonore-chanson-de-premiere-danse\/\" \/>\n<meta property=\"og:site_name\" content=\"Positive Prints\" \/>\n<meta property=\"article:publisher\" content=\"https:\/\/www.facebook.com\/positiveprintscom\" \/>\n<meta property=\"article:modified_time\" content=\"2026-04-23T10:49:17+00:00\" \/>\n<meta property=\"og:image\" content=\"https:\/\/positiveprints.com\/wp-content\/uploads\/2023\/07\/Art-dOnde-Sonore-Chanson-de-Premiere-Danse.jpg\" \/>\n\t<meta property=\"og:image:width\" content=\"1080\" \/>\n\t<meta property=\"og:image:height\" content=\"1080\" \/>\n\t<meta property=\"og:image:type\" content=\"image\/jpeg\" \/>\n<meta name=\"twitter:card\" content=\"summary_large_image\" \/>\n<!-- \/ Yoast SEO Premium plugin. -->","yoast_head_json":{"title":"Art d'Onde Sonore Premi\u00e8re Danse - Positive Prints","robots":{"index":"index","follow":"follow","max-snippet":"max-snippet:-1","max-image-preview":"max-image-preview:large","max-video-preview":"max-video-preview:-1"},"canonical":"https:\/\/positiveprints.com\/fr\/produit\/art-donde-sonore-chanson-de-premiere-danse\/","og_locale":"fr_FR","og_type":"article","og_title":"Art d'Onde Sonore Chanson de Premi\u00e8re Danse","og_description":"Immortalisez le moment o\u00f9 vous avez dans\u00e9 pour la premi\u00e8re fois en tant que couple mari\u00e9 et exposez l'\u0153uvre d'art \u00e9tonnante dans votre maison Il suffit de t\u00e9l\u00e9charger un fichier audio Ajoutez un code QR et scannez-le pour lire votre chanson pr\u00e9f\u00e9r\u00e9e Personnalisez en 3 \u00e9tapes simples Choisissez un mod\u00e8le ou faites preuve de cr\u00e9ativit\u00e9","og_url":"https:\/\/positiveprints.com\/fr\/produit\/art-donde-sonore-chanson-de-premiere-danse\/","og_site_name":"Positive Prints","article_publisher":"https:\/\/www.facebook.com\/positiveprintscom","article_modified_time":"2026-04-23T10:49:17+00:00","og_image":[{"width":1080,"height":1080,"url":"https:\/\/positiveprints.com\/wp-content\/uploads\/2023\/07\/Art-dOnde-Sonore-Chanson-de-Premiere-Danse.jpg","type":"image\/jpeg"}],"twitter_card":"summary_large_image","schema":{"@context":"https:\/\/schema.org","@graph":[{"@type":["WebPage","ItemPage"],"@id":"https:\/\/positiveprints.com\/fr\/produit\/art-donde-sonore-chanson-de-premiere-danse\/","url":"https:\/\/positiveprints.com\/fr\/produit\/art-donde-sonore-chanson-de-premiere-danse\/","name":"Art d'Onde Sonore Premi\u00e8re Danse - Positive Prints","isPartOf":{"@id":"https:\/\/positiveprints.com\/fr\/#website"},"primaryImageOfPage":{"@id":"https:\/\/positiveprints.com\/fr\/produit\/art-donde-sonore-chanson-de-premiere-danse\/#primaryimage"},"image":{"@id":"https:\/\/positiveprints.com\/fr\/produit\/art-donde-sonore-chanson-de-premiere-danse\/#primaryimage"},"thumbnailUrl":"https:\/\/positiveprints.com\/wp-content\/uploads\/2026\/04\/Packshot_FR_XX-Art-donde-sonore-de-la-chanson-de-premiere-danse.webp","datePublished":"2022-07-20T09:55:52+00:00","dateModified":"2026-04-23T10:49:17+00:00","breadcrumb":{"@id":"https:\/\/positiveprints.com\/fr\/produit\/art-donde-sonore-chanson-de-premiere-danse\/#breadcrumb"},"inLanguage":"fr-FR","potentialAction":[{"@type":"ReadAction","target":["https:\/\/positiveprints.com\/fr\/produit\/art-donde-sonore-chanson-de-premiere-danse\/"]}]},{"@type":"ImageObject","inLanguage":"fr-FR","@id":"https:\/\/positiveprints.com\/fr\/produit\/art-donde-sonore-chanson-de-premiere-danse\/#primaryimage","url":"https:\/\/positiveprints.com\/wp-content\/uploads\/2026\/04\/Packshot_FR_XX-Art-donde-sonore-de-la-chanson-de-premiere-danse.webp","contentUrl":"https:\/\/positiveprints.com\/wp-content\/uploads\/2026\/04\/Packshot_FR_XX-Art-donde-sonore-de-la-chanson-de-premiere-danse.webp","width":1450,"height":1450},{"@type":"BreadcrumbList","@id":"https:\/\/positiveprints.com\/fr\/produit\/art-donde-sonore-chanson-de-premiere-danse\/#breadcrumb","itemListElement":[{"@type":"ListItem","position":1,"name":"Home","item":"https:\/\/positiveprints.com\/fr\/"},{"@type":"ListItem","position":2,"name":"Produits","item":"https:\/\/positiveprints.com\/fr\/shop\/"},{"@type":"ListItem","position":3,"name":"Art d&#8217;Onde Sonore Chanson de Premi\u00e8re Danse"}]},{"@type":"WebSite","@id":"https:\/\/positiveprints.com\/fr\/#website","url":"https:\/\/positiveprints.com\/fr\/","name":"Positive Prints","description":"Amazing Custom Personalized Gifts","publisher":{"@id":"https:\/\/positiveprints.com\/fr\/#organization"},"potentialAction":[{"@type":"SearchAction","target":{"@type":"EntryPoint","urlTemplate":"https:\/\/positiveprints.com\/fr\/?s={search_term_string}"},"query-input":{"@type":"PropertyValueSpecification","valueRequired":true,"valueName":"search_term_string"}}],"inLanguage":"fr-FR"},{"@type":"Organization","@id":"https:\/\/positiveprints.com\/fr\/#organization","name":"Positive Prints","alternateName":"Positive Prints","url":"https:\/\/positiveprints.com\/fr\/","logo":{"@type":"ImageObject","inLanguage":"fr-FR","@id":"https:\/\/positiveprints.com\/fr\/#\/schema\/logo\/image\/","url":"https:\/\/positiveprints.com\/wp-content\/uploads\/2026\/03\/245815646_1337939713319158_5671353136411139666_n.png","contentUrl":"https:\/\/positiveprints.com\/wp-content\/uploads\/2026\/03\/245815646_1337939713319158_5671353136411139666_n.png","width":800,"height":800,"caption":"Positive Prints"},"image":{"@id":"https:\/\/positiveprints.com\/fr\/#\/schema\/logo\/image\/"},"sameAs":["https:\/\/www.facebook.com\/positiveprintscom","https:\/\/www.instagram.com\/positiveprintscom\/","https:\/\/www.tiktok.com\/@positiveprintscom","https:\/\/www.pinterest.com\/positiveprintscom\/"]}]}},"jetpack_sharing_enabled":true,"_links":{"self":[{"href":"https:\/\/positiveprints.com\/fr\/wp-json\/wp\/v2\/product\/359303","targetHints":{"allow":["GET"]}}],"collection":[{"href":"https:\/\/positiveprints.com\/fr\/wp-json\/wp\/v2\/product"}],"about":[{"href":"https:\/\/positiveprints.com\/fr\/wp-json\/wp\/v2\/types\/product"}],"wp:featuredmedia":[{"embeddable":true,"href":"https:\/\/positiveprints.com\/fr\/wp-json\/wp\/v2\/media\/1700588"}],"wp:attachment":[{"href":"https:\/\/positiveprints.com\/fr\/wp-json\/wp\/v2\/media?parent=359303"}],"wp:term":[{"taxonomy":"product_brand","embeddable":true,"href":"https:\/\/positiveprints.com\/fr\/wp-json\/wp\/v2\/product_brand?post=359303"},{"taxonomy":"product_cat","embeddable":true,"href":"https:\/\/positiveprints.com\/fr\/wp-json\/wp\/v2\/product_cat?post=359303"},{"taxonomy":"product_tag","embeddable":true,"href":"https:\/\/positiveprints.com\/fr\/wp-json\/wp\/v2\/product_tag?post=359303"}],"curies":[{"name":"wp","href":"https:\/\/api.w.org\/{rel}","templated":true}]}}