{"id":358940,"date":"2022-07-25T09:04:02","date_gmt":"2022-07-25T08:04:02","guid":{"rendered":"https:\/\/positiveprints.com\/?post_type=product&#038;p=358940"},"modified":"2026-04-28T14:38:36","modified_gmt":"2026-04-28T13:38:36","slug":"le-jour-ou-tu-es-devenu-mon-mari","status":"publish","type":"product","link":"https:\/\/positiveprints.com\/fr\/produit\/le-jour-ou-tu-es-devenu-mon-mari\/","title":{"rendered":"Le Jour O\u00f9 Tu Es Devenu Mon Mari"},"content":{"rendered":"<p>Le jour o\u00f9 vous avez dit Je Le Veux a \u00e9t\u00e9 l&#8217;un des meilleurs moments de votre vie. Cr\u00e9ez une impression Le Jour O\u00f9 Tu Es Devenu Mon Maric omme une belle fa\u00e7on de dire Je Le Veux Encore.<\/p>\n\n\n\n\n\n<h2 class=\"grenB f24 cblue\" style=\"margin-top: 3rem\">C\u00e9l\u00e9brez votre amour tous les jours avec Le Jour O\u00f9 Tu Es Devenu Mon Mari !<\/h2>\n\n\n\n<p style=\"margin-top: 1rem\">Certains moments de la vie valent la peine d&#8217;\u00eatre v\u00e9cus encore et encore, comme le jour o\u00f9 vous avez \u00e9pous\u00e9 votre mari. Un tel moment de changement de vie m\u00e9rite d&#8217;\u00eatre rappel\u00e9 de la mani\u00e8re la plus sp\u00e9ciale possible. C&#8217;est pourquoi nous avons cr\u00e9\u00e9 nos impressions artistiques de poster Le Jour O\u00f9 Tu Es Devenu Mon Mari.<\/p>\n\n\n\n<p style=\"margin-top: 1rem\">Offrir des impressions d&#8217;art personnalis\u00e9es en cadeau \u00e0 son mari est une mani\u00e8re unique et attentionn\u00e9e de lui montrer \u00e0 quel point vous tenez \u00e0 lui. C&#8217;est personnel, vous permettant de choisir quelque chose qui refl\u00e8te la personnalit\u00e9 ou les int\u00e9r\u00eats de votre mari. Cela rend le cadeau beaucoup plus sp\u00e9cial qu&#8217;un article achet\u00e9 en magasin.<\/p>\n\n\n\n<p style=\"margin-top: 1rem\">Une \u0153uvre d&#8217;art Le Jour O\u00f9 Tu Es Devenu Mon Mari est \u00e9galement tr\u00e8s significative. Elle est cr\u00e9\u00e9e sp\u00e9cifiquement pour la personne \u00e0 qui vous l&#8217;offrez. Votre mari saura qu&#8217;il poss\u00e8de quelque chose de vraiment unique, et il ne manquera pas de le ch\u00e9rir pendant des ann\u00e9es.<\/p>\n\n\n\n<h2 class=\"grenB f24 cblue\" style=\"margin-top: 3rem\">Personnalisez votre cadeau<\/h2>\n\n\n\n<p style=\"margin-top: 1rem\">Choisissez votre design et ajoutez des d\u00e9tails personnalis\u00e9s, tels que des corps c\u00e9lestes, des formes de carte et des couleurs. Ensuite, ajoutez des d\u00e9tails comme la date de votre mariage, le lieu, l&#8217;heure et d&#8217;autres faits amusants. Enfin, d\u00e9cidez de la mani\u00e8re dont vous recevrez votre impression \u2014 une affiche, une affiche encadr\u00e9e ou une toile \u00e9tir\u00e9e.<\/p>\n\n\n\n<p style=\"margin-top: 1rem\">Nous livrons partout dans le monde. Vous pouvez \u00e9galement l&#8217;obtenir plus rapidement en t\u00e9l\u00e9chargeant un fichier num\u00e9rique instantan\u00e9. Cr\u00e9ez votre carte des \u00e9toiles personnalis\u00e9e en un rien de temps !<\/p>","protected":false},"excerpt":{"rendered":"<ul class=\"check-list\">\n<li>Faites en sorte que votre mari se sente appr\u00e9ci\u00e9 en lui offrant une carte du ciel nocturne le jour de votre mariage<\/li>\n<li>Ajoutez des plan\u00e8tes, des constellations et la Voie lact\u00e9e <\/li>\n<li>Personnalisez en 3 \u00e9tapes simples<\/li>\n<li>Incluez un texte personnalis\u00e9 significatif<\/li>\n<li>Vois le r\u00e9sultat imm\u00e9diatement \u2013 l\u2019aper\u00e7u interactif te permet de peaufiner chaque d\u00e9tail<\/li>\n<\/ul>\n","protected":false},"featured_media":1354018,"template":"","meta":[],"product_brand":[],"product_cat":[7638,2878],"product_tag":[14849],"class_list":{"0":"post-358940","1":"product","2":"type-product","3":"status-publish","4":"has-post-thumbnail","6":"product_cat-cadeaux-pour-mari","7":"product_cat-star-fr-2","8":"product_tag-anniversary-fr","10":"first","11":"instock","12":"sale","13":"taxable","14":"shipping-taxable","15":"purchasable","16":"product-type-variable"},"yoast_head":"<!-- This site is optimized with the Yoast SEO Premium plugin v27.2 (Yoast SEO v27.2) - https:\/\/yoast.com\/product\/yoast-seo-premium-wordpress\/ -->\n<title>Le Jour O\u00f9 Tu Es Devenu Mon Mari - Positive Prints<\/title>\n<meta name=\"description\" content=\"Pour votre anniversaire de mariage ou toute occasion sp\u00e9ciale, nous vous aidons \u00e0 cr\u00e9er \u00ab Le Jour O\u00f9 Tu Es Devenu Mon Mari \u00bb, un cadeau unique pour votre \u00e9poux.\" \/>\n<meta name=\"robots\" content=\"index, follow, max-snippet:-1, max-image-preview:large, max-video-preview:-1\" \/>\n<link rel=\"canonical\" href=\"https:\/\/positiveprints.com\/fr\/produit\/le-jour-ou-tu-es-devenu-mon-mari\/\" \/>\n<meta property=\"og:locale\" content=\"fr_FR\" \/>\n<meta property=\"og:type\" content=\"article\" \/>\n<meta property=\"og:title\" content=\"Le Jour O\u00f9 Tu Es Devenu Mon Mari\" \/>\n<meta property=\"og:description\" content=\"Faites en sorte que votre mari se sente appr\u00e9ci\u00e9 en lui offrant une carte du ciel nocturne le jour de votre mariage Ajoutez des plan\u00e8tes, des constellations et la Voie lact\u00e9e  Personnalisez en 3 \u00e9tapes simples Incluez un texte personnalis\u00e9 significatif Vois le r\u00e9sultat imm\u00e9diatement \u2013 l\u2019aper\u00e7u interactif te permet de peaufiner chaque d\u00e9tail\" \/>\n<meta property=\"og:url\" content=\"https:\/\/positiveprints.com\/fr\/produit\/le-jour-ou-tu-es-devenu-mon-mari\/\" \/>\n<meta property=\"og:site_name\" content=\"Positive Prints\" \/>\n<meta property=\"article:publisher\" content=\"https:\/\/www.facebook.com\/positiveprintscom\" \/>\n<meta property=\"article:modified_time\" content=\"2026-04-28T13:38:36+00:00\" \/>\n<meta property=\"og:image\" content=\"https:\/\/positiveprints.com\/wp-content\/uploads\/2024\/03\/Le-Jour-Ou-Tu-Es-Devenu-Mon-Mari.jpg\" \/>\n\t<meta property=\"og:image:width\" content=\"1500\" \/>\n\t<meta property=\"og:image:height\" content=\"1500\" \/>\n\t<meta property=\"og:image:type\" content=\"image\/jpeg\" \/>\n<meta name=\"twitter:card\" content=\"summary_large_image\" \/>\n<!-- \/ Yoast SEO Premium plugin. -->","yoast_head_json":{"title":"Le Jour O\u00f9 Tu Es Devenu Mon Mari - Positive Prints","description":"Pour votre anniversaire de mariage ou toute occasion sp\u00e9ciale, nous vous aidons \u00e0 cr\u00e9er \u00ab Le Jour O\u00f9 Tu Es Devenu Mon Mari \u00bb, un cadeau unique pour votre \u00e9poux.","robots":{"index":"index","follow":"follow","max-snippet":"max-snippet:-1","max-image-preview":"max-image-preview:large","max-video-preview":"max-video-preview:-1"},"canonical":"https:\/\/positiveprints.com\/fr\/produit\/le-jour-ou-tu-es-devenu-mon-mari\/","og_locale":"fr_FR","og_type":"article","og_title":"Le Jour O\u00f9 Tu Es Devenu Mon Mari","og_description":"Faites en sorte que votre mari se sente appr\u00e9ci\u00e9 en lui offrant une carte du ciel nocturne le jour de votre mariage Ajoutez des plan\u00e8tes, des constellations et la Voie lact\u00e9e  Personnalisez en 3 \u00e9tapes simples Incluez un texte personnalis\u00e9 significatif Vois le r\u00e9sultat imm\u00e9diatement \u2013 l\u2019aper\u00e7u interactif te permet de peaufiner chaque d\u00e9tail","og_url":"https:\/\/positiveprints.com\/fr\/produit\/le-jour-ou-tu-es-devenu-mon-mari\/","og_site_name":"Positive Prints","article_publisher":"https:\/\/www.facebook.com\/positiveprintscom","article_modified_time":"2026-04-28T13:38:36+00:00","og_image":[{"width":1500,"height":1500,"url":"https:\/\/positiveprints.com\/wp-content\/uploads\/2024\/03\/Le-Jour-Ou-Tu-Es-Devenu-Mon-Mari.jpg","type":"image\/jpeg"}],"twitter_card":"summary_large_image","schema":{"@context":"https:\/\/schema.org","@graph":[{"@type":["WebPage","ItemPage"],"@id":"https:\/\/positiveprints.com\/fr\/produit\/le-jour-ou-tu-es-devenu-mon-mari\/","url":"https:\/\/positiveprints.com\/fr\/produit\/le-jour-ou-tu-es-devenu-mon-mari\/","name":"Le Jour O\u00f9 Tu Es Devenu Mon Mari - Positive Prints","isPartOf":{"@id":"https:\/\/positiveprints.com\/fr\/#website"},"primaryImageOfPage":{"@id":"https:\/\/positiveprints.com\/fr\/produit\/le-jour-ou-tu-es-devenu-mon-mari\/#primaryimage"},"image":{"@id":"https:\/\/positiveprints.com\/fr\/produit\/le-jour-ou-tu-es-devenu-mon-mari\/#primaryimage"},"thumbnailUrl":"https:\/\/positiveprints.com\/wp-content\/uploads\/2025\/02\/Le-Jour-Ou\u0300-Tu-Es-Devenu-Mon-Mari-1.webp","datePublished":"2022-07-25T08:04:02+00:00","dateModified":"2026-04-28T13:38:36+00:00","description":"Pour votre anniversaire de mariage ou toute occasion sp\u00e9ciale, nous vous aidons \u00e0 cr\u00e9er \u00ab Le Jour O\u00f9 Tu Es Devenu Mon Mari \u00bb, un cadeau unique pour votre \u00e9poux.","breadcrumb":{"@id":"https:\/\/positiveprints.com\/fr\/produit\/le-jour-ou-tu-es-devenu-mon-mari\/#breadcrumb"},"inLanguage":"fr-FR","potentialAction":[{"@type":"ReadAction","target":["https:\/\/positiveprints.com\/fr\/produit\/le-jour-ou-tu-es-devenu-mon-mari\/"]}]},{"@type":"ImageObject","inLanguage":"fr-FR","@id":"https:\/\/positiveprints.com\/fr\/produit\/le-jour-ou-tu-es-devenu-mon-mari\/#primaryimage","url":"https:\/\/positiveprints.com\/wp-content\/uploads\/2025\/02\/Le-Jour-Ou\u0300-Tu-Es-Devenu-Mon-Mari-1.webp","contentUrl":"https:\/\/positiveprints.com\/wp-content\/uploads\/2025\/02\/Le-Jour-Ou\u0300-Tu-Es-Devenu-Mon-Mari-1.webp","width":1450,"height":1450},{"@type":"BreadcrumbList","@id":"https:\/\/positiveprints.com\/fr\/produit\/le-jour-ou-tu-es-devenu-mon-mari\/#breadcrumb","itemListElement":[{"@type":"ListItem","position":1,"name":"Home","item":"https:\/\/positiveprints.com\/fr\/"},{"@type":"ListItem","position":2,"name":"Produits","item":"https:\/\/positiveprints.com\/fr\/shop\/"},{"@type":"ListItem","position":3,"name":"Le Jour O\u00f9 Tu Es Devenu Mon Mari"}]},{"@type":"WebSite","@id":"https:\/\/positiveprints.com\/fr\/#website","url":"https:\/\/positiveprints.com\/fr\/","name":"Positive Prints","description":"Amazing Custom Personalized Gifts","publisher":{"@id":"https:\/\/positiveprints.com\/fr\/#organization"},"potentialAction":[{"@type":"SearchAction","target":{"@type":"EntryPoint","urlTemplate":"https:\/\/positiveprints.com\/fr\/?s={search_term_string}"},"query-input":{"@type":"PropertyValueSpecification","valueRequired":true,"valueName":"search_term_string"}}],"inLanguage":"fr-FR"},{"@type":"Organization","@id":"https:\/\/positiveprints.com\/fr\/#organization","name":"Positive Prints","alternateName":"Positive Prints","url":"https:\/\/positiveprints.com\/fr\/","logo":{"@type":"ImageObject","inLanguage":"fr-FR","@id":"https:\/\/positiveprints.com\/fr\/#\/schema\/logo\/image\/","url":"https:\/\/positiveprints.com\/wp-content\/uploads\/2026\/03\/245815646_1337939713319158_5671353136411139666_n.png","contentUrl":"https:\/\/positiveprints.com\/wp-content\/uploads\/2026\/03\/245815646_1337939713319158_5671353136411139666_n.png","width":800,"height":800,"caption":"Positive Prints"},"image":{"@id":"https:\/\/positiveprints.com\/fr\/#\/schema\/logo\/image\/"},"sameAs":["https:\/\/www.facebook.com\/positiveprintscom","https:\/\/www.instagram.com\/positiveprintscom\/","https:\/\/www.tiktok.com\/@positiveprintscom","https:\/\/www.pinterest.com\/positiveprintscom\/"]}]}},"jetpack_sharing_enabled":true,"_links":{"self":[{"href":"https:\/\/positiveprints.com\/fr\/wp-json\/wp\/v2\/product\/358940","targetHints":{"allow":["GET"]}}],"collection":[{"href":"https:\/\/positiveprints.com\/fr\/wp-json\/wp\/v2\/product"}],"about":[{"href":"https:\/\/positiveprints.com\/fr\/wp-json\/wp\/v2\/types\/product"}],"wp:featuredmedia":[{"embeddable":true,"href":"https:\/\/positiveprints.com\/fr\/wp-json\/wp\/v2\/media\/1354018"}],"wp:attachment":[{"href":"https:\/\/positiveprints.com\/fr\/wp-json\/wp\/v2\/media?parent=358940"}],"wp:term":[{"taxonomy":"product_brand","embeddable":true,"href":"https:\/\/positiveprints.com\/fr\/wp-json\/wp\/v2\/product_brand?post=358940"},{"taxonomy":"product_cat","embeddable":true,"href":"https:\/\/positiveprints.com\/fr\/wp-json\/wp\/v2\/product_cat?post=358940"},{"taxonomy":"product_tag","embeddable":true,"href":"https:\/\/positiveprints.com\/fr\/wp-json\/wp\/v2\/product_tag?post=358940"}],"curies":[{"name":"wp","href":"https:\/\/api.w.org\/{rel}","templated":true}]}}