{"id":358868,"date":"2022-08-31T13:00:12","date_gmt":"2022-08-31T12:00:12","guid":{"rendered":"https:\/\/positiveprints.com\/?post_type=product&#038;p=358868"},"modified":"2026-04-12T23:01:31","modified_gmt":"2026-04-12T22:01:31","slug":"le-jour-ou-tu-es-devenue-ma-grand-mere","status":"publish","type":"product","link":"https:\/\/positiveprints.com\/fr\/produit\/le-jour-ou-tu-es-devenue-ma-grand-mere\/","title":{"rendered":"Le Jour O\u00f9 Tu Es Devenue Ma Grand-M\u00e8re"},"content":{"rendered":"","protected":false},"excerpt":{"rendered":"<ul class=\"check-list\">\n<li>Capturez la magie avec une carte des \u00e9toiles personnalis\u00e9e qui recr\u00e9e le ciel nocturne et ch\u00e9rissez le souvenir pour toujours<\/li>\n<li>Ajoutez des plan\u00e8tes, des constellations et la Voie lact\u00e9e<\/li>\n<li>Personnalisez votre design en 3 \u00e9tapes simples<\/li>\n<li>Incluez un texte personnalis\u00e9 significatif<\/li>\n<li>Visualisez le r\u00e9sultat imm\u00e9diatement \u2013 l\u2019aper\u00e7u interactif vous permet de peaufiner chaque d\u00e9tail<\/li>\n<\/ul>\n","protected":false},"featured_media":1227068,"template":"","meta":[],"product_brand":[],"product_cat":[9274,5264,7718,11393,2878],"product_tag":[13331,11774,9463,8581],"class_list":{"0":"post-358868","1":"product","2":"type-product","3":"status-publish","4":"has-post-thumbnail","6":"product_cat-bestsellers-label-fr","7":"product_cat-cadeaux-de-noel","8":"product_cat-cadeaux-pour-grand-mere","9":"product_cat-cadeaux-de-noel-pour-mamie","10":"product_cat-star-fr-2","11":"product_tag-cadeau-de-noel-pour-une-grand-mere","12":"product_tag-cadeaux-de-noel-pour-mamie","13":"product_tag-grand-mere","14":"product_tag-mamie","16":"first","17":"instock","18":"sale","19":"taxable","20":"shipping-taxable","21":"purchasable","22":"product-type-variable"},"yoast_head":"<!-- This site is optimized with the Yoast SEO Premium plugin v27.2 (Yoast SEO v27.2) - https:\/\/yoast.com\/product\/yoast-seo-premium-wordpress\/ -->\n<title>Le Jour O\u00f9 Tu Es Devenue Ma Grand-M\u00e8re - Positive Prints<\/title>\n<meta name=\"description\" content=\"Capturez pour toujours ce moment pr\u00e9cieux avec notre poster personnalis\u00e9, un t\u00e9moignage d&#039;amour \u00e9l\u00e9gant de 30x40 cm qui c\u00e9l\u00e8bre le lien unique entre g\u00e9n\u00e9rations et constitue un cadeau inoubliable pour la f\u00eate des grands-m\u00e8res.\" \/>\n<meta name=\"robots\" content=\"index, follow, max-snippet:-1, max-image-preview:large, max-video-preview:-1\" \/>\n<link rel=\"canonical\" href=\"https:\/\/positiveprints.com\/fr\/produit\/le-jour-ou-tu-es-devenue-ma-grand-mere\/\" \/>\n<meta property=\"og:locale\" content=\"fr_FR\" \/>\n<meta property=\"og:type\" content=\"article\" \/>\n<meta property=\"og:title\" content=\"Le Jour O\u00f9 Tu Es Devenue Ma Grand-M\u00e8re\" \/>\n<meta property=\"og:description\" content=\"Capturez la magie avec une carte des \u00e9toiles personnalis\u00e9e qui recr\u00e9e le ciel nocturne et ch\u00e9rissez le souvenir pour toujours Ajoutez des plan\u00e8tes, des constellations et la Voie lact\u00e9e Personnalisez votre design en 3 \u00e9tapes simples Incluez un texte personnalis\u00e9 significatif Visualisez le r\u00e9sultat imm\u00e9diatement \u2013 l\u2019aper\u00e7u interactif vous permet de peaufiner chaque d\u00e9tail\" \/>\n<meta property=\"og:url\" content=\"https:\/\/positiveprints.com\/fr\/produit\/le-jour-ou-tu-es-devenue-ma-grand-mere\/\" \/>\n<meta property=\"og:site_name\" content=\"Positive Prints\" \/>\n<meta property=\"article:publisher\" content=\"https:\/\/www.facebook.com\/positiveprintscom\" \/>\n<meta property=\"article:modified_time\" content=\"2026-04-12T22:01:31+00:00\" \/>\n<meta property=\"og:image\" content=\"https:\/\/positiveprints.com\/wp-content\/uploads\/2024\/10\/Packshot_FR_The-Day-You-Became-My-Grandma-product-image.webp\" \/>\n\t<meta property=\"og:image:width\" content=\"1450\" \/>\n\t<meta property=\"og:image:height\" content=\"1450\" \/>\n\t<meta property=\"og:image:type\" content=\"image\/webp\" \/>\n<meta name=\"twitter:card\" content=\"summary_large_image\" \/>\n<!-- \/ Yoast SEO Premium plugin. -->","yoast_head_json":{"title":"Le Jour O\u00f9 Tu Es Devenue Ma Grand-M\u00e8re - Positive Prints","description":"Capturez pour toujours ce moment pr\u00e9cieux avec notre poster personnalis\u00e9, un t\u00e9moignage d'amour \u00e9l\u00e9gant de 30x40 cm qui c\u00e9l\u00e8bre le lien unique entre g\u00e9n\u00e9rations et constitue un cadeau inoubliable pour la f\u00eate des grands-m\u00e8res.","robots":{"index":"index","follow":"follow","max-snippet":"max-snippet:-1","max-image-preview":"max-image-preview:large","max-video-preview":"max-video-preview:-1"},"canonical":"https:\/\/positiveprints.com\/fr\/produit\/le-jour-ou-tu-es-devenue-ma-grand-mere\/","og_locale":"fr_FR","og_type":"article","og_title":"Le Jour O\u00f9 Tu Es Devenue Ma Grand-M\u00e8re","og_description":"Capturez la magie avec une carte des \u00e9toiles personnalis\u00e9e qui recr\u00e9e le ciel nocturne et ch\u00e9rissez le souvenir pour toujours Ajoutez des plan\u00e8tes, des constellations et la Voie lact\u00e9e Personnalisez votre design en 3 \u00e9tapes simples Incluez un texte personnalis\u00e9 significatif Visualisez le r\u00e9sultat imm\u00e9diatement \u2013 l\u2019aper\u00e7u interactif vous permet de peaufiner chaque d\u00e9tail","og_url":"https:\/\/positiveprints.com\/fr\/produit\/le-jour-ou-tu-es-devenue-ma-grand-mere\/","og_site_name":"Positive Prints","article_publisher":"https:\/\/www.facebook.com\/positiveprintscom","article_modified_time":"2026-04-12T22:01:31+00:00","og_image":[{"width":1450,"height":1450,"url":"https:\/\/positiveprints.com\/wp-content\/uploads\/2024\/10\/Packshot_FR_The-Day-You-Became-My-Grandma-product-image.webp","type":"image\/webp"}],"twitter_card":"summary_large_image","schema":{"@context":"https:\/\/schema.org","@graph":[{"@type":["WebPage","ItemPage"],"@id":"https:\/\/positiveprints.com\/fr\/produit\/le-jour-ou-tu-es-devenue-ma-grand-mere\/","url":"https:\/\/positiveprints.com\/fr\/produit\/le-jour-ou-tu-es-devenue-ma-grand-mere\/","name":"Le Jour O\u00f9 Tu Es Devenue Ma Grand-M\u00e8re - Positive Prints","isPartOf":{"@id":"https:\/\/positiveprints.com\/fr\/#website"},"primaryImageOfPage":{"@id":"https:\/\/positiveprints.com\/fr\/produit\/le-jour-ou-tu-es-devenue-ma-grand-mere\/#primaryimage"},"image":{"@id":"https:\/\/positiveprints.com\/fr\/produit\/le-jour-ou-tu-es-devenue-ma-grand-mere\/#primaryimage"},"thumbnailUrl":"https:\/\/positiveprints.com\/wp-content\/uploads\/2024\/10\/Packshot_FR_The-Day-You-Became-My-Grandma-product-image.webp","datePublished":"2022-08-31T12:00:12+00:00","dateModified":"2026-04-12T22:01:31+00:00","description":"Capturez pour toujours ce moment pr\u00e9cieux avec notre poster personnalis\u00e9, un t\u00e9moignage d'amour \u00e9l\u00e9gant de 30x40 cm qui c\u00e9l\u00e8bre le lien unique entre g\u00e9n\u00e9rations et constitue un cadeau inoubliable pour la f\u00eate des grands-m\u00e8res.","breadcrumb":{"@id":"https:\/\/positiveprints.com\/fr\/produit\/le-jour-ou-tu-es-devenue-ma-grand-mere\/#breadcrumb"},"inLanguage":"fr-FR","potentialAction":[{"@type":"ReadAction","target":["https:\/\/positiveprints.com\/fr\/produit\/le-jour-ou-tu-es-devenue-ma-grand-mere\/"]}]},{"@type":"ImageObject","inLanguage":"fr-FR","@id":"https:\/\/positiveprints.com\/fr\/produit\/le-jour-ou-tu-es-devenue-ma-grand-mere\/#primaryimage","url":"https:\/\/positiveprints.com\/wp-content\/uploads\/2024\/10\/Packshot_FR_The-Day-You-Became-My-Grandma-product-image.webp","contentUrl":"https:\/\/positiveprints.com\/wp-content\/uploads\/2024\/10\/Packshot_FR_The-Day-You-Became-My-Grandma-product-image.webp","width":1450,"height":1450},{"@type":"BreadcrumbList","@id":"https:\/\/positiveprints.com\/fr\/produit\/le-jour-ou-tu-es-devenue-ma-grand-mere\/#breadcrumb","itemListElement":[{"@type":"ListItem","position":1,"name":"Home","item":"https:\/\/positiveprints.com\/fr\/"},{"@type":"ListItem","position":2,"name":"Produits","item":"https:\/\/positiveprints.com\/fr\/shop\/"},{"@type":"ListItem","position":3,"name":"Le Jour O\u00f9 Tu Es Devenue Ma Grand-M\u00e8re"}]},{"@type":"WebSite","@id":"https:\/\/positiveprints.com\/fr\/#website","url":"https:\/\/positiveprints.com\/fr\/","name":"Positive Prints","description":"Amazing Custom Personalized Gifts","publisher":{"@id":"https:\/\/positiveprints.com\/fr\/#organization"},"potentialAction":[{"@type":"SearchAction","target":{"@type":"EntryPoint","urlTemplate":"https:\/\/positiveprints.com\/fr\/?s={search_term_string}"},"query-input":{"@type":"PropertyValueSpecification","valueRequired":true,"valueName":"search_term_string"}}],"inLanguage":"fr-FR"},{"@type":"Organization","@id":"https:\/\/positiveprints.com\/fr\/#organization","name":"Positive Prints","alternateName":"Positive Prints","url":"https:\/\/positiveprints.com\/fr\/","logo":{"@type":"ImageObject","inLanguage":"fr-FR","@id":"https:\/\/positiveprints.com\/fr\/#\/schema\/logo\/image\/","url":"https:\/\/positiveprints.com\/wp-content\/uploads\/2026\/03\/245815646_1337939713319158_5671353136411139666_n.png","contentUrl":"https:\/\/positiveprints.com\/wp-content\/uploads\/2026\/03\/245815646_1337939713319158_5671353136411139666_n.png","width":800,"height":800,"caption":"Positive Prints"},"image":{"@id":"https:\/\/positiveprints.com\/fr\/#\/schema\/logo\/image\/"},"sameAs":["https:\/\/www.facebook.com\/positiveprintscom","https:\/\/www.instagram.com\/positiveprintscom\/","https:\/\/www.tiktok.com\/@positiveprintscom","https:\/\/www.pinterest.com\/positiveprintscom\/"]}]}},"jetpack_sharing_enabled":true,"_links":{"self":[{"href":"https:\/\/positiveprints.com\/fr\/wp-json\/wp\/v2\/product\/358868","targetHints":{"allow":["GET"]}}],"collection":[{"href":"https:\/\/positiveprints.com\/fr\/wp-json\/wp\/v2\/product"}],"about":[{"href":"https:\/\/positiveprints.com\/fr\/wp-json\/wp\/v2\/types\/product"}],"wp:featuredmedia":[{"embeddable":true,"href":"https:\/\/positiveprints.com\/fr\/wp-json\/wp\/v2\/media\/1227068"}],"wp:attachment":[{"href":"https:\/\/positiveprints.com\/fr\/wp-json\/wp\/v2\/media?parent=358868"}],"wp:term":[{"taxonomy":"product_brand","embeddable":true,"href":"https:\/\/positiveprints.com\/fr\/wp-json\/wp\/v2\/product_brand?post=358868"},{"taxonomy":"product_cat","embeddable":true,"href":"https:\/\/positiveprints.com\/fr\/wp-json\/wp\/v2\/product_cat?post=358868"},{"taxonomy":"product_tag","embeddable":true,"href":"https:\/\/positiveprints.com\/fr\/wp-json\/wp\/v2\/product_tag?post=358868"}],"curies":[{"name":"wp","href":"https:\/\/api.w.org\/{rel}","templated":true}]}}