{"id":358315,"date":"2022-07-21T12:33:18","date_gmt":"2022-07-21T11:33:18","guid":{"rendered":"https:\/\/positiveprints.com\/?post_type=product&#038;p=358315"},"modified":"2026-04-18T06:53:58","modified_gmt":"2026-04-18T05:53:58","slug":"art-donde-sonore-chanson-personnalisee","status":"publish","type":"product","link":"https:\/\/positiveprints.com\/fr\/produit\/art-donde-sonore-chanson-personnalisee\/","title":{"rendered":"Affiche Personnalis\u00e9e d&#8217;Ondes Sonores de Chanson"},"content":{"rendered":"<p>La musique nourrit nos oreilles et apaise nos \u00e2mes. Et maintenant, c&#8217;est un r\u00e9gal pour les yeux. Nos affiches-cadeaux personnalis\u00e9es de chansons cr\u00e9ent un art personnalis\u00e9 d&#8217;onde sonore \u00e0 partir de la chanson de votre choix.<\/p>\r\n\r\n\r\n\r\n\r\n\r\n<h2 class=\"grenB f24 cblue\" style=\"margin-top: 3rem\">Qu&#8217;est-ce qu&#8217;un Art d&#8217;Onde Sonore Chanson ?<\/h2>\r\n\r\n\r\n\r\n<p style=\"margin-top: 1rem\">Chaque son que vous entendez, qu&#8217;il s&#8217;agisse d&#8217;une chanson ou d&#8217;un discours, se propage sous forme d&#8217;ondes sonores. Nous ne pouvons pas les voir \u00e0 l&#8217;\u0153il nu, mais le bon logiciel peut ajouter un \u00e9l\u00e9ment visuel au son. C&#8217;est exactement ce que nous faisons avec notre art d&#8217;onde sonore chanson personnalis\u00e9e.<\/p>\r\n\r\n\r\n\r\n<p style=\"margin-top: 1rem\">Nous prenons votre chanson pr\u00e9f\u00e9r\u00e9e et la transformons en une \u0153uvre d&#8217;art visuelle. D\u00e9couvrez \u00e0 quoi ressemble votre chanson et exp\u00e9rimentez sa magie d&#8217;une toute nouvelle mani\u00e8re. Un QR code int\u00e9gr\u00e9 vous permet de scanner et de jouer la chanson pour que tout le monde l&#8217;entende, ce qui est parfait lorsque vous avez besoin d&#8217;un peu d&#8217;inspiration cr\u00e9ative.<\/p>\r\n\r\n\r\n\r\n\r\n\r\n<h2 class=\"grenB f24 cblue\" style=\"margin-top: 3rem\">Transformez votre Chanson Pr\u00e9f\u00e9r\u00e9e en Art d&#8217;Onde Sonore Chanson Personnalis\u00e9e<\/h2>\r\n\r\n\r\n\r\n<p style=\"margin-top: 1rem\">Positive Prints s&#8217;occupe de tout pour transformer votre chanson en art d&#8217;onde sonore. T\u00e9l\u00e9chargez un fichier audio de la chanson de votre choix, puis choisissez parmi l&#8217;un de nos mod\u00e8les pr\u00e9d\u00e9finis qui affichera votre chanson d&#8217;une belle mani\u00e8re. Vous pouvez personnaliser votre impression avec les paroles de la chanson, le nom de la chanson ou tout ce qui peut donner plus de sens \u00e0 votre \u0153uvre d&#8217;art.<\/p>\r\n\r\n\r\n\r\n<p style=\"margin-top: 1rem\">Nous livrons notre art d&#8217;onde sonore chanson personnalis\u00e9e sous forme d&#8217;affiches de haute qualit\u00e9, d&#8217;impressions sur toile ou de fichiers num\u00e9riques que vous pouvez t\u00e9l\u00e9charger imm\u00e9diatement et imprimer pr\u00e8s de chez vous. Ajoutez un cadre, accrochez-le chez vous et pr\u00e9parez-vous \u00e0 \u00e9pater vos amis ou votre famille. C&#8217;est \u00e9galement une excellente id\u00e9e si vous cherchez les meilleurs cadeaux de pendaison de cr\u00e9maill\u00e8re.<\/p>\r\n\r\n\r\n\r\n<h2 class=\"grenB f24 cblue\" style=\"margin-top: 3rem\">Offrez le cadeau de l&#8217;inspiration !<\/h2>\r\n\r\n\r\n\r\n<p style=\"margin-top: 1rem\">L&#8217;art d&#8217;onde sonore chanson personnalis\u00e9e est le cadeau id\u00e9al pour les mariages, les fian\u00e7ailles, les remises de dipl\u00f4mes, les nouvelles naissances, les d\u00e9parts \u00e0 la retraite ou toute autre occasion o\u00f9 vous souhaitez inclure une bande-son dans votre vie. C&#8217;est un cadeau qui vient du c\u0153ur, un cadeau que vos proches ne verront pas venir !<\/p>","protected":false},"excerpt":{"rendered":"<ul class=\"check-list\">\n<li>Il suffit de t\u00e9l\u00e9charger un fichier audio<\/li>\n<li>Ajoutez un code QR et scannez-le pour lire votre chanson pr\u00e9f\u00e9r\u00e9e<\/li>\n<li>Personnalisez votre design en 3 \u00e9tapes simples<\/li>\n<li>Choisissez un mod\u00e8le ou faites preuve de cr\u00e9ativit\u00e9<\/li>\n<\/ul>\n","protected":false},"featured_media":1277700,"template":"","meta":[],"product_brand":[],"product_cat":[3127,11535,11536,11537,11538,11624,11625,11626,11627,11211,11212,11175,11176,11177,5264,5290,7829,7797,8194,7749,11395,7765,7653,7621,11396,7845,11401,11389,11397,11398,8217,7638,7670,7781,11392,11402,7734,11388,7478],"product_tag":[15404,8463,13426,11790,13455,11793,11792,11767,11795,11753,9419,17443,17442,17441,17440],"class_list":{"0":"post-358315","1":"product","2":"type-product","3":"status-publish","4":"has-post-thumbnail","6":"product_cat-cadeaux-danniversaire","7":"product_cat-anniversaire-de-18-ans","8":"product_cat-anniversaire-de-21-ans","9":"product_cat-anniversaire-de-30-ans","10":"product_cat-anniversaire-de-40-ans","11":"product_cat-anniversaire-de-50-ans","12":"product_cat-anniversaire-de-60-ans","13":"product_cat-anniversaire-de-70-ans","14":"product_cat-anniversaire-de-80-ans","15":"product_cat-cadeau-anniversaire-femme","16":"product_cat-cadeau-anniversaire-homme","17":"product_cat-cadeaux-danniversaire-pour-femme","18":"product_cat-cadeaux-danniversaire-pour-homme","19":"product_cat-cadeaux-danniversaire-pour-couples","20":"product_cat-cadeaux-de-noel","21":"product_cat-cadeaux-de-pendaison-de-cremaillere","22":"product_cat-cadeaux-pour-amis","23":"product_cat-cadeaux-pour-couple","24":"product_cat-pour-elle","25":"product_cat-cadeaux-pour-epouse","26":"product_cat-cadeaux-de-noel-pour-femme","27":"product_cat-cadeaux-pour-fille","28":"product_cat-cadeaux-pour-fils","29":"product_cat-cadeaux-pour-frere","30":"product_cat-cadeaux-de-noel-pour-homme","31":"product_cat-cadeaux-pour-la-famille","32":"product_cat-cadeaux-de-noel-pour-la-soeur","33":"product_cat-cadeaux-de-noel-pour-le-frere","34":"product_cat-cadeaux-de-noel-pour-le-mari","35":"product_cat-cadeaux-de-noel-pour-les-enfants","36":"product_cat-pour-lui","37":"product_cat-cadeaux-pour-mari","38":"product_cat-cadeaux-pour-petit-ami","39":"product_cat-cadeaux-pour-petite-amie","40":"product_cat-cadeaux-de-noel-pour-sa-copine","41":"product_cat-cadeaux-de-noel-pour-sa-femme","42":"product_cat-cadeaux-pour-soeur","43":"product_cat-cadeaux-de-noel-pour-son-petit-copain","44":"product_cat-soundwave-fr","45":"product_tag-audio-fr","46":"product_tag-birthday-fr","47":"product_tag-cadeau-de-noel-pour-soeur","48":"product_tag-cadeaux-de-noel-pour-elle","49":"product_tag-cadeaux-de-noel-pour-frere","50":"product_tag-cadeaux-de-noel-pour-le-mari","51":"product_tag-cadeaux-de-noel-pour-lui","52":"product_tag-cadeaux-de-noel-pour-sa-copine","53":"product_tag-cadeaux-de-noel-pour-sa-femme","54":"product_tag-cadeaux-de-noel-pour-son-petit-copain","55":"product_tag-musique","56":"product_tag-prezenty-pod-choinke-dla-chlopaka-fr","57":"product_tag-prezenty-pod-choinke-dla-dziewczyny-fr","58":"product_tag-prezenty-pod-choinke-dla-niego-fr","59":"product_tag-prezenty-pod-choinke-dla-niej-fr","61":"first","62":"instock","63":"sale","64":"taxable","65":"shipping-taxable","66":"purchasable","67":"product-type-variable"},"yoast_head":"<!-- This site is optimized with the Yoast SEO Premium plugin v27.2 (Yoast SEO v27.2) - https:\/\/yoast.com\/product\/yoast-seo-premium-wordpress\/ -->\n<title>Affiche Personnalis\u00e9e d&#039;Ondes Sonores de Chanson - Positive Prints<\/title>\n<meta name=\"description\" content=\"Transformez votre chanson pr\u00e9f\u00e9r\u00e9e en un art d&#039;onde sonore de chanson personnalis\u00e9e. Regardez la musique qui vous parle en action, puis utilisez le code QR pour la jouer !\" \/>\n<meta name=\"robots\" content=\"index, follow, max-snippet:-1, max-image-preview:large, max-video-preview:-1\" \/>\n<link rel=\"canonical\" href=\"https:\/\/positiveprints.com\/fr\/produit\/art-donde-sonore-chanson-personnalisee\/\" \/>\n<meta property=\"og:locale\" content=\"fr_FR\" \/>\n<meta property=\"og:type\" content=\"article\" \/>\n<meta property=\"og:title\" content=\"Affiche Personnalis\u00e9e d&#039;Ondes Sonores de Chanson\" \/>\n<meta property=\"og:description\" content=\"Il suffit de t\u00e9l\u00e9charger un fichier audio Ajoutez un code QR et scannez-le pour lire votre chanson pr\u00e9f\u00e9r\u00e9e Personnalisez votre design en 3 \u00e9tapes simples Choisissez un mod\u00e8le ou faites preuve de cr\u00e9ativit\u00e9\" \/>\n<meta property=\"og:url\" content=\"https:\/\/positiveprints.com\/fr\/produit\/art-donde-sonore-chanson-personnalisee\/\" \/>\n<meta property=\"og:site_name\" content=\"Positive Prints\" \/>\n<meta property=\"article:publisher\" content=\"https:\/\/www.facebook.com\/positiveprintscom\" \/>\n<meta property=\"article:modified_time\" content=\"2026-04-18T05:53:58+00:00\" \/>\n<meta property=\"og:image\" content=\"https:\/\/positiveprints.com\/wp-content\/uploads\/2024\/11\/Packshot_FR_Custom-Song-Soundwave-Art-product-image-.webp\" \/>\n\t<meta property=\"og:image:width\" content=\"1450\" \/>\n\t<meta property=\"og:image:height\" content=\"1450\" \/>\n\t<meta property=\"og:image:type\" content=\"image\/webp\" \/>\n<meta name=\"twitter:card\" content=\"summary_large_image\" \/>\n<meta name=\"twitter:label1\" content=\"Dur\u00e9e de lecture estim\u00e9e\" \/>\n\t<meta name=\"twitter:data1\" content=\"2 minutes\" \/>\n<!-- \/ Yoast SEO Premium plugin. -->","yoast_head_json":{"title":"Affiche Personnalis\u00e9e d'Ondes Sonores de Chanson - Positive Prints","description":"Transformez votre chanson pr\u00e9f\u00e9r\u00e9e en un art d'onde sonore de chanson personnalis\u00e9e. Regardez la musique qui vous parle en action, puis utilisez le code QR pour la jouer !","robots":{"index":"index","follow":"follow","max-snippet":"max-snippet:-1","max-image-preview":"max-image-preview:large","max-video-preview":"max-video-preview:-1"},"canonical":"https:\/\/positiveprints.com\/fr\/produit\/art-donde-sonore-chanson-personnalisee\/","og_locale":"fr_FR","og_type":"article","og_title":"Affiche Personnalis\u00e9e d'Ondes Sonores de Chanson","og_description":"Il suffit de t\u00e9l\u00e9charger un fichier audio Ajoutez un code QR et scannez-le pour lire votre chanson pr\u00e9f\u00e9r\u00e9e Personnalisez votre design en 3 \u00e9tapes simples Choisissez un mod\u00e8le ou faites preuve de cr\u00e9ativit\u00e9","og_url":"https:\/\/positiveprints.com\/fr\/produit\/art-donde-sonore-chanson-personnalisee\/","og_site_name":"Positive Prints","article_publisher":"https:\/\/www.facebook.com\/positiveprintscom","article_modified_time":"2026-04-18T05:53:58+00:00","og_image":[{"width":1450,"height":1450,"url":"https:\/\/positiveprints.com\/wp-content\/uploads\/2024\/11\/Packshot_FR_Custom-Song-Soundwave-Art-product-image-.webp","type":"image\/webp"}],"twitter_card":"summary_large_image","twitter_misc":{"Dur\u00e9e de lecture estim\u00e9e":"2 minutes"},"schema":{"@context":"https:\/\/schema.org","@graph":[{"@type":["WebPage","ItemPage"],"@id":"https:\/\/positiveprints.com\/fr\/produit\/art-donde-sonore-chanson-personnalisee\/","url":"https:\/\/positiveprints.com\/fr\/produit\/art-donde-sonore-chanson-personnalisee\/","name":"Affiche Personnalis\u00e9e d'Ondes Sonores de Chanson - Positive Prints","isPartOf":{"@id":"https:\/\/positiveprints.com\/fr\/#website"},"primaryImageOfPage":{"@id":"https:\/\/positiveprints.com\/fr\/produit\/art-donde-sonore-chanson-personnalisee\/#primaryimage"},"image":{"@id":"https:\/\/positiveprints.com\/fr\/produit\/art-donde-sonore-chanson-personnalisee\/#primaryimage"},"thumbnailUrl":"https:\/\/positiveprints.com\/wp-content\/uploads\/2024\/11\/Packshot_FR_Custom-Song-Soundwave-Art-product-image-.webp","datePublished":"2022-07-21T11:33:18+00:00","dateModified":"2026-04-18T05:53:58+00:00","description":"Transformez votre chanson pr\u00e9f\u00e9r\u00e9e en un art d'onde sonore de chanson personnalis\u00e9e. Regardez la musique qui vous parle en action, puis utilisez le code QR pour la jouer !","breadcrumb":{"@id":"https:\/\/positiveprints.com\/fr\/produit\/art-donde-sonore-chanson-personnalisee\/#breadcrumb"},"inLanguage":"fr-FR","potentialAction":[{"@type":"ReadAction","target":["https:\/\/positiveprints.com\/fr\/produit\/art-donde-sonore-chanson-personnalisee\/"]}]},{"@type":"ImageObject","inLanguage":"fr-FR","@id":"https:\/\/positiveprints.com\/fr\/produit\/art-donde-sonore-chanson-personnalisee\/#primaryimage","url":"https:\/\/positiveprints.com\/wp-content\/uploads\/2024\/11\/Packshot_FR_Custom-Song-Soundwave-Art-product-image-.webp","contentUrl":"https:\/\/positiveprints.com\/wp-content\/uploads\/2024\/11\/Packshot_FR_Custom-Song-Soundwave-Art-product-image-.webp","width":1450,"height":1450},{"@type":"BreadcrumbList","@id":"https:\/\/positiveprints.com\/fr\/produit\/art-donde-sonore-chanson-personnalisee\/#breadcrumb","itemListElement":[{"@type":"ListItem","position":1,"name":"Home","item":"https:\/\/positiveprints.com\/fr\/"},{"@type":"ListItem","position":2,"name":"Produits","item":"https:\/\/positiveprints.com\/fr\/shop\/"},{"@type":"ListItem","position":3,"name":"Affiche Personnalis\u00e9e d&#8217;Ondes Sonores de Chanson"}]},{"@type":"WebSite","@id":"https:\/\/positiveprints.com\/fr\/#website","url":"https:\/\/positiveprints.com\/fr\/","name":"Positive Prints","description":"Amazing Custom Personalized Gifts","publisher":{"@id":"https:\/\/positiveprints.com\/fr\/#organization"},"potentialAction":[{"@type":"SearchAction","target":{"@type":"EntryPoint","urlTemplate":"https:\/\/positiveprints.com\/fr\/?s={search_term_string}"},"query-input":{"@type":"PropertyValueSpecification","valueRequired":true,"valueName":"search_term_string"}}],"inLanguage":"fr-FR"},{"@type":"Organization","@id":"https:\/\/positiveprints.com\/fr\/#organization","name":"Positive Prints","alternateName":"Positive Prints","url":"https:\/\/positiveprints.com\/fr\/","logo":{"@type":"ImageObject","inLanguage":"fr-FR","@id":"https:\/\/positiveprints.com\/fr\/#\/schema\/logo\/image\/","url":"https:\/\/positiveprints.com\/wp-content\/uploads\/2026\/03\/245815646_1337939713319158_5671353136411139666_n.png","contentUrl":"https:\/\/positiveprints.com\/wp-content\/uploads\/2026\/03\/245815646_1337939713319158_5671353136411139666_n.png","width":800,"height":800,"caption":"Positive Prints"},"image":{"@id":"https:\/\/positiveprints.com\/fr\/#\/schema\/logo\/image\/"},"sameAs":["https:\/\/www.facebook.com\/positiveprintscom","https:\/\/www.instagram.com\/positiveprintscom\/","https:\/\/www.tiktok.com\/@positiveprintscom","https:\/\/www.pinterest.com\/positiveprintscom\/"]}]}},"jetpack_sharing_enabled":true,"_links":{"self":[{"href":"https:\/\/positiveprints.com\/fr\/wp-json\/wp\/v2\/product\/358315","targetHints":{"allow":["GET"]}}],"collection":[{"href":"https:\/\/positiveprints.com\/fr\/wp-json\/wp\/v2\/product"}],"about":[{"href":"https:\/\/positiveprints.com\/fr\/wp-json\/wp\/v2\/types\/product"}],"wp:featuredmedia":[{"embeddable":true,"href":"https:\/\/positiveprints.com\/fr\/wp-json\/wp\/v2\/media\/1277700"}],"wp:attachment":[{"href":"https:\/\/positiveprints.com\/fr\/wp-json\/wp\/v2\/media?parent=358315"}],"wp:term":[{"taxonomy":"product_brand","embeddable":true,"href":"https:\/\/positiveprints.com\/fr\/wp-json\/wp\/v2\/product_brand?post=358315"},{"taxonomy":"product_cat","embeddable":true,"href":"https:\/\/positiveprints.com\/fr\/wp-json\/wp\/v2\/product_cat?post=358315"},{"taxonomy":"product_tag","embeddable":true,"href":"https:\/\/positiveprints.com\/fr\/wp-json\/wp\/v2\/product_tag?post=358315"}],"curies":[{"name":"wp","href":"https:\/\/api.w.org\/{rel}","templated":true}]}}