{"id":356756,"date":"2022-09-02T10:20:29","date_gmt":"2022-09-02T09:20:29","guid":{"rendered":"https:\/\/positiveprints.com\/?post_type=product&#038;p=356756"},"modified":"2026-04-28T14:35:15","modified_gmt":"2026-04-28T13:35:15","slug":"art-numerique-des-coordonnees","status":"publish","type":"product","link":"https:\/\/positiveprints.com\/fr\/produit\/art-numerique-des-coordonnees\/","title":{"rendered":"Art Num\u00e9rique des Coordonn\u00e9es G\u00e9ographiques"},"content":{"rendered":"","protected":false},"excerpt":{"rendered":"<ul class=\"check-list\">\n<li>Cr\u00e9ez une \u0153uvre d&#8217;art unique avec les coordonn\u00e9es exactes de n&#8217;importe quel endroit de la plan\u00e8te et ramenez les souvenirs chez vous<\/li>\n<li>Disponible imm\u00e9diatement apr\u00e8s l&#8217;achat<\/li>\n<li>Peut \u00eatre imprim\u00e9 dans le format de votre choix<\/li>\n<li>Fichiers JPEG de haute qualit\u00e9 de 300 ppp<\/li>\n<li>Vois le r\u00e9sultat imm\u00e9diatement \u2013 l\u2019aper\u00e7u interactif te permet de peaufiner chaque d\u00e9tail<\/li>\n<\/ul>\n","protected":false},"featured_media":198935,"template":"","meta":[],"product_brand":[],"product_cat":[8243,7167,7573],"product_tag":[8719],"class_list":{"0":"post-356756","1":"product","2":"type-product","3":"status-publish","4":"has-post-thumbnail","6":"product_cat-digital-products-fr","7":"product_cat-coordinates-fr","8":"product_cat-idees-cadeaux-de-derniere-minute","9":"product_tag-last-minute-fr","11":"first","12":"instock","13":"sale","14":"taxable","15":"shipping-taxable","16":"purchasable","17":"product-type-variable"},"yoast_head":"<!-- This site is optimized with the Yoast SEO Premium plugin v27.2 (Yoast SEO v27.2) - https:\/\/yoast.com\/product\/yoast-seo-premium-wordpress\/ -->\n<title>Art Num\u00e9rique des Coordonn\u00e9es GPS - Positive Prints<\/title>\n<meta name=\"description\" content=\"Si vous cherchez un cadeau de derni\u00e8re minute - l&#039;art num\u00e9rique des coordonn\u00e9es est un choix parfait ! Disponible imm\u00e9diatement apr\u00e8s l&#039;achat.\" \/>\n<meta name=\"robots\" content=\"index, follow, max-snippet:-1, max-image-preview:large, max-video-preview:-1\" \/>\n<link rel=\"canonical\" href=\"https:\/\/positiveprints.com\/fr\/produit\/art-numerique-des-coordonnees\/\" \/>\n<meta property=\"og:locale\" content=\"fr_FR\" \/>\n<meta property=\"og:type\" content=\"article\" \/>\n<meta property=\"og:title\" content=\"Art Num\u00e9rique des Coordonn\u00e9es G\u00e9ographiques\" \/>\n<meta property=\"og:description\" content=\"Cr\u00e9ez une \u0153uvre d&#039;art unique avec les coordonn\u00e9es exactes de n&#039;importe quel endroit de la plan\u00e8te et ramenez les souvenirs chez vous Disponible imm\u00e9diatement apr\u00e8s l&#039;achat Peut \u00eatre imprim\u00e9 dans le format de votre choix Fichiers JPEG de haute qualit\u00e9 de 300 ppp Vois le r\u00e9sultat imm\u00e9diatement \u2013 l\u2019aper\u00e7u interactif te permet de peaufiner chaque d\u00e9tail\" \/>\n<meta property=\"og:url\" content=\"https:\/\/positiveprints.com\/fr\/produit\/art-numerique-des-coordonnees\/\" \/>\n<meta property=\"og:site_name\" content=\"Positive Prints\" \/>\n<meta property=\"article:publisher\" content=\"https:\/\/www.facebook.com\/positiveprintscom\" \/>\n<meta property=\"article:modified_time\" content=\"2026-04-28T13:35:15+00:00\" \/>\n<meta property=\"og:image\" content=\"https:\/\/positiveprints.com\/wp-content\/uploads\/2021\/07\/tableau-coordonnees-gps-personnalise.jpg\" \/>\n\t<meta property=\"og:image:width\" content=\"1080\" \/>\n\t<meta property=\"og:image:height\" content=\"1080\" \/>\n\t<meta property=\"og:image:type\" content=\"image\/jpeg\" \/>\n<meta name=\"twitter:card\" content=\"summary_large_image\" \/>\n<!-- \/ Yoast SEO Premium plugin. -->","yoast_head_json":{"title":"Art Num\u00e9rique des Coordonn\u00e9es GPS - Positive Prints","description":"Si vous cherchez un cadeau de derni\u00e8re minute - l'art num\u00e9rique des coordonn\u00e9es est un choix parfait ! Disponible imm\u00e9diatement apr\u00e8s l'achat.","robots":{"index":"index","follow":"follow","max-snippet":"max-snippet:-1","max-image-preview":"max-image-preview:large","max-video-preview":"max-video-preview:-1"},"canonical":"https:\/\/positiveprints.com\/fr\/produit\/art-numerique-des-coordonnees\/","og_locale":"fr_FR","og_type":"article","og_title":"Art Num\u00e9rique des Coordonn\u00e9es G\u00e9ographiques","og_description":"Cr\u00e9ez une \u0153uvre d'art unique avec les coordonn\u00e9es exactes de n'importe quel endroit de la plan\u00e8te et ramenez les souvenirs chez vous Disponible imm\u00e9diatement apr\u00e8s l'achat Peut \u00eatre imprim\u00e9 dans le format de votre choix Fichiers JPEG de haute qualit\u00e9 de 300 ppp Vois le r\u00e9sultat imm\u00e9diatement \u2013 l\u2019aper\u00e7u interactif te permet de peaufiner chaque d\u00e9tail","og_url":"https:\/\/positiveprints.com\/fr\/produit\/art-numerique-des-coordonnees\/","og_site_name":"Positive Prints","article_publisher":"https:\/\/www.facebook.com\/positiveprintscom","article_modified_time":"2026-04-28T13:35:15+00:00","og_image":[{"width":1080,"height":1080,"url":"https:\/\/positiveprints.com\/wp-content\/uploads\/2021\/07\/tableau-coordonnees-gps-personnalise.jpg","type":"image\/jpeg"}],"twitter_card":"summary_large_image","schema":{"@context":"https:\/\/schema.org","@graph":[{"@type":["WebPage","ItemPage"],"@id":"https:\/\/positiveprints.com\/fr\/produit\/art-numerique-des-coordonnees\/","url":"https:\/\/positiveprints.com\/fr\/produit\/art-numerique-des-coordonnees\/","name":"Art Num\u00e9rique des Coordonn\u00e9es GPS - Positive Prints","isPartOf":{"@id":"https:\/\/positiveprints.com\/fr\/#website"},"primaryImageOfPage":{"@id":"https:\/\/positiveprints.com\/fr\/produit\/art-numerique-des-coordonnees\/#primaryimage"},"image":{"@id":"https:\/\/positiveprints.com\/fr\/produit\/art-numerique-des-coordonnees\/#primaryimage"},"thumbnailUrl":"https:\/\/positiveprints.com\/wp-content\/uploads\/2021\/07\/tableau-coordonnees-gps-personnalise.jpg","datePublished":"2022-09-02T09:20:29+00:00","dateModified":"2026-04-28T13:35:15+00:00","description":"Si vous cherchez un cadeau de derni\u00e8re minute - l'art num\u00e9rique des coordonn\u00e9es est un choix parfait ! Disponible imm\u00e9diatement apr\u00e8s l'achat.","breadcrumb":{"@id":"https:\/\/positiveprints.com\/fr\/produit\/art-numerique-des-coordonnees\/#breadcrumb"},"inLanguage":"fr-FR","potentialAction":[{"@type":"ReadAction","target":["https:\/\/positiveprints.com\/fr\/produit\/art-numerique-des-coordonnees\/"]}]},{"@type":"ImageObject","inLanguage":"fr-FR","@id":"https:\/\/positiveprints.com\/fr\/produit\/art-numerique-des-coordonnees\/#primaryimage","url":"https:\/\/positiveprints.com\/wp-content\/uploads\/2021\/07\/tableau-coordonnees-gps-personnalise.jpg","contentUrl":"https:\/\/positiveprints.com\/wp-content\/uploads\/2021\/07\/tableau-coordonnees-gps-personnalise.jpg","width":1080,"height":1080,"caption":"Pour les lieux auxquels vous tenez le plus, l'affiche Coordonn\u00e9es GPS est une merveilleuse occasion de rendre hommage et de transformer vos souvenirs en quelque chose d'inoubliable."},{"@type":"BreadcrumbList","@id":"https:\/\/positiveprints.com\/fr\/produit\/art-numerique-des-coordonnees\/#breadcrumb","itemListElement":[{"@type":"ListItem","position":1,"name":"Home","item":"https:\/\/positiveprints.com\/fr\/"},{"@type":"ListItem","position":2,"name":"Produits","item":"https:\/\/positiveprints.com\/fr\/shop\/"},{"@type":"ListItem","position":3,"name":"Art Num\u00e9rique des Coordonn\u00e9es G\u00e9ographiques"}]},{"@type":"WebSite","@id":"https:\/\/positiveprints.com\/fr\/#website","url":"https:\/\/positiveprints.com\/fr\/","name":"Positive Prints","description":"Amazing Custom Personalized Gifts","publisher":{"@id":"https:\/\/positiveprints.com\/fr\/#organization"},"potentialAction":[{"@type":"SearchAction","target":{"@type":"EntryPoint","urlTemplate":"https:\/\/positiveprints.com\/fr\/?s={search_term_string}"},"query-input":{"@type":"PropertyValueSpecification","valueRequired":true,"valueName":"search_term_string"}}],"inLanguage":"fr-FR"},{"@type":"Organization","@id":"https:\/\/positiveprints.com\/fr\/#organization","name":"Positive Prints","alternateName":"Positive Prints","url":"https:\/\/positiveprints.com\/fr\/","logo":{"@type":"ImageObject","inLanguage":"fr-FR","@id":"https:\/\/positiveprints.com\/fr\/#\/schema\/logo\/image\/","url":"https:\/\/positiveprints.com\/wp-content\/uploads\/2026\/03\/245815646_1337939713319158_5671353136411139666_n.png","contentUrl":"https:\/\/positiveprints.com\/wp-content\/uploads\/2026\/03\/245815646_1337939713319158_5671353136411139666_n.png","width":800,"height":800,"caption":"Positive Prints"},"image":{"@id":"https:\/\/positiveprints.com\/fr\/#\/schema\/logo\/image\/"},"sameAs":["https:\/\/www.facebook.com\/positiveprintscom","https:\/\/www.instagram.com\/positiveprintscom\/","https:\/\/www.tiktok.com\/@positiveprintscom","https:\/\/www.pinterest.com\/positiveprintscom\/"]}]}},"jetpack_sharing_enabled":true,"_links":{"self":[{"href":"https:\/\/positiveprints.com\/fr\/wp-json\/wp\/v2\/product\/356756","targetHints":{"allow":["GET"]}}],"collection":[{"href":"https:\/\/positiveprints.com\/fr\/wp-json\/wp\/v2\/product"}],"about":[{"href":"https:\/\/positiveprints.com\/fr\/wp-json\/wp\/v2\/types\/product"}],"wp:featuredmedia":[{"embeddable":true,"href":"https:\/\/positiveprints.com\/fr\/wp-json\/wp\/v2\/media\/198935"}],"wp:attachment":[{"href":"https:\/\/positiveprints.com\/fr\/wp-json\/wp\/v2\/media?parent=356756"}],"wp:term":[{"taxonomy":"product_brand","embeddable":true,"href":"https:\/\/positiveprints.com\/fr\/wp-json\/wp\/v2\/product_brand?post=356756"},{"taxonomy":"product_cat","embeddable":true,"href":"https:\/\/positiveprints.com\/fr\/wp-json\/wp\/v2\/product_cat?post=356756"},{"taxonomy":"product_tag","embeddable":true,"href":"https:\/\/positiveprints.com\/fr\/wp-json\/wp\/v2\/product_tag?post=356756"}],"curies":[{"name":"wp","href":"https:\/\/api.w.org\/{rel}","templated":true}]}}