{"id":356659,"date":"2022-09-05T10:44:19","date_gmt":"2022-09-05T09:44:19","guid":{"rendered":"https:\/\/positiveprints.com\/product\/digital-baby-art\/"},"modified":"2026-04-28T14:35:07","modified_gmt":"2026-04-28T13:35:07","slug":"art-numerique-de-bebe","status":"publish","type":"product","link":"https:\/\/positiveprints.com\/fr\/produit\/art-numerique-de-bebe\/","title":{"rendered":"Art Num\u00e9rique de B\u00e9b\u00e9"},"content":{"rendered":"","protected":false},"excerpt":{"rendered":"<ul class=\"check-list\">\n<li>Capturez la magie d&#8217;une nouvelle vie et c\u00e9l\u00e9brez l&#8217;arriv\u00e9e de votre tout-petit avec un art num\u00e9rique unique pour b\u00e9b\u00e9<\/li>\n<li>Disponible imm\u00e9diatement apr\u00e8s l&#8217;achat<\/li>\n<li>Peut \u00eatre imprim\u00e9 dans le format de votre choix<\/li>\n<li>Fichiers JPEG de haute qualit\u00e9 de 300 ppp<\/li>\n<li>Vois le r\u00e9sultat imm\u00e9diatement \u2013 l\u2019aper\u00e7u interactif te permet de peaufiner chaque d\u00e9tail<\/li>\n<\/ul>\n","protected":false},"featured_media":268623,"template":"","meta":[],"product_brand":[],"product_cat":[8243,1813,7573],"product_tag":[8719],"class_list":{"0":"post-356659","1":"product","2":"type-product","3":"status-publish","4":"has-post-thumbnail","6":"product_cat-digital-products-fr","7":"product_cat-infant-fr-2","8":"product_cat-idees-cadeaux-de-derniere-minute","9":"product_tag-last-minute-fr","11":"first","12":"instock","13":"sale","14":"taxable","15":"shipping-taxable","16":"purchasable","17":"product-type-variable"},"yoast_head":"<!-- This site is optimized with the Yoast SEO Premium plugin v27.2 (Yoast SEO v27.2) - https:\/\/yoast.com\/product\/yoast-seo-premium-wordpress\/ -->\n<title>Art Num\u00e9rique de B\u00e9b\u00e9 - Positive Prints<\/title>\n<meta name=\"description\" content=\"Si vous cherchez un cadeau de derni\u00e8re minute, l&#039;art num\u00e9rique de b\u00e9b\u00e9 est un choix parfait ! Disponible imm\u00e9diatement apr\u00e8s l&#039;achat.\" \/>\n<meta name=\"robots\" content=\"index, follow, max-snippet:-1, max-image-preview:large, max-video-preview:-1\" \/>\n<link rel=\"canonical\" href=\"https:\/\/positiveprints.com\/fr\/produit\/art-numerique-de-bebe\/\" \/>\n<meta property=\"og:locale\" content=\"fr_FR\" \/>\n<meta property=\"og:type\" content=\"article\" \/>\n<meta property=\"og:title\" content=\"Art Num\u00e9rique de B\u00e9b\u00e9\" \/>\n<meta property=\"og:description\" content=\"Capturez la magie d&#039;une nouvelle vie et c\u00e9l\u00e9brez l&#039;arriv\u00e9e de votre tout-petit avec un art num\u00e9rique unique pour b\u00e9b\u00e9 Disponible imm\u00e9diatement apr\u00e8s l&#039;achat Peut \u00eatre imprim\u00e9 dans le format de votre choix Fichiers JPEG de haute qualit\u00e9 de 300 ppp Vois le r\u00e9sultat imm\u00e9diatement \u2013 l\u2019aper\u00e7u interactif te permet de peaufiner chaque d\u00e9tail\" \/>\n<meta property=\"og:url\" content=\"https:\/\/positiveprints.com\/fr\/produit\/art-numerique-de-bebe\/\" \/>\n<meta property=\"og:site_name\" content=\"Positive Prints\" \/>\n<meta property=\"article:publisher\" content=\"https:\/\/www.facebook.com\/positiveprintscom\" \/>\n<meta property=\"article:modified_time\" content=\"2026-04-28T13:35:07+00:00\" \/>\n<meta property=\"og:image\" content=\"https:\/\/positiveprints.com\/wp-content\/uploads\/2022\/05\/dessin-naissance.jpg\" \/>\n\t<meta property=\"og:image:width\" content=\"1080\" \/>\n\t<meta property=\"og:image:height\" content=\"1080\" \/>\n\t<meta property=\"og:image:type\" content=\"image\/jpeg\" \/>\n<meta name=\"twitter:card\" content=\"summary_large_image\" \/>\n<!-- \/ Yoast SEO Premium plugin. -->","yoast_head_json":{"title":"Art Num\u00e9rique de B\u00e9b\u00e9 - Positive Prints","description":"Si vous cherchez un cadeau de derni\u00e8re minute, l'art num\u00e9rique de b\u00e9b\u00e9 est un choix parfait ! Disponible imm\u00e9diatement apr\u00e8s l'achat.","robots":{"index":"index","follow":"follow","max-snippet":"max-snippet:-1","max-image-preview":"max-image-preview:large","max-video-preview":"max-video-preview:-1"},"canonical":"https:\/\/positiveprints.com\/fr\/produit\/art-numerique-de-bebe\/","og_locale":"fr_FR","og_type":"article","og_title":"Art Num\u00e9rique de B\u00e9b\u00e9","og_description":"Capturez la magie d'une nouvelle vie et c\u00e9l\u00e9brez l'arriv\u00e9e de votre tout-petit avec un art num\u00e9rique unique pour b\u00e9b\u00e9 Disponible imm\u00e9diatement apr\u00e8s l'achat Peut \u00eatre imprim\u00e9 dans le format de votre choix Fichiers JPEG de haute qualit\u00e9 de 300 ppp Vois le r\u00e9sultat imm\u00e9diatement \u2013 l\u2019aper\u00e7u interactif te permet de peaufiner chaque d\u00e9tail","og_url":"https:\/\/positiveprints.com\/fr\/produit\/art-numerique-de-bebe\/","og_site_name":"Positive Prints","article_publisher":"https:\/\/www.facebook.com\/positiveprintscom","article_modified_time":"2026-04-28T13:35:07+00:00","og_image":[{"width":1080,"height":1080,"url":"https:\/\/positiveprints.com\/wp-content\/uploads\/2022\/05\/dessin-naissance.jpg","type":"image\/jpeg"}],"twitter_card":"summary_large_image","schema":{"@context":"https:\/\/schema.org","@graph":[{"@type":["WebPage","ItemPage"],"@id":"https:\/\/positiveprints.com\/fr\/produit\/art-numerique-de-bebe\/","url":"https:\/\/positiveprints.com\/fr\/produit\/art-numerique-de-bebe\/","name":"Art Num\u00e9rique de B\u00e9b\u00e9 - Positive Prints","isPartOf":{"@id":"https:\/\/positiveprints.com\/fr\/#website"},"primaryImageOfPage":{"@id":"https:\/\/positiveprints.com\/fr\/produit\/art-numerique-de-bebe\/#primaryimage"},"image":{"@id":"https:\/\/positiveprints.com\/fr\/produit\/art-numerique-de-bebe\/#primaryimage"},"thumbnailUrl":"https:\/\/positiveprints.com\/wp-content\/uploads\/2022\/05\/dessin-naissance.jpg","datePublished":"2022-09-05T09:44:19+00:00","dateModified":"2026-04-28T13:35:07+00:00","description":"Si vous cherchez un cadeau de derni\u00e8re minute, l'art num\u00e9rique de b\u00e9b\u00e9 est un choix parfait ! Disponible imm\u00e9diatement apr\u00e8s l'achat.","breadcrumb":{"@id":"https:\/\/positiveprints.com\/fr\/produit\/art-numerique-de-bebe\/#breadcrumb"},"inLanguage":"fr-FR","potentialAction":[{"@type":"ReadAction","target":["https:\/\/positiveprints.com\/fr\/produit\/art-numerique-de-bebe\/"]}]},{"@type":"ImageObject","inLanguage":"fr-FR","@id":"https:\/\/positiveprints.com\/fr\/produit\/art-numerique-de-bebe\/#primaryimage","url":"https:\/\/positiveprints.com\/wp-content\/uploads\/2022\/05\/dessin-naissance.jpg","contentUrl":"https:\/\/positiveprints.com\/wp-content\/uploads\/2022\/05\/dessin-naissance.jpg","width":1080,"height":1080},{"@type":"BreadcrumbList","@id":"https:\/\/positiveprints.com\/fr\/produit\/art-numerique-de-bebe\/#breadcrumb","itemListElement":[{"@type":"ListItem","position":1,"name":"Home","item":"https:\/\/positiveprints.com\/fr\/"},{"@type":"ListItem","position":2,"name":"Produits","item":"https:\/\/positiveprints.com\/fr\/shop\/"},{"@type":"ListItem","position":3,"name":"Art Num\u00e9rique de B\u00e9b\u00e9"}]},{"@type":"WebSite","@id":"https:\/\/positiveprints.com\/fr\/#website","url":"https:\/\/positiveprints.com\/fr\/","name":"Positive Prints","description":"Amazing Custom Personalized Gifts","publisher":{"@id":"https:\/\/positiveprints.com\/fr\/#organization"},"potentialAction":[{"@type":"SearchAction","target":{"@type":"EntryPoint","urlTemplate":"https:\/\/positiveprints.com\/fr\/?s={search_term_string}"},"query-input":{"@type":"PropertyValueSpecification","valueRequired":true,"valueName":"search_term_string"}}],"inLanguage":"fr-FR"},{"@type":"Organization","@id":"https:\/\/positiveprints.com\/fr\/#organization","name":"Positive Prints","alternateName":"Positive Prints","url":"https:\/\/positiveprints.com\/fr\/","logo":{"@type":"ImageObject","inLanguage":"fr-FR","@id":"https:\/\/positiveprints.com\/fr\/#\/schema\/logo\/image\/","url":"https:\/\/positiveprints.com\/wp-content\/uploads\/2026\/03\/245815646_1337939713319158_5671353136411139666_n.png","contentUrl":"https:\/\/positiveprints.com\/wp-content\/uploads\/2026\/03\/245815646_1337939713319158_5671353136411139666_n.png","width":800,"height":800,"caption":"Positive Prints"},"image":{"@id":"https:\/\/positiveprints.com\/fr\/#\/schema\/logo\/image\/"},"sameAs":["https:\/\/www.facebook.com\/positiveprintscom","https:\/\/www.instagram.com\/positiveprintscom\/","https:\/\/www.tiktok.com\/@positiveprintscom","https:\/\/www.pinterest.com\/positiveprintscom\/"]}]}},"jetpack_sharing_enabled":true,"_links":{"self":[{"href":"https:\/\/positiveprints.com\/fr\/wp-json\/wp\/v2\/product\/356659","targetHints":{"allow":["GET"]}}],"collection":[{"href":"https:\/\/positiveprints.com\/fr\/wp-json\/wp\/v2\/product"}],"about":[{"href":"https:\/\/positiveprints.com\/fr\/wp-json\/wp\/v2\/types\/product"}],"wp:featuredmedia":[{"embeddable":true,"href":"https:\/\/positiveprints.com\/fr\/wp-json\/wp\/v2\/media\/268623"}],"wp:attachment":[{"href":"https:\/\/positiveprints.com\/fr\/wp-json\/wp\/v2\/media?parent=356659"}],"wp:term":[{"taxonomy":"product_brand","embeddable":true,"href":"https:\/\/positiveprints.com\/fr\/wp-json\/wp\/v2\/product_brand?post=356659"},{"taxonomy":"product_cat","embeddable":true,"href":"https:\/\/positiveprints.com\/fr\/wp-json\/wp\/v2\/product_cat?post=356659"},{"taxonomy":"product_tag","embeddable":true,"href":"https:\/\/positiveprints.com\/fr\/wp-json\/wp\/v2\/product_tag?post=356659"}],"curies":[{"name":"wp","href":"https:\/\/api.w.org\/{rel}","templated":true}]}}