{"id":34698,"date":"2020-11-02T01:22:30","date_gmt":"2020-11-02T00:22:30","guid":{"rendered":"https:\/\/positiveprints.com\/product\/gift-card-2\/"},"modified":"2026-04-13T01:18:41","modified_gmt":"2026-04-13T00:18:41","slug":"carte-cadeau","status":"publish","type":"product","link":"https:\/\/positiveprints.com\/fr\/produit\/carte-cadeau\/","title":{"rendered":"Carte cadeau"},"content":{"rendered":"","protected":false},"excerpt":{"rendered":"<ul class=\"check-list\">\n<li>Offre \u00e0 ton proche un cadeau au choix pour des \u0153uvres d&#8217;art ou des bijoux personnalis\u00e9s<\/li>\n<li>Livr\u00e9 instantan\u00e9ment dans ta bo\u00eete e-mail<\/li>\n<li>Peut \u00eatre utilis\u00e9 pour des paiements complets ou partiels<\/li>\n<li>Valable pendant 12 mois \u00e0 partir de la date d&#8217;\u00e9mission<\/li>\n<li>S\u00e9curis\u00e9 avec un num\u00e9ro de carte unique<\/li>\n<\/ul>\n","protected":false},"featured_media":1209734,"template":"","meta":[],"product_brand":[],"product_cat":[8225,4343,7573,7956],"product_tag":[15592,8719],"class_list":{"0":"post-34698","1":"product","2":"type-product","3":"status-publish","4":"has-post-thumbnail","6":"product_cat-last-minute-gifts-bestsellers-fr","7":"product_cat-gift-card-fr-2","8":"product_cat-idees-cadeaux-de-derniere-minute","9":"product_cat-cadeaux-de-baby-shower","10":"product_tag-bon-cadeau","11":"product_tag-last-minute-fr","13":"first","14":"instock","15":"taxable","16":"shipping-taxable","17":"purchasable","18":"product-type-variable"},"yoast_head":"<!-- This site is optimized with the Yoast SEO Premium plugin v27.2 (Yoast SEO v27.2) - https:\/\/yoast.com\/product\/yoast-seo-premium-wordpress\/ -->\n<title>Carte cadeau - Positive Prints<\/title>\n<meta name=\"description\" content=\"Vous faites des emplettes pour quelqu&#039;un d&#039;autre mais vous ne savez pas quoi lui offrir ? Offrez-lui la carte cadeau Positive Prints !\" \/>\n<meta name=\"robots\" content=\"index, follow, max-snippet:-1, max-image-preview:large, max-video-preview:-1\" \/>\n<link rel=\"canonical\" href=\"https:\/\/positiveprints.com\/fr\/produit\/carte-cadeau\/\" \/>\n<meta property=\"og:locale\" content=\"fr_FR\" \/>\n<meta property=\"og:type\" content=\"article\" \/>\n<meta property=\"og:title\" content=\"Carte cadeau\" \/>\n<meta property=\"og:description\" content=\"Offre \u00e0 ton proche un cadeau au choix pour des \u0153uvres d&#039;art ou des bijoux personnalis\u00e9s Livr\u00e9 instantan\u00e9ment dans ta bo\u00eete e-mail Peut \u00eatre utilis\u00e9 pour des paiements complets ou partiels Valable pendant 12 mois \u00e0 partir de la date d&#039;\u00e9mission S\u00e9curis\u00e9 avec un num\u00e9ro de carte unique\" \/>\n<meta property=\"og:url\" content=\"https:\/\/positiveprints.com\/fr\/produit\/carte-cadeau\/\" \/>\n<meta property=\"og:site_name\" content=\"Positive Prints\" \/>\n<meta property=\"article:publisher\" content=\"https:\/\/www.facebook.com\/positiveprintscom\" \/>\n<meta property=\"article:modified_time\" content=\"2026-04-13T00:18:41+00:00\" \/>\n<meta property=\"og:image\" content=\"https:\/\/positiveprints.com\/wp-content\/uploads\/2024\/10\/fr-gift-card-main.webp\" \/>\n\t<meta property=\"og:image:width\" content=\"1450\" \/>\n\t<meta property=\"og:image:height\" content=\"1450\" \/>\n\t<meta property=\"og:image:type\" content=\"image\/webp\" \/>\n<meta name=\"twitter:card\" content=\"summary_large_image\" \/>\n<!-- \/ Yoast SEO Premium plugin. -->","yoast_head_json":{"title":"Carte cadeau - Positive Prints","description":"Vous faites des emplettes pour quelqu'un d'autre mais vous ne savez pas quoi lui offrir ? Offrez-lui la carte cadeau Positive Prints !","robots":{"index":"index","follow":"follow","max-snippet":"max-snippet:-1","max-image-preview":"max-image-preview:large","max-video-preview":"max-video-preview:-1"},"canonical":"https:\/\/positiveprints.com\/fr\/produit\/carte-cadeau\/","og_locale":"fr_FR","og_type":"article","og_title":"Carte cadeau","og_description":"Offre \u00e0 ton proche un cadeau au choix pour des \u0153uvres d'art ou des bijoux personnalis\u00e9s Livr\u00e9 instantan\u00e9ment dans ta bo\u00eete e-mail Peut \u00eatre utilis\u00e9 pour des paiements complets ou partiels Valable pendant 12 mois \u00e0 partir de la date d'\u00e9mission S\u00e9curis\u00e9 avec un num\u00e9ro de carte unique","og_url":"https:\/\/positiveprints.com\/fr\/produit\/carte-cadeau\/","og_site_name":"Positive Prints","article_publisher":"https:\/\/www.facebook.com\/positiveprintscom","article_modified_time":"2026-04-13T00:18:41+00:00","og_image":[{"width":1450,"height":1450,"url":"https:\/\/positiveprints.com\/wp-content\/uploads\/2024\/10\/fr-gift-card-main.webp","type":"image\/webp"}],"twitter_card":"summary_large_image","schema":{"@context":"https:\/\/schema.org","@graph":[{"@type":["WebPage","ItemPage"],"@id":"https:\/\/positiveprints.com\/fr\/produit\/carte-cadeau\/","url":"https:\/\/positiveprints.com\/fr\/produit\/carte-cadeau\/","name":"Carte cadeau - Positive Prints","isPartOf":{"@id":"https:\/\/positiveprints.com\/fr\/#website"},"primaryImageOfPage":{"@id":"https:\/\/positiveprints.com\/fr\/produit\/carte-cadeau\/#primaryimage"},"image":{"@id":"https:\/\/positiveprints.com\/fr\/produit\/carte-cadeau\/#primaryimage"},"thumbnailUrl":"https:\/\/positiveprints.com\/wp-content\/uploads\/2024\/10\/fr-gift-card-main.webp","datePublished":"2020-11-02T00:22:30+00:00","dateModified":"2026-04-13T00:18:41+00:00","description":"Vous faites des emplettes pour quelqu'un d'autre mais vous ne savez pas quoi lui offrir ? Offrez-lui la carte cadeau Positive Prints !","breadcrumb":{"@id":"https:\/\/positiveprints.com\/fr\/produit\/carte-cadeau\/#breadcrumb"},"inLanguage":"fr-FR","potentialAction":[{"@type":"ReadAction","target":["https:\/\/positiveprints.com\/fr\/produit\/carte-cadeau\/"]}]},{"@type":"ImageObject","inLanguage":"fr-FR","@id":"https:\/\/positiveprints.com\/fr\/produit\/carte-cadeau\/#primaryimage","url":"https:\/\/positiveprints.com\/wp-content\/uploads\/2024\/10\/fr-gift-card-main.webp","contentUrl":"https:\/\/positiveprints.com\/wp-content\/uploads\/2024\/10\/fr-gift-card-main.webp","width":1450,"height":1450},{"@type":"BreadcrumbList","@id":"https:\/\/positiveprints.com\/fr\/produit\/carte-cadeau\/#breadcrumb","itemListElement":[{"@type":"ListItem","position":1,"name":"Home","item":"https:\/\/positiveprints.com\/fr\/"},{"@type":"ListItem","position":2,"name":"Produits","item":"https:\/\/positiveprints.com\/fr\/shop\/"},{"@type":"ListItem","position":3,"name":"Carte cadeau"}]},{"@type":"WebSite","@id":"https:\/\/positiveprints.com\/fr\/#website","url":"https:\/\/positiveprints.com\/fr\/","name":"Positive Prints","description":"Amazing Custom Personalized Gifts","publisher":{"@id":"https:\/\/positiveprints.com\/fr\/#organization"},"potentialAction":[{"@type":"SearchAction","target":{"@type":"EntryPoint","urlTemplate":"https:\/\/positiveprints.com\/fr\/?s={search_term_string}"},"query-input":{"@type":"PropertyValueSpecification","valueRequired":true,"valueName":"search_term_string"}}],"inLanguage":"fr-FR"},{"@type":"Organization","@id":"https:\/\/positiveprints.com\/fr\/#organization","name":"Positive Prints","alternateName":"Positive Prints","url":"https:\/\/positiveprints.com\/fr\/","logo":{"@type":"ImageObject","inLanguage":"fr-FR","@id":"https:\/\/positiveprints.com\/fr\/#\/schema\/logo\/image\/","url":"https:\/\/positiveprints.com\/wp-content\/uploads\/2026\/03\/245815646_1337939713319158_5671353136411139666_n.png","contentUrl":"https:\/\/positiveprints.com\/wp-content\/uploads\/2026\/03\/245815646_1337939713319158_5671353136411139666_n.png","width":800,"height":800,"caption":"Positive Prints"},"image":{"@id":"https:\/\/positiveprints.com\/fr\/#\/schema\/logo\/image\/"},"sameAs":["https:\/\/www.facebook.com\/positiveprintscom","https:\/\/www.instagram.com\/positiveprintscom\/","https:\/\/www.tiktok.com\/@positiveprintscom","https:\/\/www.pinterest.com\/positiveprintscom\/"]}]}},"jetpack_sharing_enabled":true,"_links":{"self":[{"href":"https:\/\/positiveprints.com\/fr\/wp-json\/wp\/v2\/product\/34698","targetHints":{"allow":["GET"]}}],"collection":[{"href":"https:\/\/positiveprints.com\/fr\/wp-json\/wp\/v2\/product"}],"about":[{"href":"https:\/\/positiveprints.com\/fr\/wp-json\/wp\/v2\/types\/product"}],"wp:featuredmedia":[{"embeddable":true,"href":"https:\/\/positiveprints.com\/fr\/wp-json\/wp\/v2\/media\/1209734"}],"wp:attachment":[{"href":"https:\/\/positiveprints.com\/fr\/wp-json\/wp\/v2\/media?parent=34698"}],"wp:term":[{"taxonomy":"product_brand","embeddable":true,"href":"https:\/\/positiveprints.com\/fr\/wp-json\/wp\/v2\/product_brand?post=34698"},{"taxonomy":"product_cat","embeddable":true,"href":"https:\/\/positiveprints.com\/fr\/wp-json\/wp\/v2\/product_cat?post=34698"},{"taxonomy":"product_tag","embeddable":true,"href":"https:\/\/positiveprints.com\/fr\/wp-json\/wp\/v2\/product_tag?post=34698"}],"curies":[{"name":"wp","href":"https:\/\/api.w.org\/{rel}","templated":true}]}}