{"id":323997,"date":"2022-06-30T11:20:57","date_gmt":"2022-06-30T10:20:57","guid":{"rendered":"https:\/\/positiveprints.com\/product\/photo-wall-art\/"},"modified":"2026-04-18T06:57:22","modified_gmt":"2026-04-18T05:57:22","slug":"decoration-murale-personnalisee","status":"publish","type":"product","link":"https:\/\/positiveprints.com\/fr\/produit\/decoration-murale-personnalisee\/","title":{"rendered":"D\u00e9coration Murale Personnalis\u00e9e"},"content":{"rendered":"<p>Les cadeaux photo capturent vos souvenirs les plus pr\u00e9cieux afin que vous puissiez en profiter toute votre vie. Cr\u00e9ez votre propre d\u00e9coration murale personnalis\u00e9e et partagez votre amour !<\/p>\r\n\r\n\r\n\r\n<h2 class=\"grenB f24 cblue\" style=\"margin-top: 3rem\">Pourquoi offrir de la d\u00e9coration murale personnalis\u00e9e ?<\/h2>\r\n\r\n\r\n\r\n<p style=\"margin-top: 1rem\">Toutes ces photos inestimables sur votre t\u00e9l\u00e9phone sont les moments d&#8217;une vie bien v\u00e9cue. C&#8217;est incroyable ce qu&#8217;une photo peut faire pour d\u00e9clencher tous vos pr\u00e9cieux souvenirs et vous ramener \u00e0 certains des moments les plus heureux de votre vie. Partagez ces moments avec les gens que vous aimez en transformant vos pr\u00e9cieuses photos en art mural personnalis\u00e9.<\/p>\r\n\r\n\r\n\r\n<p style=\"margin-top: 1rem\">La d\u00e9coration murale raconte une histoire \u00e0 tous ceux qui la voient. C&#8217;est le reflet de la personnalit\u00e9 et permet de partager son histoire unique. L&#8217;art photographique de qualit\u00e9 sup\u00e9rieure peut \u00eatre transmis de g\u00e9n\u00e9ration en g\u00e9n\u00e9ration, contribuant ainsi \u00e0 pr\u00e9server les souvenirs de famille, les histoires et les r\u00e9cits qui entretiennent la magie.<\/p>\r\n\r\n\r\n\r\n<h2 class=\"grenB f24 cblue\" style=\"margin-top: 3rem\">Comment \u00e7a marche<\/h2>\r\n\r\n\r\n\r\n<p style=\"margin-top: 1rem\">Notre logiciel d&#8217;\u00e9dition, facile d&#8217;utilisation, vous aide \u00e0 transformer n&#8217;importe quelle photo en une \u0153uvre d&#8217;art &#8211; simple comme bonjour ! Importez votre image, ajoutez du texte et choisissez la taille de votre photo et d&#8217;autres d\u00e9tails. Notre \u00e9diteur est intuitif et tr\u00e8s facile \u00e0 utiliser, et il se met \u00e0 jour en temps r\u00e9el pour que vous puissiez voir vos cadeaux photo prendre vie.<\/p>\r\n\r\n\r\n\r\n<p style=\"margin-top: 1rem\">Choisissez parmi une vari\u00e9t\u00e9 de tailles courantes, toutes imprim\u00e9es sur des mat\u00e9riaux de la plus haute qualit\u00e9 et pr\u00eates \u00e0 \u00eatre offertes. Choisissez parmi les tirages de posters ou de photos sur toile, ou s\u00e9lectionnez un fichier num\u00e9rique que vous pouvez t\u00e9l\u00e9charger et imprimer. Tous nos cadeaux de d\u00e9coration murale personnalis\u00e9e sont exp\u00e9di\u00e9s partout dans le monde.<\/p>\r\n\r\n\r\n\r\n<h2 class=\"grenB f24 cblue\" style=\"margin-top: 3rem\">Inspirez Vos Cadeaux Photo avec des Impressions Personnalis\u00e9es<\/h2>\r\n\r\n\r\n\r\n<p style=\"margin-top: 1rem\">Il n&#8217;y a rien de tel que de donner (ou de recevoir !) un cadeau photo personnalis\u00e9. Cela demande un peu plus de r\u00e9flexion et d&#8217;efforts, mais l&#8217;impact en vaut toujours la peine.<\/p>\r\n\r\n\r\n\r\n<p style=\"margin-top: 1rem\">Chez Positive Prints, nous rendons plus facile que jamais la cr\u00e9ation et le partage de d\u00e9coration murale personnalis\u00e9e en faisant le plus gros du travail pour vous. C&#8217;est un cadeau vraiment personnalis\u00e9, que vos proches ch\u00e9riront pendant des ann\u00e9es. Commencez ici !<\/p>","protected":false},"excerpt":{"rendered":"<ul class=\"check-list\">\n<li>Transformez vos photos en cadeaux personnalis\u00e9s instantan\u00e9s<\/li>\n<li>Ajouter des superpositions de texte pour rendre chaque cadeau sp\u00e9cial et pr\u00e9cieux<\/li>\n<li>Personnalisez en 3 \u00e9tapes simples<\/li>\n<li>Vois le r\u00e9sultat imm\u00e9diatement \u2013 l\u2019aper\u00e7u interactif te permet de peaufiner chaque d\u00e9tail<\/li>\n<\/ul>\n","protected":false},"featured_media":1553934,"template":"","meta":[],"product_brand":[],"product_cat":[15109,8243,264,7495],"product_tag":[14858,14861,13810],"class_list":{"0":"post-323997","1":"product","2":"type-product","3":"status-publish","4":"has-post-thumbnail","6":"product_cat-bestsellers-menu-fr","7":"product_cat-digital-products-fr","8":"product_cat-creators-fr-2","9":"product_cat-photo-fr","10":"product_tag-creators-fr-2","11":"product_tag-custom-photo-fr","12":"product_tag-poster-photo-personnalise","14":"first","15":"instock","16":"sale","17":"taxable","18":"shipping-taxable","19":"purchasable","20":"product-type-variable"},"yoast_head":"<!-- This site is optimized with the Yoast SEO Premium plugin v27.2 (Yoast SEO v27.2) - https:\/\/yoast.com\/product\/yoast-seo-premium-wordpress\/ -->\n<title>D\u00e9coration Murale Personnalis\u00e9e - Positive Prints<\/title>\n<meta name=\"description\" content=\"Une d\u00e9coration murale personnalis\u00e9e est le cadeau parfait pour vos proches. Transformez vos photos en cadeaux avec des Impressions Personnalis\u00e9es \u2014 c&#039;est simple comme bonjour !\" \/>\n<meta name=\"robots\" content=\"index, follow, max-snippet:-1, max-image-preview:large, max-video-preview:-1\" \/>\n<link rel=\"canonical\" href=\"https:\/\/positiveprints.com\/fr\/produit\/decoration-murale-personnalisee\/\" \/>\n<meta property=\"og:locale\" content=\"fr_FR\" \/>\n<meta property=\"og:type\" content=\"article\" \/>\n<meta property=\"og:title\" content=\"D\u00e9coration Murale Personnalis\u00e9e\" \/>\n<meta property=\"og:description\" content=\"Transformez vos photos en cadeaux personnalis\u00e9s instantan\u00e9s Ajouter des superpositions de texte pour rendre chaque cadeau sp\u00e9cial et pr\u00e9cieux Personnalisez en 3 \u00e9tapes simples Vois le r\u00e9sultat imm\u00e9diatement \u2013 l\u2019aper\u00e7u interactif te permet de peaufiner chaque d\u00e9tail\" \/>\n<meta property=\"og:url\" content=\"https:\/\/positiveprints.com\/fr\/produit\/decoration-murale-personnalisee\/\" \/>\n<meta property=\"og:site_name\" content=\"Positive Prints\" \/>\n<meta property=\"article:publisher\" content=\"https:\/\/www.facebook.com\/positiveprintscom\" \/>\n<meta property=\"article:modified_time\" content=\"2026-04-18T05:57:22+00:00\" \/>\n<meta property=\"og:image\" content=\"https:\/\/positiveprints.com\/wp-content\/uploads\/2022\/06\/photo-wall-art.jpg\" \/>\n\t<meta property=\"og:image:width\" content=\"1080\" \/>\n\t<meta property=\"og:image:height\" content=\"1080\" \/>\n\t<meta property=\"og:image:type\" content=\"image\/jpeg\" \/>\n<meta name=\"twitter:card\" content=\"summary_large_image\" \/>\n<meta name=\"twitter:label1\" content=\"Dur\u00e9e de lecture estim\u00e9e\" \/>\n\t<meta name=\"twitter:data1\" content=\"2 minutes\" \/>\n<!-- \/ Yoast SEO Premium plugin. -->","yoast_head_json":{"title":"D\u00e9coration Murale Personnalis\u00e9e - Positive Prints","description":"Une d\u00e9coration murale personnalis\u00e9e est le cadeau parfait pour vos proches. Transformez vos photos en cadeaux avec des Impressions Personnalis\u00e9es \u2014 c'est simple comme bonjour !","robots":{"index":"index","follow":"follow","max-snippet":"max-snippet:-1","max-image-preview":"max-image-preview:large","max-video-preview":"max-video-preview:-1"},"canonical":"https:\/\/positiveprints.com\/fr\/produit\/decoration-murale-personnalisee\/","og_locale":"fr_FR","og_type":"article","og_title":"D\u00e9coration Murale Personnalis\u00e9e","og_description":"Transformez vos photos en cadeaux personnalis\u00e9s instantan\u00e9s Ajouter des superpositions de texte pour rendre chaque cadeau sp\u00e9cial et pr\u00e9cieux Personnalisez en 3 \u00e9tapes simples Vois le r\u00e9sultat imm\u00e9diatement \u2013 l\u2019aper\u00e7u interactif te permet de peaufiner chaque d\u00e9tail","og_url":"https:\/\/positiveprints.com\/fr\/produit\/decoration-murale-personnalisee\/","og_site_name":"Positive Prints","article_publisher":"https:\/\/www.facebook.com\/positiveprintscom","article_modified_time":"2026-04-18T05:57:22+00:00","og_image":[{"width":1080,"height":1080,"url":"https:\/\/positiveprints.com\/wp-content\/uploads\/2022\/06\/photo-wall-art.jpg","type":"image\/jpeg"}],"twitter_card":"summary_large_image","twitter_misc":{"Dur\u00e9e de lecture estim\u00e9e":"2 minutes"},"schema":{"@context":"https:\/\/schema.org","@graph":[{"@type":["WebPage","ItemPage"],"@id":"https:\/\/positiveprints.com\/fr\/produit\/decoration-murale-personnalisee\/","url":"https:\/\/positiveprints.com\/fr\/produit\/decoration-murale-personnalisee\/","name":"D\u00e9coration Murale Personnalis\u00e9e - Positive Prints","isPartOf":{"@id":"https:\/\/positiveprints.com\/fr\/#website"},"primaryImageOfPage":{"@id":"https:\/\/positiveprints.com\/fr\/produit\/decoration-murale-personnalisee\/#primaryimage"},"image":{"@id":"https:\/\/positiveprints.com\/fr\/produit\/decoration-murale-personnalisee\/#primaryimage"},"thumbnailUrl":"https:\/\/positiveprints.com\/wp-content\/uploads\/2025\/10\/Decoration-Murale-Personnalisee-2.webp","datePublished":"2022-06-30T10:20:57+00:00","dateModified":"2026-04-18T05:57:22+00:00","description":"Une d\u00e9coration murale personnalis\u00e9e est le cadeau parfait pour vos proches. Transformez vos photos en cadeaux avec des Impressions Personnalis\u00e9es \u2014 c'est simple comme bonjour !","breadcrumb":{"@id":"https:\/\/positiveprints.com\/fr\/produit\/decoration-murale-personnalisee\/#breadcrumb"},"inLanguage":"fr-FR","potentialAction":[{"@type":"ReadAction","target":["https:\/\/positiveprints.com\/fr\/produit\/decoration-murale-personnalisee\/"]}]},{"@type":"ImageObject","inLanguage":"fr-FR","@id":"https:\/\/positiveprints.com\/fr\/produit\/decoration-murale-personnalisee\/#primaryimage","url":"https:\/\/positiveprints.com\/wp-content\/uploads\/2025\/10\/Decoration-Murale-Personnalisee-2.webp","contentUrl":"https:\/\/positiveprints.com\/wp-content\/uploads\/2025\/10\/Decoration-Murale-Personnalisee-2.webp","width":1450,"height":1450},{"@type":"BreadcrumbList","@id":"https:\/\/positiveprints.com\/fr\/produit\/decoration-murale-personnalisee\/#breadcrumb","itemListElement":[{"@type":"ListItem","position":1,"name":"Home","item":"https:\/\/positiveprints.com\/fr\/"},{"@type":"ListItem","position":2,"name":"Produits","item":"https:\/\/positiveprints.com\/fr\/shop\/"},{"@type":"ListItem","position":3,"name":"D\u00e9coration Murale Personnalis\u00e9e"}]},{"@type":"WebSite","@id":"https:\/\/positiveprints.com\/fr\/#website","url":"https:\/\/positiveprints.com\/fr\/","name":"Positive Prints","description":"Amazing Custom Personalized Gifts","publisher":{"@id":"https:\/\/positiveprints.com\/fr\/#organization"},"potentialAction":[{"@type":"SearchAction","target":{"@type":"EntryPoint","urlTemplate":"https:\/\/positiveprints.com\/fr\/?s={search_term_string}"},"query-input":{"@type":"PropertyValueSpecification","valueRequired":true,"valueName":"search_term_string"}}],"inLanguage":"fr-FR"},{"@type":"Organization","@id":"https:\/\/positiveprints.com\/fr\/#organization","name":"Positive Prints","alternateName":"Positive Prints","url":"https:\/\/positiveprints.com\/fr\/","logo":{"@type":"ImageObject","inLanguage":"fr-FR","@id":"https:\/\/positiveprints.com\/fr\/#\/schema\/logo\/image\/","url":"https:\/\/positiveprints.com\/wp-content\/uploads\/2026\/03\/245815646_1337939713319158_5671353136411139666_n.png","contentUrl":"https:\/\/positiveprints.com\/wp-content\/uploads\/2026\/03\/245815646_1337939713319158_5671353136411139666_n.png","width":800,"height":800,"caption":"Positive Prints"},"image":{"@id":"https:\/\/positiveprints.com\/fr\/#\/schema\/logo\/image\/"},"sameAs":["https:\/\/www.facebook.com\/positiveprintscom","https:\/\/www.instagram.com\/positiveprintscom\/","https:\/\/www.tiktok.com\/@positiveprintscom","https:\/\/www.pinterest.com\/positiveprintscom\/"]}]}},"jetpack_sharing_enabled":true,"_links":{"self":[{"href":"https:\/\/positiveprints.com\/fr\/wp-json\/wp\/v2\/product\/323997","targetHints":{"allow":["GET"]}}],"collection":[{"href":"https:\/\/positiveprints.com\/fr\/wp-json\/wp\/v2\/product"}],"about":[{"href":"https:\/\/positiveprints.com\/fr\/wp-json\/wp\/v2\/types\/product"}],"wp:featuredmedia":[{"embeddable":true,"href":"https:\/\/positiveprints.com\/fr\/wp-json\/wp\/v2\/media\/1553934"}],"wp:attachment":[{"href":"https:\/\/positiveprints.com\/fr\/wp-json\/wp\/v2\/media?parent=323997"}],"wp:term":[{"taxonomy":"product_brand","embeddable":true,"href":"https:\/\/positiveprints.com\/fr\/wp-json\/wp\/v2\/product_brand?post=323997"},{"taxonomy":"product_cat","embeddable":true,"href":"https:\/\/positiveprints.com\/fr\/wp-json\/wp\/v2\/product_cat?post=323997"},{"taxonomy":"product_tag","embeddable":true,"href":"https:\/\/positiveprints.com\/fr\/wp-json\/wp\/v2\/product_tag?post=323997"}],"curies":[{"name":"wp","href":"https:\/\/api.w.org\/{rel}","templated":true}]}}