{"id":317852,"date":"2022-06-30T11:14:45","date_gmt":"2022-06-30T10:14:45","guid":{"rendered":"https:\/\/positiveprints.com\/product\/soundwave-art\/"},"modified":"2026-04-18T06:58:53","modified_gmt":"2026-04-18T05:58:53","slug":"ondes-sonores-personnalisees","status":"publish","type":"product","link":"https:\/\/positiveprints.com\/fr\/produit\/ondes-sonores-personnalisees\/","title":{"rendered":"Ondes Sonores Personnalis\u00e9es"},"content":{"rendered":"<p>Ondes sonores personnalis\u00e9es vous permet de capturer un son de votre choix dans une \u0153uvre d&#8217;art visuelle. T\u00e9l\u00e9chargez votre audio, choisissez votre design, et nous ferons le reste !<\/p>\r\n\r\n<h2 class=\"grenB f24 cblue\" style=\"margin-top: 3rem\">Qu&#8217;est-ce que les Ondes sonores personnalis\u00e9es ?<\/h2>\r\n\r\n<p style=\"margin-top: 1rem\">Chaque voix et chaque son poss\u00e8de un motif unique. Nous ne voyons pas ce mod\u00e8le lorsque nous parlons ou \u00e9coutons. Mais avec la bonne technologie, vous pouvez visualiser les ondes sonores qui composent vos mots.<\/p>\r\n\r\n<p style=\"margin-top: 1rem\">Nous immortalisons ces ondes sonores dans notre Ondes sonores personnalis\u00e9es, maintenant disponible chez Positive Prints. Notre \u00e9diteur de sons utilise un fichier audio de votre choix, puis ajoute une dimension visuelle au son pour le transformer en \u0153uvre d&#8217;art.<\/p>\r\n\r\n<h2 class=\"grenB f24 cblue\" style=\"margin-top: 3rem\">Pourquoi cr\u00e9er Ondes sonores personnalis\u00e9est ?<\/h2>\r\n\r\n<p style=\"margin-top: 1rem\">Certains de nos souvenirs les plus pr\u00e9cieux sont ceux que nous entendons dans notre propre esprit : Les premiers mots de votre enfant. Les derniers mots d&#8217;un \u00eatre cher. Le moment o\u00f9 vous avez dit &#8220;je le veux&#8221;. Votre chanson favorite. Ces souvenirs sont irrempla\u00e7ables et m\u00e9ritent d&#8217;\u00eatre honor\u00e9s \u00e0 travers le temps.<\/p>\r\n\r\n<p style=\"margin-top: 1rem\">C&#8217;est pourquoi nous avons cr\u00e9\u00e9 notre \u00e9diteur Ondes sonores personnalis\u00e9es en premier lieu. Nous voulons que vous puissiez vivre les sons les plus importants de votre vie quand et comme vous le souhaitez. Lorsque vous transformez un clip sonore en art mural, ces mots importants vous seront rappel\u00e9s \u00e0 chaque fois que vous les regarderez. C&#8217;est une \u0153uvre d&#8217;art unique en son genre, que vous ch\u00e9rirez toute votre vie.<\/p>\r\n\r\n<h2 class=\"grenB f24 cblue\" style=\"margin-top: 3rem\">Le cadeau parfait pour chaque occasion<\/h2>\r\n\r\n<p style=\"margin-top: 1rem\">Nos clients choisissent nos cadeaux personnalis\u00e9s pour de nombreuses raisons, mais nos impressions sont le plus souvent utilis\u00e9es pour offrir \u00e0 quelqu&#8217;un d&#8217;autre. Surprenez votre conjoint avec les ondes sonores des paroles d&#8217;une chanson ou d&#8217;une citation sp\u00e9ciale. Enregistrez les battements de c\u0153ur de votre b\u00e9b\u00e9 et cr\u00e9ez un cadeau unique pour une f\u00eate de b\u00e9b\u00e9. Transformez une citation inspirante en un cadeau de fin d&#8217;\u00e9tudes ou un cadeau pour toute \u00e9tape importante de la vie.<\/p>\r\n\r\n<p style=\"margin-top: 1rem\">Une repr\u00e9sentation d&#8217;ondes sonores vocales constitue un cadeau id\u00e9al pour toutes les occasions, notamment :<\/p>\r\n\r\n<ul>\r\n\r\n<li>Anniversaires<\/li>\r\n\r\n<li>Douches de b\u00e9b\u00e9<\/li>\r\n\r\n<li>Mariages<\/li>\r\n\r\n<li>Fian\u00e7ailles<\/li>\r\n\r\n<li>Vacances<\/li>\r\n\r\n<li>Nouveaux emplois<\/li>\r\n\r\n<li>Retraites<\/li>\r\n\r\n<\/ul>\r\n\r\n<p style=\"margin-top: 1rem\">Si cela vaut la peine d&#8217;\u00eatre c\u00e9l\u00e9br\u00e9, cela m\u00e9rite d&#8217;\u00eatre c\u00e9l\u00e9br\u00e9 avec style. L&#8217;art Ondes sonores personnalis\u00e9es vous permet d&#8217;offrir un cadeau aussi unique que votre destinataire. Il est unique et compl\u00e8tement inattendu, et il signifiera beaucoup plus pour lui que tout ce que vous trouverez dans un magasin. Le potentiel de l&#8217;art Ondes sonores personnalis\u00e9esest infini !<\/p>\r\n\r\n<h2 class=\"grenB f24 cblue\" style=\"margin-top: 3rem\">Cr\u00e9ez votre art mural Ondes sonores d\u00e8s maintenant<\/h2>\r\n\r\n<p style=\"margin-top: 1rem\">Pr\u00eat \u00e0 transformer vos sons pr\u00e9f\u00e9r\u00e9s en art personnalis\u00e9 ? Positive Prints fait le plus gros du travail pour vous avec notre tout nouvel \u00e9diteur. T\u00e9l\u00e9chargez simplement votre audio ou trouvez votre chanson pr\u00e9f\u00e9r\u00e9e sur Spotify. S\u00e9lectionnez ensuite les d\u00e9tails de votre cr\u00e9ation, et nous nous chargeons du reste !<\/p>\r\n\r\n<p style=\"margin-top: 1rem\">Commencez ici et admirez une superbe \u0153uvre d&#8217;art r\u00e9alis\u00e9e juste pour vous !<\/p>","protected":false},"excerpt":{"rendered":"<ul class=\"check-list\">\n<li>Il suffit de t\u00e9l\u00e9charger un fichier audio<\/li>\n<li>Ajoutez un code QR et scannez-le pour lire votre chanson pr\u00e9f\u00e9r\u00e9e<\/li>\n<li>Personnalisez votre design en 3 \u00e9tapes simples<\/li>\n<li>Choisissez un mod\u00e8le ou faites preuve de cr\u00e9ativit\u00e9<\/li>\n<\/ul>\n","protected":false},"featured_media":1277077,"template":"","meta":[],"product_brand":[],"product_cat":[11529,11532,11533,11530,11534,11531,11607,15109,264,8243,7478,104],"product_tag":[14858],"class_list":{"0":"post-317852","1":"product","2":"type-product","3":"status-publish","4":"has-post-thumbnail","6":"product_cat-1-an-de-mariage","7":"product_cat-10-ans-de-mariage","8":"product_cat-15-ans-de-mariage","9":"product_cat-2-ans-de-mariage","10":"product_cat-20-ans-de-mariage","11":"product_cat-5-ans-de-mariage","12":"product_cat-50-ans-de-mariage","13":"product_cat-bestsellers-menu-fr","14":"product_cat-creators-fr-2","15":"product_cat-digital-products-fr","16":"product_cat-soundwave-fr","17":"product_cat-tous-les-produits","18":"product_tag-creators-fr-2","20":"first","21":"instock","22":"sale","23":"taxable","24":"shipping-taxable","25":"purchasable","26":"product-type-variable"},"yoast_head":"<!-- This site is optimized with the Yoast SEO Premium plugin v27.2 (Yoast SEO v27.2) - https:\/\/yoast.com\/product\/yoast-seo-premium-wordpress\/ -->\n<title>Ondes Sonores Personnalis\u00e9es - Positive Prints<\/title>\n<meta name=\"description\" content=\"Cr\u00e9ez une affiche unique avec des ondes sonores personnalis\u00e9es, parfaite pour un cadeau original et significatif.\" \/>\n<meta name=\"robots\" content=\"index, follow, max-snippet:-1, max-image-preview:large, max-video-preview:-1\" \/>\n<link rel=\"canonical\" href=\"https:\/\/positiveprints.com\/fr\/produit\/ondes-sonores-personnalisees\/\" \/>\n<meta property=\"og:locale\" content=\"fr_FR\" \/>\n<meta property=\"og:type\" content=\"article\" \/>\n<meta property=\"og:title\" content=\"Ondes Sonores Personnalis\u00e9es\" \/>\n<meta property=\"og:description\" content=\"Il suffit de t\u00e9l\u00e9charger un fichier audio Ajoutez un code QR et scannez-le pour lire votre chanson pr\u00e9f\u00e9r\u00e9e Personnalisez votre design en 3 \u00e9tapes simples Choisissez un mod\u00e8le ou faites preuve de cr\u00e9ativit\u00e9\" \/>\n<meta property=\"og:url\" content=\"https:\/\/positiveprints.com\/fr\/produit\/ondes-sonores-personnalisees\/\" \/>\n<meta property=\"og:site_name\" content=\"Positive Prints\" \/>\n<meta property=\"article:publisher\" content=\"https:\/\/www.facebook.com\/positiveprintscom\" \/>\n<meta property=\"article:modified_time\" content=\"2026-04-18T05:58:53+00:00\" \/>\n<meta property=\"og:image\" content=\"https:\/\/positiveprints.com\/wp-content\/uploads\/2024\/11\/Packshot_FR_Soundwave-Art-product-image-.webp\" \/>\n\t<meta property=\"og:image:width\" content=\"1450\" \/>\n\t<meta property=\"og:image:height\" content=\"1450\" \/>\n\t<meta property=\"og:image:type\" content=\"image\/webp\" \/>\n<meta name=\"twitter:card\" content=\"summary_large_image\" \/>\n<meta name=\"twitter:label1\" content=\"Dur\u00e9e de lecture estim\u00e9e\" \/>\n\t<meta name=\"twitter:data1\" content=\"3 minutes\" \/>\n<!-- \/ Yoast SEO Premium plugin. -->","yoast_head_json":{"title":"Ondes Sonores Personnalis\u00e9es - Positive Prints","description":"Cr\u00e9ez une affiche unique avec des ondes sonores personnalis\u00e9es, parfaite pour un cadeau original et significatif.","robots":{"index":"index","follow":"follow","max-snippet":"max-snippet:-1","max-image-preview":"max-image-preview:large","max-video-preview":"max-video-preview:-1"},"canonical":"https:\/\/positiveprints.com\/fr\/produit\/ondes-sonores-personnalisees\/","og_locale":"fr_FR","og_type":"article","og_title":"Ondes Sonores Personnalis\u00e9es","og_description":"Il suffit de t\u00e9l\u00e9charger un fichier audio Ajoutez un code QR et scannez-le pour lire votre chanson pr\u00e9f\u00e9r\u00e9e Personnalisez votre design en 3 \u00e9tapes simples Choisissez un mod\u00e8le ou faites preuve de cr\u00e9ativit\u00e9","og_url":"https:\/\/positiveprints.com\/fr\/produit\/ondes-sonores-personnalisees\/","og_site_name":"Positive Prints","article_publisher":"https:\/\/www.facebook.com\/positiveprintscom","article_modified_time":"2026-04-18T05:58:53+00:00","og_image":[{"width":1450,"height":1450,"url":"https:\/\/positiveprints.com\/wp-content\/uploads\/2024\/11\/Packshot_FR_Soundwave-Art-product-image-.webp","type":"image\/webp"}],"twitter_card":"summary_large_image","twitter_misc":{"Dur\u00e9e de lecture estim\u00e9e":"3 minutes"},"schema":{"@context":"https:\/\/schema.org","@graph":[{"@type":["WebPage","ItemPage"],"@id":"https:\/\/positiveprints.com\/fr\/produit\/ondes-sonores-personnalisees\/","url":"https:\/\/positiveprints.com\/fr\/produit\/ondes-sonores-personnalisees\/","name":"Ondes Sonores Personnalis\u00e9es - Positive Prints","isPartOf":{"@id":"https:\/\/positiveprints.com\/fr\/#website"},"primaryImageOfPage":{"@id":"https:\/\/positiveprints.com\/fr\/produit\/ondes-sonores-personnalisees\/#primaryimage"},"image":{"@id":"https:\/\/positiveprints.com\/fr\/produit\/ondes-sonores-personnalisees\/#primaryimage"},"thumbnailUrl":"https:\/\/positiveprints.com\/wp-content\/uploads\/2024\/11\/Packshot_FR_Soundwave-Art-product-image-.webp","datePublished":"2022-06-30T10:14:45+00:00","dateModified":"2026-04-18T05:58:53+00:00","description":"Cr\u00e9ez une affiche unique avec des ondes sonores personnalis\u00e9es, parfaite pour un cadeau original et significatif.","breadcrumb":{"@id":"https:\/\/positiveprints.com\/fr\/produit\/ondes-sonores-personnalisees\/#breadcrumb"},"inLanguage":"fr-FR","potentialAction":[{"@type":"ReadAction","target":["https:\/\/positiveprints.com\/fr\/produit\/ondes-sonores-personnalisees\/"]}]},{"@type":"ImageObject","inLanguage":"fr-FR","@id":"https:\/\/positiveprints.com\/fr\/produit\/ondes-sonores-personnalisees\/#primaryimage","url":"https:\/\/positiveprints.com\/wp-content\/uploads\/2024\/11\/Packshot_FR_Soundwave-Art-product-image-.webp","contentUrl":"https:\/\/positiveprints.com\/wp-content\/uploads\/2024\/11\/Packshot_FR_Soundwave-Art-product-image-.webp","width":1450,"height":1450},{"@type":"BreadcrumbList","@id":"https:\/\/positiveprints.com\/fr\/produit\/ondes-sonores-personnalisees\/#breadcrumb","itemListElement":[{"@type":"ListItem","position":1,"name":"Home","item":"https:\/\/positiveprints.com\/fr\/"},{"@type":"ListItem","position":2,"name":"Produits","item":"https:\/\/positiveprints.com\/fr\/shop\/"},{"@type":"ListItem","position":3,"name":"Ondes Sonores Personnalis\u00e9es"}]},{"@type":"WebSite","@id":"https:\/\/positiveprints.com\/fr\/#website","url":"https:\/\/positiveprints.com\/fr\/","name":"Positive Prints","description":"Amazing Custom Personalized Gifts","publisher":{"@id":"https:\/\/positiveprints.com\/fr\/#organization"},"potentialAction":[{"@type":"SearchAction","target":{"@type":"EntryPoint","urlTemplate":"https:\/\/positiveprints.com\/fr\/?s={search_term_string}"},"query-input":{"@type":"PropertyValueSpecification","valueRequired":true,"valueName":"search_term_string"}}],"inLanguage":"fr-FR"},{"@type":"Organization","@id":"https:\/\/positiveprints.com\/fr\/#organization","name":"Positive Prints","alternateName":"Positive Prints","url":"https:\/\/positiveprints.com\/fr\/","logo":{"@type":"ImageObject","inLanguage":"fr-FR","@id":"https:\/\/positiveprints.com\/fr\/#\/schema\/logo\/image\/","url":"https:\/\/positiveprints.com\/wp-content\/uploads\/2026\/03\/245815646_1337939713319158_5671353136411139666_n.png","contentUrl":"https:\/\/positiveprints.com\/wp-content\/uploads\/2026\/03\/245815646_1337939713319158_5671353136411139666_n.png","width":800,"height":800,"caption":"Positive Prints"},"image":{"@id":"https:\/\/positiveprints.com\/fr\/#\/schema\/logo\/image\/"},"sameAs":["https:\/\/www.facebook.com\/positiveprintscom","https:\/\/www.instagram.com\/positiveprintscom\/","https:\/\/www.tiktok.com\/@positiveprintscom","https:\/\/www.pinterest.com\/positiveprintscom\/"]}]}},"jetpack_sharing_enabled":true,"_links":{"self":[{"href":"https:\/\/positiveprints.com\/fr\/wp-json\/wp\/v2\/product\/317852","targetHints":{"allow":["GET"]}}],"collection":[{"href":"https:\/\/positiveprints.com\/fr\/wp-json\/wp\/v2\/product"}],"about":[{"href":"https:\/\/positiveprints.com\/fr\/wp-json\/wp\/v2\/types\/product"}],"wp:featuredmedia":[{"embeddable":true,"href":"https:\/\/positiveprints.com\/fr\/wp-json\/wp\/v2\/media\/1277077"}],"wp:attachment":[{"href":"https:\/\/positiveprints.com\/fr\/wp-json\/wp\/v2\/media?parent=317852"}],"wp:term":[{"taxonomy":"product_brand","embeddable":true,"href":"https:\/\/positiveprints.com\/fr\/wp-json\/wp\/v2\/product_brand?post=317852"},{"taxonomy":"product_cat","embeddable":true,"href":"https:\/\/positiveprints.com\/fr\/wp-json\/wp\/v2\/product_cat?post=317852"},{"taxonomy":"product_tag","embeddable":true,"href":"https:\/\/positiveprints.com\/fr\/wp-json\/wp\/v2\/product_tag?post=317852"}],"curies":[{"name":"wp","href":"https:\/\/api.w.org\/{rel}","templated":true}]}}