{"id":28745,"date":"2020-09-23T09:25:45","date_gmt":"2020-09-23T08:25:45","guid":{"rendered":"https:\/\/positiveprints.com\/?post_type=product&#038;p=28745"},"modified":"2026-04-18T09:14:42","modified_gmt":"2026-04-18T08:14:42","slug":"naissance-lune","status":"publish","type":"product","link":"https:\/\/positiveprints.com\/fr\/produit\/naissance-lune\/","title":{"rendered":"Lune &#8211; Jour de Naissance"},"content":{"rendered":"<p>Vous \u00eates-vous d\u00e9j\u00e0 demand\u00e9 \u00e0 quoi ressemblait la lune le jour de votre naissance ? D\u00e9couvrez la phase lunaire de votre anniversaire et personnalisez une affiche unique.<\/p>\r\n\r\n<h2 class=\"grenB f24 cblue\" style=\"margin-top: 3rem\">Phase Lunaire de Mon Anniversaire<\/h2>\r\n\r\n<p style=\"margin-top: 1rem\">\u00cates-vous n\u00e9 sous la lumi\u00e8re de la pleine lune ? Ou peut-\u00eatre le ciel \u00e9tait-il noir comme l&#8217;\u00e9b\u00e8ne lorsque vous avez fait votre grande entr\u00e9e dans le monde ? Quelle que soit la phase de la lune le jour de votre naissance, sachez que ce bel astre a \u00e9t\u00e9 le t\u00e9moin de vos d\u00e9buts.<\/p>\r\n\r\n<p style=\"margin-top: 1rem\">Beaucoup se demandent \u00e0 quoi ressemblait la lune le jour o\u00f9 ils sont n\u00e9s. Nos affiches personnalis\u00e9es de phase lunaire d\u2019anniversaire recr\u00e9ent l&#8217;apparence de la lune lors du tout premier jour de votre vie. Vous pourrez alors d\u00e9couvrir le ciel nocturne tel que vos parents ont pu l\u2019observer lors de vos premiers pas sur terre.<\/p>\r\n\r\n<h2 class=\"grenB f24 cblue\" style=\"margin-top: 3rem\">Phase Lunaire d&#8217;Anniversaire<\/h2>\r\n\r\n<p style=\"margin-top: 1rem\">Saviez-vous que la phase lunaire de votre anniversaire peut influer sur votre personnalit\u00e9 unique ? Les phases lunaires font partie int\u00e9grante de l&#8217;astrologie, tout comme les signes du zodiaque et les r\u00e9trogrades, et leur position actuelle ainsi que celle du jour de votre naissance peuvent influencer sur nos humeurs et nos comportements.<\/p>\r\n\r\n<p style=\"margin-top: 1rem\">En effet, les phases de la lune correspondent au cycle de plantation. Tout comme les graines se d\u00e9veloppent et s&#8217;\u00e9panouissent, il en va de m\u00eame pour nos vies au fil du temps. Selon l&#8217;endroit o\u00f9 la lune se trouvait dans sa phase par rapport au jour de notre naissance, nos personnalit\u00e9s et nos centres d&#8217;int\u00e9r\u00eat dans la vie peuvent suivre des cours diff\u00e9rents. C&#8217;est l&#8217;une des raisons pour lesquelles il n&#8217;y a jamais deux personnes vraiment identiques, m\u00eame si elles partagent les m\u00eames signes astrologiques. La phase de la lune ajoute une dimension unique aux personnalit\u00e9s, pouvant influer sur nos r\u00eaves et int\u00e9r\u00eats dans la vie.<\/p>\r\n\r\n<p style=\"margin-top: 1rem\">La connaissance de la phase lunaire de votre anniversaire est un \u00e9l\u00e9ment essentiel de votre d\u00e9veloppement personnel. Elle nous permet de mieux comprendre nos d\u00e9fauts et notre caract\u00e8re. Et m\u00eame si aucun destin n&#8217;est compl\u00e8tement pr\u00e9d\u00e9termin\u00e9, le fait de conna\u00eetre ces traits peut nous aider \u00e0 les utiliser \u00e0 notre avantage, ou \u00e0 r\u00e9duire leur influence n\u00e9gative.<\/p>\r\n\r\n<h2 class=\"grenB f24 cblue\" style=\"margin-top: 3rem\">Image de la Lune du Jour de Votre Naissance<\/h2>\r\n\r\n<p style=\"margin-top: 1rem\">Si vous aimez tout ce qui est lunaire et c\u00e9leste, nos affiches Phase lunaire d\u2019Anniversaire sont faites pour vous (litt\u00e9ralement !). Gr\u00e2ce \u00e0 notre cr\u00e9ateur d&#8217;affiches lunaires facile \u00e0 utiliser, vous pouvez s\u00e9lectionner la date et le lieu de votre naissance, et nous recr\u00e9erons ce \u00e0 quoi ressemblait la lune depuis la terre en ce jour tr\u00e8s sp\u00e9cial. Personnalisez votre poster avec le texte de votre choix et des options de couleur pour cr\u00e9er une affiche de la lune que vous serez fier d&#8217;exposer.<\/p>\r\n\r\n<p style=\"margin-top: 1rem\">Notre <a href=\"https:\/\/positiveprints.com\/fr\/produit\/affiche-lune\/\">affiche de la lune<\/a> est un excellent cadeau d&#8217;anniversaire pour tout le monde. V\u00e9rifiez la phase de la lune pour une date donn\u00e9e, puis cr\u00e9ez une affiche unique pour tous vos proches.<\/p>\r\n\r\n<h2 class=\"grenB f24 cblue\" style=\"margin-top: 3rem\">Lune le jour de ma naissance <\/h2>\r\n\r\n<p style=\"margin-top: 1rem\">Avez-vous d\u00e9j\u00e0 rencontr\u00e9 quelqu\u2019un qui trouve du r\u00e9confort dans la lune ? Ou peut-\u00eatre \u00eates-vous \u00e9trangement captiv\u00e9 par la lune et que vous vous sentez \u00e9nergis\u00e9 et en paix chaque fois que vous regardez le ciel la nuit. Il y a un mot qui caract\u00e9rise ces personnes : s\u00e9l\u00e9nophile. Et ils aiment probablement les cadeaux mettant en sc\u00e8ne la lune.<\/p>\r\n\r\n<p style=\"margin-top: 1rem\">La s\u00e9l\u00e9nophilie, c\u2019est l\u2019amour de la lune. Certains peuvent m\u00eame dire que les s\u00e9l\u00e9nophiles sont \u201csensibles \u00e0 la lune\u201d parce qu\u2019ils se sentent attir\u00e9s par la lune, presque comme un aimant. Vous remarquez la lune, m\u00eame lorsqu\u2019elle n\u2019est pas pleine et qu\u2019elle brille le plus, ou lorsqu\u2019elle semble lointaine et petite. Vous ne pouvez pas vous emp\u00eacher de regarder le ciel quand vous \u00eates dehors la nuit, et vous \u00eates g\u00e9n\u00e9ralement conscient de la phase dans laquelle se trouve la lune.<\/p>\r\n\r\n<p style=\"margin-top: 1rem\">Lorsque vous regardez la lune, vous pouvez ressentir une \u00e9trange mais apaisante parent\u00e9 avec l\u2019orbe argent\u00e9. Cette connexion unique est un sentiment puissant, et toute personne qui se consid\u00e8re comme un s\u00e9l\u00e9nophile peut trouver de l\u2019\u00e9nergie, du renouvellement et de la tranquillit\u00e9 en ayant la lune pr\u00e8s d\u2019elle \u00e0 tout moment.<\/p>\r\n\r\n<p style=\"margin-top: 1rem\">Que vous soyez s\u00e9l\u00e9nophile ou que vous connaissiez quelqu\u2019un qui l\u2019est, il n\u2019y a pas de meilleure id\u00e9e de cadeau qu\u2019un cadeau sur les phases de la lune. Il r\u00e9pondra aux besoins des chakras int\u00e9rieurs.<\/p>\r\n\r\n<h2 class=\"grenB f24 cblue\" style=\"margin-top: 3rem\">Pourquoi la Lune est-elle si magique ?<\/h2>\r\n\r\n<p style=\"margin-top: 1rem\">Depuis des si\u00e8cles, la lune est la vedette des histoires, des l\u00e9gendes et des rituels. Beaucoup croient que la lune d\u00e9tient un pouvoir c\u00e9leste unique qui a un impact sur la vie ici sur Terre, y compris sur notre \u00e9nergie, nos humeurs et l\u2019\u00e9quilibre de la nature elle-m\u00eame. Nous voyons la magie de la lune tout autour de nous, de la fa\u00e7on dont les mar\u00e9es changent \u00e0 la fa\u00e7on dont les gens se comportent lorsque la pleine lune se l\u00e8ve.<\/p>\r\n\r\n<p style=\"margin-top: 1rem\">Mais m\u00eame si vous ne croyez pas \u00e0 la magie lunaire, la lune nous laisse toujours captiv\u00e9. Elle suscite des questions sur notre univers et l\u2019existence de la vie. Elle ajoute de l\u2019intrigue au ciel nocturne et induit un sentiment de calme et de s\u00e9r\u00e9nit\u00e9. Ces sentiments sont comme une forme de magie \u00e0 part enti\u00e8re, surtout si tout ce qu\u2019il faut pour se laisser aller et se d\u00e9stresser est un petit t\u00eate-\u00e0-t\u00eate avec la lune.<\/p>\r\n\r\n<p style=\"margin-top: 1rem\">Pour tous ceux qui ressentent ce lien particulier avec l\u2019activit\u00e9 lunaire, les cadeaux sur les phases de la lune ne peuvent \u00eatre compar\u00e9s \u00e0 aucun autre.<\/p>\r\n\r\n<h2 class=\"grenB f24 cblue\" style=\"margin-top: 3rem\">Le pouvoir des cadeaux sur les phases de la lune personnalis\u00e9s<\/h2>\r\n\r\n<p style=\"margin-top: 1rem\">Les cadeaux sur les phases de la lune peuvent \u00eatre puissants en soi, mais l\u2019ajout d\u2019une couche de personnalisation leur conf\u00e8re quelque chose d\u2019encore plus sp\u00e9cial. Il ne s\u2019agit pas seulement de conna\u00eetre l\u2019affinit\u00e9 d\u2019un \u00eatre cher pour la lune, c\u2019est aussi lui offrir quelque chose de vraiment unique et fait sp\u00e9cialement pour lui.<\/p>\r\n\r\n<p style=\"margin-top: 1rem\">Les meilleurs cadeaux sur la lune sont d\u00e9j\u00e0 personnels dans une certaine mesure. Ce n\u2019est pas un cadeau ordinaire que l\u2019on peut acheter dans n\u2019importe quel magasin. Les cadeaux lunaires sont des articles de niche et ne sont g\u00e9n\u00e9ralement appr\u00e9ci\u00e9s que des s\u00e9l\u00e9nophiles. Lorsque vous parvenez \u00e0 \u00e9veiller l\u2019int\u00e9r\u00eat d\u2019une personne pour la Lune, elle sait d\u00e9j\u00e0 que vous avez fait un effort suppl\u00e9mentaire (aller et retour sur la Lune !) pour rendre son exp\u00e9rience m\u00e9morable.<\/p>\r\n\r\n<p style=\"margin-top: 1rem\">Mais la personnalisation ne doit pas s\u2019arr\u00eater l\u00e0. L\u2019ajout d\u2019inscriptions, de dates, de citations ou de souvenirs pr\u00e9cis \u00e0 votre cadeau peut rendre l\u2019occasion encore plus sp\u00e9ciale. Et chaque fois qu\u2019ils utiliseront ou regarderont leur cadeau, ils penseront \u00e0 vous.<\/p>\r\n\r\n<h2 class=\"grenB f24 cblue\" style=\"margin-top: 3rem\">\u00c0 propos de notre affiche sur les phases de la lune<\/h2>\r\n\r\n<p style=\"margin-top: 1rem\">Chez Positive Prints, nous avons facilit\u00e9 la cr\u00e9ation d\u2019une affiche personnalis\u00e9e sur les phases de la lune pour comm\u00e9morer vos moments les plus magiques. Vous avez un contr\u00f4le total sur la date et le lieu, et vous pouvez choisir parmi plusieurs options de taille, de couleurs et m\u00eame de texte personnalis\u00e9.<\/p>\r\n\r\n<p style=\"margin-top: 1rem\">Pour les occasions sp\u00e9ciales, vous pouvez commander une impression de qualit\u00e9 dans un format standard qui facilite le cadrage. Ou pour les cadeaux de derni\u00e8re minute, choisissez un t\u00e9l\u00e9chargement num\u00e9rique qui \u00e9limine le temps d\u2019exp\u00e9dition. <\/p>","protected":false},"excerpt":{"rendered":"<ul class=\"\"check-list\"\">\n<li>Ajoutez la phase exacte de la Lune<\/li>\n<li>Personnalisez votre design en 3 \u00e9tapes simples<\/li>\n<li>Incluez un texte personnalis\u00e9 significatif<\/li>\n<li>Visualisez le r\u00e9sultat imm\u00e9diatement \u2013 l\u2019aper\u00e7u interactif vous permet de peaufiner chaque d\u00e9tail<\/li>\n<\/ul>\n","protected":false},"featured_media":1688373,"template":"","meta":[],"product_brand":[],"product_cat":[3127,11535,11536,11537,11538,11624,11625,11626,11627,7589,9274,11211,11212,7210,5249,5264,7829,7685,7765,7653,7621,8006,11401,11389,15042,11398,8217,7813,7734],"product_tag":[17450,17602,17593,17572,17556,17540,17525,17510,17495,17638,13327,17465,8463,13426,13455,15419,15218],"class_list":{"0":"post-28745","1":"product","2":"type-product","3":"status-publish","4":"has-post-thumbnail","6":"product_cat-cadeaux-danniversaire","7":"product_cat-anniversaire-de-18-ans","8":"product_cat-anniversaire-de-21-ans","9":"product_cat-anniversaire-de-30-ans","10":"product_cat-anniversaire-de-40-ans","11":"product_cat-anniversaire-de-50-ans","12":"product_cat-anniversaire-de-60-ans","13":"product_cat-anniversaire-de-70-ans","14":"product_cat-anniversaire-de-80-ans","15":"product_cat-cadeaux-de-bapteme","16":"product_cat-bestsellers-label-fr","17":"product_cat-cadeau-anniversaire-femme","18":"product_cat-cadeau-anniversaire-homme","19":"product_cat-moon-fr","20":"product_cat-cadeaux-de-naissance-bebe","21":"product_cat-cadeaux-de-noel","22":"product_cat-cadeaux-pour-amis","23":"product_cat-cadeaux-pour-femmes","24":"product_cat-cadeaux-pour-fille","25":"product_cat-cadeaux-pour-fils","26":"product_cat-cadeaux-pour-frere","27":"product_cat-cadeaux-pour-hommes","28":"product_cat-cadeaux-de-noel-pour-la-soeur","29":"product_cat-cadeaux-de-noel-pour-le-frere","30":"product_cat-cadeaux-de-noel-pour-les-amis","31":"product_cat-cadeaux-de-noel-pour-les-enfants","32":"product_cat-pour-lui","33":"product_cat-cadeaux-pour-nouveaux-parents","34":"product_cat-cadeaux-pour-soeur","35":"product_tag-100-ans","36":"product_tag-16-ans","37":"product_tag-18-ans","38":"product_tag-20-ans","39":"product_tag-30-ans","40":"product_tag-40-ans","41":"product_tag-50-ans","42":"product_tag-60-ans","43":"product_tag-70-ans","44":"product_tag-80-ans","45":"product_tag-80e-anniversaire","46":"product_tag-90-ans","47":"product_tag-birthday-fr","48":"product_tag-cadeau-de-noel-pour-soeur","49":"product_tag-cadeaux-de-noel-pour-frere","50":"product_tag-cadre-avec-lune-de-naissance","51":"product_tag-christmas-gifts-for-friends-fr","53":"first","54":"instock","55":"sale","56":"taxable","57":"shipping-taxable","58":"purchasable","59":"product-type-variable"},"yoast_head":"<!-- This site is optimized with the Yoast SEO Premium plugin v27.2 (Yoast SEO v27.2) - https:\/\/yoast.com\/product\/yoast-seo-premium-wordpress\/ -->\n<title>Lune de Naissance - Phase Lunaire d\u2019Anniversaire - Positive Prints<\/title>\n<meta name=\"description\" content=\"Offrez une affiche personnalis\u00e9e de la lune de naissance, un cadeau d&#039;anniversaire unique et symbolique.\" \/>\n<meta name=\"robots\" content=\"index, follow, max-snippet:-1, max-image-preview:large, max-video-preview:-1\" \/>\n<link rel=\"canonical\" href=\"https:\/\/positiveprints.com\/fr\/produit\/naissance-lune\/\" \/>\n<meta property=\"og:locale\" content=\"fr_FR\" \/>\n<meta property=\"og:type\" content=\"article\" \/>\n<meta property=\"og:title\" content=\"Lune - Jour de Naissance\" \/>\n<meta property=\"og:description\" content=\"Ajoutez la phase exacte de la Lune  Personnalisez votre design en 3 \u00e9tapes simples  Incluez un texte personnalis\u00e9 significatif  Visualisez le r\u00e9sultat imm\u00e9diatement \u2013 l\u2019aper\u00e7u interactif vous permet de peaufiner chaque d\u00e9tail\" \/>\n<meta property=\"og:url\" content=\"https:\/\/positiveprints.com\/fr\/produit\/naissance-lune\/\" \/>\n<meta property=\"og:site_name\" content=\"Positive Prints\" \/>\n<meta property=\"article:publisher\" content=\"https:\/\/www.facebook.com\/positiveprintscom\" \/>\n<meta property=\"article:modified_time\" content=\"2026-04-18T08:14:42+00:00\" \/>\n<meta property=\"og:image\" content=\"https:\/\/positiveprints.com\/wp-content\/uploads\/2024\/10\/Packshot_FR_Birthday-Moon-Phase-product-image.webp\" \/>\n\t<meta property=\"og:image:width\" content=\"1450\" \/>\n\t<meta property=\"og:image:height\" content=\"1450\" \/>\n\t<meta property=\"og:image:type\" content=\"image\/webp\" \/>\n<meta name=\"twitter:card\" content=\"summary_large_image\" \/>\n<meta name=\"twitter:label1\" content=\"Dur\u00e9e de lecture estim\u00e9e\" \/>\n\t<meta name=\"twitter:data1\" content=\"6 minutes\" \/>\n<!-- \/ Yoast SEO Premium plugin. -->","yoast_head_json":{"title":"Lune de Naissance - Phase Lunaire d\u2019Anniversaire - Positive Prints","description":"Offrez une affiche personnalis\u00e9e de la lune de naissance, un cadeau d'anniversaire unique et symbolique.","robots":{"index":"index","follow":"follow","max-snippet":"max-snippet:-1","max-image-preview":"max-image-preview:large","max-video-preview":"max-video-preview:-1"},"canonical":"https:\/\/positiveprints.com\/fr\/produit\/naissance-lune\/","og_locale":"fr_FR","og_type":"article","og_title":"Lune - Jour de Naissance","og_description":"Ajoutez la phase exacte de la Lune  Personnalisez votre design en 3 \u00e9tapes simples  Incluez un texte personnalis\u00e9 significatif  Visualisez le r\u00e9sultat imm\u00e9diatement \u2013 l\u2019aper\u00e7u interactif vous permet de peaufiner chaque d\u00e9tail","og_url":"https:\/\/positiveprints.com\/fr\/produit\/naissance-lune\/","og_site_name":"Positive Prints","article_publisher":"https:\/\/www.facebook.com\/positiveprintscom","article_modified_time":"2026-04-18T08:14:42+00:00","og_image":[{"width":1450,"height":1450,"url":"https:\/\/positiveprints.com\/wp-content\/uploads\/2024\/10\/Packshot_FR_Birthday-Moon-Phase-product-image.webp","type":"image\/webp"}],"twitter_card":"summary_large_image","twitter_misc":{"Dur\u00e9e de lecture estim\u00e9e":"6 minutes"},"schema":{"@context":"https:\/\/schema.org","@graph":[{"@type":["WebPage","ItemPage"],"@id":"https:\/\/positiveprints.com\/fr\/produit\/naissance-lune\/","url":"https:\/\/positiveprints.com\/fr\/produit\/naissance-lune\/","name":"Lune de Naissance - Phase Lunaire d\u2019Anniversaire - Positive Prints","isPartOf":{"@id":"https:\/\/positiveprints.com\/fr\/#website"},"primaryImageOfPage":{"@id":"https:\/\/positiveprints.com\/fr\/produit\/naissance-lune\/#primaryimage"},"image":{"@id":"https:\/\/positiveprints.com\/fr\/produit\/naissance-lune\/#primaryimage"},"thumbnailUrl":"https:\/\/positiveprints.com\/wp-content\/uploads\/2026\/03\/Packshot_FR_Lune-Jour-de-Naissance.webp","datePublished":"2020-09-23T08:25:45+00:00","dateModified":"2026-04-18T08:14:42+00:00","description":"Offrez une affiche personnalis\u00e9e de la lune de naissance, un cadeau d'anniversaire unique et symbolique.","breadcrumb":{"@id":"https:\/\/positiveprints.com\/fr\/produit\/naissance-lune\/#breadcrumb"},"inLanguage":"fr-FR","potentialAction":[{"@type":"ReadAction","target":["https:\/\/positiveprints.com\/fr\/produit\/naissance-lune\/"]}]},{"@type":"ImageObject","inLanguage":"fr-FR","@id":"https:\/\/positiveprints.com\/fr\/produit\/naissance-lune\/#primaryimage","url":"https:\/\/positiveprints.com\/wp-content\/uploads\/2026\/03\/Packshot_FR_Lune-Jour-de-Naissance.webp","contentUrl":"https:\/\/positiveprints.com\/wp-content\/uploads\/2026\/03\/Packshot_FR_Lune-Jour-de-Naissance.webp","width":1450,"height":1450},{"@type":"BreadcrumbList","@id":"https:\/\/positiveprints.com\/fr\/produit\/naissance-lune\/#breadcrumb","itemListElement":[{"@type":"ListItem","position":1,"name":"Home","item":"https:\/\/positiveprints.com\/fr\/"},{"@type":"ListItem","position":2,"name":"Produits","item":"https:\/\/positiveprints.com\/fr\/shop\/"},{"@type":"ListItem","position":3,"name":"Lune &#8211; Jour de Naissance"}]},{"@type":"WebSite","@id":"https:\/\/positiveprints.com\/fr\/#website","url":"https:\/\/positiveprints.com\/fr\/","name":"Positive Prints","description":"Amazing Custom Personalized Gifts","publisher":{"@id":"https:\/\/positiveprints.com\/fr\/#organization"},"potentialAction":[{"@type":"SearchAction","target":{"@type":"EntryPoint","urlTemplate":"https:\/\/positiveprints.com\/fr\/?s={search_term_string}"},"query-input":{"@type":"PropertyValueSpecification","valueRequired":true,"valueName":"search_term_string"}}],"inLanguage":"fr-FR"},{"@type":"Organization","@id":"https:\/\/positiveprints.com\/fr\/#organization","name":"Positive Prints","alternateName":"Positive Prints","url":"https:\/\/positiveprints.com\/fr\/","logo":{"@type":"ImageObject","inLanguage":"fr-FR","@id":"https:\/\/positiveprints.com\/fr\/#\/schema\/logo\/image\/","url":"https:\/\/positiveprints.com\/wp-content\/uploads\/2026\/03\/245815646_1337939713319158_5671353136411139666_n.png","contentUrl":"https:\/\/positiveprints.com\/wp-content\/uploads\/2026\/03\/245815646_1337939713319158_5671353136411139666_n.png","width":800,"height":800,"caption":"Positive Prints"},"image":{"@id":"https:\/\/positiveprints.com\/fr\/#\/schema\/logo\/image\/"},"sameAs":["https:\/\/www.facebook.com\/positiveprintscom","https:\/\/www.instagram.com\/positiveprintscom\/","https:\/\/www.tiktok.com\/@positiveprintscom","https:\/\/www.pinterest.com\/positiveprintscom\/"]}]}},"jetpack_sharing_enabled":true,"_links":{"self":[{"href":"https:\/\/positiveprints.com\/fr\/wp-json\/wp\/v2\/product\/28745","targetHints":{"allow":["GET"]}}],"collection":[{"href":"https:\/\/positiveprints.com\/fr\/wp-json\/wp\/v2\/product"}],"about":[{"href":"https:\/\/positiveprints.com\/fr\/wp-json\/wp\/v2\/types\/product"}],"wp:featuredmedia":[{"embeddable":true,"href":"https:\/\/positiveprints.com\/fr\/wp-json\/wp\/v2\/media\/1688373"}],"wp:attachment":[{"href":"https:\/\/positiveprints.com\/fr\/wp-json\/wp\/v2\/media?parent=28745"}],"wp:term":[{"taxonomy":"product_brand","embeddable":true,"href":"https:\/\/positiveprints.com\/fr\/wp-json\/wp\/v2\/product_brand?post=28745"},{"taxonomy":"product_cat","embeddable":true,"href":"https:\/\/positiveprints.com\/fr\/wp-json\/wp\/v2\/product_cat?post=28745"},{"taxonomy":"product_tag","embeddable":true,"href":"https:\/\/positiveprints.com\/fr\/wp-json\/wp\/v2\/product_tag?post=28745"}],"curies":[{"name":"wp","href":"https:\/\/api.w.org\/{rel}","templated":true}]}}