{"id":26660,"date":"2020-07-13T23:04:52","date_gmt":"2020-07-13T22:04:52","guid":{"rendered":"https:\/\/positiveprints.com\/product\/carte-ciel-etoile\/"},"modified":"2026-04-18T09:14:51","modified_gmt":"2026-04-18T08:14:51","slug":"carte-du-ciel-personnalisee","status":"publish","type":"product","link":"https:\/\/positiveprints.com\/fr\/produit\/carte-du-ciel-personnalisee\/","title":{"rendered":"Carte du Ciel Personnalis\u00e9e"},"content":{"rendered":"<p><span style=\"font-weight: 400;\">Avec une Carte du Ciel Personnalis\u00e9e, vous pouvez conserver l\u2019apparence exacte du ciel \u00e9toil\u00e9 telle qu\u2019elle \u00e9tait lors des soir\u00e9es les plus m\u00e9morables de votre vie, comme si votre destin se lisait directement dans les \u00e9toiles.<\/span><\/p>\n<p><span style=\"font-weight: 400;\">Souhaitez-vous laisser entrer le ciel de la nuit dans votre int\u00e9rieur ? Pour beaucoup, un ciel rempli d\u2019\u00e9toiles a un effet calmant. Aussi vieux que le temps, notre ciel a \u00e9t\u00e9 le t\u00e9moin d\u2019innombrables moments magiques qui deviennent des souvenirs pr\u00e9cieux. Chez Positive Prints, nous vous proposons une repr\u00e9sentation du ciel nocturne \u00e0 afficher dans votre foyer, de mani\u00e8re \u00e0 capturer vos moments les plus pr\u00e9cieux dans le temps. Nous vous encourageons \u00e0 cr\u00e9er votre propre carte des \u00e9toiles.<\/span><\/p>\n<p><span style=\"font-weight: 400;\">Nos affiches personnalis\u00e9es de cartes des \u00e9toiles sont une belle fa\u00e7on de recr\u00e9er le ciel nocturne de vos \u00e9v\u00e9nements les plus sp\u00e9ciaux. Des nuits de mariage aux naissances, en passant par les \u00e9v\u00e9nements marquants et bien plus encore, apprendre \u00e0 cr\u00e9er votre propre carte du ciel \u00e9toil\u00e9 en ligne deviendra instantan\u00e9ment votre cadeau id\u00e9al pour toutes les occasions.<\/span><\/p>\n<h2><b>Qu\u2019est-ce qu\u2019une carte des \u00e9toiles personnalis\u00e9e ?<\/b><\/h2>\n<p><span style=\"font-weight: 400;\">Repensez aux moments magiques qui fa\u00e7onnent l\u2019histoire de votre vie. \u00c0 quoi ressemblait le ciel la nuit \u00e0 ces moments pr\u00e9cis ? Tout comme la Terre, le ciel nocturne est en constante \u00e9volution. Les \u00e9toiles et les plan\u00e8tes poursuivent leur propre voyage dans l\u2019espace. C\u2019est pourquoi beaucoup de gens aiment cr\u00e9er des affiches du ciel personnalis\u00e9es, pour se souvenir des moments pr\u00e9cieux de leur vie.<\/span><\/p>\n<p><span style=\"font-weight: 400;\">Une carte des \u00e9toiles personnalis\u00e9e est une r\u00e9plique du ciel nocturne \u00e0 une date, une heure et un endroit pr\u00e9cis. Chaque carte des \u00e9toiles est personnalis\u00e9e, car il n\u2019y a pas deux \u00e9v\u00e9nements de la vie qui se ressemblent. Notre g\u00e9n\u00e9rateur de carte des \u00e9toiles utilise les d\u00e9tails sp\u00e9cifiques de votre \u00e9v\u00e9nement pour cr\u00e9er une image parfaite.<\/span><\/p>\n<h2><b>Carte du ciel personnalis\u00e9e scientifiquement correcte<\/b><\/h2>\n<p><span style=\"font-weight: 400;\">En 1989, l&#8217;Agence spatiale europ\u00e9enne a lanc\u00e9 le satellite Hipparcos afin de cr\u00e9er des mesures tr\u00e8s pr\u00e9cises des corps c\u00e9lestes dans notre ciel nocturne. Des plan\u00e8tes et des \u00e9toiles aux constellations et aux galaxies, nous utilisons les donn\u00e9es d&#8217;Hipparcos pour cr\u00e9er des cartes d&#8217;\u00e9toiles pr\u00e9cises afin d&#8217;afficher le ciel de n&#8217;importe quelle nuit : pass\u00e9e, pr\u00e9sente ou future, pour n&#8217;importe quelle position dans le monde.<\/span><\/p>\n<h2><b>Pourquoi offrir une affiche de carte des \u00e9toiles en cadeau ?<\/b><\/h2>\n<p><span style=\"font-weight: 400;\">Notre \u00e9diteur de carte des \u00e9toiles personnalis\u00e9e est l\u2019alli\u00e9 parfait pour votre cadeau ! Gr\u00e2ce \u00e0 lui, vous pouvez s\u00e9lectionner le ciel nocturne tel qu&#8217;il apparaissait \u00e0 n&#8217;importe quelle date, o\u00f9 que vous soyez dans le monde. Chaque carte peut \u00eatre compl\u00e9t\u00e9e par des informations suppl\u00e9mentaires sur la date, l&#8217;heure, et l&#8217;endroit d&#8217;o\u00f9 la carte des \u00e9toiles est visible. Vous pouvez m\u00eame ajouter un message unique ! En quelques clics, vous pouvez ajouter des descriptions \u00e0 votre carte afin que chacun puisse identifier ses \u00e9toiles, plan\u00e8tes et constellations pr\u00e9f\u00e9r\u00e9es.<\/span><\/p>\n<p><span style=\"font-weight: 400;\">Chez Positive Prints, nous allions cr\u00e9ativit\u00e9 et soin du d\u00e9tail pour la conception de magnifiques cartes des \u00e9toiles qui refl\u00e8tent les moments inestimables de votre vie.<\/span><\/p>\n<p><span style=\"font-weight: 400;\">Si vous cherchez une id\u00e9e de cadeau unique, une carte des \u00e9toiles personnalis\u00e9e par date est certaine de laisser une impression durable. Personne ne s\u2019attend \u00e0 un cadeau aussi amusant, personnel et significatif. La personne le ch\u00e9rira pour toujours car il a \u00e9t\u00e9 fait sur mesure pour elle et lui rappelle un souvenir important chaque fois qu\u2019elle la regarde.<\/span><\/p>\n<p><span style=\"font-weight: 400;\">Nos cartes des \u00e9toiles sont le souvenir ultime pour chaque occasion. Beaucoup de nos clients les offrent en cadeau pour diff\u00e9rentes occasions :<\/span><\/p>\n<ul>\n<li><span style=\"font-weight: 400;\">Un mariage<\/span><\/li>\n<li><span style=\"font-weight: 400;\">Un anniversaire<\/span><\/li>\n<li><span style=\"font-weight: 400;\">Une naissance<\/span><\/li>\n<li><span style=\"font-weight: 400;\">Un dipl\u00f4me<\/span><\/li>\n<li><span style=\"font-weight: 400;\">Une retraite<\/span><\/li>\n<li style=\"font-weight: 400;\" aria-level=\"1\"><span style=\"font-weight: 400;\">Des vacances<\/span><\/li>\n<li><span style=\"font-weight: 400;\">Une promotion<\/span><\/li>\n<li><span style=\"font-weight: 400;\">Ou juste comme \u00e7a !<\/span><\/li>\n<\/ul>\n<p style=\"margin-top: 1rem;\"><span style=\"font-weight: 400;\">Et, gr\u00e2ce \u00e0 notre \u00e9diteur de carte des \u00e9toiles facile \u00e0 utiliser, vous pouvez aussi vous faire un cadeau \u00e0 vous-m\u00eame !<\/span><\/p>\n<h2><b>Comment cr\u00e9er votre propre carte des \u00e9toiles<\/b><\/h2>\n<p><span style=\"font-weight: 400;\">Chez Positive Prints, nous avons fait en sorte de cr\u00e9er de magnifiques cartes des \u00e9toiles qui refl\u00e8tent vos moments inestimables. Notre processus en trois \u00e9tapes vous permet de personnaliser votre carte en fonction de vos dates, lieux et heures sp\u00e9cifiques. Vous avez \u00e9galement le contr\u00f4le sur les couleurs et les d\u00e9tails de la carte comme les \u00e9toiles, les constellations, les plan\u00e8tes, et bien plus encore. Ajoutez des lignes de texte personnalis\u00e9es pour mettre en \u00e9vidence la signification de votre carte des \u00e9toiles afin que tout le monde sache pourquoi cette carte est sp\u00e9ciale pour vous !<\/span><\/p>\n<p><span style=\"font-weight: 400;\">Si vous commandez une affiche imprim\u00e9e, vous pourrez choisir parmi plusieurs options de taille celle qui convient le mieux \u00e0 votre espace et \u00e0 votre budget. Chacune de nos impressions est r\u00e9alis\u00e9e dans des formats courants, ce qui vous permet de trouver un cadre appropri\u00e9 pour l\u2019afficher. Nous n\u2019utilisons que le meilleur papier d\u2019art pour nos tirages, qui r\u00e9siste \u00e0 l\u2019\u00e9preuve du temps et \u00e0 la d\u00e9coloration, au pelage et aux craquelures. Pour chaque tirage papier, nous offrons la livraison dans le monde entier, que vous commandiez un ou dix tirages !<\/span><\/p>\n<p><span style=\"font-weight: 400;\">Vous pouvez \u00e9galement choisir un t\u00e9l\u00e9chargement num\u00e9rique qui enverra un lien de t\u00e9l\u00e9chargement directement dans votre bo\u00eete de r\u00e9ception. Une fois re\u00e7u, vous pouvez imprimer l\u2019affiche chez votre imprimeur local. C\u2019est une option \u00e0 privil\u00e9gier lorsque vous souhaitez offrir un cadeau de derni\u00e8re minute ou que vous ne voulez pas attendre l\u2019exp\u00e9dition.<\/span><span style=\"font-weight: 400;\"><br \/><\/span><span style=\"font-weight: 400;\"><br \/><\/span><span style=\"font-weight: 400;\">Voici un aper\u00e7u de notre processus en ligne en trois \u00e9tapes :<\/span><\/p>\n<h3><b>Premi\u00e8re \u00e9tape : choisir le motif\u00a0<\/b><\/h3>\n<p><span style=\"font-weight: 400;\">Nos cartes des \u00e9toiles sont disponibles dans une vari\u00e9t\u00e9 de styles, y compris sous forme de cercles et de c\u0153urs en plusieurs couleurs. Ces couleurs ont \u00e9t\u00e9 s\u00e9lectionn\u00e9es pour offrir le plus grand contraste possible et faire ressortir votre dessin.<\/span><\/p>\n<p><span style=\"font-weight: 400;\">Une fois que vous avez choisi votre motif, vous pouvez s\u00e9lectionner le niveau de d\u00e9tail que vous souhaitez afficher sur votre carte du ciel personnalis\u00e9e. La forme la plus \u00e9l\u00e9mentaire est la disposition des \u00e9toiles. Vous pouvez utiliser l\u2019\u00e9diteur pour appliquer des plan\u00e8tes, des noms de plan\u00e8tes, des constellations, des noms de constellations, la Voie lact\u00e9e et\/ou une ligne d\u2019\u00e9cliptique.<\/span><\/p>\n<p><span style=\"font-weight: 400;\">Vous pouvez \u00e9galement ajouter un symbole \u00e0 votre description. Il vous suffit de copier et de coller l\u2019un des symboles disponibles ici https:\/\/www.piliapp.com\/symbol\/<\/span><\/p>\n<p><span style=\"font-weight: 400;\">Chaque fois que vous faites une s\u00e9lection dans le processus de conception, vous pouvez voir les changements en temps r\u00e9el. Une fois que vous \u00eates satisfait de vos r\u00e9sultats, cliquez sur \u201c\u00c9tape suivante\u201d pour entrer vos donn\u00e9es de personnalisation.<\/span><\/p>\n<h3><b>Deuxi\u00e8me \u00e9tape : Saisie des d\u00e9tails\u00a0<\/b><\/h3>\n<p><span style=\"font-weight: 400;\">Entrez le lieu de votre moment magique et regardez comment votre affiche d\u2019\u00e9toile se transforme ! C\u2019est parce que notre \u00e9diteur de carte des \u00e9toiles utilise des donn\u00e9es r\u00e9elles pour d\u00e9terminer \u00e0 quoi ressemblait le ciel \u00e0 partir d\u2019un endroit sp\u00e9cifique de votre choix.<\/span><\/p>\n<p><span style=\"font-weight: 400;\">Ensuite, remplissez les d\u00e9tails importants, tels que l\u2019heure et la date de votre \u00e9v\u00e9nement. Ajoutez un message personnalis\u00e9 \u00e0 votre affiche pour comm\u00e9morer l\u2019occasion. Nous proposons deux lignes de texte (ainsi que le titre et le sous-titre en plus petit), qui peuvent \u00eatre imprim\u00e9es dans une police standard ou personnalis\u00e9e.<\/span><\/p>\n<p><span style=\"font-weight: 400;\">Une fois que vous avez saisi vos coordonn\u00e9es, cliquez sur \u201c\u00c9tape suivante\u201d pour terminer la cr\u00e9ation de votre carte des \u00e9toiles.<\/span><\/p>\n<h3><b>Troisi\u00e8me \u00e9tape : Choisissez un format\u00a0<\/b><\/h3>\n<p><span style=\"font-weight: 400;\">Vous pouvez choisir entre une impression physique sur papier dans l\u2019un des trois formats standard. La s\u00e9lection par d\u00e9faut est une copie papier au format 50 cm par 70 cm. N\u2019h\u00e9sitez pas \u00e0 choisir un autre format, affich\u00e9 en cm et en pouces.<\/span><\/p>\n<p><span style=\"font-weight: 400;\">Vous pouvez \u00e9galement choisir la copie \u00e0 t\u00e9l\u00e9chargement num\u00e9rique instantan\u00e9. Lorsque votre tirage sera pr\u00eat, vous recevrez le lien de t\u00e9l\u00e9chargement dans un courriel qui vous permettra d\u2019imprimer o\u00f9 vous voulez.<\/span><\/p>\n<p><span style=\"font-weight: 400;\">C\u2019est la derni\u00e8re \u00e9tape avant d\u2019ajouter votre carte des \u00e9toiles personnalis\u00e9e au panier. Ensuite, terminez le processus de commande, payez votre impression et pr\u00e9parez-vous \u00e0 de grands sourires !<\/span><\/p>\n<h2><b>Personnalisez votre carte des \u00e9toiles d\u00e8s aujourd\u2019hui !<\/b><\/h2>\n<p><span style=\"font-weight: 400;\">Commencez par utiliser notre \u00e9diteur de carte des \u00e9toiles personnalis\u00e9e et voyez comme il est facile et gratifiant de surprendre quelqu\u2019un avec un cadeau qu\u2019il gardera pr\u00e9cieusement toute sa vie !<\/span><\/p><h2 class=\"wp-block-heading\" id=\"h-questions-frequemment-posees\"><strong>Questions Fr\u00e9quemment Pos\u00e9es<\/strong><\/h2><details class=\"wp-block-details is-layout-flow wp-block-details-is-layout-flow\"><summary><strong>Qu&#8217;est-ce qu&#8217;une Carte du Ciel Personnalis\u00e9e ?<\/strong><\/summary><p>Une Carte du Ciel Personnalis\u00e9e est une r\u00e9plique du ciel nocturne \u00e0 une date et heure pr\u00e9cises. Plus pr\u00e9cis\u00e9ment, elle capture la magie des \u00e9toiles de vos moments les plus m\u00e9morables. Par cons\u00e9quent, elle utilise les donn\u00e9es Hipparcos pour cr\u00e9er une image parfaite.\u200b<\/p><\/details><details class=\"wp-block-details is-layout-flow wp-block-details-is-layout-flow\"><summary><strong>Est-ce une carte des \u00e9toiles personnalis\u00e9e ?<\/strong><\/summary><p>Oui, chaque carte est enti\u00e8rement personnalis\u00e9e. En effet, elle affiche le ciel exact depuis n&#8217;importe quel endroit dans le monde. De plus, vous ajoutez plan\u00e8tes, constellations et Voie lact\u00e9e. En outre, l&#8217;aper\u00e7u interactif permet de peaufiner chaque d\u00e9tail.\u200b<\/p><\/details><details class=\"wp-block-details is-layout-flow wp-block-details-is-layout-flow\"><summary><strong>Pourquoi est-ce le cadeau id\u00e9al pour occasions sp\u00e9ciales ?<\/strong><\/summary><p>C&#8217;est le cadeau id\u00e9al car il c\u00e9l\u00e8bre vos moments inestimables avec pr\u00e9cision astronomique. Plus pr\u00e9cis\u00e9ment, c&#8217;est un cadeau hautement sentimental et po\u00e9tique. Par cons\u00e9quent, c&#8217;est un souvenir unique que l&#8217;on ch\u00e9rit pour toujours.\u200b<\/p><\/details><details class=\"wp-block-details is-layout-flow wp-block-details-is-layout-flow\"><summary><strong>Comment cr\u00e9er ma Carte du Ciel Personnalis\u00e9e ?<\/strong><\/summary><p>Cr\u00e9er votre carte se fait en trois \u00e9tapes. Premi\u00e8rement, choisissez le motif, la forme et les couleurs. Ensuite, entrez le lieu, la date et l&#8217;heure avec un texte personnalis\u00e9. Enfin, s\u00e9lectionnez le format imprim\u00e9 ou t\u00e9l\u00e9chargement num\u00e9rique.\u200b<\/p><\/details><details class=\"wp-block-details is-layout-flow wp-block-details-is-layout-flow\"><summary><strong>Pour quelles occasions cette carte est-elle parfaite ?<\/strong><\/summary><p>Cette carte est parfaite pour les mariages, naissances, anniversaires et dipl\u00f4mes. De plus, elle convient pour les retraites, vacances et grandes \u00e9tapes de vie. En outre, c&#8217;est id\u00e9al pour tout moment magique \u00e0 c\u00e9l\u00e9brer.\u200b<\/p><\/details><details class=\"wp-block-details is-layout-flow wp-block-details-is-layout-flow\"><summary><strong>Dans quels d\u00e9lais puis-je recevoir ma carte ?<\/strong><\/summary><p>Pour un cadeau imm\u00e9diat, choisissez le t\u00e9l\u00e9chargement num\u00e9rique instantan\u00e9, un fichier JPEG haute r\u00e9solution de 300 dpi que vous pouvez imprimer localement. Pour les produits physiques, nous imprimons et exp\u00e9dions localement depuis nos installations en Australie, au Canada, aux \u00c9tats-Unis, au Royaume-Uni et en Europe. Cela garantit une livraison rapide et fiable, souvent en quelques jours seulement.<\/p><\/details>","protected":false},"excerpt":{"rendered":"<ul class=\"check-list\">\n<li>Ajoutez des plan\u00e8tes, des constellations et la Voie Lact\u00e9e<\/li>\n<li>Personnalisez votre design en 3 \u00e9tapes simples<\/li>\n<li>Incluez un texte personnalis\u00e9 significatif<\/li>\n<li>Visualisez le r\u00e9sultat imm\u00e9diatement \u2013 l\u2019aper\u00e7u interactif vous permet de peaufiner chaque d\u00e9tail<\/li>\n<\/ul>\n","protected":false},"featured_media":1220112,"template":"","meta":[],"product_brand":[],"product_cat":[15844,15109,8243,1815,264,2878],"product_tag":[15548,14858,16439],"class_list":{"0":"post-26660","1":"product","2":"type-product","3":"status-publish","4":"has-post-thumbnail","6":"product_cat-shop-bestsellers-fr","7":"product_cat-bestsellers-menu-fr","8":"product_cat-digital-products-fr","9":"product_cat-bestsellers-fr","10":"product_cat-creators-fr-2","11":"product_cat-star-fr-2","12":"product_tag-ciel-nocturne","13":"product_tag-creators-fr-2","14":"product_tag-etoile","16":"first","17":"instock","18":"sale","19":"taxable","20":"shipping-taxable","21":"purchasable","22":"product-type-variable","23":"has-default-attributes"},"yoast_head":"<!-- This site is optimized with the Yoast SEO Premium plugin v27.2 (Yoast SEO v27.2) - https:\/\/yoast.com\/product\/yoast-seo-premium-wordpress\/ -->\n<title>Carte du Ciel Personnalis\u00e9e - Carte des \u00c9toiles - Positive Prints<\/title>\n<meta name=\"description\" content=\"Trouvez le ciel nocturne de n&#039;importe quelle date et cr\u00e9ez une carte du ciel personnalis\u00e9e pour l&#039;offrir \u00e0 quelqu&#039;un qui vous est cher !\" \/>\n<meta name=\"robots\" content=\"index, follow, max-snippet:-1, max-image-preview:large, max-video-preview:-1\" \/>\n<link rel=\"canonical\" href=\"https:\/\/positiveprints.com\/fr\/produit\/carte-du-ciel-personnalisee\/\" \/>\n<meta property=\"og:locale\" content=\"fr_FR\" \/>\n<meta property=\"og:type\" content=\"article\" \/>\n<meta property=\"og:title\" content=\"Carte du Ciel Personnalis\u00e9e\" \/>\n<meta property=\"og:description\" content=\"Ajoutez des plan\u00e8tes, des constellations et la Voie Lact\u00e9e  Personnalisez votre design en 3 \u00e9tapes simples  Incluez un texte personnalis\u00e9 significatif  Visualisez le r\u00e9sultat imm\u00e9diatement \u2013 l\u2019aper\u00e7u interactif vous permet de peaufiner chaque d\u00e9tail\" \/>\n<meta property=\"og:url\" content=\"https:\/\/positiveprints.com\/fr\/produit\/carte-du-ciel-personnalisee\/\" \/>\n<meta property=\"og:site_name\" content=\"Positive Prints\" \/>\n<meta property=\"article:publisher\" content=\"https:\/\/www.facebook.com\/positiveprintscom\" \/>\n<meta property=\"article:modified_time\" content=\"2026-04-18T08:14:51+00:00\" \/>\n<meta property=\"og:image\" content=\"https:\/\/positiveprints.com\/wp-content\/uploads\/2024\/10\/Packshot_FR_custom-star-map-product-image.webp\" \/>\n\t<meta property=\"og:image:width\" content=\"1450\" \/>\n\t<meta property=\"og:image:height\" content=\"1450\" \/>\n\t<meta property=\"og:image:type\" content=\"image\/webp\" \/>\n<meta name=\"twitter:card\" content=\"summary_large_image\" \/>\n<meta name=\"twitter:label1\" content=\"Dur\u00e9e de lecture estim\u00e9e\" \/>\n\t<meta name=\"twitter:data1\" content=\"8 minutes\" \/>\n<!-- \/ Yoast SEO Premium plugin. -->","yoast_head_json":{"title":"Carte du Ciel Personnalis\u00e9e - Carte des \u00c9toiles - Positive Prints","description":"Trouvez le ciel nocturne de n'importe quelle date et cr\u00e9ez une carte du ciel personnalis\u00e9e pour l'offrir \u00e0 quelqu'un qui vous est cher !","robots":{"index":"index","follow":"follow","max-snippet":"max-snippet:-1","max-image-preview":"max-image-preview:large","max-video-preview":"max-video-preview:-1"},"canonical":"https:\/\/positiveprints.com\/fr\/produit\/carte-du-ciel-personnalisee\/","og_locale":"fr_FR","og_type":"article","og_title":"Carte du Ciel Personnalis\u00e9e","og_description":"Ajoutez des plan\u00e8tes, des constellations et la Voie Lact\u00e9e  Personnalisez votre design en 3 \u00e9tapes simples  Incluez un texte personnalis\u00e9 significatif  Visualisez le r\u00e9sultat imm\u00e9diatement \u2013 l\u2019aper\u00e7u interactif vous permet de peaufiner chaque d\u00e9tail","og_url":"https:\/\/positiveprints.com\/fr\/produit\/carte-du-ciel-personnalisee\/","og_site_name":"Positive Prints","article_publisher":"https:\/\/www.facebook.com\/positiveprintscom","article_modified_time":"2026-04-18T08:14:51+00:00","og_image":[{"width":1450,"height":1450,"url":"https:\/\/positiveprints.com\/wp-content\/uploads\/2024\/10\/Packshot_FR_custom-star-map-product-image.webp","type":"image\/webp"}],"twitter_card":"summary_large_image","twitter_misc":{"Dur\u00e9e de lecture estim\u00e9e":"8 minutes"},"schema":{"@context":"https:\/\/schema.org","@graph":[{"@type":["WebPage","ItemPage"],"@id":"https:\/\/positiveprints.com\/fr\/produit\/carte-du-ciel-personnalisee\/","url":"https:\/\/positiveprints.com\/fr\/produit\/carte-du-ciel-personnalisee\/","name":"Carte du Ciel Personnalis\u00e9e - Carte des \u00c9toiles - Positive Prints","isPartOf":{"@id":"https:\/\/positiveprints.com\/fr\/#website"},"primaryImageOfPage":{"@id":"https:\/\/positiveprints.com\/fr\/produit\/carte-du-ciel-personnalisee\/#primaryimage"},"image":{"@id":"https:\/\/positiveprints.com\/fr\/produit\/carte-du-ciel-personnalisee\/#primaryimage"},"thumbnailUrl":"https:\/\/positiveprints.com\/wp-content\/uploads\/2024\/10\/Packshot_FR_custom-star-map-product-image.webp","datePublished":"2020-07-13T22:04:52+00:00","dateModified":"2026-04-18T08:14:51+00:00","description":"Trouvez le ciel nocturne de n'importe quelle date et cr\u00e9ez une carte du ciel personnalis\u00e9e pour l'offrir \u00e0 quelqu'un qui vous est cher !","breadcrumb":{"@id":"https:\/\/positiveprints.com\/fr\/produit\/carte-du-ciel-personnalisee\/#breadcrumb"},"inLanguage":"fr-FR","potentialAction":[{"@type":"ReadAction","target":["https:\/\/positiveprints.com\/fr\/produit\/carte-du-ciel-personnalisee\/"]}]},{"@type":"ImageObject","inLanguage":"fr-FR","@id":"https:\/\/positiveprints.com\/fr\/produit\/carte-du-ciel-personnalisee\/#primaryimage","url":"https:\/\/positiveprints.com\/wp-content\/uploads\/2024\/10\/Packshot_FR_custom-star-map-product-image.webp","contentUrl":"https:\/\/positiveprints.com\/wp-content\/uploads\/2024\/10\/Packshot_FR_custom-star-map-product-image.webp","width":1450,"height":1450},{"@type":"BreadcrumbList","@id":"https:\/\/positiveprints.com\/fr\/produit\/carte-du-ciel-personnalisee\/#breadcrumb","itemListElement":[{"@type":"ListItem","position":1,"name":"Home","item":"https:\/\/positiveprints.com\/fr\/"},{"@type":"ListItem","position":2,"name":"Produits","item":"https:\/\/positiveprints.com\/fr\/shop\/"},{"@type":"ListItem","position":3,"name":"Carte du Ciel Personnalis\u00e9e"}]},{"@type":"WebSite","@id":"https:\/\/positiveprints.com\/fr\/#website","url":"https:\/\/positiveprints.com\/fr\/","name":"Positive Prints","description":"Amazing Custom Personalized Gifts","publisher":{"@id":"https:\/\/positiveprints.com\/fr\/#organization"},"potentialAction":[{"@type":"SearchAction","target":{"@type":"EntryPoint","urlTemplate":"https:\/\/positiveprints.com\/fr\/?s={search_term_string}"},"query-input":{"@type":"PropertyValueSpecification","valueRequired":true,"valueName":"search_term_string"}}],"inLanguage":"fr-FR"},{"@type":"Organization","@id":"https:\/\/positiveprints.com\/fr\/#organization","name":"Positive Prints","alternateName":"Positive Prints","url":"https:\/\/positiveprints.com\/fr\/","logo":{"@type":"ImageObject","inLanguage":"fr-FR","@id":"https:\/\/positiveprints.com\/fr\/#\/schema\/logo\/image\/","url":"https:\/\/positiveprints.com\/wp-content\/uploads\/2026\/03\/245815646_1337939713319158_5671353136411139666_n.png","contentUrl":"https:\/\/positiveprints.com\/wp-content\/uploads\/2026\/03\/245815646_1337939713319158_5671353136411139666_n.png","width":800,"height":800,"caption":"Positive Prints"},"image":{"@id":"https:\/\/positiveprints.com\/fr\/#\/schema\/logo\/image\/"},"sameAs":["https:\/\/www.facebook.com\/positiveprintscom","https:\/\/www.instagram.com\/positiveprintscom\/","https:\/\/www.tiktok.com\/@positiveprintscom","https:\/\/www.pinterest.com\/positiveprintscom\/"]}]}},"jetpack_sharing_enabled":true,"_links":{"self":[{"href":"https:\/\/positiveprints.com\/fr\/wp-json\/wp\/v2\/product\/26660","targetHints":{"allow":["GET"]}}],"collection":[{"href":"https:\/\/positiveprints.com\/fr\/wp-json\/wp\/v2\/product"}],"about":[{"href":"https:\/\/positiveprints.com\/fr\/wp-json\/wp\/v2\/types\/product"}],"wp:featuredmedia":[{"embeddable":true,"href":"https:\/\/positiveprints.com\/fr\/wp-json\/wp\/v2\/media\/1220112"}],"wp:attachment":[{"href":"https:\/\/positiveprints.com\/fr\/wp-json\/wp\/v2\/media?parent=26660"}],"wp:term":[{"taxonomy":"product_brand","embeddable":true,"href":"https:\/\/positiveprints.com\/fr\/wp-json\/wp\/v2\/product_brand?post=26660"},{"taxonomy":"product_cat","embeddable":true,"href":"https:\/\/positiveprints.com\/fr\/wp-json\/wp\/v2\/product_cat?post=26660"},{"taxonomy":"product_tag","embeddable":true,"href":"https:\/\/positiveprints.com\/fr\/wp-json\/wp\/v2\/product_tag?post=26660"}],"curies":[{"name":"wp","href":"https:\/\/api.w.org\/{rel}","templated":true}]}}