{"id":262289,"date":"2022-03-10T13:15:56","date_gmt":"2022-03-10T12:15:56","guid":{"rendered":"https:\/\/positiveprints.com\/product\/le-jour-ou-tu-es-devenu-mon-papa\/"},"modified":"2026-04-07T16:01:30","modified_gmt":"2026-04-07T15:01:30","slug":"le-jour-ou-tu-es-devenu-mon-papa","status":"publish","type":"product","link":"https:\/\/positiveprints.com\/fr\/produit\/le-jour-ou-tu-es-devenu-mon-papa\/","title":{"rendered":"Le jour o\u00f9 tu es devenu mon papa"},"content":{"rendered":"<h2><b>Pourquoi offrir une carte des \u00e9toiles \u201cLe jour o\u00f9 tu es devenu mon papa\u201d ?<\/b><\/h2>\n<p><span style=\"font-weight: 400;\">L\u2019affiche \u201c<\/span><a href=\"https:\/\/positiveprints.com\/fr\/produit\/le-jour-ou-tu-es-devenu-mon-papa\/?srsltid=AfmBOoo9kfyb8p_idWB5sKsJR8X3gDeekXwj4m-VvkOYG-CZLb5PZyLA\"><span style=\"font-weight: 400;\">Le jour o\u00f9 tu es devenu mon papa<\/span><\/a><span style=\"font-weight: 400;\">\u201d est une cr\u00e9ation personnalis\u00e9e qui capture l\u2019\u00e9motion d\u2019un moment unique. Gr\u00e2ce \u00e0 une carte du ciel repr\u00e9sentant pr\u00e9cis\u00e9ment la nuit de naissance de l\u2019enfant, ce souvenir devient une \u0153uvre symbolique et pleine de tendresse. Chaque \u00e9toile, chaque constellation et chaque nuance du firmament rappelle la beaut\u00e9 de cet instant o\u00f9 un p\u00e8re est n\u00e9 en m\u00eame temps que son enfant. Offrir cette affiche, c\u2019est transmettre un cadeau profond\u00e9ment sentimental qui trouvera sa place dans n\u2019importe quel int\u00e9rieur.<\/span><\/p>\n<p><span style=\"font-weight: 400;\">Avec nos <\/span><a href=\"https:\/\/positiveprints.com\/fr\/produit\/la-lune-et-les-etoiles\/\"><span style=\"font-weight: 400;\">cadeaux personnalis\u00e9s de cartes des \u00e9toiles<\/span><\/a><span style=\"font-weight: 400;\">, nous recr\u00e9ons la vo\u00fbte c\u00e9leste pour reproduire son alignement pour un jour sp\u00e9cial de votre choix. Le jour o\u00f9 cet homme est devenu votre p\u00e8re est vraiment l\u2019un des plus beaux jours de sa vie, et cette carte du ciel nocturne est une belle fa\u00e7on de ch\u00e9rir ce jour pour toujours.<\/span><\/p>\n<h2><b>Cr\u00e9ez votre cadeau pour papa en 3 \u00e9tapes des plus simples<\/b><\/h2>\n<p><span style=\"font-weight: 400;\">Chaque carte du ciel \u00e9toil\u00e9 est fabriqu\u00e9e sur commande en fonction de la date de votre choix. Nous utilisons les donn\u00e9es fiables collect\u00e9es par Hipparcos-2 pour cartographier avec pr\u00e9cision les \u00e9toiles et les constellations en fonction d\u2019une date et d\u2019un lieu.<\/span><\/p>\n<p><span style=\"font-weight: 400;\">Chez Positive Prints, nous faisons le plus gros du travail pour vous avec notre <\/span><a href=\"https:\/\/positiveprints.com\/fr\/stars-editor?predefinedProduct=262289&amp;editorTab=design-tab\"><span style=\"font-weight: 400;\">\u00e9diteur interactif<\/span><\/a><span style=\"font-weight: 400;\">. Regardez votre design prendre vie au fur et \u00e0 mesure que vous personnalisez votre carte des \u00e9toiles. Choisissez parmi une vari\u00e9t\u00e9 de mod\u00e8les aux sch\u00e9mas de couleurs et aux formes diff\u00e9rentes, puis ajoutez les petits d\u00e9tails qui rendent votre carte unique. Transformez ensuite votre cr\u00e9ation en fichier imprim\u00e9 ou num\u00e9rique pour en faire le cadeau id\u00e9al pour votre papa.<\/span><\/p>\n<p><span style=\"font-weight: 400;\">Pour la f\u00eate des p\u00e8res ou toute autre occasion sp\u00e9ciale, Positive Prints vous aide \u00e0 cr\u00e9er des cadeaux uniques pour votre p\u00e8re. Commencez d\u00e8s aujourd&#8217;hui !<\/span><\/p><h2 class=\"wp-block-heading\" id=\"h-questions-frequemment-posees\"><strong>Questions Fr\u00e9quemment Pos\u00e9es<\/strong><\/h2><details class=\"wp-block-details is-layout-flow wp-block-details-is-layout-flow\"><summary><strong>Qu&#8217;est-ce qu&#8217;une carte &#8220;Le jour o\u00f9 tu es devenu mon papa&#8221; ?<\/strong><\/summary><p>Une carte &#8220;Le jour o\u00f9 tu es devenu mon papa&#8221; est une carte des \u00e9toiles personnalis\u00e9e. Plus pr\u00e9cis\u00e9ment, elle recr\u00e9e la vo\u00fbte c\u00e9leste du jour de votre naissance. Elle c\u00e9l\u00e8bre donc le moment o\u00f9 la vie de votre papa a chang\u00e9.\u200b<\/p><\/details><details class=\"wp-block-details is-layout-flow wp-block-details-is-layout-flow\"><summary><strong>Est-ce une carte des \u00e9toiles personnalis\u00e9e ?<\/strong><\/summary><p>Oui, chaque carte est enti\u00e8rement personnalis\u00e9e. En effet, elle utilise des donn\u00e9es Hipparcos-2 pour cartographier les \u00e9toiles. De plus, vous ajoutez plan\u00e8tes, constellations et Voie lact\u00e9e. En outre, l&#8217;aper\u00e7u interactif vous permet de peaufiner chaque d\u00e9tail.\u200b<\/p><\/details><details class=\"wp-block-details is-layout-flow wp-block-details-is-layout-flow\"><summary><strong>Pourquoi est-ce le cadeau id\u00e9al pour la f\u00eate des p\u00e8res ?<\/strong><\/summary><p>C&#8217;est le cadeau id\u00e9al car il ch\u00e9rit l&#8217;un des plus beaux jours de sa vie. Plus pr\u00e9cis\u00e9ment, l&#8217;univers s&#8217;est align\u00e9 de mani\u00e8re unique ce jour-l\u00e0. Par cons\u00e9quent, c&#8217;est un cadeau sentimental gard\u00e9 pour toujours.\u200b<\/p><\/details><details class=\"wp-block-details is-layout-flow wp-block-details-is-layout-flow\"><summary><strong>Comment cr\u00e9er ma carte &#8220;Le jour o\u00f9 tu es devenu mon papa&#8221; ?<\/strong><\/summary><p>Cr\u00e9er votre carte se fait en trois \u00e9tapes. D\u2019abord, choisissez parmi sch\u00e9mas de couleurs et formes. Ensuite, ajoutez des d\u00e9tails avec un texte personnalis\u00e9. Enfin, transformez en fichier imprim\u00e9 ou num\u00e9rique.\u200b<\/p><\/details><details class=\"wp-block-details is-layout-flow wp-block-details-is-layout-flow\"><summary><strong>Pour quelles occasions cette carte est-elle parfaite ?<\/strong><\/summary><p>Cette carte est parfaite pour la f\u00eate des p\u00e8res, pour un anniversaire ou tout autre occasion sp\u00e9ciale. De plus, elle est id\u00e9ale pour c\u00e9l\u00e9brer le fait de devenir parent. En outre, c&#8217;est le cadeau touchant par excellence.\u200b<\/p><\/details><details class=\"wp-block-details is-layout-flow wp-block-details-is-layout-flow\"><summary><strong>Dans quels d\u00e9lais puis-je recevoir ma carte ?<\/strong><\/summary><p>Pour un cadeau imm\u00e9diat, optez pour notre t\u00e9l\u00e9chargement num\u00e9rique instantan\u00e9, un fichier JPEG haute r\u00e9solution de 300 dpi que vous pouvez imprimer localement. Pour les produits physiques, nous imprimons et exp\u00e9dions localement depuis nos installations en Australie, au Canada, aux \u00c9tats-Unis, au Royaume-Uni et en Europe. Cela garantit une livraison rapide et fiable, souvent en quelques jours seulement.<\/p><\/details>","protected":false},"excerpt":{"rendered":"<ul class=\"check-list\">\n<li>Ajoutez des plan\u00e8tes, des constellations et la Voie Lact\u00e9e<\/li>\n<li>Personnalisez votre design en 3 \u00e9tapes simples<\/li>\n<li>Incluez un texte personnalis\u00e9 significatif<\/li>\n<li>Visualisez le r\u00e9sultat imm\u00e9diatement \u2013 l\u2019aper\u00e7u interactif vous permet de peaufiner chaque d\u00e9tail<\/li>\n<\/ul>\n","protected":false},"featured_media":1224576,"template":"","meta":[],"product_brand":[],"product_cat":[9274,7337,5264,11391,7973,2878],"product_tag":[13684,11760,11107,12582,15570,9285],"class_list":{"0":"post-262289","1":"product","2":"type-product","3":"status-publish","4":"has-post-thumbnail","6":"product_cat-bestsellers-label-fr","7":"product_cat-cadeaux-de-fete-des-peres","8":"product_cat-cadeaux-de-noel","9":"product_cat-cadeaux-de-noel-pour-papa","10":"product_cat-cadeaux-pour-papa","11":"product_cat-star-fr-2","12":"product_tag-cadeau-de-la-fete-des-peres","13":"product_tag-cadeaux-de-noel-pour-papa","14":"product_tag-father-it-fr","15":"product_tag-fete-des-peres","16":"product_tag-le-jour-ou-tu-es-devenu-papa","17":"product_tag-le-meilleur-papa-du-monde","19":"first","20":"instock","21":"sale","22":"taxable","23":"shipping-taxable","24":"purchasable","25":"product-type-variable"},"yoast_head":"<!-- This site is optimized with the Yoast SEO Premium plugin v27.2 (Yoast SEO v27.2) - https:\/\/yoast.com\/product\/yoast-seo-premium-wordpress\/ -->\n<title>Le jour o\u00f9 tu es devenu mon papa - Positive Prints<\/title>\n<meta name=\"description\" content=\"Pour la f\u00eate des p\u00e8res ou toute autre occasion sp\u00e9ciale, Positive Prints vous aide \u00e0 cr\u00e9er des cadeaux uniques pour papa.\" \/>\n<meta name=\"robots\" content=\"index, follow, max-snippet:-1, max-image-preview:large, max-video-preview:-1\" \/>\n<link rel=\"canonical\" href=\"https:\/\/positiveprints.com\/fr\/produit\/le-jour-ou-tu-es-devenu-mon-papa\/\" \/>\n<meta property=\"og:locale\" content=\"fr_FR\" \/>\n<meta property=\"og:type\" content=\"article\" \/>\n<meta property=\"og:title\" content=\"Le jour o\u00f9 tu es devenu mon papa\" \/>\n<meta property=\"og:description\" content=\"Ajoutez des plan\u00e8tes, des constellations et la Voie Lact\u00e9e  Personnalisez votre design en 3 \u00e9tapes simples  Incluez un texte personnalis\u00e9 significatif  Visualisez le r\u00e9sultat imm\u00e9diatement \u2013 l\u2019aper\u00e7u interactif vous permet de peaufiner chaque d\u00e9tail\" \/>\n<meta property=\"og:url\" content=\"https:\/\/positiveprints.com\/fr\/produit\/le-jour-ou-tu-es-devenu-mon-papa\/\" \/>\n<meta property=\"og:site_name\" content=\"Positive Prints\" \/>\n<meta property=\"article:publisher\" content=\"https:\/\/www.facebook.com\/positiveprintscom\" \/>\n<meta property=\"article:modified_time\" content=\"2026-04-07T15:01:30+00:00\" \/>\n<meta property=\"og:image\" content=\"https:\/\/positiveprints.com\/wp-content\/uploads\/2024\/10\/Packshot_FR_The-Day-You-Became-My-Daddy-product-image.webp\" \/>\n\t<meta property=\"og:image:width\" content=\"1450\" \/>\n\t<meta property=\"og:image:height\" content=\"1450\" \/>\n\t<meta property=\"og:image:type\" content=\"image\/webp\" \/>\n<meta name=\"twitter:card\" content=\"summary_large_image\" \/>\n<meta name=\"twitter:label1\" content=\"Dur\u00e9e de lecture estim\u00e9e\" \/>\n\t<meta name=\"twitter:data1\" content=\"3 minutes\" \/>\n<!-- \/ Yoast SEO Premium plugin. -->","yoast_head_json":{"title":"Le jour o\u00f9 tu es devenu mon papa - Positive Prints","description":"Pour la f\u00eate des p\u00e8res ou toute autre occasion sp\u00e9ciale, Positive Prints vous aide \u00e0 cr\u00e9er des cadeaux uniques pour papa.","robots":{"index":"index","follow":"follow","max-snippet":"max-snippet:-1","max-image-preview":"max-image-preview:large","max-video-preview":"max-video-preview:-1"},"canonical":"https:\/\/positiveprints.com\/fr\/produit\/le-jour-ou-tu-es-devenu-mon-papa\/","og_locale":"fr_FR","og_type":"article","og_title":"Le jour o\u00f9 tu es devenu mon papa","og_description":"Ajoutez des plan\u00e8tes, des constellations et la Voie Lact\u00e9e  Personnalisez votre design en 3 \u00e9tapes simples  Incluez un texte personnalis\u00e9 significatif  Visualisez le r\u00e9sultat imm\u00e9diatement \u2013 l\u2019aper\u00e7u interactif vous permet de peaufiner chaque d\u00e9tail","og_url":"https:\/\/positiveprints.com\/fr\/produit\/le-jour-ou-tu-es-devenu-mon-papa\/","og_site_name":"Positive Prints","article_publisher":"https:\/\/www.facebook.com\/positiveprintscom","article_modified_time":"2026-04-07T15:01:30+00:00","og_image":[{"width":1450,"height":1450,"url":"https:\/\/positiveprints.com\/wp-content\/uploads\/2024\/10\/Packshot_FR_The-Day-You-Became-My-Daddy-product-image.webp","type":"image\/webp"}],"twitter_card":"summary_large_image","twitter_misc":{"Dur\u00e9e de lecture estim\u00e9e":"3 minutes"},"schema":{"@context":"https:\/\/schema.org","@graph":[{"@type":["WebPage","ItemPage"],"@id":"https:\/\/positiveprints.com\/fr\/produit\/le-jour-ou-tu-es-devenu-mon-papa\/","url":"https:\/\/positiveprints.com\/fr\/produit\/le-jour-ou-tu-es-devenu-mon-papa\/","name":"Le jour o\u00f9 tu es devenu mon papa - Positive Prints","isPartOf":{"@id":"https:\/\/positiveprints.com\/fr\/#website"},"primaryImageOfPage":{"@id":"https:\/\/positiveprints.com\/fr\/produit\/le-jour-ou-tu-es-devenu-mon-papa\/#primaryimage"},"image":{"@id":"https:\/\/positiveprints.com\/fr\/produit\/le-jour-ou-tu-es-devenu-mon-papa\/#primaryimage"},"thumbnailUrl":"https:\/\/positiveprints.com\/wp-content\/uploads\/2024\/10\/Packshot_FR_The-Day-You-Became-My-Daddy-product-image.webp","datePublished":"2022-03-10T12:15:56+00:00","dateModified":"2026-04-07T15:01:30+00:00","description":"Pour la f\u00eate des p\u00e8res ou toute autre occasion sp\u00e9ciale, Positive Prints vous aide \u00e0 cr\u00e9er des cadeaux uniques pour papa.","breadcrumb":{"@id":"https:\/\/positiveprints.com\/fr\/produit\/le-jour-ou-tu-es-devenu-mon-papa\/#breadcrumb"},"inLanguage":"fr-FR","potentialAction":[{"@type":"ReadAction","target":["https:\/\/positiveprints.com\/fr\/produit\/le-jour-ou-tu-es-devenu-mon-papa\/"]}]},{"@type":"ImageObject","inLanguage":"fr-FR","@id":"https:\/\/positiveprints.com\/fr\/produit\/le-jour-ou-tu-es-devenu-mon-papa\/#primaryimage","url":"https:\/\/positiveprints.com\/wp-content\/uploads\/2024\/10\/Packshot_FR_The-Day-You-Became-My-Daddy-product-image.webp","contentUrl":"https:\/\/positiveprints.com\/wp-content\/uploads\/2024\/10\/Packshot_FR_The-Day-You-Became-My-Daddy-product-image.webp","width":1450,"height":1450},{"@type":"BreadcrumbList","@id":"https:\/\/positiveprints.com\/fr\/produit\/le-jour-ou-tu-es-devenu-mon-papa\/#breadcrumb","itemListElement":[{"@type":"ListItem","position":1,"name":"Home","item":"https:\/\/positiveprints.com\/fr\/"},{"@type":"ListItem","position":2,"name":"Produits","item":"https:\/\/positiveprints.com\/fr\/shop\/"},{"@type":"ListItem","position":3,"name":"Le jour o\u00f9 tu es devenu mon papa"}]},{"@type":"WebSite","@id":"https:\/\/positiveprints.com\/fr\/#website","url":"https:\/\/positiveprints.com\/fr\/","name":"Positive Prints","description":"Amazing Custom Personalized Gifts","publisher":{"@id":"https:\/\/positiveprints.com\/fr\/#organization"},"potentialAction":[{"@type":"SearchAction","target":{"@type":"EntryPoint","urlTemplate":"https:\/\/positiveprints.com\/fr\/?s={search_term_string}"},"query-input":{"@type":"PropertyValueSpecification","valueRequired":true,"valueName":"search_term_string"}}],"inLanguage":"fr-FR"},{"@type":"Organization","@id":"https:\/\/positiveprints.com\/fr\/#organization","name":"Positive Prints","alternateName":"Positive Prints","url":"https:\/\/positiveprints.com\/fr\/","logo":{"@type":"ImageObject","inLanguage":"fr-FR","@id":"https:\/\/positiveprints.com\/fr\/#\/schema\/logo\/image\/","url":"https:\/\/positiveprints.com\/wp-content\/uploads\/2026\/03\/245815646_1337939713319158_5671353136411139666_n.png","contentUrl":"https:\/\/positiveprints.com\/wp-content\/uploads\/2026\/03\/245815646_1337939713319158_5671353136411139666_n.png","width":800,"height":800,"caption":"Positive Prints"},"image":{"@id":"https:\/\/positiveprints.com\/fr\/#\/schema\/logo\/image\/"},"sameAs":["https:\/\/www.facebook.com\/positiveprintscom","https:\/\/www.instagram.com\/positiveprintscom\/","https:\/\/www.tiktok.com\/@positiveprintscom","https:\/\/www.pinterest.com\/positiveprintscom\/"]}]}},"jetpack_sharing_enabled":true,"_links":{"self":[{"href":"https:\/\/positiveprints.com\/fr\/wp-json\/wp\/v2\/product\/262289","targetHints":{"allow":["GET"]}}],"collection":[{"href":"https:\/\/positiveprints.com\/fr\/wp-json\/wp\/v2\/product"}],"about":[{"href":"https:\/\/positiveprints.com\/fr\/wp-json\/wp\/v2\/types\/product"}],"wp:featuredmedia":[{"embeddable":true,"href":"https:\/\/positiveprints.com\/fr\/wp-json\/wp\/v2\/media\/1224576"}],"wp:attachment":[{"href":"https:\/\/positiveprints.com\/fr\/wp-json\/wp\/v2\/media?parent=262289"}],"wp:term":[{"taxonomy":"product_brand","embeddable":true,"href":"https:\/\/positiveprints.com\/fr\/wp-json\/wp\/v2\/product_brand?post=262289"},{"taxonomy":"product_cat","embeddable":true,"href":"https:\/\/positiveprints.com\/fr\/wp-json\/wp\/v2\/product_cat?post=262289"},{"taxonomy":"product_tag","embeddable":true,"href":"https:\/\/positiveprints.com\/fr\/wp-json\/wp\/v2\/product_tag?post=262289"}],"curies":[{"name":"wp","href":"https:\/\/api.w.org\/{rel}","templated":true}]}}